{"id":107801,"date":"2026-03-20T17:27:56","date_gmt":"2026-03-20T17:27:56","guid":{"rendered":"https:\/\/soydeaqui.ddns.net\/pachuca\/index.php\/producto\/pinhole-ip-2-megapixel-lente-3-7-mm-2-mts-cable-poe-ideal-para-cajeros-automaticos-atm-wdr-micro-sd-camara-tipo-cilindro\/"},"modified":"2026-03-20T17:28:03","modified_gmt":"2026-03-20T17:28:03","slug":"pinhole-ip-2-megapixel-lente-3-7-mm-2-mts-cable-poe-ideal-para-cajeros-automaticos-atm-wdr-micro-sd-camara-tipo-cilindro","status":"publish","type":"product","link":"https:\/\/soydeaqui.ddns.net\/pachuca\/index.php\/producto\/pinhole-ip-2-megapixel-lente-3-7-mm-2-mts-cable-poe-ideal-para-cajeros-automaticos-atm-wdr-micro-sd-camara-tipo-cilindro\/","title":{"rendered":"Pinhole IP 2 Megapixel \/ Lente 3.7 mm \/ 2 Mts Cable \/ PoE \/ Ideal para Cajeros Autom\u00e1ticos (ATM) \/ WDR \/ Micro SD \/ C\u00e1mara Tipo Cilindro"},"content":{"rendered":"<div style='width: 100%; max-width: 1200px; margin: 0 auto; font-family: sans-serif; line-height: 1.6; color: inherit; background-color: transparent;'> <!-- Imagen de logo --> <\/p>\n<div style='text-align: center; margin: 20px 0;'> <img style='width: 45%; height: auto; border: 1px solid rgba(150&comma;150&comma;150&comma;0.3); border-radius: 8px;' src='https:\/\/ftp3.syscom.mx\/usuarios\/jsosa\/HIKVISION\/imagenes\/logo\/hikvision%20see%20far.png' alt='Logo Hikvision'> <\/div>\n<p> <!-- Secci\u00f3n de caracter\u00edsticas --> <\/p>\n<div style='display: flex; flex-wrap: wrap; gap: 30px; margin: 30px 0;'> <!-- Caracter\u00edsticas principales --> <\/p>\n<div style='flex: 1 1 300px; min-width: 280px;'>\n<h3 style='font-size: 22px; border-bottom: 2px solid currentColor; padding-bottom: 5px; margin-top: 0; color: inherit; opacity: 0.8;'>Caracter\u00edsticas principales:<\/h3>\n<ul style='padding-left: 20px; font-size: 15px; color: inherit;'>\n<li style='margin-bottom: 5px;'>Resoluci\u00f3n m\u00e1xima: <strong>2 Megapixel (1920 x 1080)<\/strong><\/li>\n<li style='margin-bottom: 5px;'>Iluminaci\u00f3n m\u00ednima: color <strong>0.005 Lux @ (F1.2&comma; AGC ON)<\/strong><\/li>\n<li style='margin-bottom: 5px;'>Iluminaci\u00f3n m\u00ednima: B\/N <strong>0.0001 Lux @ (F1.2&comma; AGC ON)<\/strong><\/li>\n<li style='margin-bottom: 5px;'>Dia \/ Noche: <strong>Solo funciona a color (no cuenta con filtro ICR)<\/strong><\/li>\n<li style='margin-bottom: 5px;'>Distancia focal: <strong>Lente fijo: 3.7 mm (Angulo de visi\u00f3n 71\u00b0)<\/strong><\/li>\n<li style='margin-bottom: 5px;'>Distancia de infrarrojo: <strong>N\/A<\/strong><\/li>\n<li style='margin-bottom: 5px;'>Funciones normales: <strong>WDR \/ ROI \/ 3D DNR \/ BLC \/ Intrusi\u00f3n de \u00e1rea \/ Cruce de linea<\/strong><\/li>\n<li style='margin-bottom: 5px;'>Funciones Avanzadas: <strong>Detecci\u00f3n de Rostros<\/strong><\/li>\n<li style='margin-bottom: 5px;'>Compresi\u00f3n: <strong>H.265+ \/ H.265 \/ H.264+ \/ H.264<\/strong><\/li>\n<li style='margin-bottom: 5px;'>Compatible con: <strong>Plataforma Hik-Connect<\/strong><\/li>\n<\/ul><\/div>\n<p> <!-- Caracter\u00edsticas F\u00edsicas y El\u00e9ctricas 1 --> <\/p>\n<div style='flex: 1 1 300px; min-width: 280px;'>\n<h3 style='font-size: 22px; border-bottom: 2px solid currentColor; padding-bottom: 5px; margin-top: 0; color: inherit; opacity: 0.8;'>Caracter\u00edsticas F\u00edsicas y El\u00e9ctricas:<\/h3>\n<ul style='padding-left: 20px; font-size: 15px; color: inherit;'>\n<li style='margin-bottom: 5px;'>Entradas de alarma: <strong>1<\/strong><\/li>\n<li style='margin-bottom: 5px;'>Salidas de alarma: <strong>1 (hasta 24 vca&comma; 1 Amp o 110 vca&comma; 500 mA)<\/strong><\/li>\n<li style='margin-bottom: 5px;'>Entradas de audio: <strong>1<\/strong><\/li>\n<li style='margin-bottom: 5px;'>Salidas de audio: <strong>1<\/strong><\/li>\n<li style='margin-bottom: 5px;'>Puerto de red: <strong>1 puerto RJ45 (10 \/ 100 Mbps)<\/strong><\/li>\n<li style='margin-bottom: 5px;'>Almacenamiento: <strong>micro SD de hasta 128 GB \/ ANR (Automatic Network Recovery)<\/strong><\/li>\n<li style='margin-bottom: 5px;'>Compatibilidad: <strong>ONVIF \/ ISAPI \/ CGI<\/strong><\/li>\n<\/ul><\/div>\n<p> <!-- Caracter\u00edsticas F\u00edsicas y El\u00e9ctricas 2 --> <\/p>\n<div style='flex: 1 1 300px; min-width: 280px;'>\n<h3 style='font-size: 22px; border-bottom: 2px solid currentColor; padding-bottom: 5px; margin-top: 0; color: inherit; opacity: 0.8;'>Caracter\u00edsticas F\u00edsicas y El\u00e9ctricas:<\/h3>\n<ul style='padding-left: 20px; font-size: 15px; color: inherit;'>\n<li style='margin-bottom: 5px;'>Alimentaci\u00f3n: <strong>12 Vcc \/ PoE 802.3 af \/ 3.5 W<\/strong><\/li>\n<li style='margin-bottom: 5px;'>Temperatura de operaci\u00f3n: <strong>-10\u00b0C a 40\u00b0C \/ Humedad al 95% m\u00e1ximo<\/strong><\/li>\n<li style='margin-bottom: 5px;'>Uso en: <strong>Interior<\/strong><\/li>\n<li style='margin-bottom: 5px;'>Dimensiones: <strong>77.1 x 69 x 26 mm<\/strong><\/li>\n<li style='margin-bottom: 5px;'>Peso: <strong>87 grs<\/strong><\/li>\n<\/ul>\n<h3 style='font-size: 22px; border-bottom: 2px solid currentColor; padding-bottom: 5px; margin-top: 20px; margin-bottom: 15px; color: inherit; opacity: 0.8;'>Caracter\u00edsticas Generales:<\/h3>\n<ul style='padding-left: 20px; font-size: 15px; color: inherit;'>\n<li style='margin-bottom: 5px;'>Main Stream: <strong>30 fps (1920 \u00d7 1080&comma; 1280 \u00d7 960&comma; 1280 \u00d7 720)<\/strong><\/li>\n<li style='margin-bottom: 5px;'>Sub Steam: <strong>30 fps (640 \u00d7 480&comma; 640 x 360&comma; 320 x 240)<\/strong><\/li>\n<li style='margin-bottom: 5px;'>Tercer Stream: <strong>1 fps (1920 \u00d7 1080&comma; 1280 \u00d7 720&comma; 640 \u00d7 360&comma; 352 \u00d7 240)<\/strong><\/li>\n<li style='margin-bottom: 5px;'>Usuarios simult\u00e1neos: <strong>Hasta 6 usuarios<\/strong><\/li>\n<\/ul><\/div>\n<\/p><\/div>\n<p> <!-- Separador --> <\/p>\n<hr style='border: 0; border-top: 1px solid rgba(150&comma; 150&comma; 150&comma; 0.3); margin: 30px 0;'> <!-- Imagen final --> <\/p>\n<div style='text-align: center; margin: 20px 0;'> <img style='width: 100%; height: auto; border: 1px solid rgba(150&comma;150&comma;150&comma;0.3); border-radius: 8px;' src='https:\/\/ftp3.syscom.mx\/usuarios\/jsosa\/HIKVISION\/imagenes\/banners\/solution%20complete.png' alt='Soluci\u00f3n completa'> <\/div>\n<\/p><\/div>\n","protected":false},"excerpt":{"rendered":"<p>Pinhole IP 2 Megapixel \/ Lente 3.7 mm \/ 2 Mts Cable \/ PoE \/ Ideal para Cajeros Autom\u00e1ticos (ATM) \/ WDR \/ Micro SD \/ C\u00e1mara Tipo Cilindro<\/p>\n","protected":false},"featured_media":107800,"comment_status":"open","ping_status":"closed","template":"","meta":[],"product_brand":[],"product_cat":[2274],"product_tag":[122,54,2275],"class_list":{"0":"post-107801","1":"product","2":"type-product","3":"status-publish","4":"has-post-thumbnail","6":"product_cat-ocultas-pinhole","7":"product_tag-camaras-ip-y-nvrs","8":"product_tag-hikvision","9":"product_tag-ocultas-pinhole","11":"first","12":"instock","13":"sale","14":"shipping-taxable","15":"purchasable","16":"product-type-simple"},"_links":{"self":[{"href":"https:\/\/soydeaqui.ddns.net\/pachuca\/index.php\/wp-json\/wp\/v2\/product\/107801","targetHints":{"allow":["GET"]}}],"collection":[{"href":"https:\/\/soydeaqui.ddns.net\/pachuca\/index.php\/wp-json\/wp\/v2\/product"}],"about":[{"href":"https:\/\/soydeaqui.ddns.net\/pachuca\/index.php\/wp-json\/wp\/v2\/types\/product"}],"replies":[{"embeddable":true,"href":"https:\/\/soydeaqui.ddns.net\/pachuca\/index.php\/wp-json\/wp\/v2\/comments?post=107801"}],"wp:featuredmedia":[{"embeddable":true,"href":"https:\/\/soydeaqui.ddns.net\/pachuca\/index.php\/wp-json\/wp\/v2\/media\/107800"}],"wp:attachment":[{"href":"https:\/\/soydeaqui.ddns.net\/pachuca\/index.php\/wp-json\/wp\/v2\/media?parent=107801"}],"wp:term":[{"taxonomy":"product_brand","embeddable":true,"href":"https:\/\/soydeaqui.ddns.net\/pachuca\/index.php\/wp-json\/wp\/v2\/product_brand?post=107801"},{"taxonomy":"product_cat","embeddable":true,"href":"https:\/\/soydeaqui.ddns.net\/pachuca\/index.php\/wp-json\/wp\/v2\/product_cat?post=107801"},{"taxonomy":"product_tag","embeddable":true,"href":"https:\/\/soydeaqui.ddns.net\/pachuca\/index.php\/wp-json\/wp\/v2\/product_tag?post=107801"}],"curies":[{"name":"wp","href":"https:\/\/api.w.org\/{rel}","templated":true}]}}