{"id":107790,"date":"2026-03-20T17:27:19","date_gmt":"2026-03-20T17:27:19","guid":{"rendered":"https:\/\/soydeaqui.ddns.net\/pachuca\/index.php\/producto\/mini-camara-ip-inalambrica-con-bateria-recargable-cero-cables-2-megapixel-uso-en-interior-grabacion-en-la-nube-base-magnetica-para-adherirla-a-superficies-metalicas-2\/"},"modified":"2026-03-20T17:27:50","modified_gmt":"2026-03-20T17:27:50","slug":"mini-camara-ip-inalambrica-con-bateria-recargable-cero-cables-2-megapixel-uso-en-interior-grabacion-en-la-nube-base-magnetica-para-adherirla-a-superficies-metalicas-2","status":"publish","type":"product","link":"https:\/\/soydeaqui.ddns.net\/pachuca\/index.php\/producto\/mini-camara-ip-inalambrica-con-bateria-recargable-cero-cables-2-megapixel-uso-en-interior-grabacion-en-la-nube-base-magnetica-para-adherirla-a-superficies-metalicas-2\/","title":{"rendered":"Mini C\u00e1mara IP Inal\u00e1mbrica Con Bater\u00eda Recargable (Cero Cables) \/ 2 Megap\u00edxel  \/ Uso en Interior \/ Grabaci\u00f3n en la Nube \/ Base Magn\u00e9tica Para Adherirla a Superficies Met\u00e1licas"},"content":{"rendered":"<div style='width: 100%; max-width: 1200px; margin: 0 auto; font-family: sans-serif; line-height: 1.6; color: inherit; background-color: transparent;'>\n<div style='width: 100%; text-align: center; margin-bottom: 30px;'> <a href='#link' target='_blank' rel='noopener'> <img style='width: 100%; max-width: 600px; height: auto; border: 1px solid rgba(150&comma;150&comma;150&comma;0.3); border-radius: 8px;' src='https:\/\/ftp3.syscom.mx\/usuarios\/rcovarrubias\/EZVIZ\/IMAGENES\/banner_EZVIZ.png' alt='Banner EZVIZ'> <\/a> <\/div>\n<div style='display: flex; flex-wrap: wrap; gap: 30px; margin-bottom: 30px;'>\n<div style='flex: 1 1 300px; min-width: 280px;'>\n<h3 style='font-size: 22px; border-bottom: 2px solid currentColor; padding-bottom: 5px; margin-top: 0; color: inherit; opacity: 0.8;'>Caracter\u00edsticas principales<\/h3>\n<ul style='padding-left: 20px; font-size: 15px; color: inherit;'>\n<li style='margin-bottom: 5px;'>Resoluci\u00f3n: 2 Megapixel (1920 x 1080)<\/li>\n<li style='margin-bottom: 5px;'>Lente: 4 mm (85\u00b0 diagonal&comma; 46\u00b0 Horizontal)<\/li>\n<li style='margin-bottom: 5px;'>Micr\u00f3fono y bocina interconstruida (audio de dos v\u00edas)<\/li>\n<li style='margin-bottom: 5px;'>Detecci\u00f3n de movimiento<\/li>\n<li style='margin-bottom: 5px;'>5 mts IR (visi\u00f3n nocturna)<\/li>\n<li style='margin-bottom: 5px;'>Compresi\u00f3n: H.264&comma; H.265<\/li>\n<li style='margin-bottom: 5px;'>WiFi 2.4 GHz<\/li>\n<li style='margin-bottom: 5px;'>Memoria Micro SD de hasta 256GB (No incluida)<\/li>\n<li style='margin-bottom: 5px;'>Alertas de voz personalizables<\/li>\n<li style='margin-bottom: 5px;'>Detecci\u00f3n humana<\/li>\n<li style='margin-bottom: 5px;'>Uso en Interior<\/li>\n<\/ul><\/div>\n<div style='flex: 1 1 300px; min-width: 280px;'>\n<h3 style='font-size: 22px; border-bottom: 2px solid currentColor; padding-bottom: 5px; margin-top: 0; color: inherit; opacity: 0.8;'>Caracter\u00edsticas F\u00edsicas y El\u00e9ctricas<\/h3>\n<ul style='padding-left: 20px; font-size: 15px; color: inherit;'>\n<li style='margin-bottom: 5px;'>Alimentaci\u00f3n: 5 Vcc \/ 1.2A &comma; 6W<\/li>\n<li style='margin-bottom: 5px; color: #e74c3c;'><strong>No incluye transformador&comma; solo cable USB&comma; se recomienda adquirir el adaptador <a style='color: #005cb9; text-decoration: none; font-size: 12px;' href='https:\/\/www.syscom.mx\/producto\/PLUSB1000V-EPCOM-POWERLINE-193143.html' target='_blank' rel='noopener'>PLUSB1000V<\/a><\/strong><\/li>\n<li style='margin-bottom: 5px;'>Bater\u00eda de 2000 mAh<\/li>\n<li style='margin-bottom: 5px;'>Material: Policarbonato<\/li>\n<li style='margin-bottom: 5px;'>Dimensiones: 51&comma;3 x 39&comma;1 x 39&comma;1 mm<\/li>\n<\/ul><\/div>\n<div style='flex: 1 1 300px; min-width: 280px;'>\n<h3 style='font-size: 22px; border-bottom: 2px solid currentColor; padding-bottom: 5px; margin-top: 0; color: inherit; opacity: 0.8;'>Caracter\u00edsticas Destacadas<\/h3>\n<ul style='padding-left: 20px; font-size: 15px; color: inherit;'>\n<li style='margin-bottom: 5px;'>Soporta grabaci\u00f3n en nube de EZVIZ (el cobro se realiza directo en la aplicaci\u00f3n EZVIZ)<\/li>\n<li style='margin-bottom: 5px;'>Muy f\u00e1cil de instalar&comma; cuenta con un im\u00e1n para adherirla a la base y a superficies met\u00e1licas al instante<\/li>\n<li style='margin-bottom: 5px; color: #3598db; font-weight: bold; font-family: verdana&comma; geneva&comma; sans-serif;'>Compatible con Alexa&comma; Google Home y IFTTT<\/li>\n<\/ul>\n<h3 style='font-size: 20px; border-bottom: 2px solid currentColor; padding-bottom: 5px; margin-top: 20px; color: #e74c3c; opacity: 0.8;'>Notas:<\/h3>\n<ul style='padding-left: 20px; font-size: 14px; color: #e74c3c;'>\n<li style='margin-bottom: 5px;'>Configuraci\u00f3n \u00fanicamente mediante aplicaci\u00f3n EZVIZ<\/li>\n<li style='margin-bottom: 5px;'>No recomendado para DVR\/NVR<\/li>\n<li style='margin-bottom: 5px;'>Graba solo por movimiento para mejorar el rendimiento de la bater\u00eda<\/li>\n<li style='margin-bottom: 5px;'>La duraci\u00f3n de la bater\u00eda puede variar y depender\u00e1 de la frecuencia de activaci\u00f3n por movimiento&comma; notificaciones&comma; etc.<\/li>\n<li style='margin-bottom: 5px;'>Para lograr llegar a la autonom\u00eda de duraci\u00f3n de la bater\u00eda de 50 d\u00edas&comma; el movimiento por d\u00eda no debe de exceder de los 3 minutos tanto para la grabaci\u00f3n (movimiento) y tambi\u00e9n como para la visualizaci\u00f3n del video (App EZVIZ)<\/li>\n<\/ul><\/div>\n<\/p><\/div>\n<div style='display: flex; flex-wrap: wrap; gap: 30px; margin-bottom: 30px;'>\n<div style='flex: 1 1 400px; min-width: 300px;'>\n<div style='position: relative; padding-bottom: 56.25%; height: 0; overflow: hidden; margin-bottom: 30px;'>   <\/div>\n<\/p><\/div>\n<div style='flex: 1 1 400px; min-width: 300px;'> <img style='width: 100%; height: auto; border: 1px solid rgba(150&comma;150&comma;150&comma;0.3); border-radius: 8px;' src='https:\/\/ftp3.syscom.mx\/usuarios\/rcovarrubias\/EZVIZ\/Manual%20esp-ing\/CS-BC2\/Bateriabc2.png' alt='Bater\u00eda BC2'> <\/div>\n<\/p><\/div>\n<div style='display: flex; flex-wrap: wrap; gap: 30px; margin-bottom: 30px;'>\n<div style='flex: 1 1 400px; min-width: 300px;'>\n<h3 style='font-size: 20px; margin-top: 0; color: inherit;'>Gran visi\u00f3n de d\u00eda y noche<\/h3>\n<p style='color: inherit;'>N\u00edtida calidad de video en HD incluso en la obscuridad<\/p>\n<p style='color: inherit;'>Dise\u00f1o sofisticado&comma; Instalaci\u00f3n simple y f\u00e1cil&comma; se adhiere a cualquier superficie met\u00e1lica al instante<\/p>\n<\/p><\/div>\n<div style='flex: 1 1 400px; min-width: 300px;'> <img style='width: 100%; height: auto; border: 1px solid rgba(150&comma;150&comma;150&comma;0.3); border-radius: 8px;' src='https:\/\/ftp3.syscom.mx\/usuarios\/rcovarrubias\/EZVIZ\/Manual%20esp-ing\/CS-BC2\/bc2dianoche.png' alt='Visi\u00f3n d\u00eda y noche'> <\/div>\n<\/p><\/div>\n<div style='width: 100%; margin-bottom: 30px;'> <img style='width: 100%; height: auto; border: 1px solid rgba(150&comma;150&comma;150&comma;0.3); border-radius: 8px;' src='https:\/\/ftp3.syscom.mx\/usuarios\/rcovarrubias\/EZVIZ\/Manual%20esp-ing\/CS-BC2\/bc2%20alertas.png' alt='Alertas'> <\/div>\n<div style='width: 100%; margin-bottom: 30px;'> <img style='width: 100%; height: auto; border: 1px solid rgba(150&comma;150&comma;150&comma;0.3); border-radius: 8px;' src='https:\/\/ftp3.syscom.mx\/usuarios\/rcovarrubias\/EZVIZ\/Manual%20esp-ing\/CS-BC2\/bc2audio.png' alt='Audio'> <\/div>\n<div style='width: 100%; margin-bottom: 30px;'> <img style='width: 100%; height: auto; border: 1px solid rgba(150&comma;150&comma;150&comma;0.3); border-radius: 8px;' src='https:\/\/ftp3.syscom.mx\/usuarios\/rcovarrubias\/EZVIZ\/Manual%20esp-ing\/CS-BC2\/bc2%20facil%20uso.png' alt='F\u00e1cil uso'> <\/div>\n<div style='width: 100%; margin-bottom: 30px;'> <img style='width: 100%; height: auto; border: 1px solid rgba(150&comma;150&comma;150&comma;0.3); border-radius: 8px;' src='https:\/\/ftp3.syscom.mx\/usuarios\/rcovarrubias\/EZVIZ\/Manual%20esp-ing\/CS-BC2\/bc2%20storage.png' alt='Almacenamiento'> <\/div>\n<div style='width: 100%; margin-bottom: 30px;'> <img style='width: 100%; height: auto; border: 1px solid rgba(150&comma;150&comma;150&comma;0.3); border-radius: 8px;' src='https:\/\/ftp3.syscom.mx\/usuarios\/rcovarrubias\/EZVIZ\/Banner%20COMPATIBLE-ALEXA-GOOGLE.jpg' alt='Compatibilidad'> <\/div>\n<div style='width: 100%; text-align: center; margin-bottom: 30px;'> <img style='width: 80%; max-width: 600px; height: auto; border: none; border-radius: 0;' src='https:\/\/ftp3.syscom.mx\/usuarios\/rcovarrubias\/EZVIZ\/IMAGENES\/Iconos%20alexa%2C%20google%20asist.png' alt='Asistentes de voz'> <\/div>\n<\/p><\/div>\n","protected":false},"excerpt":{"rendered":"<p>Mini C\u00e1mara IP Inal\u00e1mbrica Con Bater\u00eda Recargable (Cero Cables) \/ 2 Megap\u00edxel  \/ Uso en Interior \/ Grabaci\u00f3n en la Nube \/ Base Magn\u00e9tica Para Adherirla a Superficies Met\u00e1licas<\/p>\n","protected":false},"featured_media":107789,"comment_status":"open","ping_status":"closed","template":"","meta":[],"product_brand":[],"product_cat":[2238],"product_tag":[122,2239,111],"class_list":{"0":"post-107790","1":"product","2":"type-product","3":"status-publish","4":"has-post-thumbnail","6":"product_cat-cubo","7":"product_tag-camaras-ip-y-nvrs","8":"product_tag-cubo","9":"product_tag-ezviz","11":"first","12":"outofstock","13":"sale","14":"shipping-taxable","15":"purchasable","16":"product-type-simple"},"_links":{"self":[{"href":"https:\/\/soydeaqui.ddns.net\/pachuca\/index.php\/wp-json\/wp\/v2\/product\/107790","targetHints":{"allow":["GET"]}}],"collection":[{"href":"https:\/\/soydeaqui.ddns.net\/pachuca\/index.php\/wp-json\/wp\/v2\/product"}],"about":[{"href":"https:\/\/soydeaqui.ddns.net\/pachuca\/index.php\/wp-json\/wp\/v2\/types\/product"}],"replies":[{"embeddable":true,"href":"https:\/\/soydeaqui.ddns.net\/pachuca\/index.php\/wp-json\/wp\/v2\/comments?post=107790"}],"wp:featuredmedia":[{"embeddable":true,"href":"https:\/\/soydeaqui.ddns.net\/pachuca\/index.php\/wp-json\/wp\/v2\/media\/107789"}],"wp:attachment":[{"href":"https:\/\/soydeaqui.ddns.net\/pachuca\/index.php\/wp-json\/wp\/v2\/media?parent=107790"}],"wp:term":[{"taxonomy":"product_brand","embeddable":true,"href":"https:\/\/soydeaqui.ddns.net\/pachuca\/index.php\/wp-json\/wp\/v2\/product_brand?post=107790"},{"taxonomy":"product_cat","embeddable":true,"href":"https:\/\/soydeaqui.ddns.net\/pachuca\/index.php\/wp-json\/wp\/v2\/product_cat?post=107790"},{"taxonomy":"product_tag","embeddable":true,"href":"https:\/\/soydeaqui.ddns.net\/pachuca\/index.php\/wp-json\/wp\/v2\/product_tag?post=107790"}],"curies":[{"name":"wp","href":"https:\/\/api.w.org\/{rel}","templated":true}]}}