{"id":107764,"date":"2026-03-20T17:25:53","date_gmt":"2026-03-20T17:25:53","guid":{"rendered":"https:\/\/soydeaqui.ddns.net\/pachuca\/index.php\/producto\/interruptor-residencial-15-a-120-277-v-con-2-bases-unipolares-cableado-lateral-color-blanco\/"},"modified":"2026-03-20T17:26:04","modified_gmt":"2026-03-20T17:26:04","slug":"interruptor-residencial-15-a-120-277-v-con-2-bases-unipolares-cableado-lateral-color-blanco","status":"publish","type":"product","link":"https:\/\/soydeaqui.ddns.net\/pachuca\/index.php\/producto\/interruptor-residencial-15-a-120-277-v-con-2-bases-unipolares-cableado-lateral-color-blanco\/","title":{"rendered":"Interruptor Residencial 15 A 120-277 V, con 2 Bases Unipolares, Cableado lateral, Color Blanco."},"content":{"rendered":"<div style='width: 100%; max-width: 1200px; margin: 0 auto; font-family: sans-serif; line-height: 1.6; color: inherit; background-color: transparent;'>\n<div style='display: flex; flex-wrap: wrap; gap: 20px; margin-bottom: 30px;'>\n<div style='flex: 1 1 300px; min-width: 280px;'>\n<h3 style='font-size: 22px; border-bottom: 2px solid currentColor; padding-bottom: 5px; margin-top: 0; color: inherit; opacity: 0.8;'>Especificaciones<\/h3>\n<ul style='padding-left: 20px; font-size: 15px; color: inherit;'>\n<li style='margin-bottom: 5px;'><strong>Aplicaci\u00f3n:<\/strong> Residencial<\/li>\n<li style='margin-bottom: 5px;'><strong>Acci\u00f3n:<\/strong> Interruptor r\u00e1pido<\/li>\n<li style='margin-bottom: 5px;'><strong>Ambientes de trabajo:<\/strong> Interior seco a menos que se encuentre protegido por medios adicionales.<\/li>\n<li style='margin-bottom: 5px;'><strong>Configuraci\u00f3n del Contacto:<\/strong> 2 Posiciones<\/li>\n<li style='margin-bottom: 5px;'><strong>Tipo de equipo:<\/strong> Dispositivo combinado de interruptor decorador<\/li>\n<li style='margin-bottom: 5px;'><strong>Montaje:<\/strong> Montaje con tornillos<\/li>\n<li style='margin-bottom: 5px;'><strong>N\u00famero de Polos:<\/strong> 2) Un Polo<\/li>\n<li style='margin-bottom: 5px;'><strong>Temperatura de Operaci\u00f3n:<\/strong> M\u00e1xima continua de 60 \u00b0C y m\u00ednima de -20 \u00b0C sin impactos.<\/li>\n<li style='margin-bottom: 5px;'><strong>Ciclos de Operaci\u00f3n:<\/strong> 30&comma;000 m\u00ednimo<\/li>\n<li style='margin-bottom: 5px;'><strong>Corriente:<\/strong> 15 A<\/li>\n<li style='margin-bottom: 5px;'><strong>Voltaje:<\/strong> 120 V CA<\/li>\n<li style='margin-bottom: 5px;'><strong>Tama\u00f1o de Cable:<\/strong> #14 AWG a #12 AWG<\/li>\n<\/ul><\/div>\n<\/p><\/div>\n<div style='display: flex; flex-wrap: wrap; gap: 20px; margin-bottom: 30px;'>\n<div style='flex: 1 1 300px; min-width: 280px;'>\n<h3 style='font-size: 22px; border-bottom: 2px solid currentColor; padding-bottom: 5px; margin-top: 0; color: inherit; opacity: 0.8;'>Rendimiento<\/h3>\n<ul style='padding-left: 20px; font-size: 15px; color: inherit;'>\n<li style='margin-bottom: 5px;'>El\u00e9ctrico &#8211; Voltaje diel\u00e9ctrico &#8211; Soporta un m\u00ednimo de 1 500 V CA durante 1 minuto.<\/li>\n<li style='margin-bottom: 5px;'>El\u00e9ctrico &#8211; Resistencia &#8211; 30&comma; 000 ciclos m\u00ednimo.<\/li>\n<li style='margin-bottom: 5px;'>El\u00e9ctrico &#8211; M\u00e1x. voltaje de trabajo &#8211; 120 V.<\/li>\n<li style='margin-bottom: 5px;'>El\u00e9ctrico &#8211; Sobrecarga &#8211; 1.5 veces la clasificaci\u00f3n.<\/li>\n<li style='margin-bottom: 5px;'>Ambiental- Inflamabilidad &#8211; Superior: UL V0.<\/li>\n<li style='margin-bottom: 5px;'>Ambiental- Temperaturas de funcionamiento- M\u00e1xima continua de 60 \u00b0C y m\u00ednima de -20 \u00b0C sin impactos.<\/li>\n<li style='margin-bottom: 5px;'>Mec\u00e1nica- Alojamiento de terminales &#8211; Cable posterior y lateral #14 AWG m\u00edn. #12 AWG m\u00e1x alambre de cobre s\u00f3lido y trenzado solamente<\/li>\n<li style='margin-bottom: 5px;'>Conexi\u00f3n por presi\u00f3n Cable de cobre s\u00f3lido # 14 AWG.<\/li>\n<\/ul><\/div>\n<\/p><\/div>\n<div style='display: flex; flex-wrap: wrap; gap: 20px; margin-bottom: 30px;'>\n<div style='flex: 1 1 300px; min-width: 280px;'>\n<h3 style='font-size: 22px; border-bottom: 2px solid currentColor; padding-bottom: 5px; margin-top: 0; color: inherit; opacity: 0.8;'>Certificaciones<\/h3>\n<ul style='padding-left: 20px; font-size: 15px; color: inherit;'>\n<li style='margin-bottom: 5px;'>Certificaci\u00f3n CSA<\/li>\n<li style='margin-bottom: 5px;'>UL E3896<\/li>\n<\/ul><\/div>\n<\/p><\/div>\n<\/p><\/div>\n","protected":false},"excerpt":{"rendered":"<p>Interruptor Residencial 15 A 120-277 V, con 2 Bases Unipolares, Cableado lateral, Color Blanco.<\/p>\n","protected":false},"featured_media":107763,"comment_status":"open","ping_status":"closed","template":"","meta":[],"product_brand":[],"product_cat":[1071],"product_tag":[1066,1072,705],"class_list":{"0":"post-107764","1":"product","2":"type-product","3":"status-publish","4":"has-post-thumbnail","6":"product_cat-extensiones-y-multicontactos","7":"product_tag-area-electrica","8":"product_tag-extensiones-y-multicontactos","9":"product_tag-hubbell","11":"first","12":"outofstock","13":"sale","14":"shipping-taxable","15":"purchasable","16":"product-type-simple"},"_links":{"self":[{"href":"https:\/\/soydeaqui.ddns.net\/pachuca\/index.php\/wp-json\/wp\/v2\/product\/107764","targetHints":{"allow":["GET"]}}],"collection":[{"href":"https:\/\/soydeaqui.ddns.net\/pachuca\/index.php\/wp-json\/wp\/v2\/product"}],"about":[{"href":"https:\/\/soydeaqui.ddns.net\/pachuca\/index.php\/wp-json\/wp\/v2\/types\/product"}],"replies":[{"embeddable":true,"href":"https:\/\/soydeaqui.ddns.net\/pachuca\/index.php\/wp-json\/wp\/v2\/comments?post=107764"}],"wp:featuredmedia":[{"embeddable":true,"href":"https:\/\/soydeaqui.ddns.net\/pachuca\/index.php\/wp-json\/wp\/v2\/media\/107763"}],"wp:attachment":[{"href":"https:\/\/soydeaqui.ddns.net\/pachuca\/index.php\/wp-json\/wp\/v2\/media?parent=107764"}],"wp:term":[{"taxonomy":"product_brand","embeddable":true,"href":"https:\/\/soydeaqui.ddns.net\/pachuca\/index.php\/wp-json\/wp\/v2\/product_brand?post=107764"},{"taxonomy":"product_cat","embeddable":true,"href":"https:\/\/soydeaqui.ddns.net\/pachuca\/index.php\/wp-json\/wp\/v2\/product_cat?post=107764"},{"taxonomy":"product_tag","embeddable":true,"href":"https:\/\/soydeaqui.ddns.net\/pachuca\/index.php\/wp-json\/wp\/v2\/product_tag?post=107764"}],"curies":[{"name":"wp","href":"https:\/\/api.w.org\/{rel}","templated":true}]}}