{"id":107760,"date":"2026-03-20T17:25:41","date_gmt":"2026-03-20T17:25:41","guid":{"rendered":"https:\/\/soydeaqui.ddns.net\/pachuca\/index.php\/producto\/interruptor-unipolar-residencial-15-a-120-277-v-cableado-lateral-y-trasero-color-blanco\/"},"modified":"2026-03-20T17:25:49","modified_gmt":"2026-03-20T17:25:49","slug":"interruptor-unipolar-residencial-15-a-120-277-v-cableado-lateral-y-trasero-color-blanco","status":"publish","type":"product","link":"https:\/\/soydeaqui.ddns.net\/pachuca\/index.php\/producto\/interruptor-unipolar-residencial-15-a-120-277-v-cableado-lateral-y-trasero-color-blanco\/","title":{"rendered":"Interruptor Unipolar Residencial 15 A 120-277 V, Cableado Lateral y Trasero, Color Blanco."},"content":{"rendered":"<div style='width: 100%; max-width: 1200px; margin: 0 auto; font-family: sans-serif; line-height: 1.6; color: inherit; background-color: transparent;'> <!-- Secci\u00f3n de cards con especificaciones --> <\/p>\n<div style='display: flex; flex-wrap: wrap; gap: 20px; margin-bottom: 30px;'>\n<div style='flex: 1 1 250px; border: 1px solid rgba(150&comma; 150&comma; 150&comma; 0.4); border-radius: 8px; overflow: hidden; display: flex; flex-direction: column;'>\n<div style='padding: 15px; border-bottom: 1px solid rgba(150&comma; 150&comma; 150&comma; 0.2); font-weight: bold; font-size: 18px; color: inherit;'>Especificaciones<\/div>\n<div style='padding: 15px; color: inherit;'>\n<ul style='padding-left: 20px; margin: 0; font-size: 14px; list-style-type: disc;'>\n<li style='margin-bottom: 5px;'><strong>Aplicaci\u00f3n:<\/strong> Residencial<\/li>\n<li style='margin-bottom: 5px;'><strong>Acci\u00f3n:<\/strong> Interruptor r\u00e1pido<\/li>\n<li style='margin-bottom: 5px;'><strong>Ambientes de trabajo:<\/strong> Interior seco a menos que se encuentre protegido por medios adicionales.<\/li>\n<li style='margin-bottom: 5px;'><strong>Tipo de equipo:<\/strong> Interruptor Decorador<\/li>\n<li style='margin-bottom: 5px;'><strong>Montaje:<\/strong> Montaje con tornillos<\/li>\n<li style='margin-bottom: 5px;'><strong>N\u00famero de Polos:<\/strong> 1 Polo<\/li>\n<li style='margin-bottom: 5px;'><strong>Temperatura de Operaci\u00f3n:<\/strong> M\u00e1xima continua de 60 \u00b0C y m\u00ednima de -20 \u00b0C sin impactos.<\/li>\n<li style='margin-bottom: 5px;'><strong>Rendimiento:<\/strong><\/li>\n<ul style='padding-left: 30px; margin-top: 5px; margin-bottom: 10px; font-size: 14px; list-style-type: disc;'>\n<li style='margin-bottom: 5px;'>El\u00e9ctrico &#8211; Voltaje diel\u00e9ctrico &#8211; Soporta un m\u00ednimo de 1 500 V CA durante 1 minuto.<\/li>\n<li style='margin-bottom: 5px;'>El\u00e9ctrico &#8211; Resistencia &#8211; 30&comma; 000 ciclos m\u00ednimo.<\/li>\n<li style='margin-bottom: 5px;'>El\u00e9ctrico &#8211; M\u00e1x. voltaje de trabajo &#8211; 120 V.<\/li>\n<li style='margin-bottom: 5px;'>El\u00e9ctrico &#8211; Sobrecarga &#8211; 1.5 veces la clasificaci\u00f3n.<\/li>\n<li style='margin-bottom: 5px;'>Ambiental- Inflamabilidad &#8211; Superior: UL V0.<\/li>\n<li style='margin-bottom: 5px;'>Ambiental- Temperaturas de funcionamiento- M\u00e1xima continua de 60 \u00b0C y m\u00ednima de -20 \u00b0C sin impactos.<\/li>\n<li style='margin-bottom: 5px;'>Mec\u00e1nica- Alojamiento de terminales &#8211; Cable posterior y lateral #14 AWG m\u00edn. #12 AWG m\u00e1x alambre de cobre s\u00f3lido y trenzado solamente<\/li>\n<li style='margin-bottom: 5px;'>Conexi\u00f3n por presi\u00f3n Cable de cobre s\u00f3lido # 14 AWG.<\/li>\n<\/ul>\n<li style='margin-bottom: 5px;'><strong>Corriente:<\/strong> 15 A<\/li>\n<li style='margin-bottom: 5px;'><strong>Voltaje:<\/strong> 120 \/ 277 V CA<\/li>\n<li style='margin-bottom: 5px;'><strong>Calibre:<\/strong> #14 &#8211; 12 AWG<\/li>\n<li style='margin-bottom: 5px;'><strong>Certificaciones:<\/strong><\/li>\n<ul style='padding-left: 30px; margin-top: 5px; margin-bottom: 10px; font-size: 14px; list-style-type: disc;'>\n<li style='margin-bottom: 5px;'>Certificaci\u00f3n CSA<\/li>\n<li style='margin-bottom: 5px;'>UL E3896<\/li>\n<\/ul>\n<\/ul><\/div>\n<\/p><\/div>\n<\/p><\/div>\n<\/div>\n","protected":false},"excerpt":{"rendered":"<p>Interruptor Unipolar Residencial 15 A 120-277 V, Cableado Lateral y Trasero, Color Blanco.<\/p>\n","protected":false},"featured_media":107759,"comment_status":"open","ping_status":"closed","template":"","meta":[],"product_brand":[],"product_cat":[1071],"product_tag":[1066,1072,705],"class_list":{"0":"post-107760","1":"product","2":"type-product","3":"status-publish","4":"has-post-thumbnail","6":"product_cat-extensiones-y-multicontactos","7":"product_tag-area-electrica","8":"product_tag-extensiones-y-multicontactos","9":"product_tag-hubbell","11":"first","12":"outofstock","13":"sale","14":"shipping-taxable","15":"purchasable","16":"product-type-simple"},"_links":{"self":[{"href":"https:\/\/soydeaqui.ddns.net\/pachuca\/index.php\/wp-json\/wp\/v2\/product\/107760","targetHints":{"allow":["GET"]}}],"collection":[{"href":"https:\/\/soydeaqui.ddns.net\/pachuca\/index.php\/wp-json\/wp\/v2\/product"}],"about":[{"href":"https:\/\/soydeaqui.ddns.net\/pachuca\/index.php\/wp-json\/wp\/v2\/types\/product"}],"replies":[{"embeddable":true,"href":"https:\/\/soydeaqui.ddns.net\/pachuca\/index.php\/wp-json\/wp\/v2\/comments?post=107760"}],"wp:featuredmedia":[{"embeddable":true,"href":"https:\/\/soydeaqui.ddns.net\/pachuca\/index.php\/wp-json\/wp\/v2\/media\/107759"}],"wp:attachment":[{"href":"https:\/\/soydeaqui.ddns.net\/pachuca\/index.php\/wp-json\/wp\/v2\/media?parent=107760"}],"wp:term":[{"taxonomy":"product_brand","embeddable":true,"href":"https:\/\/soydeaqui.ddns.net\/pachuca\/index.php\/wp-json\/wp\/v2\/product_brand?post=107760"},{"taxonomy":"product_cat","embeddable":true,"href":"https:\/\/soydeaqui.ddns.net\/pachuca\/index.php\/wp-json\/wp\/v2\/product_cat?post=107760"},{"taxonomy":"product_tag","embeddable":true,"href":"https:\/\/soydeaqui.ddns.net\/pachuca\/index.php\/wp-json\/wp\/v2\/product_tag?post=107760"}],"curies":[{"name":"wp","href":"https:\/\/api.w.org\/{rel}","templated":true}]}}