{"id":107748,"date":"2026-03-20T17:25:04","date_gmt":"2026-03-20T17:25:04","guid":{"rendered":"https:\/\/soydeaqui.ddns.net\/pachuca\/index.php\/producto\/convertidor-displayport-a-hdmi-4k60hz-3d-hdr-blindaje-interno-botn-liberador-largo-25-cm-9-84-pulgadas-carcasa-de-abs-plug-play\/"},"modified":"2026-03-20T17:25:05","modified_gmt":"2026-03-20T17:25:05","slug":"convertidor-displayport-a-hdmi-4k60hz-3d-hdr-blindaje-interno-botn-liberador-largo-25-cm-9-84-pulgadas-carcasa-de-abs-plug-play","status":"publish","type":"product","link":"https:\/\/soydeaqui.ddns.net\/pachuca\/index.php\/producto\/convertidor-displayport-a-hdmi-4k60hz-3d-hdr-blindaje-interno-botn-liberador-largo-25-cm-9-84-pulgadas-carcasa-de-abs-plug-play\/","title":{"rendered":"Convertidor DisplayPort a HDMI 4K@60Hz | 3D | HDR | Blindaje Interno | Bot?n Liberador | Largo 25 cm (9.84 Pulgadas) | Carcasa de ABS | Plug &#038; Play."},"content":{"rendered":"<div style='width: 100%; max-width: 1200px; margin: 0 auto; font-family: sans-serif; line-height: 1.6; color: inherit; background-color: transparent;'> <!-- Banner principal --> <\/p>\n<div style='margin-bottom: 30px;'> <img style='width: 100%; height: auto; border: 1px solid rgba(150&comma;150&comma;150&comma;0.3); border-radius: 8px;' src='http:\/\/ftp3.syscom.mx\/usuarios\/maguilar\/Ugreen\/70694\/70694-Banner.png' alt=''> <\/div>\n<p> <!-- Secci\u00f3n principal --> <\/p>\n<div style='display: flex; flex-wrap: wrap; gap: 30px; margin-bottom: 30px;'>\n<div style='flex: 1 1 300px; min-width: 280px;'>\n<h3 style='font-size: 22px; border-bottom: 2px solid currentColor; padding-bottom: 5px; margin-top: 0; color: inherit; opacity: 0.8;'>Cable UGREEN DP Macho a HDMI Hembra<\/h3>\n<p style='font-size: 15px; color: inherit; margin-bottom: 15px;'>Le permite conectar el dispositivo fuente habilitado para DP a las pantallas del puerto HDMI&comma; como el host de la computadora con gr\u00e1ficos de alta definici\u00f3n. Admite transmisi\u00f3n de audio y video de alta definici\u00f3n para una experiencia de juego fant\u00e1stica.<\/p>\n<\/p><\/div>\n<\/p><\/div>\n<p> <!-- Secci\u00f3n de caracter\u00edsticas --> <\/p>\n<div style='display: flex; flex-wrap: wrap; gap: 30px; margin-bottom: 30px;'>\n<div style='flex: 1 1 300px; min-width: 280px;'>\n<h3 style='font-size: 22px; border-bottom: 2px solid currentColor; padding-bottom: 5px; margin-top: 0; color: inherit; opacity: 0.8;'>M\u00e1s Pantallas para una Mejor Productividad<\/h3>\n<ul style='padding-left: 20px; font-size: 15px; color: inherit;'>\n<li style='margin-bottom: 5px;'>Ampl\u00ede su espacio de trabajo con otra pantalla HDMI.<\/li>\n<li style='margin-bottom: 5px;'>Agregue f\u00e1cilmente otra pantalla HDMI a su PC&comma; tarjeta gr\u00e1fica que podr\u00eda quedarse sin puerto HDMI para una mejor productividad.<\/li>\n<li style='margin-bottom: 5px;'>Refleje el mismo contenido en ambos monitores para la presentaci\u00f3n.<\/li>\n<\/ul>\n<p style='font-size: 15px; color: inherit; margin-top: 15px; margin-bottom: 15px;'>Los pestillos mejorar\u00e1n la estabilidad de la conexi\u00f3n en uso. Cuando se desconecte&comma; presione el bot\u00f3n y ser\u00e1 f\u00e1cil de sacar.<\/p>\n<p style='font-size: 15px; color: inherit; margin-bottom: 15px;'>El alambre de cobre esta\u00f1ado&comma; el papel de aluminio y la trenza&comma; la carcasa de PVC duradera garantizan una conectividad s\u00f3lida entre los dispositivos sin p\u00e9rdida de se\u00f1al.<\/p>\n<p style='font-size: 15px; color: inherit; margin-bottom: 15px;'>Resistente con cable de cobre flexible trenzado en el interior&comma; proporciona una conexi\u00f3n c\u00f3moda con sus dispositivos para una transferencia de se\u00f1al estable y una vida \u00fatil m\u00e1s larga.<\/p>\n<\/p><\/div>\n<\/p><\/div>\n<p> <!-- Banner secundario --> <\/p>\n<div style='margin-bottom: 30px;'> <img style='width: 100%; height: auto; border: 1px solid rgba(150&comma;150&comma;150&comma;0.3); border-radius: 8px;' src='http:\/\/ftp3.syscom.mx\/usuarios\/maguilar\/Ugreen\/70694\/70694-Banner3.png' alt=''> <\/div>\n<p> <!-- Secci\u00f3n de especificaciones --> <\/p>\n<div style='display: flex; flex-wrap: wrap; gap: 30px; margin-bottom: 30px;'>\n<div style='flex: 1 1 300px; min-width: 280px;'>\n<h3 style='font-size: 22px; border-bottom: 2px solid currentColor; padding-bottom: 5px; margin-top: 0; color: inherit; opacity: 0.8;'>Adaptador 4K 60Hz DP a HDMI<\/h3>\n<p style='font-size: 15px; color: inherit; margin-bottom: 15px;'>Admite resoluci\u00f3n 4K de hasta 3840*2160 a 60 Hz&comma; compatible con versiones anteriores de 2560*1440 a 120 Hz&comma; 1920*1080 a 144 Hz&comma; lo que es ideal para aprovechar al m\u00e1ximo su nuevo televisor y monitor 4K.<\/p>\n<\/p><\/div>\n<\/p><\/div>\n<p> <!-- Secci\u00f3n de compatibilidad --> <\/p>\n<div style='display: flex; flex-wrap: wrap; gap: 30px; margin-bottom: 30px;'>\n<div style='flex: 1 1 300px; min-width: 280px;'>\n<h3 style='font-size: 22px; border-bottom: 2px solid currentColor; padding-bottom: 5px; margin-top: 0; color: inherit; opacity: 0.8;'>Compatibilidad Universal<\/h3>\n<p style='font-size: 15px; color: inherit; margin-bottom: 15px;'>Con\u00e9ctese a computadoras port\u00e1tiles&comma; torres de escritorio&comma; GPU&comma; televisores&comma; proyectores&comma; monitores&comma; auriculares VR&comma; universalmente compatibles con ProBook EliteBook&comma; ThinkPad&comma; AMD&comma; NVIDIA&comma; etc. Configure el monitor en modo espejo para duplicar la pantalla principal para transmisi\u00f3n de video o juegos. Configure el monitor en Modo extendido para ampliar el \u00e1rea del escritorio.<\/p>\n<\/p><\/div>\n<\/p><\/div>\n<p> <!-- Secci\u00f3n de contenido del paquete --> <\/p>\n<div style='display: flex; flex-wrap: wrap; gap: 20px; margin-bottom: 30px;'>\n<div style='flex: 1 1 250px; border: 1px solid rgba(150&comma; 150&comma; 150&comma; 0.4); border-radius: 8px; overflow: hidden; display: flex; flex-direction: column;'>\n<div style='padding: 15px; border-bottom: 1px solid rgba(150&comma; 150&comma; 150&comma; 0.2); font-weight: bold; font-size: 18px; color: inherit;'>Contenido del Paquete<\/div>\n<div style='padding: 15px; color: inherit;'>\n<ul style='padding-left: 20px; margin: 0; font-size: 14px; list-style-type: disc;'>\n<li style='margin-bottom: 5px;'>Adaptador 4K 60Hz DP a HDMI<\/li>\n<\/ul><\/div>\n<\/p><\/div>\n<\/p><\/div>\n<p> <!-- Secci\u00f3n de especificaciones t\u00e9cnicas --> <\/p>\n<div style='display: flex; flex-wrap: wrap; gap: 20px; margin-bottom: 30px;'>\n<div style='flex: 1 1 250px; border: 1px solid rgba(150&comma; 150&comma; 150&comma; 0.4); border-radius: 8px; overflow: hidden; display: flex; flex-direction: column;'>\n<div style='padding: 15px; border-bottom: 1px solid rgba(150&comma; 150&comma; 150&comma; 0.2); font-weight: bold; font-size: 18px; color: inherit;'>Especificaciones<\/div>\n<div style='padding: 15px; color: inherit;'>\n<ul style='padding-left: 20px; margin: 0; font-size: 14px; list-style-type: disc;'>\n<li style='margin-bottom: 5px;'><strong>Entrada:<\/strong> DP macho (solo admite &#8216;DP&#8217; y &#8216;DP++&#8217;)<\/li>\n<li style='margin-bottom: 5px;'><strong>Salida:<\/strong> HDMI Hembra<\/li>\n<li style='margin-bottom: 5px;'><strong>Resoluci\u00f3n de salida:<\/strong> 4K x 2K@60Hz<\/li>\n<li style='margin-bottom: 5px;'><strong>Soporta:<\/strong> 1080P 3D; HDCP1.3\/2.2; Alto rango din\u00e1mico (HDR)<\/li>\n<li style='margin-bottom: 5px;'><strong>Dimensiones:<\/strong> 45 mm de largo x 21&comma;3 mm de ancho x 12 mm de alto&comma; longitud del cable: 25 cm<\/li>\n<\/ul><\/div>\n<\/p><\/div>\n<\/p><\/div>\n<p> <!-- Garant\u00eda --> <\/p>\n<div style='display: flex; flex-wrap: wrap; gap: 30px; margin-bottom: 30px;'>\n<div style='flex: 1 1 300px; min-width: 280px;'>\n<h4 style='font-size: 20px; border-bottom: 2px solid currentColor; padding-bottom: 5px; margin-top: 0; color: inherit; opacity: 0.8;'>1 A\u00f1o de Garant\u00eda<\/h4>\n<\/p><\/div>\n<\/p><\/div>\n<p> <!-- Banner final --> <\/p>\n<div style='margin-bottom: 30px;'> <img style='width: 100%; height: auto; border: 1px solid rgba(150&comma;150&comma;150&comma;0.3); border-radius: 8px;' src='http:\/\/ftp3.syscom.mx\/usuarios\/maguilar\/Ugreen\/70694\/70694-Banner2.png' alt=''> <\/div>\n<p> <!-- Separador final --> <\/p>\n<hr style='border: 0; border-top: 1px solid rgba(150&comma; 150&comma; 150&comma; 0.3); margin: 30px 0;'> <\/div>\n","protected":false},"excerpt":{"rendered":"<p>Convertidor DisplayPort a HDMI 4K@60Hz | 3D | HDR | Blindaje Interno | Bot?n Liberador | Largo 25 cm (9.84 Pulgadas) | Carcasa de ABS | Plug &#038; Play.<\/p>\n","protected":false},"featured_media":107747,"comment_status":"open","ping_status":"closed","template":"","meta":[],"product_brand":[],"product_cat":[2130],"product_tag":[488,650,2131],"class_list":{"0":"post-107748","1":"product","2":"type-product","3":"status-publish","4":"has-post-thumbnail","6":"product_cat-vga-dvi-hdmi","7":"product_tag-cables-y-conectores","8":"product_tag-ugreen","9":"product_tag-vga-dvi-hdmi","11":"first","12":"instock","13":"sale","14":"shipping-taxable","15":"purchasable","16":"product-type-simple"},"_links":{"self":[{"href":"https:\/\/soydeaqui.ddns.net\/pachuca\/index.php\/wp-json\/wp\/v2\/product\/107748","targetHints":{"allow":["GET"]}}],"collection":[{"href":"https:\/\/soydeaqui.ddns.net\/pachuca\/index.php\/wp-json\/wp\/v2\/product"}],"about":[{"href":"https:\/\/soydeaqui.ddns.net\/pachuca\/index.php\/wp-json\/wp\/v2\/types\/product"}],"replies":[{"embeddable":true,"href":"https:\/\/soydeaqui.ddns.net\/pachuca\/index.php\/wp-json\/wp\/v2\/comments?post=107748"}],"wp:featuredmedia":[{"embeddable":true,"href":"https:\/\/soydeaqui.ddns.net\/pachuca\/index.php\/wp-json\/wp\/v2\/media\/107747"}],"wp:attachment":[{"href":"https:\/\/soydeaqui.ddns.net\/pachuca\/index.php\/wp-json\/wp\/v2\/media?parent=107748"}],"wp:term":[{"taxonomy":"product_brand","embeddable":true,"href":"https:\/\/soydeaqui.ddns.net\/pachuca\/index.php\/wp-json\/wp\/v2\/product_brand?post=107748"},{"taxonomy":"product_cat","embeddable":true,"href":"https:\/\/soydeaqui.ddns.net\/pachuca\/index.php\/wp-json\/wp\/v2\/product_cat?post=107748"},{"taxonomy":"product_tag","embeddable":true,"href":"https:\/\/soydeaqui.ddns.net\/pachuca\/index.php\/wp-json\/wp\/v2\/product_tag?post=107748"}],"curies":[{"name":"wp","href":"https:\/\/api.w.org\/{rel}","templated":true}]}}