{"id":107735,"date":"2026-03-20T17:24:26","date_gmt":"2026-03-20T17:24:26","guid":{"rendered":"https:\/\/soydeaqui.ddns.net\/pachuca\/index.php\/producto\/bala-turbohd-2-megapixeles-1080p-gran-angular-103-lente-2-8-mm-ir-exir-inteligente-20-mts-exterior-ip66-dwdr-tvi-ahd-cvi-cvbs-policarbonato\/"},"modified":"2026-03-20T17:24:43","modified_gmt":"2026-03-20T17:24:43","slug":"bala-turbohd-2-megapixeles-1080p-gran-angular-103-lente-2-8-mm-ir-exir-inteligente-20-mts-exterior-ip66-dwdr-tvi-ahd-cvi-cvbs-policarbonato","status":"publish","type":"product","link":"https:\/\/soydeaqui.ddns.net\/pachuca\/index.php\/producto\/bala-turbohd-2-megapixeles-1080p-gran-angular-103-lente-2-8-mm-ir-exir-inteligente-20-mts-exterior-ip66-dwdr-tvi-ahd-cvi-cvbs-policarbonato\/","title":{"rendered":"Bala TURBOHD 2 Megap\u00edxeles (1080p) \/ Gran Angular 103\u00b0 \/ Lente 2.8 mm \/ IR EXIR Inteligente 20 mts \/ Exterior IP66 \/ dWDR \/ TVI-AHD-CVI-CVBS \/ Policarbonato"},"content":{"rendered":"<div style='width: 100%; max-width: 1200px; margin: 0 auto; font-family: sans-serif; line-height: 1.6; color: inherit; background-color: transparent;'>\n<div style='display: flex; flex-wrap: wrap; justify-content: center; gap: 15px; margin-bottom: 30px;'> <img style='width: 100%; height: auto; border: 1px solid rgba(150&comma;150&comma;150&comma;0.3); border-radius: 8px;' src='http:\/\/ftp3.syscom.mx\/usuarios\/emendoza\/elesbanmch\/HIKVISON\/IMAGENES\/epcom.png' alt=''> <img style='width: 20%; height: auto; border: 1px solid rgba(150&comma;150&comma;150&comma;0.3); border-radius: 8px;' src='http:\/\/ftp3.syscom.mx\/usuarios\/anavarrete\/Noe\/imagen1.png' alt=''> <\/div>\n<div style='display: flex; flex-wrap: wrap; gap: 30px; margin-bottom: 30px;'>\n<div style='flex: 1 1 300px; min-width: 280px;'>\n<h3 style='font-size: 22px; border-bottom: 2px solid currentColor; padding-bottom: 5px; margin-top: 0; color: inherit; opacity: 0.8;'>Caracter\u00edsticas principales<\/h3>\n<ul style='padding-left: 20px; font-size: 15px; color: inherit;'>\n<li style='margin-bottom: 5px;'><strong>Resoluci\u00f3n m\u00e1xima:<\/strong> 1920 x 1080 (2 Megapixel)<\/li>\n<li style='margin-bottom: 5px;'><strong>Iluminaci\u00f3n m\u00ednima:<\/strong> 0.01 Lux @ (F1.2&comma; AGC ON)&comma; 0 Lux con IR<\/li>\n<li style='margin-bottom: 5px;'><strong>Lente fijo:<\/strong> 2.8 mm (\u00e1ngulo de apertura 103\u00ba)<\/li>\n<li style='margin-bottom: 5px;'><strong>20 mts IR EXIR:<\/strong> (visi\u00f3n nocturna)<\/li>\n<li style='margin-bottom: 5px;'><strong>Soporta 4 tecnolog\u00edas seleccionables:<\/strong> TVI \/ AHD \/ CVI \/ CVBS<\/li>\n<li style='margin-bottom: 5px;'><strong>Funciones:<\/strong> dWDR \/ BLC \/ AGC<\/li>\n<li style='margin-bottom: 5px;'><strong>Soporta coaxitron:<\/strong> (video + menu OSD). No soporta micr\u00f3fono integrado<\/li>\n<\/ul><\/div>\n<div style='flex: 1 1 300px; min-width: 280px;'>\n<h3 style='font-size: 22px; border-bottom: 2px solid currentColor; padding-bottom: 5px; margin-top: 0; color: inherit; opacity: 0.8;'>Caracter\u00edsticas F\u00edsicas y El\u00e9ctricas<\/h3>\n<ul style='padding-left: 20px; font-size: 15px; color: inherit;'>\n<li style='margin-bottom: 5px;'><strong>Temperatura de operaci\u00f3n:<\/strong> -40\u00baC a 60\u00baC<\/li>\n<li style='margin-bottom: 5px;'><strong>Alimentaci\u00f3n:<\/strong> 12 Vcc \/ 4 Watts<\/li>\n<li style='margin-bottom: 5px;'><strong>Protecci\u00f3n:<\/strong> Interior \/ Exterior IP66<\/li>\n<li style='margin-bottom: 5px;'><strong>Fabricado en:<\/strong> material de policarbonato<\/li>\n<li style='margin-bottom: 5px;'><strong>Dimensiones:<\/strong> 189.2 x 65.9 x 81.8 mm<\/li>\n<li style='margin-bottom: 5px;'><strong>Peso:<\/strong> 400 grs<\/li>\n<\/ul><\/div>\n<\/p><\/div>\n<\/p><\/div>\n","protected":false},"excerpt":{"rendered":"<p>Bala TURBOHD 2 Megap\u00edxeles (1080p) \/ Gran Angular 103\u00b0 \/ Lente 2.8 mm \/ IR EXIR Inteligente 20 mts \/ Exterior IP66 \/ dWDR \/ TVI-AHD-CVI-CVBS \/ Policarbonato<\/p>\n","protected":false},"featured_media":107734,"comment_status":"open","ping_status":"closed","template":"","meta":[],"product_brand":[],"product_cat":[2268],"product_tag":[439,2255,2257],"class_list":{"0":"post-107735","1":"product","2":"type-product","3":"status-publish","4":"has-post-thumbnail","6":"product_cat-bala-camaras-y-dvrs-hd-turbohd-ahd-hd-tvi","7":"product_tag-bala","8":"product_tag-camaras-y-dvrs-hd-turbohd-ahd-hd-tvi","9":"product_tag-epcom-professional","11":"first","12":"instock","13":"sale","14":"shipping-taxable","15":"purchasable","16":"product-type-simple"},"_links":{"self":[{"href":"https:\/\/soydeaqui.ddns.net\/pachuca\/index.php\/wp-json\/wp\/v2\/product\/107735","targetHints":{"allow":["GET"]}}],"collection":[{"href":"https:\/\/soydeaqui.ddns.net\/pachuca\/index.php\/wp-json\/wp\/v2\/product"}],"about":[{"href":"https:\/\/soydeaqui.ddns.net\/pachuca\/index.php\/wp-json\/wp\/v2\/types\/product"}],"replies":[{"embeddable":true,"href":"https:\/\/soydeaqui.ddns.net\/pachuca\/index.php\/wp-json\/wp\/v2\/comments?post=107735"}],"wp:featuredmedia":[{"embeddable":true,"href":"https:\/\/soydeaqui.ddns.net\/pachuca\/index.php\/wp-json\/wp\/v2\/media\/107734"}],"wp:attachment":[{"href":"https:\/\/soydeaqui.ddns.net\/pachuca\/index.php\/wp-json\/wp\/v2\/media?parent=107735"}],"wp:term":[{"taxonomy":"product_brand","embeddable":true,"href":"https:\/\/soydeaqui.ddns.net\/pachuca\/index.php\/wp-json\/wp\/v2\/product_brand?post=107735"},{"taxonomy":"product_cat","embeddable":true,"href":"https:\/\/soydeaqui.ddns.net\/pachuca\/index.php\/wp-json\/wp\/v2\/product_cat?post=107735"},{"taxonomy":"product_tag","embeddable":true,"href":"https:\/\/soydeaqui.ddns.net\/pachuca\/index.php\/wp-json\/wp\/v2\/product_tag?post=107735"}],"curies":[{"name":"wp","href":"https:\/\/api.w.org\/{rel}","templated":true}]}}