{"id":107713,"date":"2026-03-20T17:23:13","date_gmt":"2026-03-20T17:23:13","guid":{"rendered":"https:\/\/soydeaqui.ddns.net\/pachuca\/index.php\/producto\/kit-de-enlaces-de-video-por-hdmi-inalambrico-distancias-soporta-resolucion-hasta-1080p-full-hd\/"},"modified":"2026-03-20T17:23:15","modified_gmt":"2026-03-20T17:23:15","slug":"kit-de-enlaces-de-video-por-hdmi-inalambrico-distancias-soporta-resolucion-hasta-1080p-full-hd","status":"publish","type":"product","link":"https:\/\/soydeaqui.ddns.net\/pachuca\/index.php\/producto\/kit-de-enlaces-de-video-por-hdmi-inalambrico-distancias-soporta-resolucion-hasta-1080p-full-hd\/","title":{"rendered":"Kit de Enlaces de Video por HDMI Inal\u00e1mbrico \/ Distancias  \/ Soporta Resoluci\u00f3n hasta 1080p (Full HD)"},"content":{"rendered":"<div style='width: 100%; max-width: 1200px; margin: 0 auto; font-family: sans-serif; line-height: 1.6; color: inherit; background-color: transparent;'>\n<div style='display: flex; flex-wrap: wrap; gap: 30px; margin-bottom: 30px;'>\n<div style='flex: 1 1 300px; min-width: 280px;'>\n<div style='position: relative; padding-bottom: 56.25%; height: 0; overflow: hidden; margin-bottom: 30px;'>   <\/div>\n<\/p><\/div>\n<div style='flex: 1 1 300px; min-width: 280px;'>\n<h3 style='font-size: 22px; border-bottom: 2px solid currentColor; padding-bottom: 5px; margin-top: 0; color: inherit; opacity: 0.8;'>Transmisi\u00f3n de video HDMI a trav\u00e9s de enlaces inal\u00e1mbricos<\/h3>\n<p>Gracias a sus sugerencias Epcom TITANUM he desarrollado nuevos productos Versi\u00f3n 4.0 logrando algo que parec\u00eda anteriormente imposible&comma; la transmisi\u00f3n de video HDMI a trav\u00e9s de enlaces inal\u00e1mbricos&comma; con muy baja latencia y con una resoluci\u00f3n de 1080P&comma; llegando a distancias anteriormente inimaginables y cumpliendo con las mas recientes tecnolog\u00edas de video como son HDbitT&comma; HDMI1.3&comma; HDCP1.2<\/p>\n<p>Solo se requieren 2 extensores de video y dos puntos de acceso&comma; con una m\u00ednima configuraci\u00f3n en los puntos de acceso y cero configuraciones de los extensores de video.<\/p>\n<\/p><\/div>\n<\/p><\/div>\n<div style='display: flex; flex-wrap: wrap; gap: 20px; margin-bottom: 30px;'>\n<div style='flex: 1 1 300px; min-width: 280px;'>\n<div style='border: 1px solid rgba(150&comma; 150&comma; 150&comma; 0.4); border-radius: 8px; overflow: hidden; display: flex; flex-direction: column;'>\n<div style='padding: 15px; border-bottom: 1px solid rgba(150&comma; 150&comma; 150&comma; 0.2); font-weight: bold; font-size: 18px; color: inherit;'>Caracter\u00edsticas Principales TT383PRO-4.0:<\/div>\n<div style='padding: 15px; color: inherit;'>\n<ul style='padding-left: 20px; margin: 0; font-size: 14px; list-style-type: disc;'>\n<li style='margin-bottom: 5px;'><strong>Extiende la se\u00f1al HDMI utilizando puntos de acceso<\/strong><\/li>\n<li style='margin-bottom: 5px;'><strong>Resoluci\u00f3n 1080P a 60Hz<\/strong><\/li>\n<li style='margin-bottom: 5px;'>Cumplimiento HDbitT&comma; HDMI1.3&comma; HDCP1.2<\/li>\n<li style='margin-bottom: 5px;'>Admite la funci\u00f3n de transferencia de infrarrojos (con el control remoto del equipo fuente) para control a larga distancia.<\/li>\n<li style='margin-bottom: 5px;'>Plug and play sin ning\u00fan ajuste manual<\/li>\n<li style='margin-bottom: 5px;'><strong>Protecci\u00f3n contra rayos&comma; protecci\u00f3n contra sobretensiones&comma; protecci\u00f3n ESD.<\/strong><\/li>\n<li style='margin-bottom: 5px;'>Dise\u00f1o de carcasa de aleaci\u00f3n de aluminio&comma; estable y duradero<\/li>\n<li style='margin-bottom: 5px;'><a style='color: #fc1e0a; text-decoration: none;' href='https:\/\/www.syscom.mx\/producto\/TT-383-PRO-4.0-EPCOM-TITANIUM-197028.html' target='_blank' rel='noopener'>Mas informacion aqu\u00ed<\/a><\/li>\n<li style='margin-bottom: 5px; color: #c0392b;'><strong>Utilizar solo para mandar el video del Extensor&comma; no combinar con equipos de red de datos<\/strong><\/li>\n<\/ul><\/div>\n<\/p><\/div>\n<\/p><\/div>\n<div style='flex: 1 1 300px; min-width: 280px;'>\n<div style='border: 1px solid rgba(150&comma; 150&comma; 150&comma; 0.4); border-radius: 8px; overflow: hidden; display: flex; flex-direction: column;'>\n<div style='padding: 15px; border-bottom: 1px solid rgba(150&comma; 150&comma; 150&comma; 0.2); font-weight: bold; font-size: 18px; color: inherit;'>Caracter\u00edsticas F\u00edsicas y El\u00e9ctricas<\/div>\n<div style='padding: 15px; color: inherit;'>\n<div style='color: #06176b; margin-bottom: 10px;'><strong>TT383PRO4.0:<\/strong><\/div>\n<ul style='padding-left: 20px; margin: 0 0 20px 20px; font-size: 14px; list-style-type: square;'>\n<li style='margin-bottom: 5px;'><strong>Alimentaci\u00f3n incluida de 5 Vcc&comma; 1 A<\/strong>\n<div style='color: blue;'>(Fuentes de alimentaci\u00f3n incluidas)<\/div>\n<\/li>\n<li style='margin-bottom: 5px;'>Dimensiones TX;RX 130 mm (L) \u00d7 84 mm (W) \u00d7 23.2 mm (H)<\/li>\n<li style='margin-bottom: 5px;'>Peso TX : 205g ; RX : 200g<\/li>\n<li style='margin-bottom: 5px;'><strong>1 A\u00f1o de Garant\u00eda por defectos de f\u00e1brica<\/strong><\/li>\n<\/ul>\n<div style='color: #06176b; margin-bottom: 10px;'><strong>LOCOM2:<\/strong><\/div>\n<ul style='padding-left: 20px; margin: 0 0 20px 20px; font-size: 14px; list-style-type: square;'>\n<li style='margin-bottom: 5px;'><strong>Alimentaci\u00f3n incluida de 24 V&comma; 0.5 A.<\/strong>\n<div style='color: blue;'>(Adaptador PoE y Cable de alimentaci\u00f3n incluidos.)<\/div>\n<\/li>\n<li style='margin-bottom: 5px;'>Dimensiones TX ; RX 161 mm (L) x 31 mm (W) x 80 mm (H)<\/li>\n<li style='margin-bottom: 5px;'>Peso TX ; RX : 180g<\/li>\n<li style='margin-bottom: 5px;'><strong>1 A\u00f1o de Garant\u00eda por defectos de f\u00e1brica<\/strong><\/li>\n<\/ul><\/div>\n<\/p><\/div>\n<\/p><\/div>\n<div style='flex: 1 1 300px; min-width: 280px;'>\n<div style='border: 1px solid rgba(150&comma; 150&comma; 150&comma; 0.4); border-radius: 8px; overflow: hidden; display: flex; flex-direction: column;'>\n<div style='padding: 15px; border-bottom: 1px solid rgba(150&comma; 150&comma; 150&comma; 0.2); font-weight: bold; font-size: 18px; color: inherit;'>Caracter\u00edsticas Principales LOCOM2:<\/div>\n<div style='padding: 15px; color: inherit;'>\n<ul style='padding-left: 20px; margin: 0 0 20px 20px; font-size: 14px; list-style-type: square;'>\n<li style='margin-bottom: 5px;'><strong>Hasta 150 Mbps<\/strong><\/li>\n<li style='margin-bottom: 5px;'><strong>Frecuencia 2 GHz (2412-2462 MHz)<\/strong><\/li>\n<li style='margin-bottom: 5px;'><strong>Anchos de canal ajustables de 5 hasta 40 MHz.<\/strong><\/li>\n<li style='margin-bottom: 5px;'>Doble Polaridad Simult\u00e1nea (Vertical y Horizontal&comma; 2&#215;2).<\/li>\n<li style='margin-bottom: 5px;'><strong>Seguridad: WEP&comma; WPA&comma; WPA2 y MAC ACL.<\/strong><\/li>\n<li style='margin-bottom: 5px;'>Se\u00f1alizaci\u00f3n propietaria: airMAX (TDMA).<\/li>\n<li style='margin-bottom: 5px;'>Dise\u00f1o vers\u00e1til y compacto.<\/li>\n<li style='margin-bottom: 5px;'><strong>F\u00e1cil de instalar.<\/strong><\/li>\n<li style='margin-bottom: 5px;'><a style='color: #fc1e0a; text-decoration: none;' href='https:\/\/www.syscom.mx\/producto\/LOCOM2-UBIQUITI-NETWORKS-39791.html' target='_blank' rel='noopener'>Mas informacion aqu\u00ed<\/a><\/li>\n<\/ul><\/div>\n<\/p><\/div>\n<\/p><\/div>\n<\/p><\/div>\n<div style='display: flex; flex-wrap: wrap; gap: 30px; margin-bottom: 30px;'>\n<div style='flex: 1 1 300px; min-width: 280px;'> <img style='width: 100%; height: auto; border: 1px solid rgba(150&comma;150&comma;150&comma;0.3); border-radius: 8px;' src='http:\/\/ftp3.syscom.mx\/usuarios\/hallende\/EPCOM%20Titanium\/LOCOM2-TT383PR04\/TT383PRO4.png' alt=''> <\/div>\n<div style='flex: 1 1 300px; min-width: 280px;'> <img style='width: 100%; height: auto; border: 1px solid rgba(150&comma;150&comma;150&comma;0.3); border-radius: 8px;' src='http:\/\/ftp3.syscom.mx\/usuarios\/hallende\/EPCOM%20Titanium\/LOCOM2-TT383PR04\/LOCOM2TT383PR04-h.png' alt=''> <\/div>\n<div style='flex: 1 1 300px; min-width: 280px;'> <img style='width: 100%; height: auto; border: 1px solid rgba(150&comma;150&comma;150&comma;0.3); border-radius: 8px;' src='http:\/\/ftp3.syscom.mx\/usuarios\/hallende\/EPCOM%20Titanium\/LOCOM2-TT383PR04\/OCOM2.png' alt=''> <\/div>\n<\/p><\/div>\n<div style='margin-bottom: 30px;'>   <\/div>\n<\/p><\/div>\n","protected":false},"excerpt":{"rendered":"<p>Kit de Enlaces de Video por HDMI Inal\u00e1mbrico \/ Distancias  \/ Soporta Resoluci\u00f3n hasta 1080p (Full HD)<\/p>\n","protected":false},"featured_media":107712,"comment_status":"open","ping_status":"closed","template":"","meta":[],"product_brand":[],"product_cat":[2073,2074,2077,2075,2072,2076],"product_tag":[417,2079,2080,2083,507,2081,2078,2082],"class_list":{"0":"post-107713","1":"product","2":"type-product","3":"status-publish","4":"has-post-thumbnail","6":"product_cat-convertidores","7":"product_cat-divisores","8":"product_cat-dvi","9":"product_cat-hdmi","10":"product_cat-kits-extensores","11":"product_cat-vga","12":"product_tag-accesorios-generales","13":"product_tag-convertidores","14":"product_tag-divisores","15":"product_tag-dvi","16":"product_tag-epcom-titanium","17":"product_tag-hdmi","18":"product_tag-kits-extensores","19":"product_tag-vga","21":"first","22":"instock","23":"sale","24":"shipping-taxable","25":"purchasable","26":"product-type-simple"},"_links":{"self":[{"href":"https:\/\/soydeaqui.ddns.net\/pachuca\/index.php\/wp-json\/wp\/v2\/product\/107713","targetHints":{"allow":["GET"]}}],"collection":[{"href":"https:\/\/soydeaqui.ddns.net\/pachuca\/index.php\/wp-json\/wp\/v2\/product"}],"about":[{"href":"https:\/\/soydeaqui.ddns.net\/pachuca\/index.php\/wp-json\/wp\/v2\/types\/product"}],"replies":[{"embeddable":true,"href":"https:\/\/soydeaqui.ddns.net\/pachuca\/index.php\/wp-json\/wp\/v2\/comments?post=107713"}],"wp:featuredmedia":[{"embeddable":true,"href":"https:\/\/soydeaqui.ddns.net\/pachuca\/index.php\/wp-json\/wp\/v2\/media\/107712"}],"wp:attachment":[{"href":"https:\/\/soydeaqui.ddns.net\/pachuca\/index.php\/wp-json\/wp\/v2\/media?parent=107713"}],"wp:term":[{"taxonomy":"product_brand","embeddable":true,"href":"https:\/\/soydeaqui.ddns.net\/pachuca\/index.php\/wp-json\/wp\/v2\/product_brand?post=107713"},{"taxonomy":"product_cat","embeddable":true,"href":"https:\/\/soydeaqui.ddns.net\/pachuca\/index.php\/wp-json\/wp\/v2\/product_cat?post=107713"},{"taxonomy":"product_tag","embeddable":true,"href":"https:\/\/soydeaqui.ddns.net\/pachuca\/index.php\/wp-json\/wp\/v2\/product_tag?post=107713"}],"curies":[{"name":"wp","href":"https:\/\/api.w.org\/{rel}","templated":true}]}}