{"id":107704,"date":"2026-03-20T17:22:49","date_gmt":"2026-03-20T17:22:49","guid":{"rendered":"https:\/\/soydeaqui.ddns.net\/pachuca\/index.php\/producto\/camara-ip-wi-fi-para-hogar-3-megapixel-audio-doble-via-vision-nocturna-notificacion-push-acepta-memoria-micro-sd-de-para-grabacion-9\/"},"modified":"2026-03-20T17:22:53","modified_gmt":"2026-03-20T17:22:53","slug":"camara-ip-wi-fi-para-hogar-3-megapixel-audio-doble-via-vision-nocturna-notificacion-push-acepta-memoria-micro-sd-de-para-grabacion-9","status":"publish","type":"product","link":"https:\/\/soydeaqui.ddns.net\/pachuca\/index.php\/producto\/camara-ip-wi-fi-para-hogar-3-megapixel-audio-doble-via-vision-nocturna-notificacion-push-acepta-memoria-micro-sd-de-para-grabacion-9\/","title":{"rendered":"C\u00e1mara IP Wi-Fi para hogar, 3 megapixel, audio doble v\u00eda, visi\u00f3n nocturna, notificaci\u00f3n Push, acepta memoria Micro SD de para grabaci\u00f3n."},"content":{"rendered":"<div style='width: 100%; max-width: 1200px; margin: 0 auto; font-family: sans-serif; line-height: 1.6; color: inherit; background-color: transparent;'> <!-- Secci\u00f3n de imagen + descripci\u00f3n (2 columnas) --> <\/p>\n<div style='display: flex; flex-wrap: wrap; justify-content: center; margin-bottom: 30px;'> <!-- Columna de imagen --> <\/p>\n<div style='flex: 0 0 50%; max-width: 50%; padding: 15px; box-sizing: border-box;'>\n<div style='display: flex; justify-content: center; height: 100%;'> <img style='max-width: 100%; height: auto; border: 1px solid rgba(150&comma;150&comma;150&comma;0.3); border-radius: 8px; object-fit: contain;' src='https:\/\/ftp3.syscom.mx\/usuarios\/fotos\/TAPOC210\/208279-2.jpeg' alt='C\u00e1mara WiFi para Interior&comma; movimiento 360\u00b0'> <\/div>\n<\/p><\/div>\n<p> <!-- Columna de descripci\u00f3n --> <\/p>\n<div style='flex: 0 0 50%; max-width: 50%; padding: 15px; box-sizing: border-box;'>\n<h1 style='margin: 12px 0px 0px; padding: 0px; font-size: 1.625em; font-weight: 400; line-height: 1.2; color: inherit; border: none; text-align: center;'><strong>C\u00e1mara WiFi para Interior&comma; movimiento 360\u00b0<\/strong><\/h1>\n<div style='margin: 0px 0 20px; padding: 0px 0px 1.25em; border-bottom: 1px solid rgba(150&comma;150&comma;150&comma;0.3); color: inherit; font-size: 16px;'> <\/div>\n<ul style='margin: 0; padding: 0 0 0 20px; list-style-position: outside; text-align: left; font-size: 15px; color: inherit;'>\n<li style='margin: 0px 0px 10px; text-align: justify;'><strong>Resoluci\u00f3n 3MP:<\/strong> Graba cada imagen con una definici\u00f3n n\u00edtida.<\/li>\n<li style='margin: 0px 0px 10px; text-align: justify;'><strong>Redes al\u00e1mbricas o inal\u00e1mbricas:<\/strong> Conecte su c\u00e1mara a la red a trav\u00e9s de WiFi&comma; esto para una instalaci\u00f3n m\u00e1s flexible.<\/li>\n<li style='margin: 0px 0px 10px; text-align: justify;'><strong>Starlight Bigth Vision:<\/strong> El sensor Starlight de alta sensibilidad captura im\u00e1genes de mayor calidad incluso en condiciones de poca luz.<\/li>\n<li style='margin: 0px 0px 10px; text-align: justify;'><strong>Almacenamiento seguro:<\/strong> Almacena localmente hasta 256 GB de video 2K QHD en una tarjeta microSD&comma; lo que ofrece un acceso conveniente a sus secuencias de video.<\/li>\n<li style='margin: 0px 0px 10px; text-align: justify;'><strong>Audio Bidireccional:<\/strong> Permite la comunicaci\u00f3n a trav\u00e9s de un microfono y un altavoz integrados&comma; esto permite esta interactuando desde cualqueir lado.<\/li>\n<li style='margin: 0px 0px 10px; text-align: justify;'><strong>Herramientas:<\/strong> Cuenta con detecci\u00f3n de movimiento y notififaci\u00f3n instantanea&comma; alarma de luz y sonido&comma; junto con control de voz integrado para Alex \/ Assisten.<\/li>\n<\/ul><\/div>\n<\/p><\/div>\n<p> <!-- Especificaciones en 3 columnas --> <\/p>\n<div style='display: flex; flex-wrap: wrap; justify-content: center; margin-bottom: 30px;'>\n<div style='flex: 0 0 33.333%; max-width: 33.333%; padding: 15px; box-sizing: border-box;'>\n<div style='border: 5px solid #4acbd6; border-radius: 5px; padding: 15px; box-shadow: 2px 2px 10px rgba(0&comma;0&comma;0&comma;0.1); height: 100%; border-color: rgba(74&comma;203&comma;214&comma;0.3);'>\n<h3 style='margin-top: 0px; text-align: left; color: inherit;'><span style='font-size: 14pt;'><strong>Caracter\u00edsticas principales:<\/strong><\/span><\/h3>\n<ul style='padding-left: 20px; margin: 0; font-size: 14px; color: inherit;'>\n<li style='margin-bottom: 5px;'>Resoluci\u00f3n 3MP.<\/li>\n<li style='margin-bottom: 5px;'>Notificaci\u00f3n de salidad a trav\u00e9s de la aplicaci\u00f3n.<\/li>\n<li style='margin-bottom: 5px;'>Disparador de entrada: Detecci\u00f3n de movimiento.<\/li>\n<li style='margin-bottom: 5px;'>Codec H.264<\/li>\n<li style='margin-bottom: 5px;'>IP66<\/li>\n<li style='margin-bottom: 5px;'>Audio en 2 vias.<\/li>\n<li style='margin-bottom: 5px;'>15 FPS.<\/li>\n<li style='margin-bottom: 5px;'>Frecuencia 2.4GHz.<\/li>\n<li style='margin-bottom: 5px;'>Soporta memoria MicroSD de 128 GB para grabaci\u00f3n local (no incluye memoria).<\/li>\n<li style='margin-bottom: 5px;'>Visi\u00f3n nocturna hasta 30 metros.<\/li>\n<li style='margin-bottom: 5px;'>Lente focal de 3.89mm.<\/li>\n<\/ul><\/div>\n<\/p><\/div>\n<div style='flex: 0 0 33.333%; max-width: 33.333%; padding: 15px; box-sizing: border-box;'>\n<div style='border: 5px solid #4acbd6; border-radius: 5px; padding: 15px; box-shadow: 2px 2px 10px rgba(0&comma;0&comma;0&comma;0.1); height: 100%; border-color: rgba(74&comma;203&comma;214&comma;0.3);'>\n<h3 style='margin-top: 0px; text-align: left; color: inherit;'><span style='font-size: 14pt;'><strong>Caracter\u00edsticas F\u00edsicas y El\u00e9ctricas:<\/strong><\/span><\/h3>\n<ul style='padding-left: 20px; margin: 0; font-size: 14px; color: inherit;'>\n<li style='margin-bottom: 5px;'>Entrada del adaptador 100-240V AC&comma; 50\/60 Hz. \/ 0.3A<\/li>\n<li style='margin-bottom: 5px;'>Salida del adaptador 9.0V\/0.6A.<\/li>\n<li style='margin-bottom: 5px;'>Bot\u00f3n de reset.<\/li>\n<li style='margin-bottom: 5px;'>Indicador LED (luz blanca).<\/li>\n<li style='margin-bottom: 5px;'>Microfono y altavoz integrado.<\/li>\n<li style='margin-bottom: 5px;'>Temperatura de operaci\u00f3n: -20\u00ba ~ 45 C.<\/li>\n<li style='margin-bottom: 5px;'>Dimensiones: 142.3 \u00d7 103.4 \u00d7 64.3 mm.<\/li>\n<\/ul><\/div>\n<\/p><\/div>\n<div style='flex: 0 0 33.333%; max-width: 33.333%; padding: 15px; box-sizing: border-box;'>\n<div style='border: 5px solid #4acbd6; border-radius: 5px; padding: 15px; box-shadow: 2px 2px 10px rgba(0&comma;0&comma;0&comma;0.1); height: 100%; border-color: rgba(74&comma;203&comma;214&comma;0.3);'>\n<h3 style='margin-top: 0px; text-align: left; color: inherit;'><span style='font-size: 14pt;'><strong>Contenido:<\/strong><\/span><\/h3>\n<ul style='padding-left: 20px; margin: 0; font-size: 14px; color: inherit;'>\n<li style='margin-bottom: 5px;'>1 C\u00e1mara TAPO C320WS<\/li>\n<li style='margin-bottom: 5px;'>1 adaptador de corriente.<\/li>\n<li style='margin-bottom: 5px;'>1 Montaje de anclaje y tornillos.<\/li>\n<li style='margin-bottom: 5px;'>1 Sello a prueba de agua.<\/li>\n<li style='margin-bottom: 5px;'>1 Gu\u00eda de instalaci\u00f3n r\u00e1pida.<\/li>\n<\/ul><\/div>\n<\/p><\/div>\n<\/p><\/div>\n<p> <!-- Im\u00e1genes adicionales --> <\/p>\n<div style='margin-bottom: 30px;'> <img style='width: 100%; max-width: 1200px; height: auto; border: 1px solid rgba(150&comma;150&comma;150&comma;0.3); border-radius: 8px; margin-bottom: 20px;' src='https:\/\/ftp3.syscom.mx\/usuarios\/fotos\/TAPOC210\/208279-image_(52).png' alt='Imagen descriptiva'> <img style='width: 100%; max-width: 1200px; height: auto; border: 1px solid rgba(150&comma;150&comma;150&comma;0.3); border-radius: 8px; margin-bottom: 20px;' src='https:\/\/ftp3.syscom.mx\/usuarios\/fotos\/TAPOC210\/208279-image_(53).png' alt='Imagen descriptiva'> <img style='width: 100%; max-width: 1200px; height: auto; border: 1px solid rgba(150&comma;150&comma;150&comma;0.3); border-radius: 8px; margin-bottom: 20px;' src='https:\/\/ftp3.syscom.mx\/usuarios\/fotos\/TAPOC210\/208279-image_(54).png' alt='Imagen descriptiva'> <img style='width: 100%; max-width: 1200px; height: auto; border: 1px solid rgba(150&comma;150&comma;150&comma;0.3); border-radius: 8px; margin-bottom: 20px;' src='https:\/\/ftp3.syscom.mx\/usuarios\/fotos\/TAPOC210\/208279-image_(55).png' alt='Imagen descriptiva'> <img style='width: 100%; max-width: 1200px; height: auto; border: 1px solid rgba(150&comma;150&comma;150&comma;0.3); border-radius: 8px; margin-bottom: 20px;' src='https:\/\/ftp3.syscom.mx\/usuarios\/fotos\/TAPOC210\/208279-image_(56).png' alt='Imagen descriptiva'> <\/div>\n<\/p><\/div>\n","protected":false},"excerpt":{"rendered":"<p>C\u00e1mara IP Wi-Fi para hogar, 3 megapixel, audio doble v\u00eda, visi\u00f3n nocturna, notificaci\u00f3n Push, acepta memoria Micro SD de para grabaci\u00f3n.<\/p>\n","protected":false},"featured_media":107703,"comment_status":"open","ping_status":"closed","template":"","meta":[],"product_brand":[],"product_cat":[1224],"product_tag":[122,1225,71],"class_list":{"0":"post-107704","1":"product","2":"type-product","3":"status-publish","4":"has-post-thumbnail","6":"product_cat-ptz","7":"product_tag-camaras-ip-y-nvrs","8":"product_tag-ptz","9":"product_tag-tp-link","11":"first","12":"instock","13":"sale","14":"shipping-taxable","15":"purchasable","16":"product-type-simple"},"_links":{"self":[{"href":"https:\/\/soydeaqui.ddns.net\/pachuca\/index.php\/wp-json\/wp\/v2\/product\/107704","targetHints":{"allow":["GET"]}}],"collection":[{"href":"https:\/\/soydeaqui.ddns.net\/pachuca\/index.php\/wp-json\/wp\/v2\/product"}],"about":[{"href":"https:\/\/soydeaqui.ddns.net\/pachuca\/index.php\/wp-json\/wp\/v2\/types\/product"}],"replies":[{"embeddable":true,"href":"https:\/\/soydeaqui.ddns.net\/pachuca\/index.php\/wp-json\/wp\/v2\/comments?post=107704"}],"wp:featuredmedia":[{"embeddable":true,"href":"https:\/\/soydeaqui.ddns.net\/pachuca\/index.php\/wp-json\/wp\/v2\/media\/107703"}],"wp:attachment":[{"href":"https:\/\/soydeaqui.ddns.net\/pachuca\/index.php\/wp-json\/wp\/v2\/media?parent=107704"}],"wp:term":[{"taxonomy":"product_brand","embeddable":true,"href":"https:\/\/soydeaqui.ddns.net\/pachuca\/index.php\/wp-json\/wp\/v2\/product_brand?post=107704"},{"taxonomy":"product_cat","embeddable":true,"href":"https:\/\/soydeaqui.ddns.net\/pachuca\/index.php\/wp-json\/wp\/v2\/product_cat?post=107704"},{"taxonomy":"product_tag","embeddable":true,"href":"https:\/\/soydeaqui.ddns.net\/pachuca\/index.php\/wp-json\/wp\/v2\/product_tag?post=107704"}],"curies":[{"name":"wp","href":"https:\/\/api.w.org\/{rel}","templated":true}]}}