{"id":107702,"date":"2026-03-20T17:22:44","date_gmt":"2026-03-20T17:22:44","guid":{"rendered":"https:\/\/soydeaqui.ddns.net\/pachuca\/index.php\/producto\/camara-ip-wi-fi-para-hogar-3-megapixel-audio-doble-via-vision-nocturna-notificacion-push-acepta-memoria-micro-sd-de-para-grabacion-8\/"},"modified":"2026-03-20T17:22:46","modified_gmt":"2026-03-20T17:22:46","slug":"camara-ip-wi-fi-para-hogar-3-megapixel-audio-doble-via-vision-nocturna-notificacion-push-acepta-memoria-micro-sd-de-para-grabacion-8","status":"publish","type":"product","link":"https:\/\/soydeaqui.ddns.net\/pachuca\/index.php\/producto\/camara-ip-wi-fi-para-hogar-3-megapixel-audio-doble-via-vision-nocturna-notificacion-push-acepta-memoria-micro-sd-de-para-grabacion-8\/","title":{"rendered":"C\u00e1mara IP Wi-Fi para hogar, 3 megapixel, audio doble v\u00eda, visi\u00f3n nocturna, notificaci\u00f3n Push, acepta memoria Micro SD de para grabaci\u00f3n."},"content":{"rendered":"<div style=\"width: 100%; max-width: 1200px; margin: 0 auto; font-family: sans-serif; line-height: 1.6; color: inherit; background-color: transparent;\"><!-- Banner Superior --> <\/p>\n<div style=\"margin-bottom: 20px; text-align: center;\"><a href=\"#link\" target=\"_blank\" rel=\"noopener\"> <img decoding=\"async\" style=\"width: 100%; height: auto; border: 1px solid rgba(150&comma;150&comma;150&comma;0.3); border-radius: 8px; display: block; margin: 0 auto;\" src=\"https:\/\/ftp3.syscom.mx\/usuarios\/rcovarrubias\/TPLINK\/TP-LINK\/bannerTPLINK%20PAG.png\" alt=\"Banner TP-Link\" \/> <\/a><\/div>\n<p> <!-- Secci\u00f3n de 3 columnas (especificaciones) --> <\/p>\n<div style=\"display: flex; flex-wrap: wrap; gap: 30px; margin-bottom: 30px;\"><!-- Columna 1 - Caracter\u00edsticas principales --> <\/p>\n<div style=\"flex: 1 1 300px; min-width: 280px;\">\n<h3 style=\"font-size: 22px; border-bottom: 2px solid currentColor; padding-bottom: 5px; margin-top: 0; color: inherit; opacity: 0.8;\">Caracter&iacute;sticas principales:<\/h3>\n<ul style=\"padding-left: 20px; font-size: 15px; color: inherit;\">\n<li style=\"margin-bottom: 5px;\">Disparador de entrada: Detecci&oacute;n de movimiento<\/li>\n<li style=\"margin-bottom: 5px;\">Notificaci&oacute;n de salida: Notificaci&oacute;n Push<\/li>\n<li style=\"margin-bottom: 5px;\">Codec H.264<\/li>\n<li style=\"margin-bottom: 5px;\">Resoluci&oacute;n 1080p Full HD<\/li>\n<li style=\"margin-bottom: 5px;\">Audio en 2 v&iacute;as<\/li>\n<li style=\"margin-bottom: 5px;\">Frecuencia 2.4GHz<\/li>\n<li style=\"margin-bottom: 5px;\">Soporta memoria MicroSD de 256 GB para grabaci&oacute;n local (no incluye memoria)<\/li>\n<li style=\"margin-bottom: 5px;\">Visi&oacute;n nocturna hasta 9 metros<\/li>\n<li style=\"margin-bottom: 5px;\">Lente focal de 3.3mm<\/li>\n<\/ul><\/div>\n<p> <!-- Columna 2 - Caracter\u00edsticas F\u00edsicas y El\u00e9ctricas --> <\/p>\n<div style=\"flex: 1 1 300px; min-width: 280px;\">\n<h3 style=\"font-size: 22px; border-bottom: 2px solid currentColor; padding-bottom: 5px; margin-top: 0; color: inherit; opacity: 0.8;\">Caracter&iacute;sticas F&iacute;sicas y El&eacute;ctricas:<\/h3>\n<ul style=\"padding-left: 20px; font-size: 15px; color: inherit;\">\n<li style=\"margin-bottom: 5px;\">Entrada del adaptador 100-240V AC&comma; 50\/60 Hz<\/li>\n<li style=\"margin-bottom: 5px;\">Salida del adaptador 9.0V\/0.6A<\/li>\n<li style=\"margin-bottom: 5px;\">Bot&oacute;n de reset<\/li>\n<li style=\"margin-bottom: 5px;\">Indicador LED<\/li>\n<li style=\"margin-bottom: 5px;\">Micr&oacute;fono y altavoz integrado<\/li>\n<li style=\"margin-bottom: 5px;\">Temperatura de operaci&oacute;n: 0&deg; ~ 40&deg; C<\/li>\n<li style=\"margin-bottom: 5px;\">Dimensiones: 67.6 &times; 54.8 &times; 98.9 mm<\/li>\n<\/ul><\/div>\n<p> <!-- Columna 3 - Contenido --> <\/p>\n<div style=\"flex: 1 1 300px; min-width: 280px;\">\n<h3 style=\"font-size: 22px; border-bottom: 2px solid currentColor; padding-bottom: 5px; margin-top: 0; color: inherit; opacity: 0.8;\">Incluye Paquete:<\/h3>\n<ul style=\"padding-left: 20px; font-size: 15px; color: inherit;\">\n<li style=\"margin-bottom: 5px;\">Tapo C100<\/li>\n<li style=\"margin-bottom: 5px;\">Adaptador de corriente<\/li>\n<li style=\"margin-bottom: 5px;\">Gu&iacute;a de instalaci&oacute;n r&aacute;pida<\/li>\n<li style=\"margin-bottom: 5px;\">Tornillos de montaje<\/li>\n<li style=\"margin-bottom: 5px;\">Placa de montaje<\/li>\n<\/ul><\/div>\n<\/p><\/div>\n<p> <!-- Galer\u00eda de im\u00e1genes --> <\/p>\n<div style=\"display: grid; grid-template-columns: repeat(auto-fit&comma; minmax(280px&comma; 1fr)); gap: 20px; margin-bottom: 30px;\">\n<div style=\"text-align: center;\"><img decoding=\"async\" style=\"width: 100%; height: auto; border: 1px solid rgba(150&comma;150&comma;150&comma;0.3); border-radius: 8px; box-shadow: 0 2px 8px rgba(0&comma;0&comma;0&comma;0.05);\" src=\"https:\/\/ftp3.syscom.mx\/usuarios\/fotos\/TAPOC100\/188710-captura_de_pantalla_2020-07-01_a_la(s)_11.57.46.png\" alt=\"C&aacute;mara Tapo C100 - Vista 1\" \/><\/div>\n<div style=\"text-align: center;\"><img decoding=\"async\" style=\"width: 100%; height: auto; border: 1px solid rgba(150&comma;150&comma;150&comma;0.3); border-radius: 8px; box-shadow: 0 2px 8px rgba(0&comma;0&comma;0&comma;0.05);\" src=\"https:\/\/ftp3.syscom.mx\/usuarios\/fotos\/TAPOC100\/188710-captura_de_pantalla_2020-07-01_a_la(s)_11.57.17.png\" alt=\"C&aacute;mara Tapo C100 - Vista 2\" \/><\/div>\n<div style=\"text-align: center;\"><img decoding=\"async\" style=\"width: 100%; height: auto; border: 1px solid rgba(150&comma;150&comma;150&comma;0.3); border-radius: 8px; box-shadow: 0 2px 8px rgba(0&comma;0&comma;0&comma;0.05);\" src=\"https:\/\/ftp3.syscom.mx\/usuarios\/fotos\/TAPOC100\/188710-captura_de_pantalla_2020-07-01_a_la(s)_11.57.26.png\" alt=\"C&aacute;mara Tapo C100 - Vista 3\" \/><\/div>\n<\/p><\/div>\n<\/p><\/div>\n","protected":false},"excerpt":{"rendered":"<p>C\u00e1mara IP Wi-Fi para hogar, 3 megapixel, audio doble v\u00eda, visi\u00f3n nocturna, notificaci\u00f3n Push, acepta memoria Micro SD de para grabaci\u00f3n.<\/p>\n","protected":false},"featured_media":107701,"comment_status":"open","ping_status":"closed","template":"","meta":[],"product_brand":[],"product_cat":[121],"product_tag":[122,71,123],"class_list":{"0":"post-107702","1":"product","2":"type-product","3":"status-publish","4":"has-post-thumbnail","6":"product_cat-wifi-4g-inalambricas","7":"product_tag-camaras-ip-y-nvrs","8":"product_tag-tp-link","9":"product_tag-wifi-4g-inalambricas","11":"first","12":"outofstock","13":"sale","14":"shipping-taxable","15":"purchasable","16":"product-type-simple"},"_links":{"self":[{"href":"https:\/\/soydeaqui.ddns.net\/pachuca\/index.php\/wp-json\/wp\/v2\/product\/107702","targetHints":{"allow":["GET"]}}],"collection":[{"href":"https:\/\/soydeaqui.ddns.net\/pachuca\/index.php\/wp-json\/wp\/v2\/product"}],"about":[{"href":"https:\/\/soydeaqui.ddns.net\/pachuca\/index.php\/wp-json\/wp\/v2\/types\/product"}],"replies":[{"embeddable":true,"href":"https:\/\/soydeaqui.ddns.net\/pachuca\/index.php\/wp-json\/wp\/v2\/comments?post=107702"}],"wp:featuredmedia":[{"embeddable":true,"href":"https:\/\/soydeaqui.ddns.net\/pachuca\/index.php\/wp-json\/wp\/v2\/media\/107701"}],"wp:attachment":[{"href":"https:\/\/soydeaqui.ddns.net\/pachuca\/index.php\/wp-json\/wp\/v2\/media?parent=107702"}],"wp:term":[{"taxonomy":"product_brand","embeddable":true,"href":"https:\/\/soydeaqui.ddns.net\/pachuca\/index.php\/wp-json\/wp\/v2\/product_brand?post=107702"},{"taxonomy":"product_cat","embeddable":true,"href":"https:\/\/soydeaqui.ddns.net\/pachuca\/index.php\/wp-json\/wp\/v2\/product_cat?post=107702"},{"taxonomy":"product_tag","embeddable":true,"href":"https:\/\/soydeaqui.ddns.net\/pachuca\/index.php\/wp-json\/wp\/v2\/product_tag?post=107702"}],"curies":[{"name":"wp","href":"https:\/\/api.w.org\/{rel}","templated":true}]}}