{"id":107653,"date":"2026-03-20T17:20:08","date_gmt":"2026-03-20T17:20:08","guid":{"rendered":"https:\/\/soydeaqui.ddns.net\/pachuca\/index.php\/producto\/cable-de-extensin-cat6-rj45-f-utp-macho-a-hembra-3-metros-9-84-pies-mtodo-de-conexin-568b-velocidad-de-transmisin-1000mbps-ancho-de-banda-del-canal-250mhz-caja-de-cobre-negro\/"},"modified":"2026-03-20T17:20:23","modified_gmt":"2026-03-20T17:20:23","slug":"cable-de-extensin-cat6-rj45-f-utp-macho-a-hembra-3-metros-9-84-pies-mtodo-de-conexin-568b-velocidad-de-transmisin-1000mbps-ancho-de-banda-del-canal-250mhz-caja-de-cobre-negro","status":"publish","type":"product","link":"https:\/\/soydeaqui.ddns.net\/pachuca\/index.php\/producto\/cable-de-extensin-cat6-rj45-f-utp-macho-a-hembra-3-metros-9-84-pies-mtodo-de-conexin-568b-velocidad-de-transmisin-1000mbps-ancho-de-banda-del-canal-250mhz-caja-de-cobre-negro\/","title":{"rendered":"Cable de Extensi?n Cat6 RJ45 F\/UTP \/ Macho a Hembra \/ 3 Metros (9.84 Pies) \/ M?todo de Conexi?n 568B \/ Velocidad de Transmisi?n 1000Mbps \/ Ancho de Banda del Canal 250MHz \/ Caja de Cobre \/ Negro"},"content":{"rendered":"<div style='width: 100%; max-width: 1200px; margin: 0 auto; font-family: sans-serif; line-height: 1.6; color: inherit; background-color: transparent;'>\n<div style='margin-bottom: 30px;'> <img style='width: 100%; height: auto; border: 1px solid rgba(150&comma;150&comma;150&comma;0.3); border-radius: 8px;' src='http:\/\/ftp3.syscom.mx\/usuarios\/maguilar\/Ugreen\/11278\/11278-Banner.png' alt=''> <\/div>\n<div style='display: flex; flex-wrap: wrap; gap: 30px; margin-bottom: 30px;'>\n<div style='flex: 1 1 300px; min-width: 280px;'>\n<h3 style='font-size: 22px; border-bottom: 2px solid currentColor; padding-bottom: 5px; margin-top: 0; color: inherit; opacity: 0.8;'>Carga y Descarga de 50 MHz<\/h3>\n<p style='font-size: 15px; color: inherit; margin-top: 0; margin-bottom: 15px;'>Velocidad de hasta 550 MHz de ancho de banda&comma; esta soluci\u00f3n de extensi\u00f3n proporciona transferencia de datos de alta velocidad para aplicaciones de servidor&comma; computaci\u00f3n en la nube&comma; videovigilancia y transmisi\u00f3n de video de alta definici\u00f3n en l\u00ednea.<\/p>\n<\/p><\/div>\n<\/p><\/div>\n<div style='display: flex; flex-wrap: wrap; gap: 30px; margin-bottom: 30px;'>\n<div style='flex: 1 1 300px; min-width: 280px;'>\n<h3 style='font-size: 22px; border-bottom: 2px solid currentColor; padding-bottom: 5px; margin-top: 0; color: inherit; opacity: 0.8;'>Construcci\u00f3n Conductiva Premium para una Mejor Protecci\u00f3n y Durabilidad<\/h3>\n<p style='font-size: 15px; color: inherit; margin-top: 0; margin-bottom: 15px;'>Este cable de extensi\u00f3n Ethernet tiene un conector enchapado en oro&comma; l\u00e1mina de mylar de aluminio premium y blindaje trenzado de cobre esta\u00f1ado; 8 cables de cobre trenzado con blindaje de l\u00e1mina&comma; mejor que el cable de aluminio revestido de cobre (CCA); Cumple con el est\u00e1ndar Categor\u00eda 6 TIA\/EIA 568-C.2.<\/p>\n<\/p><\/div>\n<\/p><\/div>\n<div style='display: flex; flex-wrap: wrap; gap: 30px; margin-bottom: 30px;'>\n<div style='flex: 1 1 300px; min-width: 280px;'>\n<h3 style='font-size: 22px; border-bottom: 2px solid currentColor; padding-bottom: 5px; margin-top: 0; color: inherit; opacity: 0.8;'>Evite Da\u00f1os en el Puerto Ethernet<\/h3>\n<p style='font-size: 15px; color: inherit; margin-top: 0; margin-bottom: 15px;'>El clip protector evita que el conector RJ45 no se des-enganche mientras enruta el cable. El cable de extensi\u00f3n Ethernet evita conectarse y desconectarse constantemente del puerto de red de la computadora.<\/p>\n<\/p><\/div>\n<\/p><\/div>\n<div style='display: flex; flex-wrap: wrap; gap: 30px; margin-bottom: 30px;'>\n<div style='flex: 1 1 300px; min-width: 280px;'>\n<h3 style='font-size: 22px; border-bottom: 2px solid currentColor; padding-bottom: 5px; margin-top: 0; color: inherit; opacity: 0.8;'>Conectividad de Cable de Conexi\u00f3n<\/h3>\n<p style='font-size: 15px; color: inherit; margin-top: 0; margin-bottom: 15px;'>Se utiliza para conectar cable Ethernet UTP&comma; FTP y STP Cat 6&comma; tambi\u00e9n compatible con cable Cat 5&comma; 5e. <strong style='color: inherit;'>Nota:<\/strong> Tambi\u00e9n se puede utilizar con cable ethernet Cat 7&comma; mientras que la velocidad de transferencia ser\u00e1 la velocidad est\u00e1ndar Cat 6.<\/p>\n<\/p><\/div>\n<\/p><\/div>\n<div style='display: flex; flex-wrap: wrap; gap: 30px; margin-bottom: 30px;'>\n<div style='flex: 1 1 300px; min-width: 280px;'>\n<h3 style='font-size: 22px; border-bottom: 2px solid currentColor; padding-bottom: 5px; margin-top: 0; color: inherit; opacity: 0.8;'>Contenido del Paquete<\/h3>\n<p style='font-size: 15px; color: inherit; margin-top: 0; margin-bottom: 15px;'>1 x Cable de extensi\u00f3n Cat6 UTP Ethernet RJ45<\/p>\n<\/p><\/div>\n<\/p><\/div>\n<div style='display: flex; flex-wrap: wrap; gap: 30px; margin-bottom: 30px;'>\n<div style='flex: 1 1 300px; min-width: 280px;'>\n<h3 style='font-size: 22px; border-bottom: 2px solid currentColor; padding-bottom: 5px; margin-top: 0; color: inherit; opacity: 0.8;'>Especificaciones<\/h3>\n<ul style='padding-left: 20px; font-size: 15px; color: inherit; margin-top: 0; margin-bottom: 15px;'>\n<li style='margin-bottom: 5px;'><strong style='color: inherit;'>Velocidad de red:<\/strong> Hasta 1 Gbps<\/li>\n<li style='margin-bottom: 5px;'><strong style='color: inherit;'>Ancho de banda:<\/strong> 550MHz<\/li>\n<li style='margin-bottom: 5px;'><strong style='color: inherit;'>Calibre del cable:<\/strong> 26 AWG<\/li>\n<\/ul><\/div>\n<\/p><\/div>\n<div style='display: flex; flex-wrap: wrap; gap: 30px; margin-bottom: 30px;'>\n<div style='flex: 1 1 300px; min-width: 280px;'>\n<h4 style='font-size: 20px; border-bottom: 2px solid currentColor; padding-bottom: 5px; margin-top: 0; color: inherit; opacity: 0.8;'>1 A\u00f1o de Garant\u00eda<\/h4>\n<\/p><\/div>\n<\/p><\/div>\n<div style='margin-bottom: 30px;'> <img style='width: 100%; height: auto; border: 1px solid rgba(150&comma;150&comma;150&comma;0.3); border-radius: 8px;' src='http:\/\/ftp3.syscom.mx\/usuarios\/maguilar\/Ugreen\/11278\/11278-Banner2.png' alt=''> <\/div>\n<\/p><\/div>\n","protected":false},"excerpt":{"rendered":"<p>Cable de Extensi?n Cat6 RJ45 F\/UTP \/ Macho a Hembra \/ 3 Metros (9.84 Pies) \/ M?todo de Conexi?n 568B \/ Velocidad de Transmisi?n 1000Mbps \/ Ancho de Banda del Canal 250MHz \/ Caja de Cobre \/ Negro<\/p>\n","protected":false},"featured_media":107652,"comment_status":"open","ping_status":"closed","template":"","meta":[],"product_brand":[],"product_cat":[576],"product_tag":[488,577,650],"class_list":{"0":"post-107653","1":"product","2":"type-product","3":"status-publish","4":"has-post-thumbnail","6":"product_cat-categoria-6","7":"product_tag-cables-y-conectores","8":"product_tag-categoria-6","9":"product_tag-ugreen","11":"first","12":"instock","13":"sale","14":"shipping-taxable","15":"purchasable","16":"product-type-simple"},"_links":{"self":[{"href":"https:\/\/soydeaqui.ddns.net\/pachuca\/index.php\/wp-json\/wp\/v2\/product\/107653","targetHints":{"allow":["GET"]}}],"collection":[{"href":"https:\/\/soydeaqui.ddns.net\/pachuca\/index.php\/wp-json\/wp\/v2\/product"}],"about":[{"href":"https:\/\/soydeaqui.ddns.net\/pachuca\/index.php\/wp-json\/wp\/v2\/types\/product"}],"replies":[{"embeddable":true,"href":"https:\/\/soydeaqui.ddns.net\/pachuca\/index.php\/wp-json\/wp\/v2\/comments?post=107653"}],"wp:featuredmedia":[{"embeddable":true,"href":"https:\/\/soydeaqui.ddns.net\/pachuca\/index.php\/wp-json\/wp\/v2\/media\/107652"}],"wp:attachment":[{"href":"https:\/\/soydeaqui.ddns.net\/pachuca\/index.php\/wp-json\/wp\/v2\/media?parent=107653"}],"wp:term":[{"taxonomy":"product_brand","embeddable":true,"href":"https:\/\/soydeaqui.ddns.net\/pachuca\/index.php\/wp-json\/wp\/v2\/product_brand?post=107653"},{"taxonomy":"product_cat","embeddable":true,"href":"https:\/\/soydeaqui.ddns.net\/pachuca\/index.php\/wp-json\/wp\/v2\/product_cat?post=107653"},{"taxonomy":"product_tag","embeddable":true,"href":"https:\/\/soydeaqui.ddns.net\/pachuca\/index.php\/wp-json\/wp\/v2\/product_tag?post=107653"}],"curies":[{"name":"wp","href":"https:\/\/api.w.org\/{rel}","templated":true}]}}