{"id":107631,"date":"2026-03-20T17:19:03","date_gmt":"2026-03-20T17:19:03","guid":{"rendered":"https:\/\/soydeaqui.ddns.net\/pachuca\/index.php\/producto\/pistola-de-soplado-de-alta-potencia-de-40-vmax\/"},"modified":"2026-03-20T17:19:17","modified_gmt":"2026-03-20T17:19:17","slug":"pistola-de-soplado-de-alta-potencia-de-40-vmax","status":"publish","type":"product","link":"https:\/\/soydeaqui.ddns.net\/pachuca\/index.php\/producto\/pistola-de-soplado-de-alta-potencia-de-40-vmax\/","title":{"rendered":"Pistola de Soplado de Alta Potencia de 40 VM\u00e1x,"},"content":{"rendered":"<div style='width: 100%; max-width: 1200px; margin: 0 auto; font-family: sans-serif; line-height: 1.6; color: inherit; background-color: transparent;'>\n<div style='display: flex; flex-direction: column; align-items: center; margin-bottom: 30px;'> <img style='width: 100%; max-width: 500px; height: auto; border: 1px solid rgba(150&comma;150&comma;150&comma;0.3); border-radius: 8px;' src='https:\/\/ftp3.syscom.mx\/usuarios\/nortega\/makita\/imagenes\/makita.png' alt=''> <\/div>\n<div style='display: flex; flex-wrap: wrap; gap: 30px; margin-bottom: 30px;'>\n<div style='flex: 1 1 300px; min-width: 280px;'>\n<h3 style='font-size: 22px; border-bottom: 2px solid currentColor; padding-bottom: 5px; margin-top: 0; color: inherit; opacity: 0.8;'>Caracter\u00edsticas<\/h3>\n<ul style='padding-left: 20px; font-size: 15px; color: inherit;'>\n<li style='margin-bottom: 5px;'>Pistola de soplado a bater\u00eda 40Vmax XGT motor BL.<\/li>\n<li style='margin-bottom: 5px;'>Variedad de 5 boquillas de punta&comma; que satisfacen una amplia gama de aplicaciones tanto para el profesional como para uso dom\u00e9stico; trabajos de soplado&comma; limpieza&comma; inflado y desinflado de juguetes inflables y m\u00e1s.<\/li>\n<li style='margin-bottom: 5px;'>Tambi\u00e9n puede utilizarse para desinflar c\u00e1maras de aire y otros con la manguera de ventilaci\u00f3n de aire (opcional) conectada a la parte superior de la m\u00e1quina.<\/li>\n<li style='margin-bottom: 5px; font-weight: bold;'>Principales aplicaciones:<\/li>\n<li style='margin-bottom: 5px;'>Trabajos de soplado.<\/li>\n<li style='margin-bottom: 5px;'>Inflado y desinflado de c\u00e1maras de aire y piscinas hinchables.<\/li>\n<li style='margin-bottom: 5px;'>Retirar el polvo de herramientas u otros objetos.<\/li>\n<li style='margin-bottom: 5px;'>Mantenimiento y limpieza de otras herramientas.<\/li>\n<li style='margin-bottom: 5px;'>Limpieza de filtros de aires acondicionados.<\/li>\n<li style='margin-bottom: 5px;'>Eliminaci\u00f3n de polvo del hormig\u00f3n generado al perforar.<\/li>\n<li style='margin-bottom: 5px;'>Con luz LED con funciones de preluminiscencia y postluminiscencia.<\/li>\n<li style='margin-bottom: 5px;'>Con control de velocidad variable por gatillo.<\/li>\n<li style='margin-bottom: 5px;'>Volumen de aire en 4 etapas seleccionables seg\u00fan la aplicaci\u00f3n.<\/li>\n<li style='margin-bottom: 5px;'>Cuenta con un filtro para evitar la aspiraci\u00f3n de cuerpos extra\u00f1os o da\u00f1inos para la herramienta.<\/li>\n<li style='margin-bottom: 5px;'>Con interruptor de bloqueo.<\/li>\n<\/ul><\/div>\n<\/p><\/div>\n<div style='display: flex; flex-wrap: wrap; gap: 20px; margin-bottom: 30px;'>\n<div style='flex: 1 1 250px; border: 1px solid rgba(150&comma; 150&comma; 150&comma; 0.4); border-radius: 8px; overflow: hidden; display: flex; flex-direction: column;'>\n<div style='padding: 15px; border-bottom: 1px solid rgba(150&comma; 150&comma; 150&comma; 0.2); font-weight: bold; font-size: 18px; color: inherit;'>Especificaciones<\/div>\n<div style='padding: 15px; color: inherit;'>\n<ul style='padding-left: 20px; margin: 0; font-size: 14px; list-style-type: disc;'>\n<li style='margin-bottom: 5px;'><strong>Tensi\u00f3n de la bater\u00eda:<\/strong> 40Vm\u00e1x<\/li>\n<li style='margin-bottom: 5px;'><strong>Tipo de bater\u00eda:<\/strong> XGT<\/li>\n<li style='margin-bottom: 5px;'><strong>Motor:<\/strong> BL<\/li>\n<li style='margin-bottom: 5px;'><strong>Velocidad del aire:<\/strong> 200 m\/seg<\/li>\n<li style='margin-bottom: 5px;'><strong>Peso seg\u00fan EPTA:<\/strong> 2.3 Kg<\/li>\n<li style='margin-bottom: 5px;'><strong>Dimensiones. LxAnxAl:<\/strong> 180 x 94 x 300 mm<\/li>\n<li style='margin-bottom: 5px;'><strong>Volumen de aire:<\/strong> 1&comma;1 m\u00b3\/min<\/li>\n<li style='margin-bottom: 5px;'><strong>Fuerza de soplado:<\/strong> 2&comma;8 N<\/li>\n<\/ul><\/div>\n<\/p><\/div>\n<\/p><\/div>\n<div style='display: flex; flex-wrap: wrap; gap: 30px; margin-bottom: 30px;'>\n<div style='flex: 1 1 300px; min-width: 280px;'>\n<h3 style='font-size: 22px; border-bottom: 2px solid currentColor; padding-bottom: 5px; margin-top: 0; color: inherit; opacity: 0.8;'>Incluye<\/h3>\n<ul style='padding-left: 20px; font-size: 15px; color: inherit;'>\n<li style='margin-bottom: 5px;'>5 boquillas diferentes para cada aplicaci\u00f3n. Sin bater\u00eda ni cargador en equipo b\u00e1sico.<\/li>\n<\/ul><\/div>\n<\/p><\/div>\n<div style='display: flex; flex-wrap: wrap; gap: 30px; margin-bottom: 30px;'>\n<div style='flex: 1 1 300px; min-width: 280px;'>\n<h3 style='font-size: 22px; border-bottom: 2px solid currentColor; padding-bottom: 5px; margin-top: 0; color: inherit; opacity: 0.8;'>Utiliza<\/h3>\n<ul style='padding-left: 20px; font-size: 15px; color: inherit;'>\n<li style='margin-bottom: 5px;'>Bater\u00eda <a style='color: inherit; text-decoration: underline;' href='https:\/\/www.syscom.mx\/principal\/searchcont?route=191L290-MAKITA-215994&#038;autodetect=bateria_40v'>191L290<\/a><\/li>\n<li style='margin-bottom: 5px;'>Cargador <a style='color: inherit; text-decoration: underline;' href='https:\/\/www.syscom.mx\/principal\/searchcont?route=DC40RA-MAKITA-234594&#038;autodetect=bateria_40v'>DC40RA<\/a><\/li>\n<\/ul>\n<p style='font-size: 14px; color: inherit; margin-top: 10px; opacity: 0.8;'>*No incluidos<\/p>\n<\/p><\/div>\n<\/p><\/div>\n<div style='position: relative; padding-bottom: 56.25%; height: 0; overflow: hidden; margin-bottom: 30px;'>   <\/div>\n<\/p><\/div>\n","protected":false},"excerpt":{"rendered":"<p>Pistola de Soplado de Alta Potencia de 40 VM\u00e1x,<\/p>\n","protected":false},"featured_media":107630,"comment_status":"open","ping_status":"closed","template":"","meta":[],"product_brand":[],"product_cat":[392],"product_tag":[25,131,252],"class_list":{"0":"post-107631","1":"product","2":"type-product","3":"status-publish","4":"has-post-thumbnail","6":"product_cat-herramientas-electricas-herramientas-deteccion-de-fuego","7":"product_tag-herramientas","8":"product_tag-herramientas-electricas","9":"product_tag-makita","11":"first","12":"outofstock","13":"sale","14":"shipping-taxable","15":"purchasable","16":"product-type-simple"},"_links":{"self":[{"href":"https:\/\/soydeaqui.ddns.net\/pachuca\/index.php\/wp-json\/wp\/v2\/product\/107631","targetHints":{"allow":["GET"]}}],"collection":[{"href":"https:\/\/soydeaqui.ddns.net\/pachuca\/index.php\/wp-json\/wp\/v2\/product"}],"about":[{"href":"https:\/\/soydeaqui.ddns.net\/pachuca\/index.php\/wp-json\/wp\/v2\/types\/product"}],"replies":[{"embeddable":true,"href":"https:\/\/soydeaqui.ddns.net\/pachuca\/index.php\/wp-json\/wp\/v2\/comments?post=107631"}],"wp:featuredmedia":[{"embeddable":true,"href":"https:\/\/soydeaqui.ddns.net\/pachuca\/index.php\/wp-json\/wp\/v2\/media\/107630"}],"wp:attachment":[{"href":"https:\/\/soydeaqui.ddns.net\/pachuca\/index.php\/wp-json\/wp\/v2\/media?parent=107631"}],"wp:term":[{"taxonomy":"product_brand","embeddable":true,"href":"https:\/\/soydeaqui.ddns.net\/pachuca\/index.php\/wp-json\/wp\/v2\/product_brand?post=107631"},{"taxonomy":"product_cat","embeddable":true,"href":"https:\/\/soydeaqui.ddns.net\/pachuca\/index.php\/wp-json\/wp\/v2\/product_cat?post=107631"},{"taxonomy":"product_tag","embeddable":true,"href":"https:\/\/soydeaqui.ddns.net\/pachuca\/index.php\/wp-json\/wp\/v2\/product_tag?post=107631"}],"curies":[{"name":"wp","href":"https:\/\/api.w.org\/{rel}","templated":true}]}}