{"id":107622,"date":"2026-03-20T17:18:34","date_gmt":"2026-03-20T17:18:34","guid":{"rendered":"https:\/\/soydeaqui.ddns.net\/pachuca\/index.php\/producto\/cable-de-extension-activo-usb-3-0-con-puerto-de-alimentacion-micro-usb-5-metros-usb-3-0-a-5gbps-no-requiere-controlador-ideal-para-impresoras-consolas-webcam-etc\/"},"modified":"2026-03-20T17:18:49","modified_gmt":"2026-03-20T17:18:49","slug":"cable-de-extension-activo-usb-3-0-con-puerto-de-alimentacion-micro-usb-5-metros-usb-3-0-a-5gbps-no-requiere-controlador-ideal-para-impresoras-consolas-webcam-etc","status":"publish","type":"product","link":"https:\/\/soydeaqui.ddns.net\/pachuca\/index.php\/producto\/cable-de-extension-activo-usb-3-0-con-puerto-de-alimentacion-micro-usb-5-metros-usb-3-0-a-5gbps-no-requiere-controlador-ideal-para-impresoras-consolas-webcam-etc\/","title":{"rendered":"Cable de Extensi\u00f3n Activo USB 3.0 con puerto de alimentaci\u00f3n Micro USB \/ 5 Metros \/ USB 3.0 a 5Gbps \/ No requiere controlador \/ Ideal para impresoras, consolas , Webcam, etc."},"content":{"rendered":"<div style='width: 100%; max-width: 1200px; margin: 0 auto; font-family: sans-serif; line-height: 1.6; color: inherit; background-color: transparent;'>\n<div style='width: 100%; margin-bottom: 30px;'> <img style='width: 100%; height: auto; border: 1px solid rgba(150&comma;150&comma;150&comma;0.3); border-radius: 8px;' src='http:\/\/ftp3.syscom.mx\/usuarios\/maguilar\/Ugreen\/20827\/20827-Banner.png' alt=''> <\/div>\n<div style='display: flex; flex-wrap: wrap; gap: 30px; margin-bottom: 30px;'>\n<div style='flex: 1 1 300px; min-width: 280px;'>\n<h3 style='font-size: 22px; border-bottom: 2px solid currentColor; padding-bottom: 5px; margin-top: 0; color: inherit; opacity: 0.8;'>Descripci\u00f3n<\/h3>\n<p style='font-size: 15px; color: inherit;'>El cable de extensi\u00f3n de refuerzo repetidor activo USB 3.0 de Ugreen le permite conectar f\u00e1cilmente controladores de consola de juegos&comma; c\u00e1maras digitales&comma; altavoces&comma; esc\u00e1neres&comma; concentradores USB&comma; mouse&comma; teclados&comma; impresoras&comma; discos duros&comma; unidades flash y m\u00e1s desde el otro lado de la habitaci\u00f3n. Es compatible con la versi\u00f3n USB de Xbox 360 Kinect y con la c\u00e1mara Eye de PlayStation 3.<\/p>\n<\/p><\/div>\n<\/p><\/div>\n<div style='display: flex; flex-wrap: wrap; gap: 30px; margin-bottom: 30px;'>\n<div style='flex: 1 1 300px; min-width: 280px;'>\n<h3 style='font-size: 22px; border-bottom: 2px solid currentColor; padding-bottom: 5px; margin-top: 0; color: inherit; opacity: 0.8;'>Super Velocidad<\/h3>\n<ul style='padding-left: 20px; font-size: 15px; color: inherit;'>\n<li style='margin-bottom: 5px;'>Cumple con USB 3.0&comma; admite supervelocidad de hasta 5 Gbps.<\/li>\n<li style='margin-bottom: 5px;'>Conjunto de chips de refuerzo de se\u00f1al incorporado para garantizar una p\u00e9rdida de se\u00f1al m\u00ednima.<\/li>\n<li style='margin-bottom: 5px;'>Compatible con versiones anteriores con USB 2.0\/1.1.<\/li>\n<\/ul><\/div>\n<\/p><\/div>\n<div style='display: flex; flex-wrap: wrap; gap: 30px; margin-bottom: 30px;'>\n<div style='flex: 1 1 300px; min-width: 280px;'>\n<h3 style='font-size: 22px; border-bottom: 2px solid currentColor; padding-bottom: 5px; margin-top: 0; color: inherit; opacity: 0.8;'>Durabilidad Inigualable<\/h3>\n<p style='font-size: 15px; color: inherit;'>Los conductores de cobre desnudo resistentes a la corrosi\u00f3n&comma; el conector chapado en oro y el blindaje de l\u00e1mina y trenza proporcionan la m\u00e1xima conductividad y minimizan la p\u00e9rdida de datos.<\/p>\n<\/p><\/div>\n<\/p><\/div>\n<div style='display: flex; flex-wrap: wrap; gap: 30px; margin-bottom: 30px;'>\n<div style='flex: 1 1 300px; min-width: 280px;'>\n<h3 style='font-size: 22px; border-bottom: 2px solid currentColor; padding-bottom: 5px; margin-top: 0; color: inherit; opacity: 0.8;'>Compatibilidad Universal<\/h3>\n<ul style='padding-left: 20px; font-size: 15px; color: inherit;'>\n<li style='margin-bottom: 5px;'>Trabaja con cualquier accesorio habilitado para USB&comma; como discos duros&comma; unidades flash&comma; xBox 360&comma; PS3&comma; PS4&comma; teclado&comma; mouse&comma; impresora&comma; lector de tarjetas&comma; c\u00e1mara&comma; etc.<\/li>\n<li style='margin-bottom: 5px;'>Compatible con Windows&comma; Mac OS&comma; Linux&comma; Chrome OS&comma; etc.<\/li>\n<\/ul><\/div>\n<\/p><\/div>\n<div style='display: flex; flex-wrap: wrap; gap: 30px; margin-bottom: 30px;'>\n<div style='flex: 1 1 300px; min-width: 280px;'>\n<h3 style='font-size: 22px; border-bottom: 2px solid currentColor; padding-bottom: 5px; margin-top: 0; color: inherit; opacity: 0.8;'>Operaci\u00f3n sin Problemas<\/h3>\n<ul style='padding-left: 20px; font-size: 15px; color: inherit;'>\n<li style='margin-bottom: 5px;'>Plug &#038; Play&comma; no requiere instalaci\u00f3n de controladores.<\/li>\n<li style='margin-bottom: 5px;'>Cuando se conecta a un dispositivo que consume mucha energ\u00eda&comma; solo necesita un cable micro USB normal para ofrecer una fuente de alimentaci\u00f3n adicional.<\/li>\n<\/ul>\n<p style='font-size: 15px; color: inherit; margin-top: 15px;'><strong>Nota:<\/strong> este producto NO se puede usar para cargar dispositivos.<\/p>\n<\/p><\/div>\n<\/p><\/div>\n<div style='display: flex; flex-wrap: wrap; gap: 30px; margin-bottom: 30px;'>\n<div style='flex: 1 1 300px; min-width: 280px;'>\n<h3 style='font-size: 22px; border-bottom: 2px solid currentColor; padding-bottom: 5px; margin-top: 0; color: inherit; opacity: 0.8;'>Contenido del Paquete<\/h3>\n<p style='font-size: 15px; color: inherit;'>1 x Cable de extensi\u00f3n USB 3.0 con repetidor<\/p>\n<\/p><\/div>\n<\/p><\/div>\n<div style='display: flex; flex-wrap: wrap; gap: 30px; margin-bottom: 30px;'>\n<div style='flex: 1 1 300px; min-width: 280px;'>\n<h3 style='font-size: 22px; border-bottom: 2px solid currentColor; padding-bottom: 5px; margin-top: 0; color: inherit; opacity: 0.8;'>Especificaciones<\/h3>\n<ul style='padding-left: 20px; font-size: 15px; color: inherit;'>\n<li style='margin-bottom: 5px;'><strong>Longitud Cable:<\/strong> 5m<\/li>\n<li style='margin-bottom: 5px;'><strong>Tipo USB:<\/strong> 3.0 \/ 2.0 \/ 1.1<\/li>\n<\/ul><\/div>\n<\/p><\/div>\n<div style='display: flex; flex-wrap: wrap; gap: 30px; margin-bottom: 30px;'>\n<div style='flex: 1 1 300px; min-width: 280px;'>\n<h3 style='font-size: 22px; border-bottom: 2px solid currentColor; padding-bottom: 5px; margin-top: 0; color: inherit; opacity: 0.8;'>Garant\u00eda<\/h3>\n<p style='font-size: 15px; color: inherit;'>1 A\u00f1o de Garant\u00eda<\/p>\n<\/p><\/div>\n<\/p><\/div>\n<div style='width: 100%; margin-bottom: 30px;'> <img style='width: 100%; height: auto; border: 1px solid rgba(150&comma;150&comma;150&comma;0.3); border-radius: 8px;' src='http:\/\/ftp3.syscom.mx\/usuarios\/maguilar\/Ugreen\/20827\/20827-Banner2.png' alt=''> <\/div>\n<\/p><\/div>\n","protected":false},"excerpt":{"rendered":"<p>Cable de Extensi\u00f3n Activo USB 3.0 con puerto de alimentaci\u00f3n Micro USB \/ 5 Metros \/ USB 3.0 a 5Gbps \/ No requiere controlador \/ Ideal para impresoras, consolas , Webcam, etc.<\/p>\n","protected":false},"featured_media":107621,"comment_status":"open","ping_status":"closed","template":"","meta":[],"product_brand":[],"product_cat":[1235],"product_tag":[417,1236,650],"class_list":{"0":"post-107622","1":"product","2":"type-product","3":"status-publish","4":"has-post-thumbnail","6":"product_cat-accesorios-para-computadora-y-smartphones","7":"product_tag-accesorios-generales","8":"product_tag-accesorios-para-computadora-y-smartphones","9":"product_tag-ugreen","11":"first","12":"instock","13":"sale","14":"shipping-taxable","15":"purchasable","16":"product-type-simple"},"_links":{"self":[{"href":"https:\/\/soydeaqui.ddns.net\/pachuca\/index.php\/wp-json\/wp\/v2\/product\/107622","targetHints":{"allow":["GET"]}}],"collection":[{"href":"https:\/\/soydeaqui.ddns.net\/pachuca\/index.php\/wp-json\/wp\/v2\/product"}],"about":[{"href":"https:\/\/soydeaqui.ddns.net\/pachuca\/index.php\/wp-json\/wp\/v2\/types\/product"}],"replies":[{"embeddable":true,"href":"https:\/\/soydeaqui.ddns.net\/pachuca\/index.php\/wp-json\/wp\/v2\/comments?post=107622"}],"wp:featuredmedia":[{"embeddable":true,"href":"https:\/\/soydeaqui.ddns.net\/pachuca\/index.php\/wp-json\/wp\/v2\/media\/107621"}],"wp:attachment":[{"href":"https:\/\/soydeaqui.ddns.net\/pachuca\/index.php\/wp-json\/wp\/v2\/media?parent=107622"}],"wp:term":[{"taxonomy":"product_brand","embeddable":true,"href":"https:\/\/soydeaqui.ddns.net\/pachuca\/index.php\/wp-json\/wp\/v2\/product_brand?post=107622"},{"taxonomy":"product_cat","embeddable":true,"href":"https:\/\/soydeaqui.ddns.net\/pachuca\/index.php\/wp-json\/wp\/v2\/product_cat?post=107622"},{"taxonomy":"product_tag","embeddable":true,"href":"https:\/\/soydeaqui.ddns.net\/pachuca\/index.php\/wp-json\/wp\/v2\/product_tag?post=107622"}],"curies":[{"name":"wp","href":"https:\/\/api.w.org\/{rel}","templated":true}]}}