{"id":107617,"date":"2026-03-20T17:18:17","date_gmt":"2026-03-20T17:18:17","guid":{"rendered":"https:\/\/soydeaqui.ddns.net\/pachuca\/index.php\/producto\/switch-industrial-poe-y-pasivo-de-24v-no-administrable-con-4-puertos-gigabit-2-sfp-presupuesto-max-180-w-watchdog\/"},"modified":"2026-03-20T17:18:30","modified_gmt":"2026-03-20T17:18:30","slug":"switch-industrial-poe-y-pasivo-de-24v-no-administrable-con-4-puertos-gigabit-2-sfp-presupuesto-max-180-w-watchdog","status":"publish","type":"product","link":"https:\/\/soydeaqui.ddns.net\/pachuca\/index.php\/producto\/switch-industrial-poe-y-pasivo-de-24v-no-administrable-con-4-puertos-gigabit-2-sfp-presupuesto-max-180-w-watchdog\/","title":{"rendered":"Switch Industrial PoE++ y pasivo de 24V \/ No administrable con 4 puertos Gigabit + 2 SFP \/ Presupuesto m\u00e1x 180 W \/ Watchdog"},"content":{"rendered":"<div style='width: 100%; max-width: 1200px; margin: 0 auto; font-family: sans-serif; line-height: 1.6; color: inherit; background-color: transparent;'> <!-- Imagen principal --> <\/p>\n<div style='margin-bottom: 30px;'> <img style='width: 100%; height: auto; border: 1px solid rgba(150&comma;150&comma;150&comma;0.3); border-radius: 8px;' src='https:\/\/ftp3.syscom.mx\/usuarios\/fotos\/WIPS310GFIV2\/193442-20220711160530_75248_copia.jpg' alt=''> <\/div>\n<p> <!-- Secci\u00f3n temperaturas hostiles --> <\/p>\n<div style='margin-bottom: 30px;'>\n<h2 style='font-size: 24px; margin-top: 0; margin-bottom: 15px; color: inherit; opacity: 0.9;'>Soporta Temperaturas Hostiles<\/h2>\n<p style='font-size: 18px; color: inherit; opacity: 0.8; margin-bottom: 20px;'> <em><strong>La imagen es una representaci\u00f3n de un switch de 8 puertos PoE&comma; <\/strong>se tom\u00f3 como referencia&comma; para indicar la capacidad de soportar temperaturas hostiles&comma; junto con su entrada para energ\u00eda redundante<\/em> <\/p>\n<p> <img style='width: 100%; height: auto; border: 1px solid rgba(150&comma;150&comma;150&comma;0.3); border-radius: 8px;' src='https:\/\/ftp3.syscom.mx\/usuarios\/fotos\/WIPS306GFI\/208431-20220711174520_36238.jpeg' alt=''> <\/div>\n<p> <!-- Secci\u00f3n Smart PoE Watchdog --> <\/p>\n<div style='margin-bottom: 30px;'>\n<h2 style='font-size: 24px; margin-top: 0; margin-bottom: 15px; color: inherit; opacity: 0.9;'>Funci\u00f3n Smart PoE Watchdog en un Switch no Administrable<\/h2>\n<p style='font-size: 18px; color: inherit; opacity: 0.8; margin-bottom: 20px;'> Plug and play&comma; sin configuraci\u00f3n. Detecta autom\u00e1ticamente y reinicia la c\u00e1mara IP&comma; esto si se pierde conectividad con la c\u00e1mara. <\/p>\n<p> <img style='width: 100%; height: auto; border: 1px solid rgba(150&comma;150&comma;150&comma;0.3); border-radius: 8px;' src='https:\/\/ftp3.syscom.mx\/usuarios\/fotos\/WIPS205\/170793-20220413175705_29308_copia.jpg' alt=''> <\/div>\n<p> <!-- Separador --> <\/p>\n<hr style='border: 0; border-top: 1px solid rgba(150&comma; 150&comma; 150&comma; 0.3); margin: 30px 0;'> <!-- Especificaciones --> <\/p>\n<div style='margin-bottom: 30px;'>\n<h3 style='font-size: 22px; border-bottom: 2px solid currentColor; padding-bottom: 5px; margin-top: 0; color: inherit; opacity: 0.8;'>Especificaciones<\/h3>\n<div style='display: flex; flex-wrap: wrap; gap: 20px;'>\n<div style='flex: 1 1 250px; border: 1px solid rgba(150&comma; 150&comma; 150&comma; 0.4); border-radius: 8px; overflow: hidden;'>\n<div style='padding: 15px; border-bottom: 1px solid rgba(150&comma; 150&comma; 150&comma; 0.2); font-weight: bold; font-size: 18px; color: inherit;'>Caracter\u00edsticas F\u00edsicas<\/div>\n<div style='padding: 15px; color: inherit;'>\n<ul style='padding-left: 20px; margin: 0; font-size: 14px; list-style-type: disc;'>\n<li style='margin-bottom: 5px;'><strong>Dimensiones:<\/strong> 167 x 125 x 42 mm<\/li>\n<li style='margin-bottom: 5px;'><strong>Montaje:<\/strong> Pared \/ Riel DIN<\/li>\n<li style='margin-bottom: 5px;'><strong>Nivel de protecci\u00f3n:<\/strong> Lightning protection 6KV<br \/>6KV ESD Contact discharge<\/li>\n<li style='margin-bottom: 5px;'><strong>Temperatura de operaci\u00f3n:<\/strong> -40 a 80\u00b0 C<\/li>\n<li style='margin-bottom: 5px;'><strong>Certificaciones:<\/strong> CE&comma; FCC<\/li>\n<\/ul><\/div>\n<\/p><\/div>\n<div style='flex: 1 1 250px; border: 1px solid rgba(150&comma; 150&comma; 150&comma; 0.4); border-radius: 8px; overflow: hidden;'>\n<div style='padding: 15px; border-bottom: 1px solid rgba(150&comma; 150&comma; 150&comma; 0.2); font-weight: bold; font-size: 18px; color: inherit;'>Especificaciones T\u00e9cnicas<\/div>\n<div style='padding: 15px; color: inherit;'>\n<ul style='padding-left: 20px; margin: 0; font-size: 14px; list-style-type: disc;'>\n<li style='margin-bottom: 5px;'><strong>Interfaces de Red:<\/strong> (4) 10\/100\/1000 Mbps<br \/>(2) SFP Gigabit<\/li>\n<li style='margin-bottom: 5px;'><strong>Bandwidth:<\/strong> 12 Gbps<\/li>\n<li style='margin-bottom: 5px;'><strong>Mac Address Table:<\/strong> 2K<\/li>\n<li style='margin-bottom: 5px;'><strong>Packet Forwarding Rate:<\/strong> 8.93 Mpps<\/li>\n<li style='margin-bottom: 5px;'><strong>M\u00e9todo de Transmisi\u00f3n:<\/strong> Store-And-Forward<\/li>\n<\/ul><\/div>\n<\/p><\/div>\n<div style='flex: 1 1 250px; border: 1px solid rgba(150&comma; 150&comma; 150&comma; 0.4); border-radius: 8px; overflow: hidden;'>\n<div style='padding: 15px; border-bottom: 1px solid rgba(150&comma; 150&comma; 150&comma; 0.2); font-weight: bold; font-size: 18px; color: inherit;'>Alimentaci\u00f3n y PoE<\/div>\n<div style='padding: 15px; color: inherit;'>\n<ul style='padding-left: 20px; margin: 0; font-size: 14px; list-style-type: disc;'>\n<li style='margin-bottom: 5px;'><strong>Presupuesto PoE:<\/strong> 180W<\/li>\n<li style='margin-bottom: 5px;'><strong>Puertos PoE (RJ45):<\/strong><br \/>Puertos: 1-2 PoE 24V pasivo \/ 802.3 af\/at 30W<br \/>Puertos: 3-4 PoE 802.3 af\/at\/bt 60W<\/li>\n<li style='margin-bottom: 5px;'><strong>Alimentaci\u00f3n:<\/strong><br \/>Con PoE:<br \/>V1 (principal): 37-57 Vcc<br \/>V2 (respaldo): 37-57 Vcc<br \/>Sin PoE:<br \/>V1 (principal): 12-36 Vcc<br \/>V2 (respaldo): 12-36 Vcc<\/li>\n<\/ul><\/div>\n<\/p><\/div>\n<div style='flex: 1 1 250px; border: 1px solid rgba(150&comma; 150&comma; 150&comma; 0.4); border-radius: 8px; overflow: hidden;'>\n<div style='padding: 15px; border-bottom: 1px solid rgba(150&comma; 150&comma; 150&comma; 0.2); font-weight: bold; font-size: 18px; color: inherit;'>Contenido del Paquete<\/div>\n<div style='padding: 15px; color: inherit;'>\n<ul style='padding-left: 20px; margin: 0; font-size: 14px; list-style-type: disc;'>\n<li style='margin-bottom: 5px;'>Switch PoE<\/li>\n<li style='margin-bottom: 5px;'>Cable de alimentaci\u00f3n<\/li>\n<li style='margin-bottom: 5px;'>Kit de Montaje en Rack<\/li>\n<li style='margin-bottom: 5px;'>Gu\u00eda de Usuario\/Garant\u00eda<\/li>\n<\/ul><\/div>\n<\/p><\/div>\n<\/p><\/div>\n<\/p><\/div>\n<p> <!-- Separador --> <\/p>\n<hr style='border: 0; border-top: 1px solid rgba(150&comma; 150&comma; 150&comma; 0.3); margin: 30px 0;'> <!-- Tipos de PoE --> <\/p>\n<div style='margin-bottom: 30px;'>\n<h3 style='font-size: 22px; border-bottom: 2px solid currentColor; padding-bottom: 5px; margin-top: 0; color: inherit; opacity: 0.8;'>Tipos de PoE<\/h3>\n<p style='font-size: 14px; color: inherit; margin-bottom: 5px;'><strong>802.3 af\/at:<\/strong> End-span<\/p>\n<p style='font-size: 14px; color: inherit; margin-bottom: 5px;'><strong>24 V pasivo:<\/strong> Mid-span<\/p>\n<p style='font-size: 14px; color: inherit; margin-bottom: 5px;'><strong>802.3 af\/at\/bt:<\/strong> Mid-span y End-span<\/p>\n<\/p><\/div>\n<\/p><\/div>\n","protected":false},"excerpt":{"rendered":"<p>Switch Industrial PoE++ y pasivo de 24V \/ No administrable con 4 puertos Gigabit + 2 SFP \/ Presupuesto m\u00e1x 180 W \/ Watchdog<\/p>\n","protected":false},"featured_media":107616,"comment_status":"open","ping_status":"closed","template":"","meta":[],"product_brand":[],"product_cat":[1986],"product_tag":[664,1987,1262],"class_list":{"0":"post-107617","1":"product","2":"type-product","3":"status-publish","4":"has-post-thumbnail","6":"product_cat-switches-poe","7":"product_tag-networking","8":"product_tag-switches-poe","9":"product_tag-wi-tek","11":"first","12":"outofstock","13":"sale","14":"shipping-taxable","15":"purchasable","16":"product-type-simple"},"_links":{"self":[{"href":"https:\/\/soydeaqui.ddns.net\/pachuca\/index.php\/wp-json\/wp\/v2\/product\/107617","targetHints":{"allow":["GET"]}}],"collection":[{"href":"https:\/\/soydeaqui.ddns.net\/pachuca\/index.php\/wp-json\/wp\/v2\/product"}],"about":[{"href":"https:\/\/soydeaqui.ddns.net\/pachuca\/index.php\/wp-json\/wp\/v2\/types\/product"}],"replies":[{"embeddable":true,"href":"https:\/\/soydeaqui.ddns.net\/pachuca\/index.php\/wp-json\/wp\/v2\/comments?post=107617"}],"wp:featuredmedia":[{"embeddable":true,"href":"https:\/\/soydeaqui.ddns.net\/pachuca\/index.php\/wp-json\/wp\/v2\/media\/107616"}],"wp:attachment":[{"href":"https:\/\/soydeaqui.ddns.net\/pachuca\/index.php\/wp-json\/wp\/v2\/media?parent=107617"}],"wp:term":[{"taxonomy":"product_brand","embeddable":true,"href":"https:\/\/soydeaqui.ddns.net\/pachuca\/index.php\/wp-json\/wp\/v2\/product_brand?post=107617"},{"taxonomy":"product_cat","embeddable":true,"href":"https:\/\/soydeaqui.ddns.net\/pachuca\/index.php\/wp-json\/wp\/v2\/product_cat?post=107617"},{"taxonomy":"product_tag","embeddable":true,"href":"https:\/\/soydeaqui.ddns.net\/pachuca\/index.php\/wp-json\/wp\/v2\/product_tag?post=107617"}],"curies":[{"name":"wp","href":"https:\/\/api.w.org\/{rel}","templated":true}]}}