{"id":107602,"date":"2026-03-20T17:17:29","date_gmt":"2026-03-20T17:17:29","guid":{"rendered":"https:\/\/soydeaqui.ddns.net\/pachuca\/index.php\/producto\/cable-hdmi-de-30-metros-98-43-pies-por-fibra-ptica-4k60hz-fibra-de-4-ncleos-cobre-estaado-de-7-ncleos-compatible-con-hdmi-2-0-alta-velocidad-18-gbps-3d-hdr-carcasa-de-zinc-premi\/"},"modified":"2026-03-20T17:17:38","modified_gmt":"2026-03-20T17:17:38","slug":"cable-hdmi-de-30-metros-98-43-pies-por-fibra-ptica-4k60hz-fibra-de-4-ncleos-cobre-estaado-de-7-ncleos-compatible-con-hdmi-2-0-alta-velocidad-18-gbps-3d-hdr-carcasa-de-zinc-premi","status":"publish","type":"product","link":"https:\/\/soydeaqui.ddns.net\/pachuca\/index.php\/producto\/cable-hdmi-de-30-metros-98-43-pies-por-fibra-ptica-4k60hz-fibra-de-4-ncleos-cobre-estaado-de-7-ncleos-compatible-con-hdmi-2-0-alta-velocidad-18-gbps-3d-hdr-carcasa-de-zinc-premi\/","title":{"rendered":"Cable HDMI de 30 Metros (98.43 Pies) por Fibra ?ptica 4K@60Hz | Fibra de 4 N?cleos + Cobre Esta?ado de 7 N?cleos | Compatible con HDMI 2.0 | Alta Velocidad 18 Gbps | 3D | HDR | Carcasa de Zinc | Premium | 2 A?os de Garant?a"},"content":{"rendered":"<div style='width: 100%; max-width: 1200px; margin: 0 auto; font-family: sans-serif; line-height: 1.6; color: inherit; background-color: transparent;'> <!-- Imagen principal --> <img style='width: 100%; height: auto; border: 1px solid rgba(150&comma;150&comma;150&comma;0.3); border-radius: 8px;' src='http:\/\/ftp3.syscom.mx\/usuarios\/hallende\/UGREEN2\/Cables%20Extensores%20HDMI\/50216\/50215-1.jpg' alt=''> <!-- Secci\u00f3n de caracter\u00edsticas --> <\/p>\n<div style='display: flex; flex-wrap: wrap; gap: 30px; margin-bottom: 30px;'>\n<div style='flex: 1 1 300px; min-width: 280px;'>\n<h3 style='font-size: 22px; border-bottom: 2px solid currentColor; padding-bottom: 5px; margin-top: 0; color: inherit; opacity: 0.8;'>Caracter\u00edsticas Principales<\/h3>\n<div style='font-size: 15px; color: inherit;'> <img style='width: 100%; height: auto; border: 1px solid rgba(150&comma;150&comma;150&comma;0.3); border-radius: 8px; margin: 15px 0;' src='http:\/\/ftp3.syscom.mx\/usuarios\/hallende\/UGREEN2\/Cables%20Extensores%20HDMI\/50215\/50215-3.jpg' alt=''> <\/p>\n<p>Cable \u00d3ptico HDMI 2.0 de Alta Velocidad: En comparaci\u00f3n con otros cables HDMI&comma; el cable HDMI UGREEN de fibra \u00f3ptica est\u00e1 equipado con un m\u00f3dulo de conversi\u00f3n fotoel\u00e9ctrica de alta calidad y un n\u00facleo conductor de fibra \u00f3ptica&comma; lo que permite transferir el v\u00eddeo y el audio como una se\u00f1al \u00f3ptica sin p\u00e9rdida de se\u00f1al o retrasos a una distancia mucho m\u00e1s larga. Este cable mejora la experiencia audiovisual y ofrece una gran calidad.<\/p>\n<\/p><\/div>\n<\/p><\/div>\n<div style='flex: 1 1 300px; min-width: 280px;'>\n<div style='font-size: 15px; color: inherit;'> <img style='width: 100%; height: auto; border: 1px solid rgba(150&comma;150&comma;150&comma;0.3); border-radius: 8px; margin: 15px 0;' src='http:\/\/ftp3.syscom.mx\/usuarios\/hallende\/UGREEN2\/Cables%20Extensores%20HDMI\/50215\/50215-4.jpg' alt=''> <\/p>\n<h4 style='color: inherit; margin-top: 0;'><strong>La Era de la Fibra \u00d3ptica<\/strong><\/h4>\n<p>El m\u00f3dulo de conversi\u00f3n fotoel\u00e9ctrica a nivel de micras convierte el\u00e9ctricamente a se\u00f1al \u00f3ptica&comma; sin compresi\u00f3n de se\u00f1al para transmisi\u00f3n de v\u00eddeo de alta fidelidad&comma; sin demora ni retraso de imagen. Ninguna interferencia electromagn\u00e9tica (EMI) afectar\u00e1 la se\u00f1al \u00f3ptica&comma; no se necesita blindaje adicional&comma; cuenta con las protecciones mec\u00e1nicas y el\u00e9ctricas necesarias para hacer que este cable HDMI sea m\u00e1s delgado&comma; flexible y liviano. Bajo consumo de energ\u00eda (menos de 250 mW)&comma; soluci\u00f3n para transmisi\u00f3n HDMI de larga distancia&comma; sin necesidad de suministrar energ\u00eda adicional.<\/p>\n<\/p><\/div>\n<\/p><\/div>\n<div style='flex: 1 1 300px; min-width: 280px;'>\n<div style='font-size: 15px; color: inherit;'> <img style='width: 100%; height: auto; border: 1px solid rgba(150&comma;150&comma;150&comma;0.3); border-radius: 8px; margin: 15px 0;' src='http:\/\/ftp3.syscom.mx\/usuarios\/hallende\/UGREEN2\/Cables%20Extensores%20HDMI\/50215\/50215-5.jpg' alt=''> <\/p>\n<h4 style='color: inherit; margin-top: 0;'><strong>Mejor Calidad de Color<\/strong><\/h4>\n<p>El cable HDMI Fibra \u00d3ptica de UGREEN permite la transmisi\u00f3n de v\u00eddeo 4K de alto rango din\u00e1mico (HDR) de hasta 4K @ 50\/60 Hz (2160p)&comma; ofreciendo un v\u00eddeo m\u00e1s claro y natural&comma; ideal para cine de casa. Posee toda las capacidades de HDMI&comma; como ancho de banda de 18 Gbps&comma; Audio Dolby 7.0&comma; ARC&comma; HEC&comma; 3D&comma; 4:4:4 y m\u00e1s. Es compatible con HDMI 2.0a \/ b&comma; HDMI 2.0&comma; HDMI 1.4a \/ 1.4 y versiones anteriores de HDMI. Adem\u00e1s cuenta con Certificado HDMI Categor\u00eda 2.<\/p>\n<\/p><\/div>\n<\/p><\/div>\n<div style='flex: 1 1 300px; min-width: 280px;'>\n<div style='font-size: 15px; color: inherit;'> <img style='width: 100%; height: auto; border: 1px solid rgba(150&comma;150&comma;150&comma;0.3); border-radius: 8px; margin: 15px 0;' src='http:\/\/ftp3.syscom.mx\/usuarios\/hallende\/UGREEN2\/Cables%20Extensores%20HDMI\/50215\/50215-6.jpg' alt=''> <\/p>\n<h4 style='color: inherit; margin-top: 0;'><strong>Transmisi\u00f3n Sin P\u00e9rdidas y Estable<\/strong><\/h4>\n<p>Su dise\u00f1o ergon\u00f3mico aerodin\u00e1mico&comma; la cubierta de TPE duradera y flexible&comma; carcasa Kirstie&comma; conectores chapados en oro cuentan con resistencia a la oxidaci\u00f3n y transmisi\u00f3n de se\u00f1al estable&comma; garantizan la pureza de la se\u00f1al digital y proporcionan un sonido y una imagen m\u00e1s reales. El conector del enchufe HDMI tiene una fuerte resistencia a la corrosi\u00f3n y puede soportar 10000 veces la conexi\u00f3n y desconexi\u00f3n&comma; por lo que garantiza muchos a\u00f1os de vida \u00fatil.<\/p>\n<\/p><\/div>\n<\/p><\/div>\n<div style='flex: 1 1 300px; min-width: 280px;'>\n<div style='font-size: 15px; color: inherit;'> <img style='width: 100%; height: auto; border: 1px solid rgba(150&comma;150&comma;150&comma;0.3); border-radius: 8px; margin: 15px 0;' src='http:\/\/ftp3.syscom.mx\/usuarios\/hallende\/UGREEN2\/Cables%20Extensores%20HDMI\/50215\/50215-7.jpg' alt=''> <\/p>\n<h4 style='color: inherit; margin-top: 0;'><strong>M\u00faltiples Usos y Aplicaciones<\/strong><\/h4>\n<p>Su longitud es ideal para conectar un proyector o cualquier otro receptor que se encuentre a distancia de la fuente como por ejemplo un cine en casa&comma; restaurantes&comma; pantalla exterior en plazas&comma; videoconferencias&comma; monitoreo de seguridad. Se puede conectar con cualquier dispositivo con puerto HDMI como PS4 Pro&comma; PS4&comma; PS3&comma; UHD Beamer&comma; Xbox&comma; ordenador port\u00e1til&comma; PC&comma; tarjetas gr\u00e1ficas Geforce&comma; receptor AV&comma; sistema multimedia&comma; Apple TV&comma; TV de Samsung DVR&comma; NVR y otros.<\/p>\n<\/p><\/div>\n<\/p><\/div>\n<div style='flex: 1 1 300px; min-width: 280px;'>\n<div style='font-size: 15px; color: inherit;'> <img style='width: 100%; height: auto; border: 1px solid rgba(150&comma;150&comma;150&comma;0.3); border-radius: 8px; margin: 15px 0;' src='http:\/\/ftp3.syscom.mx\/usuarios\/hallende\/UGREEN2\/Cables%20Extensores%20HDMI\/50215\/50215-8.jpg' alt=''> <\/p>\n<h4 style='color: inherit; margin-top: 0;'><strong>Sin Duda la Mejor Soluci\u00f3n<\/strong><\/h4>\n<p>Posee toda la capacidad de HDMI 2.0&comma; como ancho de banda de 18 Gbps&comma; Audio Dolby 7.1&comma; HEC es compatible con versiones anteriores de HDMI 1.3 y 1.4. Certificaci\u00f3n oficial de HDCP 2.2. a pesar de su longitud&comma; el cable de fibra \u00f3ptica HDMI puede garantizar una transmisi\u00f3n en resoluci\u00f3n 4K estable e incluso 3D. Simplemente con\u00e9ctelo a su computadora port\u00e1til&comma; PS4 PRO o XBOX&comma; DVR&comma; NVR y muchos dispositivos m\u00e1s a la pantalla de visualizaci\u00f3n&comma; no requiere alimentaci\u00f3n externa&comma; controladores o dongles. Para la salida de video de alta definici\u00f3n con este cable HDMI macho&comma; aseg\u00farese de que sus dispositivos tambi\u00e9n admitan la resoluci\u00f3n 4K.<\/p>\n<\/p><\/div>\n<\/p><\/div>\n<\/p><\/div>\n<p> <!-- Imagen intermedia --> <img style='width: 100%; height: auto; border: 1px solid rgba(150&comma;150&comma;150&comma;0.3); border-radius: 8px; margin: 30px 0;' src='http:\/\/ftp3.syscom.mx\/usuarios\/hallende\/UGREEN2\/Cables%20Extensores%20HDMI\/50216\/50215-9.jpg' alt=''> <!-- Secci\u00f3n de caracter\u00edsticas especiales --> <\/p>\n<div style='display: flex; flex-wrap: wrap; gap: 30px; margin-bottom: 30px;'>\n<div style='flex: 1 1 300px; min-width: 280px;'>\n<div style='font-size: 15px; color: inherit;'> <img style='width: 100%; height: auto; border: 1px solid rgba(150&comma;150&comma;150&comma;0.3); border-radius: 8px; margin: 15px 0;' src='http:\/\/ftp3.syscom.mx\/usuarios\/hallende\/UGREEN2\/Cables%20Extensores%20HDMI\/50216\/50215-10.jpg' alt=''> <\/p>\n<h4 style='color: inherit; margin-top: 0;'><strong>Flexible y Robusto<\/strong><\/h4>\n<p>Hecho de triple blindaje reduce las interferencias. Los enchufes dorados y el cable de fibra \u00f3ptica brindan una estabilidad confiable y excepcional.<\/p>\n<\/p><\/div>\n<\/p><\/div>\n<div style='flex: 1 1 300px; min-width: 280px;'>\n<div style='font-size: 15px; color: inherit;'> <img style='width: 100%; height: auto; border: 1px solid rgba(150&comma;150&comma;150&comma;0.3); border-radius: 8px; margin: 15px 0;' src='http:\/\/ftp3.syscom.mx\/usuarios\/hallende\/UGREEN2\/Cables%20Extensores%20HDMI\/50216\/50215-11.jpg' alt=''> <\/p>\n<h4 style='color: inherit; margin-top: 0;'><strong>Etiqueta de Conexi\u00f3n Adecuada<\/strong><\/h4>\n<p>El enchufe con la etiqueta &#8216;Source&#8217; debe ser conectado en los dispositivos de entrada como PS4\/PS3\/&comma; computadora port\u00e1til&comma; c\u00e1mara de seguridad&comma; etc. El etiquetado como &#8216;Display&#8217; se conecta al dispositivo de salida como proyector&comma; TV&comma; monitor&comma; etc.<\/p>\n<\/p><\/div>\n<\/p><\/div>\n<div style='flex: 1 1 300px; min-width: 280px;'>\n<div style='font-size: 15px; color: inherit;'> <img style='width: 100%; height: auto; border: 1px solid rgba(150&comma;150&comma;150&comma;0.3); border-radius: 8px; margin: 15px 0;' src='http:\/\/ftp3.syscom.mx\/usuarios\/hallende\/UGREEN2\/Cables%20Extensores%20HDMI\/50216\/50215-12.jpg' alt=''> <\/p>\n<h4 style='color: inherit; margin-top: 0;'><strong>M\u00e1s Ligero y F\u00e1cil de Conectar<\/strong><\/h4>\n<p>El di\u00e1metro exterior es de s\u00f3lo 4.8 mm&comma; casi el doble de delgado que el conductor interno de cobre pesado&comma; por lo que se adapta perfectamente a la configuraci\u00f3n de cine en casa.<\/p>\n<\/p><\/div>\n<\/p><\/div>\n<\/p><\/div>\n<p> <!-- Imagen de aplicaciones --> <\/p>\n<h3 style='font-size: 22px; border-bottom: 2px solid currentColor; padding-bottom: 5px; margin-top: 0; color: inherit; opacity: 0.8;'>Aplicaciones<\/h3>\n<p> <img style='width: 100%; height: auto; border: 1px solid rgba(150&comma;150&comma;150&comma;0.3); border-radius: 8px; margin: 15px 0;' src='http:\/\/ftp3.syscom.mx\/usuarios\/hallende\/UGREEN2\/Cables%20Extensores%20HDMI\/50216\/50215-13.jpg' alt=''> <!-- Secci\u00f3n de especificaciones --> <\/p>\n<div style='display: flex; flex-wrap: wrap; gap: 20px; margin-top: 30px;'>\n<div style='flex: 1 1 250px; border: 1px solid rgba(150&comma; 150&comma; 150&comma; 0.4); border-radius: 8px; overflow: hidden; display: flex; flex-direction: column;'>\n<div style='padding: 15px; border-bottom: 1px solid rgba(150&comma; 150&comma; 150&comma; 0.2); font-weight: bold; font-size: 18px; color: inherit;'>Especificaciones<\/div>\n<div style='padding: 15px; color: inherit;'>\n<ul style='padding-left: 20px; margin: 0; font-size: 14px; list-style-type: disc;'>\n<li style='margin-bottom: 5px;'><strong>Longitud<\/strong>: 30 metros<\/li>\n<li style='margin-bottom: 5px;'><strong>Tipo<\/strong>: Cable HDMI de fibra \u00f3ptica unidireccional<\/li>\n<li style='margin-bottom: 5px;'><strong>Conectores<\/strong>: Debe conectar el conector &#8216;Source&#8217; al dispositivo de entrada y &#8216;Display&#8217; al dispositivo de salida<\/li>\n<li style='margin-bottom: 5px;'><strong>Manejo<\/strong>: Sujete de la caja del conector al enchufar\/desenchufar<\/li>\n<li style='margin-bottom: 5px;'><strong>Garant\u00eda<\/strong>: 1 a\u00f1o por defectos de fabricaci\u00f3n<\/li>\n<\/ul><\/div>\n<\/p><\/div>\n<\/p><\/div>\n<p> <!-- Separador --> <\/p>\n<hr style='border: 0; border-top: 1px solid rgba(150&comma; 150&comma; 150&comma; 0.3); margin: 30px 0;'> <\/div>\n","protected":false},"excerpt":{"rendered":"<p>Cable HDMI de 30 Metros (98.43 Pies) por Fibra ?ptica 4K@60Hz | Fibra de 4 N?cleos + Cobre Esta?ado de 7 N?cleos | Compatible con HDMI 2.0 | Alta Velocidad 18 Gbps | 3D | HDR | Carcasa de Zinc | Premium | 2 A?os de Garant?a<\/p>\n","protected":false},"featured_media":107601,"comment_status":"open","ping_status":"closed","template":"","meta":[],"product_brand":[],"product_cat":[2130],"product_tag":[488,650,2131],"class_list":{"0":"post-107602","1":"product","2":"type-product","3":"status-publish","4":"has-post-thumbnail","6":"product_cat-vga-dvi-hdmi","7":"product_tag-cables-y-conectores","8":"product_tag-ugreen","9":"product_tag-vga-dvi-hdmi","11":"first","12":"outofstock","13":"sale","14":"shipping-taxable","15":"purchasable","16":"product-type-simple"},"_links":{"self":[{"href":"https:\/\/soydeaqui.ddns.net\/pachuca\/index.php\/wp-json\/wp\/v2\/product\/107602","targetHints":{"allow":["GET"]}}],"collection":[{"href":"https:\/\/soydeaqui.ddns.net\/pachuca\/index.php\/wp-json\/wp\/v2\/product"}],"about":[{"href":"https:\/\/soydeaqui.ddns.net\/pachuca\/index.php\/wp-json\/wp\/v2\/types\/product"}],"replies":[{"embeddable":true,"href":"https:\/\/soydeaqui.ddns.net\/pachuca\/index.php\/wp-json\/wp\/v2\/comments?post=107602"}],"wp:featuredmedia":[{"embeddable":true,"href":"https:\/\/soydeaqui.ddns.net\/pachuca\/index.php\/wp-json\/wp\/v2\/media\/107601"}],"wp:attachment":[{"href":"https:\/\/soydeaqui.ddns.net\/pachuca\/index.php\/wp-json\/wp\/v2\/media?parent=107602"}],"wp:term":[{"taxonomy":"product_brand","embeddable":true,"href":"https:\/\/soydeaqui.ddns.net\/pachuca\/index.php\/wp-json\/wp\/v2\/product_brand?post=107602"},{"taxonomy":"product_cat","embeddable":true,"href":"https:\/\/soydeaqui.ddns.net\/pachuca\/index.php\/wp-json\/wp\/v2\/product_cat?post=107602"},{"taxonomy":"product_tag","embeddable":true,"href":"https:\/\/soydeaqui.ddns.net\/pachuca\/index.php\/wp-json\/wp\/v2\/product_tag?post=107602"}],"curies":[{"name":"wp","href":"https:\/\/api.w.org\/{rel}","templated":true}]}}