{"id":107585,"date":"2026-03-20T17:16:37","date_gmt":"2026-03-20T17:16:37","guid":{"rendered":"https:\/\/soydeaqui.ddns.net\/pachuca\/index.php\/producto\/soporte-para-telefono-celular-de-aluminio-angulo-ajustable-amplia-compatibilidad-con-dispositivos-de-4-7-a-7-9-antideslizante-antiaranazos-plegable-color-gris\/"},"modified":"2026-03-20T17:16:54","modified_gmt":"2026-03-20T17:16:54","slug":"soporte-para-telefono-celular-de-aluminio-angulo-ajustable-amplia-compatibilidad-con-dispositivos-de-4-7-a-7-9-antideslizante-antiaranazos-plegable-color-gris","status":"publish","type":"product","link":"https:\/\/soydeaqui.ddns.net\/pachuca\/index.php\/producto\/soporte-para-telefono-celular-de-aluminio-angulo-ajustable-amplia-compatibilidad-con-dispositivos-de-4-7-a-7-9-antideslizante-antiaranazos-plegable-color-gris\/","title":{"rendered":"Soporte para Tel\u00e9fono Celular de Aluminio | Angulo Ajustable | Amplia Compatibilidad con dispositivos de 4.7&#8221; a 7.9&#8221; | Antideslizante | Antiara\u00f1azos | Plegable | Color Gris."},"content":{"rendered":"<div style='width: 100%; max-width: 1200px; margin: 0 auto; font-family: sans-serif; line-height: 1.6; color: inherit; background-color: transparent;'> <!-- Imagen principal --> <img style='width: 100%; height: auto; border: 1px solid rgba(150&comma;150&comma;150&comma;0.3); border-radius: 8px;' src='http:\/\/ftp3.syscom.mx\/usuarios\/hallende\/UGREEN2\/Soportes\/80708\/80708-1.jpg' alt=''> <!-- Secci\u00f3n de caracter\u00edsticas principales --> <\/p>\n<div style='display: flex; flex-wrap: wrap; gap: 30px; margin-top: 30px;'>\n<div style='flex: 1 1 300px; min-width: 280px;'>\n<h3 style='font-size: 22px; border-bottom: 2px solid currentColor; padding-bottom: 5px; margin-top: 0; color: inherit; opacity: 0.8;'>Caracter\u00edsticas Principales<\/h3>\n<ul style='padding-left: 20px; font-size: 15px; color: inherit;'>\n<li style='margin-bottom: 5px;'>Soporte Estable y Fuerte: El material de aleaci\u00f3n de aluminio&comma; la base m\u00e1s gruesa y el dise\u00f1o de centro de gravedad bajo&comma; hacen que el soporte de celular logre una estabilidad excelente. El soporte celular UGREEN conserva el orificio de carga&comma; por lo que puede usar el tel\u00e9fono en cualquier momento.<\/li>\n<\/ul><\/div>\n<div style='flex: 1 1 300px; min-width: 280px;'>\n<h3 style='font-size: 22px; border-bottom: 2px solid currentColor; padding-bottom: 5px; margin-top: 0; color: inherit; opacity: 0.8;'>Caracter\u00edsticas Principales<\/h3>\n<ul style='padding-left: 20px; font-size: 15px; color: inherit;'>\n<li style='margin-bottom: 5px;'>\u00c1ngulo y Altura Ajustable: La base para celular UGREEN cuenta con dos bisagras giratorias para realizar una amplia gama de ajustes de \u00e1ngulo y altura. Es f\u00e1cil encontrar un \u00e1ngulo c\u00f3modo para ver video&comma; hacer llamadas&comma; leer&comma; etc.<\/li>\n<\/ul><\/div>\n<div style='flex: 1 1 300px; min-width: 280px;'>\n<h3 style='font-size: 22px; border-bottom: 2px solid currentColor; padding-bottom: 5px; margin-top: 0; color: inherit; opacity: 0.8;'>Caracter\u00edsticas Principales<\/h3>\n<ul style='padding-left: 20px; font-size: 15px; color: inherit;'>\n<li style='margin-bottom: 5px;'>Compatibilidad Universal: Compatible con dispositivos de 4.7&#8242; a 7.9&#8217;&comma; tales como celular iPhone 13 Pro 13 Pro Max&comma; Huawei&comma; Xiaomi&comma; Redmi&comma; Galaxy S20 S10&comma; iPad Mini&comma; Switch&comma; Kindle. Funciona bien con los celulares con fundas (El grosor m\u00e1ximo compatible es de 14mm).<\/li>\n<\/ul><\/div>\n<div style='flex: 1 1 300px; min-width: 280px;'>\n<h3 style='font-size: 22px; border-bottom: 2px solid currentColor; padding-bottom: 5px; margin-top: 0; color: inherit; opacity: 0.8;'>Caracter\u00edsticas Principales<\/h3>\n<ul style='padding-left: 20px; font-size: 15px; color: inherit;'>\n<li style='margin-bottom: 5px;'>Material de Aluminio Fino y Protecci\u00f3n de almohadilla de silicona: El soporte para celular UGREEN est\u00e1 hecho completamente de aleaci\u00f3n de aluminio de alta calidad&comma; que es muy duradero y resistente al desgaste. Las almohadillas de silicona antideslizantes protegen el celular de ara\u00f1azos y aumentan la estabilidad durante el uso.<\/li>\n<\/ul><\/div>\n<div style='flex: 1 1 300px; min-width: 280px;'>\n<h3 style='font-size: 22px; border-bottom: 2px solid currentColor; padding-bottom: 5px; margin-top: 0; color: inherit; opacity: 0.8;'>Caracter\u00edsticas Principales<\/h3>\n<ul style='padding-left: 20px; font-size: 15px; color: inherit;'>\n<li style='margin-bottom: 5px;'>Plegable y Port\u00e1til: El soporte para celular UGREEN es totalmente plegable. Con su figura fina y compacta&comma; se puede llevar f\u00e1cilmente en la bolsa cuando va a viajar o a trabajar afuera.<\/li>\n<\/ul><\/div>\n<div style='flex: 1 1 300px; min-width: 280px;'>\n<h3 style='font-size: 22px; border-bottom: 2px solid currentColor; padding-bottom: 5px; margin-top: 0; color: inherit; opacity: 0.8;'>Caracter\u00edsticas Principales<\/h3>\n<ul style='padding-left: 20px; font-size: 15px; color: inherit;'>\n<li style='margin-bottom: 5px;'>Estable e Inteligente: El soporte para tel\u00e9fono UGREEN est\u00e1 equipado con un dise\u00f1o minimalista&comma; es un accesorio ideal para descansar su tel\u00e9fono m\u00f3vil mientras se carga&comma; esto gracias a que cuenta con un orificio para cable de cargador y el cable de los auriculares. Puede cargar su tel\u00e9fono o usarlo para escuchar m\u00fasica mientras lo coloca en el soporte del escritorio.<\/li>\n<\/ul><\/div>\n<\/p><\/div>\n<p> <!-- Imagen adicional --> <img style='width: 100%; height: auto; border: 1px solid rgba(150&comma;150&comma;150&comma;0.3); border-radius: 8px; margin-top: 30px;' src='http:\/\/ftp3.syscom.mx\/usuarios\/hallende\/UGREEN2\/Soportes\/80708\/80708-8.jpg' alt=''> <!-- Secci\u00f3n de caracter\u00edsticas especiales --> <\/p>\n<div style='display: flex; flex-wrap: wrap; gap: 30px; margin-top: 30px;'>\n<div style='flex: 1 1 300px; min-width: 280px;'>\n<h3 style='font-size: 22px; border-bottom: 2px solid currentColor; padding-bottom: 5px; margin-top: 0; color: inherit; opacity: 0.8;'>Caracter\u00edsticas Especiales<\/h3>\n<ul style='padding-left: 20px; font-size: 15px; color: inherit;'>\n<li style='margin-bottom: 5px;'>Anti-ara\u00f1azos<\/li>\n<\/ul>\n<p> <img style='width: 100%; height: auto; border: 1px solid rgba(150&comma;150&comma;150&comma;0.3); border-radius: 8px; margin-top: 15px;' src='http:\/\/ftp3.syscom.mx\/usuarios\/hallende\/UGREEN2\/Soportes\/80708\/80708-9.jpg' alt=''> <\/div>\n<div style='flex: 1 1 300px; min-width: 280px;'>\n<h3 style='font-size: 22px; border-bottom: 2px solid currentColor; padding-bottom: 5px; margin-top: 0; color: inherit; opacity: 0.8;'>Caracter\u00edsticas Especiales<\/h3>\n<ul style='padding-left: 20px; font-size: 15px; color: inherit;'>\n<li style='margin-bottom: 5px;'>Goma Antideslizante<\/li>\n<\/ul>\n<p> <img style='width: 100%; height: auto; border: 1px solid rgba(150&comma;150&comma;150&comma;0.3); border-radius: 8px; margin-top: 15px;' src='http:\/\/ftp3.syscom.mx\/usuarios\/hallende\/UGREEN2\/Soportes\/80708\/80708-10.jpg' alt=''> <\/div>\n<div style='flex: 1 1 300px; min-width: 280px;'>\n<h3 style='font-size: 22px; border-bottom: 2px solid currentColor; padding-bottom: 5px; margin-top: 0; color: inherit; opacity: 0.8;'>Caracter\u00edsticas Especiales<\/h3>\n<ul style='padding-left: 20px; font-size: 15px; color: inherit;'>\n<li style='margin-bottom: 5px;'>Tama\u00f1o Compacto<\/li>\n<\/ul>\n<p> <img style='width: 100%; height: auto; border: 1px solid rgba(150&comma;150&comma;150&comma;0.3); border-radius: 8px; margin-top: 15px;' src='http:\/\/ftp3.syscom.mx\/usuarios\/hallende\/UGREEN2\/Soportes\/80708\/80708-11.jpg' alt=''> <\/div>\n<\/p><\/div>\n<p> <!-- Imagen de aplicaciones --> <img style='width: 100%; height: auto; border: 1px solid rgba(150&comma;150&comma;150&comma;0.3); border-radius: 8px; margin-top: 30px;' src='http:\/\/ftp3.syscom.mx\/usuarios\/hallende\/UGREEN2\/Soportes\/80708\/80708-12.jpg' alt=''> <!-- Especificaciones --> <\/p>\n<div style='margin-top: 30px;'>\n<h3 style='font-size: 22px; border-bottom: 2px solid currentColor; padding-bottom: 5px; margin-top: 0; color: inherit; opacity: 0.8;'>Especificaciones<\/h3>\n<ul style='padding-left: 20px; font-size: 15px; color: inherit;'>\n<li style='margin-bottom: 5px;'><strong>Dimensi\u00f3n:<\/strong> 120 mm x 100 mm x 76 mm<\/li>\n<li style='margin-bottom: 5px;'><strong>Material:<\/strong> Aleaci\u00f3n de aluminio<\/li>\n<li style='margin-bottom: 5px;'><strong>Caracter\u00edstica:<\/strong> Plegable<\/li>\n<li style='margin-bottom: 5px;'><strong>Caracter\u00edstica:<\/strong> Anti-ara\u00f1azos<\/li>\n<li style='margin-bottom: 5px;'><strong>Garant\u00eda:<\/strong> 1 A\u00f1o por defectos de fabricaci\u00f3n<\/li>\n<\/ul><\/div>\n<\/p><\/div>\n","protected":false},"excerpt":{"rendered":"<p>Soporte para Tel\u00e9fono Celular de Aluminio | Angulo Ajustable | Amplia Compatibilidad con dispositivos de 4.7&#8221; a 7.9&#8221; | Antideslizante | Antiara\u00f1azos | Plegable | Color Gris.<\/p>\n","protected":false},"featured_media":107584,"comment_status":"open","ping_status":"closed","template":"","meta":[],"product_brand":[],"product_cat":[1235],"product_tag":[417,1236,650],"class_list":{"0":"post-107585","1":"product","2":"type-product","3":"status-publish","4":"has-post-thumbnail","6":"product_cat-accesorios-para-computadora-y-smartphones","7":"product_tag-accesorios-generales","8":"product_tag-accesorios-para-computadora-y-smartphones","9":"product_tag-ugreen","11":"first","12":"instock","13":"sale","14":"shipping-taxable","15":"purchasable","16":"product-type-simple"},"_links":{"self":[{"href":"https:\/\/soydeaqui.ddns.net\/pachuca\/index.php\/wp-json\/wp\/v2\/product\/107585","targetHints":{"allow":["GET"]}}],"collection":[{"href":"https:\/\/soydeaqui.ddns.net\/pachuca\/index.php\/wp-json\/wp\/v2\/product"}],"about":[{"href":"https:\/\/soydeaqui.ddns.net\/pachuca\/index.php\/wp-json\/wp\/v2\/types\/product"}],"replies":[{"embeddable":true,"href":"https:\/\/soydeaqui.ddns.net\/pachuca\/index.php\/wp-json\/wp\/v2\/comments?post=107585"}],"wp:featuredmedia":[{"embeddable":true,"href":"https:\/\/soydeaqui.ddns.net\/pachuca\/index.php\/wp-json\/wp\/v2\/media\/107584"}],"wp:attachment":[{"href":"https:\/\/soydeaqui.ddns.net\/pachuca\/index.php\/wp-json\/wp\/v2\/media?parent=107585"}],"wp:term":[{"taxonomy":"product_brand","embeddable":true,"href":"https:\/\/soydeaqui.ddns.net\/pachuca\/index.php\/wp-json\/wp\/v2\/product_brand?post=107585"},{"taxonomy":"product_cat","embeddable":true,"href":"https:\/\/soydeaqui.ddns.net\/pachuca\/index.php\/wp-json\/wp\/v2\/product_cat?post=107585"},{"taxonomy":"product_tag","embeddable":true,"href":"https:\/\/soydeaqui.ddns.net\/pachuca\/index.php\/wp-json\/wp\/v2\/product_tag?post=107585"}],"curies":[{"name":"wp","href":"https:\/\/api.w.org\/{rel}","templated":true}]}}