{"id":107569,"date":"2026-03-20T17:15:42","date_gmt":"2026-03-20T17:15:42","guid":{"rendered":"https:\/\/soydeaqui.ddns.net\/pachuca\/index.php\/producto\/soporte-de-automovil-para-rendija-de-ventilacion-tecnologia-gravity-rotacion-de-360-suspension-por-gancho-pinzas-de-goma-compatible-con-rejilla-de-ventilacion-horizontal-y-vertical\/"},"modified":"2026-03-20T17:15:54","modified_gmt":"2026-03-20T17:15:54","slug":"soporte-de-automovil-para-rendija-de-ventilacion-tecnologia-gravity-rotacion-de-360-suspension-por-gancho-pinzas-de-goma-compatible-con-rejilla-de-ventilacion-horizontal-y-vertical","status":"publish","type":"product","link":"https:\/\/soydeaqui.ddns.net\/pachuca\/index.php\/producto\/soporte-de-automovil-para-rendija-de-ventilacion-tecnologia-gravity-rotacion-de-360-suspension-por-gancho-pinzas-de-goma-compatible-con-rejilla-de-ventilacion-horizontal-y-vertical\/","title":{"rendered":"Soporte de Autom\u00f3vil para Rendija de Ventilaci\u00f3n |  Tecnolog\u00eda Gravity | Rotaci\u00f3n de 360\u00b0 | Suspensi\u00f3n por Gancho | Pinzas de Goma | Compatible con Rejilla de Ventilaci\u00f3n Horizontal y Vertical."},"content":{"rendered":"<div style='width: 100%; max-width: 1200px; margin: 0 auto; font-family: sans-serif; line-height: 1.6; color: inherit; background-color: transparent;'> <!-- Imagen principal --> <img style='width: 100%; height: auto; border: 1px solid rgba(150&comma;150&comma;150&comma;0.3); border-radius: 8px; margin-bottom: 30px;' src='http:\/\/ftp3.syscom.mx\/usuarios\/hallende\/UGREEN2\/Soportes\/80871\/80871-1.jpg' alt=''> <!-- Secci\u00f3n de caracter\u00edsticas --> <\/p>\n<div style='display: flex; flex-wrap: wrap; gap: 30px; margin-bottom: 30px;'>\n<div style='flex: 1 1 300px; min-width: 280px;'>\n<h3 style='font-size: 22px; border-bottom: 2px solid currentColor; padding-bottom: 5px; margin-top: 0; color: inherit; opacity: 0.8;'>Caracter\u00edsticas Principales<\/h3>\n<ul style='padding-left: 20px; font-size: 15px; color: inherit;'>\n<li style='margin-bottom: 5px;'> <strong>Estabilidad y Confiabilidad Mejoradas<\/strong><br \/> El soporte celular para autom\u00f3vil UGREEN para ventilaci\u00f3n de aire presenta 5 puntos de soporte para montar el tel\u00e9fono con firmeza y ofrece un mejor agarre que los soportes de tel\u00e9fono de gravedad universal ellos solo ofrecen 3 puntos de soporte. Asegura un agarre firme en la mayor\u00eda de las salidas de aire de los autom\u00f3viles. <\/li>\n<li style='margin-bottom: 5px;'> <strong>Impresionante Estabilidad y Confiabilidad<\/strong><br \/> Combinado con un potente gancho de resorte con soporte en forma de arco&comma; el soporte para tel\u00e9fono forma una estructura de tr\u00edpode \u00fanica para garantizar una fijaci\u00f3n firme a la mayor\u00eda de las rejillas de aire&comma; es compatible con la rejilla de ventilaci\u00f3n horizontal y vertical. <\/li>\n<li style='margin-bottom: 5px;'> <strong>F\u00e1cil de Instalar<\/strong><br \/> El dise\u00f1o del gancho de resorte facilita la instalaci\u00f3n de este soporte para tel\u00e9fono con abrazadera autom\u00e1tica en la ventilaci\u00f3n de aire. La instalaci\u00f3n sin herramientas y la navegaci\u00f3n GPS con manos libres o las llamadas telef\u00f3nicas. <\/li>\n<li style='margin-bottom: 5px;'> <strong>Ajuste universal y compatible con fundas de hasta 12mm<\/strong><br \/> La base celular de ventilaci\u00f3n de aire del autom\u00f3vil se adapta a celulares de 4.7 a 7 pulgadas con funda protectora y admite un grosor m\u00e1ximo de 11 mm&comma; como iPhone 13\/13 Pro\/13 Pro Max\/13 Mini\/12\/11\/11 Pro Max \/ XS \/ XS Max \/ XR \/ X \/ 8 Plus \/ 7 \/ 6S&comma; Galaxy S20 \/ S20 Ultra \/ S10e \/ S10 Plus \/ Note10 \/ Note9 \/ S9 \/ S8 \/ A20e \/ A10 \/ A40 \/ A51 \/ A70&comma; Huawei P40 \/ P30 Pro \/ P20 \/ P10&comma; Sony Xperia L3 \/ L1 \/ XA \/ ZA \/ Z5&comma; Google Pixel 4 \/ 3a \/ 2 XL&comma; Moto G8 \/ G7 y muchos modelos m\u00e1s\u2026 <\/li>\n<li style='margin-bottom: 5px;'> <strong>Ajustable y Flexible<\/strong><br \/> El soporte retr\u00e1ctil celular para autom\u00f3vil cuenta con una bola giratoria de 360 grados para que pueda ajustar el tel\u00e9fono libremente y elegir un \u00e1ngulo \u00f3ptimo para la navegaci\u00f3n. La bola flexible tambi\u00e9n le permite ajustar el \u00e1ngulo del montaje autom\u00e1tico del tel\u00e9fono m\u00f3vil seg\u00fan la posici\u00f3n y la forma de las salidas de aire del autom\u00f3vil. <\/li>\n<li style='margin-bottom: 5px;'> <strong>Dise\u00f1o F\u00e1cil de Usar<\/strong><br \/> Con el dise\u00f1o retr\u00e1ctil&comma; la base celular auto de ventilaci\u00f3n de aire logra un tama\u00f1o peque\u00f1o&comma; lo que no bloquea las rejillas de ventilaci\u00f3n y hace una fusi\u00f3n perfecta con los accesorios del autom\u00f3vil. El soporte para tel\u00e9fono Gravity reserva espacio para el cable de carga. <\/li>\n<\/ul><\/div>\n<div style='flex: 1 1 300px; min-width: 280px;'>\n<h3 style='font-size: 22px; border-bottom: 2px solid currentColor; padding-bottom: 5px; margin-top: 0; color: inherit; opacity: 0.8;'>Caracter\u00edsticas Especiales<\/h3>\n<ul style='padding-left: 20px; font-size: 15px; color: inherit;'>\n<li style='margin-bottom: 5px;'> <strong>Soporte Celular Auto Retr\u00e1ctil<\/strong><br \/> El soporte para tel\u00e9fono para autom\u00f3vil con 5 brazos de gravedad crea m\u00e1s puntos de contacto y&comma; por lo tanto&comma; sostiene su tel\u00e9fono de mejor manera simulando los brazos de un pulpo. <\/li>\n<li style='margin-bottom: 5px;'> <strong>Agarre firme<\/strong><br \/> El gancho de metal resistente y la base ancha de silicona garantizan un mayor contacto con las boquillas de ventilaci\u00f3n y&comma; por lo tanto&comma; m\u00e1s estabilidad y seguridad. <\/li>\n<li style='margin-bottom: 5px;'> <strong>Espesor hasta 12 mm<\/strong><br \/> El soporte para tel\u00e9fono m\u00f3vil para autom\u00f3vil UGREEN muestra una adaptabilidad inigualable a la una mayor\u00eda de dispositivos m\u00f3viles de hasta 12mm. <\/li>\n<li style='margin-bottom: 5px;'> <strong>Cargar Mientras Conduce<\/strong><br \/> El orificio reservado para conectar el cable y cargar su m\u00f3vil&comma; permite c\u00e1rgalo mientras conduce. <\/li>\n<\/ul><\/div>\n<\/p><\/div>\n<p> <!-- Im\u00e1genes adicionales --> <\/p>\n<div style='display: flex; flex-wrap: wrap; gap: 20px; margin-bottom: 30px;'>\n<div style='flex: 1 1 300px; min-width: 280px;'> <img style='width: 100%; height: auto; border: 1px solid rgba(150&comma;150&comma;150&comma;0.3); border-radius: 8px;' src='http:\/\/ftp3.syscom.mx\/usuarios\/hallende\/UGREEN2\/Soportes\/80871\/80871-2.jpg' alt=''> <\/div>\n<div style='flex: 1 1 300px; min-width: 280px;'> <img style='width: 100%; height: auto; border: 1px solid rgba(150&comma;150&comma;150&comma;0.3); border-radius: 8px;' src='http:\/\/ftp3.syscom.mx\/usuarios\/hallende\/UGREEN2\/Soportes\/80871\/80871-3.jpg' alt=''> <\/div>\n<div style='flex: 1 1 300px; min-width: 280px;'> <img style='width: 100%; height: auto; border: 1px solid rgba(150&comma;150&comma;150&comma;0.3); border-radius: 8px;' src='http:\/\/ftp3.syscom.mx\/usuarios\/hallende\/UGREEN2\/Soportes\/80871\/80871-4.jpg' alt=''> <\/div>\n<div style='flex: 1 1 300px; min-width: 280px;'> <img style='width: 100%; height: auto; border: 1px solid rgba(150&comma;150&comma;150&comma;0.3); border-radius: 8px;' src='http:\/\/ftp3.syscom.mx\/usuarios\/hallende\/UGREEN2\/Soportes\/80871\/80871-5.jpg' alt=''> <\/div>\n<div style='flex: 1 1 300px; min-width: 280px;'> <img style='width: 100%; height: auto; border: 1px solid rgba(150&comma;150&comma;150&comma;0.3); border-radius: 8px;' src='http:\/\/ftp3.syscom.mx\/usuarios\/hallende\/UGREEN2\/Soportes\/80871\/80871-6.jpg' alt=''> <\/div>\n<div style='flex: 1 1 300px; min-width: 280px;'> <img style='width: 100%; height: auto; border: 1px solid rgba(150&comma;150&comma;150&comma;0.3); border-radius: 8px;' src='http:\/\/ftp3.syscom.mx\/usuarios\/hallende\/UGREEN2\/Soportes\/80871\/80871-7.jpg' alt=''> <\/div>\n<div style='flex: 1 1 300px; min-width: 280px;'> <img style='width: 100%; height: auto; border: 1px solid rgba(150&comma;150&comma;150&comma;0.3); border-radius: 8px;' src='http:\/\/ftp3.syscom.mx\/usuarios\/hallende\/UGREEN2\/Soportes\/80871\/80871-8.jpg' alt=''> <\/div>\n<div style='flex: 1 1 300px; min-width: 280px;'> <img style='width: 100%; height: auto; border: 1px solid rgba(150&comma;150&comma;150&comma;0.3); border-radius: 8px;' src='http:\/\/ftp3.syscom.mx\/usuarios\/hallende\/UGREEN2\/Soportes\/80871\/80871-9.jpg' alt=''> <\/div>\n<div style='flex: 1 1 300px; min-width: 280px;'> <img style='width: 100%; height: auto; border: 1px solid rgba(150&comma;150&comma;150&comma;0.3); border-radius: 8px;' src='http:\/\/ftp3.syscom.mx\/usuarios\/hallende\/UGREEN2\/Soportes\/80871\/80871-10.jpg' alt=''> <\/div>\n<div style='flex: 1 1 300px; min-width: 280px;'> <img style='width: 100%; height: auto; border: 1px solid rgba(150&comma;150&comma;150&comma;0.3); border-radius: 8px;' src='http:\/\/ftp3.syscom.mx\/usuarios\/hallende\/UGREEN2\/Soportes\/80871\/80871-11.jpg' alt=''> <\/div>\n<div style='flex: 1 1 300px; min-width: 280px;'> <img style='width: 100%; height: auto; border: 1px solid rgba(150&comma;150&comma;150&comma;0.3); border-radius: 8px;' src='http:\/\/ftp3.syscom.mx\/usuarios\/hallende\/UGREEN2\/Soportes\/80871\/80871-12.jpg' alt=''> <\/div>\n<div style='flex: 1 1 300px; min-width: 280px;'> <img style='width: 100%; height: auto; border: 1px solid rgba(150&comma;150&comma;150&comma;0.3); border-radius: 8px;' src='http:\/\/ftp3.syscom.mx\/usuarios\/hallende\/UGREEN2\/Soportes\/80871\/80871-13.jpg' alt=''> <\/div>\n<div style='flex: 1 1 300px; min-width: 280px;'> <img style='width: 100%; height: auto; border: 1px solid rgba(150&comma;150&comma;150&comma;0.3); border-radius: 8px;' src='http:\/\/ftp3.syscom.mx\/usuarios\/hallende\/UGREEN2\/Soportes\/80871\/80871-14.jpg' alt=''> <\/div>\n<\/p><\/div>\n<p> <!-- Secci\u00f3n de especificaciones --> <\/p>\n<div style='display: flex; flex-wrap: wrap; gap: 20px; margin-bottom: 30px;'>\n<div style='flex: 1 1 250px; border: 1px solid rgba(150&comma; 150&comma; 150&comma; 0.4); border-radius: 8px; overflow: hidden; display: flex; flex-direction: column;'>\n<div style='padding: 15px; border-bottom: 1px solid rgba(150&comma; 150&comma; 150&comma; 0.2); font-weight: bold; font-size: 18px; color: inherit;'>Especificaciones<\/div>\n<div style='padding: 15px; color: inherit;'>\n<ul style='padding-left: 20px; margin: 0; font-size: 14px; list-style-type: disc; color: inherit;'>\n<li style='margin-bottom: 5px;'><strong>Dimensiones del paquete:<\/strong> 12.5 x 11.3 x 4.9 cm<\/li>\n<li style='margin-bottom: 5px;'><strong>Peso del producto:<\/strong> 100 g<\/li>\n<li style='margin-bottom: 5px;'><strong>Tipo de montaje:<\/strong> Ventilaci\u00f3n<\/li>\n<li style='margin-bottom: 5px;'><strong>Garant\u00eda:<\/strong> 1 A\u00f1o por defectos de fabricaci\u00f3n<\/li>\n<\/ul><\/div>\n<\/p><\/div>\n<\/p><\/div>\n<p> <!-- Separador --> <\/p>\n<hr style='border: 0; border-top: 1px solid rgba(150&comma; 150&comma; 150&comma; 0.3); margin: 30px 0;'> <\/div>\n","protected":false},"excerpt":{"rendered":"<p>Soporte de Autom\u00f3vil para Rendija de Ventilaci\u00f3n |  Tecnolog\u00eda Gravity | Rotaci\u00f3n de 360\u00b0 | Suspensi\u00f3n por Gancho | Pinzas de Goma | Compatible con Rejilla de Ventilaci\u00f3n Horizontal y Vertical.<\/p>\n","protected":false},"featured_media":107568,"comment_status":"open","ping_status":"closed","template":"","meta":[],"product_brand":[],"product_cat":[1235],"product_tag":[417,1236,650],"class_list":{"0":"post-107569","1":"product","2":"type-product","3":"status-publish","4":"has-post-thumbnail","6":"product_cat-accesorios-para-computadora-y-smartphones","7":"product_tag-accesorios-generales","8":"product_tag-accesorios-para-computadora-y-smartphones","9":"product_tag-ugreen","11":"first","12":"outofstock","13":"sale","14":"shipping-taxable","15":"purchasable","16":"product-type-simple"},"_links":{"self":[{"href":"https:\/\/soydeaqui.ddns.net\/pachuca\/index.php\/wp-json\/wp\/v2\/product\/107569","targetHints":{"allow":["GET"]}}],"collection":[{"href":"https:\/\/soydeaqui.ddns.net\/pachuca\/index.php\/wp-json\/wp\/v2\/product"}],"about":[{"href":"https:\/\/soydeaqui.ddns.net\/pachuca\/index.php\/wp-json\/wp\/v2\/types\/product"}],"replies":[{"embeddable":true,"href":"https:\/\/soydeaqui.ddns.net\/pachuca\/index.php\/wp-json\/wp\/v2\/comments?post=107569"}],"wp:featuredmedia":[{"embeddable":true,"href":"https:\/\/soydeaqui.ddns.net\/pachuca\/index.php\/wp-json\/wp\/v2\/media\/107568"}],"wp:attachment":[{"href":"https:\/\/soydeaqui.ddns.net\/pachuca\/index.php\/wp-json\/wp\/v2\/media?parent=107569"}],"wp:term":[{"taxonomy":"product_brand","embeddable":true,"href":"https:\/\/soydeaqui.ddns.net\/pachuca\/index.php\/wp-json\/wp\/v2\/product_brand?post=107569"},{"taxonomy":"product_cat","embeddable":true,"href":"https:\/\/soydeaqui.ddns.net\/pachuca\/index.php\/wp-json\/wp\/v2\/product_cat?post=107569"},{"taxonomy":"product_tag","embeddable":true,"href":"https:\/\/soydeaqui.ddns.net\/pachuca\/index.php\/wp-json\/wp\/v2\/product_tag?post=107569"}],"curies":[{"name":"wp","href":"https:\/\/api.w.org\/{rel}","templated":true}]}}