{"id":107563,"date":"2026-03-20T17:15:25","date_gmt":"2026-03-20T17:15:25","guid":{"rendered":"https:\/\/soydeaqui.ddns.net\/pachuca\/index.php\/producto\/soporte-de-celular-para-automovil-con-ventosa-diseno-de-sujecion-en-triangulo-ajustable-270-rotable-estirable-amplia-compatibilidad-con-dispositivos-de-4-a-7-color-negro\/"},"modified":"2026-03-20T17:15:38","modified_gmt":"2026-03-20T17:15:38","slug":"soporte-de-celular-para-automovil-con-ventosa-diseno-de-sujecion-en-triangulo-ajustable-270-rotable-estirable-amplia-compatibilidad-con-dispositivos-de-4-a-7-color-negro","status":"publish","type":"product","link":"https:\/\/soydeaqui.ddns.net\/pachuca\/index.php\/producto\/soporte-de-celular-para-automovil-con-ventosa-diseno-de-sujecion-en-triangulo-ajustable-270-rotable-estirable-amplia-compatibilidad-con-dispositivos-de-4-a-7-color-negro\/","title":{"rendered":"Soporte de Celular para Autom\u00f3vil con Ventosa \/ Dise\u00f1o de Sujecion en Triangulo \/ Ajustable 270\u00b0 \/ Rotable \/ Estirable \/ Amplia Compatibilidad con dispositivos de 4&#8221; a 7&#8221; \/ Color Negro"},"content":{"rendered":"<div style='width: 100%; max-width: 1200px; margin: 0 auto; font-family: sans-serif; line-height: 1.6; color: inherit; background-color: transparent;'>\n<div style='display: flex; flex-wrap: wrap; gap: 30px; margin-bottom: 30px;'>\n<div style='flex: 1 1 100%; min-width: 280px;'> <img style='width: 100%; height: auto; border: 1px solid rgba(150&comma;150&comma;150&comma;0.3); border-radius: 8px;' src='http:\/\/ftp3.syscom.mx\/usuarios\/maguilar\/Ugreen\/60990B\/60990B-Banner.png' alt=''> <\/div>\n<\/p><\/div>\n<div style='display: flex; flex-wrap: wrap; gap: 30px; margin-bottom: 30px;'>\n<div style='flex: 1 1 300px; min-width: 280px;'>\n<h3 style='font-size: 22px; border-bottom: 2px solid currentColor; padding-bottom: 5px; margin-top: 0; color: inherit; opacity: 0.8;'>F\u00e1cil de Usar<\/h3>\n<p style='font-size: 15px; color: inherit;'>Con un dise\u00f1o de vinculaci\u00f3n por gravedad&comma; este soporte para tel\u00e9fono para autom\u00f3vil simplemente puede bloquear su tel\u00e9fono en su lugar. Operaci\u00f3n con una sola mano para colocar su tel\u00e9fono de forma segura contra el soporte.<\/p>\n<\/p><\/div>\n<div style='flex: 1 1 300px; min-width: 280px;'>\n<h3 style='font-size: 22px; border-bottom: 2px solid currentColor; padding-bottom: 5px; margin-top: 0; color: inherit; opacity: 0.8;'>Fuerte Succi\u00f3n<\/h3>\n<p style='font-size: 15px; color: inherit;'>La ventosa lavable se adhiere de forma segura a su tablero o parabrisas&comma; incluso en una carretera con baches.<\/p>\n<ul style='padding-left: 20px; font-size: 14px; color: inherit;'>\n<li style='margin-bottom: 5px;'><strong>NOTA:<\/strong> Aseg\u00farese de que la superficie del tablero o del parabrisas est\u00e9 plana y limpia antes de instalar este soporte para autom\u00f3vil.<\/li>\n<\/ul><\/div>\n<div style='flex: 1 1 300px; min-width: 280px;'>\n<h3 style='font-size: 22px; border-bottom: 2px solid currentColor; padding-bottom: 5px; margin-top: 0; color: inherit; opacity: 0.8;'>\u00c1ngulo Ajustable<\/h3>\n<p style='font-size: 15px; color: inherit;'>La rotaci\u00f3n de 360\u00b0 de la base de la r\u00f3tula te ayuda a encontrar el mejor \u00e1ngulo de visi\u00f3n que prefieras. El brazo telesc\u00f3pico se puede ajustar y le brinda un arco m\u00e1ximo de 240 grados sin bloquear su vista.<\/p>\n<\/p><\/div>\n<\/p><\/div>\n<div style='display: flex; flex-wrap: wrap; gap: 20px; margin-bottom: 30px;'>\n<div style='flex: 1 1 250px; border: 1px solid rgba(150&comma; 150&comma; 150&comma; 0.4); border-radius: 8px; overflow: hidden; display: flex; flex-direction: column;'>\n<div style='padding: 15px; border-bottom: 1px solid rgba(150&comma; 150&comma; 150&comma; 0.2); font-weight: bold; font-size: 18px; color: inherit;'>Dispositivos Compatibles<\/div>\n<div style='padding: 15px; color: inherit;'>\n<p style='margin-bottom: 10px; font-size: 14px;'>La base de gravedad del soporte para tel\u00e9fono del autom\u00f3vil se puede extender para adaptarse a los tel\u00e9fonos inteligentes populares con un tama\u00f1o de pantalla que va desde 4.7&#8242; a Max 7&#8242;.<\/p>\n<ul style='padding-left: 20px; margin: 0; font-size: 14px; list-style-type: disc;'>\n<li style='margin-bottom: 5px;'>iPhone 11 Pro Max X MAX XR X 8 Plus 7 6 6s<\/li>\n<li style='margin-bottom: 5px;'>Samsung Galaxy S10 S10+ S10e S9+ S9 S8 Nota 10 Nota9 Nota8 Galaxy A20 A10 S7 S6 Borde<\/li>\n<li style='margin-bottom: 5px;'>LG V20 V30 V40 V10 K10 G4 G5 G6 G7 ThinQ<\/li>\n<li style='margin-bottom: 5px;'>Google Pixel 3 2 XL&comma; Google Pixel 3a&comma; Nexus 5X 6P<\/li>\n<li style='margin-bottom: 5px;'>OnePlus 6T 6 5T 5 3T 3<\/li>\n<li style='margin-bottom: 5px;'>Motorola Moto G7 G6 E4 E5&comma; Moto Z Fuerza<\/li>\n<li style='margin-bottom: 5px;'>Huawei P30 P20 Pro&comma; P20 Lite P10 P9 P8 Mate 10 Honor 10<\/li>\n<li style='margin-bottom: 5px;'>Sony Xperia XZ XZ1 XZ2 XZ3&comma; etc.<\/li>\n<\/ul>\n<p style='margin-top: 15px; font-size: 14px;'><strong>Nota:<\/strong> Aseg\u00farese de que la superficie del tablero o del parabrisas est\u00e9 plana y limpia antes de instalar este soporte para autom\u00f3vil.<\/p>\n<\/p><\/div>\n<\/p><\/div>\n<div style='flex: 1 1 250px; border: 1px solid rgba(150&comma; 150&comma; 150&comma; 0.4); border-radius: 8px; overflow: hidden; display: flex; flex-direction: column;'>\n<div style='padding: 15px; border-bottom: 1px solid rgba(150&comma; 150&comma; 150&comma; 0.2); font-weight: bold; font-size: 18px; color: inherit;'>Contenido del Paquete<\/div>\n<div style='padding: 15px; color: inherit;'>\n<ul style='padding-left: 20px; margin: 0; font-size: 14px; list-style-type: disc;'>\n<li style='margin-bottom: 5px;'>1 Soporte para coche con ventosa<\/li>\n<li style='margin-bottom: 5px;'>1 Manual de usuario<\/li>\n<\/ul><\/div>\n<\/p><\/div>\n<div style='flex: 1 1 250px; border: 1px solid rgba(150&comma; 150&comma; 150&comma; 0.4); border-radius: 8px; overflow: hidden; display: flex; flex-direction: column;'>\n<div style='padding: 15px; border-bottom: 1px solid rgba(150&comma; 150&comma; 150&comma; 0.2); font-weight: bold; font-size: 18px; color: inherit;'>Especificaciones<\/div>\n<div style='padding: 15px; color: inherit;'>\n<ul style='padding-left: 20px; margin: 0; font-size: 14px; list-style-type: disc;'>\n<li style='margin-bottom: 5px;'><strong>Tama\u00f1o de tel\u00e9fono compatible:<\/strong> 4.7&#8242; &#8211; 7&#8242;<\/li>\n<\/ul><\/div>\n<\/p><\/div>\n<div style='flex: 1 1 250px; border: 1px solid rgba(150&comma; 150&comma; 150&comma; 0.4); border-radius: 8px; overflow: hidden; display: flex; flex-direction: column;'>\n<div style='padding: 15px; border-bottom: 1px solid rgba(150&comma; 150&comma; 150&comma; 0.2); font-weight: bold; font-size: 18px; color: inherit;'>Garant\u00eda<\/div>\n<div style='padding: 15px; color: inherit;'>\n<ul style='padding-left: 20px; margin: 0; font-size: 14px; list-style-type: disc;'>\n<li style='margin-bottom: 5px;'><strong>1 A\u00f1o<\/strong> de Garant\u00eda<\/li>\n<\/ul><\/div>\n<\/p><\/div>\n<\/p><\/div>\n<div style='display: flex; flex-wrap: wrap; gap: 30px; margin-bottom: 30px;'>\n<div style='flex: 1 1 100%; min-width: 280px;'> <img style='width: 100%; height: auto; border: 1px solid rgba(150&comma;150&comma;150&comma;0.3); border-radius: 8px;' src='http:\/\/ftp3.syscom.mx\/usuarios\/maguilar\/Ugreen\/60990B\/60990B-Banner2.png' alt=''> <\/div>\n<\/p><\/div>\n<\/p><\/div>\n","protected":false},"excerpt":{"rendered":"<p>Soporte de Celular para Autom\u00f3vil con Ventosa \/ Dise\u00f1o de Sujecion en Triangulo \/ Ajustable 270\u00b0 \/ Rotable \/ Estirable \/ Amplia Compatibilidad con dispositivos de 4&#8221; a 7&#8221; \/ Color Negro<\/p>\n","protected":false},"featured_media":107562,"comment_status":"open","ping_status":"closed","template":"","meta":[],"product_brand":[],"product_cat":[1431],"product_tag":[93,650,1344],"class_list":{"0":"post-107563","1":"product","2":"type-product","3":"status-publish","4":"has-post-thumbnail","6":"product_cat-accesorios-videograbadoras-moviles-y-portatiles","7":"product_tag-accesorios","8":"product_tag-ugreen","9":"product_tag-videograbadoras-moviles-y-portatiles","11":"first","12":"instock","13":"sale","14":"shipping-taxable","15":"purchasable","16":"product-type-simple"},"_links":{"self":[{"href":"https:\/\/soydeaqui.ddns.net\/pachuca\/index.php\/wp-json\/wp\/v2\/product\/107563","targetHints":{"allow":["GET"]}}],"collection":[{"href":"https:\/\/soydeaqui.ddns.net\/pachuca\/index.php\/wp-json\/wp\/v2\/product"}],"about":[{"href":"https:\/\/soydeaqui.ddns.net\/pachuca\/index.php\/wp-json\/wp\/v2\/types\/product"}],"replies":[{"embeddable":true,"href":"https:\/\/soydeaqui.ddns.net\/pachuca\/index.php\/wp-json\/wp\/v2\/comments?post=107563"}],"wp:featuredmedia":[{"embeddable":true,"href":"https:\/\/soydeaqui.ddns.net\/pachuca\/index.php\/wp-json\/wp\/v2\/media\/107562"}],"wp:attachment":[{"href":"https:\/\/soydeaqui.ddns.net\/pachuca\/index.php\/wp-json\/wp\/v2\/media?parent=107563"}],"wp:term":[{"taxonomy":"product_brand","embeddable":true,"href":"https:\/\/soydeaqui.ddns.net\/pachuca\/index.php\/wp-json\/wp\/v2\/product_brand?post=107563"},{"taxonomy":"product_cat","embeddable":true,"href":"https:\/\/soydeaqui.ddns.net\/pachuca\/index.php\/wp-json\/wp\/v2\/product_cat?post=107563"},{"taxonomy":"product_tag","embeddable":true,"href":"https:\/\/soydeaqui.ddns.net\/pachuca\/index.php\/wp-json\/wp\/v2\/product_tag?post=107563"}],"curies":[{"name":"wp","href":"https:\/\/api.w.org\/{rel}","templated":true}]}}