{"id":107561,"date":"2026-03-20T17:15:19","date_gmt":"2026-03-20T17:15:19","guid":{"rendered":"https:\/\/soydeaqui.ddns.net\/pachuca\/index.php\/producto\/soporte-de-celular-para-manillar-de-motocicleta-o-bicicleta-anti-vibracion-proteccion-de-clip-antideslizante-rotacion-de-360-bloqueo-de-seguridad-compatible-con-manillar-de-0-6-a-1-7\/"},"modified":"2026-03-20T17:15:20","modified_gmt":"2026-03-20T17:15:20","slug":"soporte-de-celular-para-manillar-de-motocicleta-o-bicicleta-anti-vibracion-proteccion-de-clip-antideslizante-rotacion-de-360-bloqueo-de-seguridad-compatible-con-manillar-de-0-6-a-1-7","status":"publish","type":"product","link":"https:\/\/soydeaqui.ddns.net\/pachuca\/index.php\/producto\/soporte-de-celular-para-manillar-de-motocicleta-o-bicicleta-anti-vibracion-proteccion-de-clip-antideslizante-rotacion-de-360-bloqueo-de-seguridad-compatible-con-manillar-de-0-6-a-1-7\/","title":{"rendered":"Soporte de Celular para Manillar de Motocicleta o Bicicleta \/ Anti Vibraci\u00f3n \/ Protecci\u00f3n de clip Antideslizante \/ Rotaci\u00f3n de 360\u00b0 \/ Bloqueo de Seguridad \/ Compatible con manillar de 0.6&#8221; a 1.75&#8221; \/ Soporta dispositivos de 4.6&#8221;"},"content":{"rendered":"<div style='width: 100%; max-width: 1200px; margin: 0 auto; font-family: sans-serif; line-height: 1.6; color: inherit; background-color: transparent;'> <!-- Imagen principal --> <img style='width: 100%; height: auto; border: 1px solid rgba(150&comma;150&comma;150&comma;0.3); border-radius: 8px;' src='http:\/\/ftp3.syscom.mx\/usuarios\/hallende\/UGREEN2\/Soportes\/60548\/60548-1.jpg' alt=''> <!-- Secci\u00f3n de caracter\u00edsticas --> <\/p>\n<div style='display: flex; flex-wrap: wrap; gap: 30px; margin: 30px 0;'>\n<div style='flex: 1 1 300px; min-width: 280px;'>\n<h3 style='font-size: 22px; border-bottom: 2px solid currentColor; padding-bottom: 5px; margin-top: 0; color: inherit; opacity: 0.8;'>Seguro y Estable<\/h3>\n<p style='font-size: 15px; color: inherit;'>El soporte para celular bicicleta contiene cuatro almohadillas de silicona&comma; que evita eficazmente que su celular se caiga y se mueva. Incluso en carreteras con baches&comma; se puede proporcionar un soporte estable.<\/p>\n<\/p><\/div>\n<div style='flex: 1 1 300px; min-width: 280px;'>\n<h3 style='font-size: 22px; border-bottom: 2px solid currentColor; padding-bottom: 5px; margin-top: 0; color: inherit; opacity: 0.8;'>Operaci\u00f3n con una mano<\/h3>\n<p style='font-size: 15px; color: inherit;'>El soporte celular para bicicleta est\u00e1 equipado con un interruptor de liberaci\u00f3n r\u00e1pida. Puede poner o sacar su celular en un segundo con una sola mano y disfrutar de una conducci\u00f3n f\u00e1cil y segura. Se puede instalar f\u00e1cilmente en 10 segundos sin herramientas. Las 4 almohadillas de silicona adicionales hacen que su celular se ajuste mejor al manillar&comma; y pueden agregar o quitar la almohadilla de silicona seg\u00fan el di\u00e1metro del manillar.<\/p>\n<\/p><\/div>\n<div style='flex: 1 1 300px; min-width: 280px;'>\n<h3 style='font-size: 22px; border-bottom: 2px solid currentColor; padding-bottom: 5px; margin-top: 0; color: inherit; opacity: 0.8;'>Operaci\u00f3n Flexible<\/h3>\n<p style='font-size: 15px; color: inherit;'>El soporte universal para celulares de bicicleta se puede instalar sin herramientas y girar 360 grados&comma; por ello se ofrece una vista vertical y horizontal perfectamente.<\/p>\n<\/p><\/div>\n<div style='flex: 1 1 300px; min-width: 280px;'>\n<h3 style='font-size: 22px; border-bottom: 2px solid currentColor; padding-bottom: 5px; margin-top: 0; color: inherit; opacity: 0.8;'>Soporte ideal para Motocicleta o Ciclismo<\/h3>\n<p style='font-size: 15px; color: inherit;'>El soporte para celular bicicleta contiene un dise\u00f1o seguro&comma; protegiendo de clip antideslizante y rotando de 360 grados&comma; as\u00ed que garantiza la seguridad de la estabilidad de su dispositivo en bicicleta o motocicleta incluso en una carretera llena de baches. Est\u00e1 equipado con un interruptor de liberaci\u00f3n r\u00e1pida&comma; as\u00ed que se puede colocar o sacar su celular en un segundo con solo una mano y disfrutar de una conducci\u00f3n segura.<\/p>\n<\/p><\/div>\n<div style='flex: 1 1 300px; min-width: 280px;'>\n<h3 style='font-size: 22px; border-bottom: 2px solid currentColor; padding-bottom: 5px; margin-top: 0; color: inherit; opacity: 0.8;'>Compatibilidad M\u00faltiple<\/h3>\n<p style='font-size: 15px; color: inherit;'>El soporte para tel\u00e9fono para bicicleta se puede utilizar para manillar de 0.6-1.75 pulgadas de di\u00e1metro&comma; como bicicleta&comma; motocicleta&comma; cochecito&comma; carrito de compras&comma; etc. Cuenta con una amplia variedad de equipos compatibles de 4.6-6.8 pulgadas&comma; como iPhone 13&comma; 13 Pro&comma; 13 Pro Max&comma; 12 Pro Max&comma; 12 Pro&comma; 12&comma; 12 mini&comma; 11 Pro Max&comma; 11&comma; 11 Pro&comma; X&comma; XS&comma; XS MAX&comma; XR&comma; 8&comma; 8 Plus&comma; Galaxy S20&comma; S10&comma; S10e&comma; S10 Plus.<\/p>\n<\/p><\/div>\n<\/p><\/div>\n<p> <!-- Im\u00e1genes adicionales --> <img style='width: 100%; height: auto; border: 1px solid rgba(150&comma;150&comma;150&comma;0.3); border-radius: 8px; margin: 30px 0;' src='http:\/\/ftp3.syscom.mx\/usuarios\/hallende\/UGREEN2\/Soportes\/60548\/60548-7.jpg' alt=''> <img style='width: 100%; height: auto; border: 1px solid rgba(150&comma;150&comma;150&comma;0.3); border-radius: 8px; margin: 30px 0;' src='http:\/\/ftp3.syscom.mx\/usuarios\/hallende\/UGREEN2\/Soportes\/60548\/60548-8.jpg' alt=''> <img style='width: 100%; height: auto; border: 1px solid rgba(150&comma;150&comma;150&comma;0.3); border-radius: 8px; margin: 30px 0;' src='http:\/\/ftp3.syscom.mx\/usuarios\/hallende\/UGREEN2\/Soportes\/60548\/60548-10.jpg' alt=''> <!-- Secci\u00f3n de especificaciones --> <\/p>\n<div style='margin: 30px 0;'>\n<h3 style='font-size: 22px; border-bottom: 2px solid currentColor; padding-bottom: 5px; margin-top: 0; color: inherit; opacity: 0.8;'>Especificaciones<\/h3>\n<ul style='padding-left: 20px; font-size: 15px; color: inherit;'>\n<li style='margin-bottom: 5px;'><strong>Dimensiones del producto:<\/strong> 5.9 x 11 x 16 cm<\/li>\n<li style='margin-bottom: 5px;'><strong>Peso del producto:<\/strong> 258 g<\/li>\n<li style='margin-bottom: 5px;'><strong>Caracter\u00edsticas especiales:<\/strong> Antideslizante<\/li>\n<li style='margin-bottom: 5px;'><strong>Garant\u00eda:<\/strong> 1 A\u00f1o por defectos de fabricaci\u00f3n<\/li>\n<\/ul><\/div>\n<p> <!-- Separador final --> <\/p>\n<hr style='border: 0; border-top: 1px solid rgba(150&comma; 150&comma; 150&comma; 0.3); margin: 30px 0;'> <\/div>\n","protected":false},"excerpt":{"rendered":"<p>Soporte de Celular para Manillar de Motocicleta o Bicicleta \/ Anti Vibraci\u00f3n \/ Protecci\u00f3n de clip Antideslizante \/ Rotaci\u00f3n de 360\u00b0 \/ Bloqueo de Seguridad \/ Compatible con manillar de 0.6&#8221; a 1.75&#8221; \/ Soporta dispositivos de 4.6&#8221;<\/p>\n","protected":false},"featured_media":107560,"comment_status":"open","ping_status":"closed","template":"","meta":[],"product_brand":[],"product_cat":[1396],"product_tag":[1397,1382,650],"class_list":{"0":"post-107561","1":"product","2":"type-product","3":"status-publish","4":"has-post-thumbnail","6":"product_cat-accesorios-refacciones-luces-auxiliares-para-motocicletas","7":"product_tag-accesorios-refacciones-2","8":"product_tag-luces-auxiliares-para-motocicletas","9":"product_tag-ugreen","11":"first","12":"instock","13":"sale","14":"shipping-taxable","15":"purchasable","16":"product-type-simple"},"_links":{"self":[{"href":"https:\/\/soydeaqui.ddns.net\/pachuca\/index.php\/wp-json\/wp\/v2\/product\/107561","targetHints":{"allow":["GET"]}}],"collection":[{"href":"https:\/\/soydeaqui.ddns.net\/pachuca\/index.php\/wp-json\/wp\/v2\/product"}],"about":[{"href":"https:\/\/soydeaqui.ddns.net\/pachuca\/index.php\/wp-json\/wp\/v2\/types\/product"}],"replies":[{"embeddable":true,"href":"https:\/\/soydeaqui.ddns.net\/pachuca\/index.php\/wp-json\/wp\/v2\/comments?post=107561"}],"wp:featuredmedia":[{"embeddable":true,"href":"https:\/\/soydeaqui.ddns.net\/pachuca\/index.php\/wp-json\/wp\/v2\/media\/107560"}],"wp:attachment":[{"href":"https:\/\/soydeaqui.ddns.net\/pachuca\/index.php\/wp-json\/wp\/v2\/media?parent=107561"}],"wp:term":[{"taxonomy":"product_brand","embeddable":true,"href":"https:\/\/soydeaqui.ddns.net\/pachuca\/index.php\/wp-json\/wp\/v2\/product_brand?post=107561"},{"taxonomy":"product_cat","embeddable":true,"href":"https:\/\/soydeaqui.ddns.net\/pachuca\/index.php\/wp-json\/wp\/v2\/product_cat?post=107561"},{"taxonomy":"product_tag","embeddable":true,"href":"https:\/\/soydeaqui.ddns.net\/pachuca\/index.php\/wp-json\/wp\/v2\/product_tag?post=107561"}],"curies":[{"name":"wp","href":"https:\/\/api.w.org\/{rel}","templated":true}]}}