{"id":107555,"date":"2026-03-20T17:15:01","date_gmt":"2026-03-20T17:15:01","guid":{"rendered":"https:\/\/soydeaqui.ddns.net\/pachuca\/index.php\/producto\/base-usb-3-0-para-disco-duro-de-doble-bahia-soporta-discos-sata-de-2-5-3-5-soporta-discos-de-12tb-compatible-con-uasp-sata-3-0-con-adaptador-de-corriente-12v3a-cable-usb-1m-alta\/"},"modified":"2026-03-20T17:15:16","modified_gmt":"2026-03-20T17:15:16","slug":"base-usb-3-0-para-disco-duro-de-doble-bahia-soporta-discos-sata-de-2-5-3-5-soporta-discos-de-12tb-compatible-con-uasp-sata-3-0-con-adaptador-de-corriente-12v3a-cable-usb-1m-alta","status":"publish","type":"product","link":"https:\/\/soydeaqui.ddns.net\/pachuca\/index.php\/producto\/base-usb-3-0-para-disco-duro-de-doble-bahia-soporta-discos-sata-de-2-5-3-5-soporta-discos-de-12tb-compatible-con-uasp-sata-3-0-con-adaptador-de-corriente-12v3a-cable-usb-1m-alta\/","title":{"rendered":"Base USB 3.0 para Disco Duro de Doble Bah\u00eda | Soporta Discos SATA de 2.5&#8242; &#038; 3.5\u00b4 | Soporta discos de 12TB | Compatible con UASP, SATA 3.0 | Con adaptador de corriente 12V3A | Cable USB 1M | Alta Velocidad | Modo Clonaci\u00f3n."},"content":{"rendered":"<div style='width: 100%; max-width: 1200px; margin: 0 auto; font-family: sans-serif; line-height: 1.6; color: inherit; background-color: transparent;'>\n<div style='width: 100%;'> <img style='width: 100%; height: auto; border: 1px solid rgba(150&comma;150&comma;150&comma;0.3); border-radius: 8px;' src='http:\/\/ftp3.syscom.mx\/usuarios\/maguilar\/Ugreen\/50854\/50854-Banner.png' alt=''> <\/div>\n<div style='display: flex; flex-wrap: wrap; gap: 30px; margin-bottom: 30px;'>\n<div style='flex: 1 1 300px; min-width: 280px;'>\n<h3 style='font-size: 22px; border-bottom: 2px solid currentColor; padding-bottom: 5px; margin-top: 0; color: inherit; opacity: 0.8;'>Clonador de Disco Duro sin Computadora<\/h3>\n<p style='font-size: 15px; color: inherit;'>El duplicador de disco duro ofrece dos conexiones SATA III de 15 pines y permite acoplar dos unidades a trav\u00e9s de USB 3.0 para facilitar el acceso o clonar una unidad SATA sin una conexi\u00f3n de host. Perfecto para migrar datos de un disco antiguo a uno nuevo&comma; hacer una duplicaci\u00f3n de disco completa para mantener la integridad y seguridad de los datos&comma; actualizar el disco duro&comma; recuperar datos de forma independiente&comma; transferir el sistema operativo de HDD a SSD m\u00e1s f\u00e1cilmente. Y los indicadores LED le permiten aprender el proceso de clonaci\u00f3n f\u00e1cilmente.<\/p>\n<\/p><\/div>\n<\/p><\/div>\n<div style='display: flex; flex-wrap: wrap; gap: 30px; margin-bottom: 30px;'>\n<div style='flex: 1 1 300px; min-width: 280px;'>\n<h3 style='font-size: 22px; border-bottom: 2px solid currentColor; padding-bottom: 5px; margin-top: 0; color: inherit; opacity: 0.8;'>Tasa de Transmisi\u00f3n de Datos R\u00e1pida<\/h3>\n<p style='font-size: 15px; color: inherit;'>Seg\u00fan los resultados de las pruebas en el laboratorio de Ugreen&comma; esta estaci\u00f3n de acoplamiento de disco duro USB 3.0 puede transferir archivos 1G en segundos. La base est\u00e1 construida con una conexi\u00f3n SATA-III de 6 Gbps y USB 3.0 de 5 Gbps que admite el protocolo de transmisi\u00f3n acelerada UASP y realiza una velocidad de lectura un 70 % m\u00e1s r\u00e1pida y una velocidad de escritura un 40 % m\u00e1s r\u00e1pida que el USB 3.0 convencional. Con el conjunto de chips JMS561U y la fuente de alimentaci\u00f3n de 12 V 3 A&comma; se garantiza una velocidad de transmisi\u00f3n de datos r\u00e1pida y constante.<\/p>\n<\/p><\/div>\n<\/p><\/div>\n<div style='display: flex; flex-wrap: wrap; gap: 30px; margin-bottom: 30px;'>\n<div style='flex: 1 1 300px; min-width: 280px;'>\n<h3 style='font-size: 22px; border-bottom: 2px solid currentColor; padding-bottom: 5px; margin-top: 0; color: inherit; opacity: 0.8;'>Capacidad de 12 TB Instalaci\u00f3n F\u00e1cil y sin Herramientas<\/h3>\n<p style='font-size: 15px; color: inherit;'>Debido al dise\u00f1o de doble bah\u00eda&comma; este caddy USB 3.0 admite dos unidades HDD&comma; SSD&comma; SSHD simult\u00e1neamente de hasta 12 TB&comma; como Crucial BX500&comma; Samsung 860 EVO&comma; WD Red. Plug &#038; play y sin necesidad de instalaci\u00f3n de drivers y herramientas. Totalmente compatible con sistemas operativos de computadora como MacOS&comma; Windows 10\/8.1\/8\/7\/XP\/Vista&comma; Linux&comma; Chrome&comma; PS4 Pro&comma; PS3&comma; Xbox One&comma; Smart TV&comma; enrutador&comma; tel\u00e9fonos\/tabletas OTG&comma; etc.<\/p>\n<\/p><\/div>\n<\/p><\/div>\n<div style='display: flex; flex-wrap: wrap; gap: 30px; margin-bottom: 30px;'>\n<div style='flex: 1 1 300px; min-width: 280px;'>\n<h3 style='font-size: 22px; border-bottom: 2px solid currentColor; padding-bottom: 5px; margin-top: 0; color: inherit; opacity: 0.8;'>Modo de Reposo Autom\u00e1tico y Mejor Disipaci\u00f3n del Calor<\/h3>\n<p style='font-size: 15px; color: inherit;'>La carcasa del disco duro de 3&comma;5 pulgadas entrar\u00e1 en modo de suspensi\u00f3n cuando dos unidades no funcionen en 15 minutos. Este dise\u00f1o permite que las unidades dejen de girar y es bueno para prolongar su vida \u00fatil. El dise\u00f1o vertical en l\u00ednea hace que la mitad de los discos duros queden expuestos al aire. Bueno para disipar el calor y evitar el sobrecalentamiento. Es mucho m\u00e1s seguro que el caso cerrado.<\/p>\n<\/p><\/div>\n<\/p><\/div>\n<div style='display: flex; flex-wrap: wrap; gap: 30px; margin-bottom: 30px;'>\n<div style='flex: 1 1 300px; min-width: 280px;'>\n<h3 style='font-size: 22px; border-bottom: 2px solid currentColor; padding-bottom: 5px; margin-top: 0; color: inherit; opacity: 0.8;'>Gran Compatibilidad<\/h3>\n<p style='font-size: 15px; color: inherit;'>La base SATA a USB 3.0 es compatible con computadoras de escritorio\/port\u00e1tiles con Windows 10\/8.1\/8\/7\/Vista\/XP&comma; Mac OS 10 o superior&comma; Linux&comma; Chrome&comma; PS4&comma; PS3&comma; Xbox&comma; enrutador&comma; Smart TV&comma; tel\u00e9fono OTG\/ Tableta&comma; como Samsung Galaxy S9 Plus \/ S9 \/ S8 \/ Note 9 \/ Note 8 \/ Tab S4&comma; Huawei Mate20 Pro \/ Mate 10 \/ P30 Pro \/ P20 Pro \/ P8&comma; Sony Xperia XA \/ XZ \/ Z5&comma; Xiaomi Redmi 5&comma; Nokia 5\/6\/7 etc<\/p>\n<p style='font-size: 15px; color: inherit; margin-top: 10px;'>Nota: Se necesita de un adaptador USB OTG.<\/p>\n<\/p><\/div>\n<\/p><\/div>\n<div style='display: flex; flex-wrap: wrap; gap: 20px; margin-bottom: 30px;'>\n<div style='flex: 1 1 250px; border: 1px solid rgba(150&comma; 150&comma; 150&comma; 0.4); border-radius: 8px; overflow: hidden; display: flex; flex-direction: column;'>\n<div style='padding: 15px; border-bottom: 1px solid rgba(150&comma; 150&comma; 150&comma; 0.2); font-weight: bold; font-size: 18px; color: inherit;'>Contenido del Paquete<\/div>\n<div style='padding: 15px; color: inherit;'>\n<ul style='padding-left: 20px; margin: 0; font-size: 14px; list-style-type: disc; color: inherit;'>\n<li style='margin-bottom: 5px;'>1 x SATA HDD SSD Docking Station Encloner Dual Bay Cloner<\/li>\n<li style='margin-bottom: 5px;'>1 Fuente de Alimentaci\u00f3n de CC de 12 V y 3 A.<\/li>\n<li style='margin-bottom: 5px;'>1 Cable USB 3.0 tipo A a B de 1 m.<\/li>\n<li style='margin-bottom: 5px;'>1 Manual de Usuario.<\/li>\n<\/ul><\/div>\n<\/p><\/div>\n<div style='flex: 1 1 250px; border: 1px solid rgba(150&comma; 150&comma; 150&comma; 0.4); border-radius: 8px; overflow: hidden; display: flex; flex-direction: column;'>\n<div style='padding: 15px; border-bottom: 1px solid rgba(150&comma; 150&comma; 150&comma; 0.2); font-weight: bold; font-size: 18px; color: inherit;'>Especificaciones<\/div>\n<div style='padding: 15px; color: inherit;'>\n<ul style='padding-left: 20px; margin: 0; font-size: 14px; list-style-type: disc; color: inherit;'>\n<li style='margin-bottom: 5px;'>Compatible con disco duro SATA de 12 TB de 2&comma;5\/3&comma;5 pulgadas<\/li>\n<li style='margin-bottom: 5px;'>Clonaci\u00f3n fuera de l\u00ednea independiente de la computadora (disco A a disco B)<\/li>\n<li style='margin-bottom: 5px;'>Tama\u00f1o: L162*W112*H61.5mm<\/li>\n<li style='margin-bottom: 5px;'>Cable USB 1M<\/li>\n<\/ul><\/div>\n<\/p><\/div>\n<div style='flex: 1 1 250px; border: 1px solid rgba(150&comma; 150&comma; 150&comma; 0.4); border-radius: 8px; overflow: hidden; display: flex; flex-direction: column;'>\n<div style='padding: 15px; border-bottom: 1px solid rgba(150&comma; 150&comma; 150&comma; 0.2); font-weight: bold; font-size: 18px; color: inherit;'>Garant\u00eda<\/div>\n<div style='padding: 15px; color: inherit;'>\n<p style='margin: 0; font-size: 14px; color: inherit;'>1 A\u00f1o de Garant\u00eda<\/p>\n<\/p><\/div>\n<\/p><\/div>\n<\/p><\/div>\n<div style='width: 100%;'> <img style='width: 100%; height: auto; border: 1px solid rgba(150&comma;150&comma;150&comma;0.3); border-radius: 8px;' src='http:\/\/ftp3.syscom.mx\/usuarios\/maguilar\/Ugreen\/50854\/50854-Banner2.png' alt=''> <\/div>\n<\/p><\/div>\n","protected":false},"excerpt":{"rendered":"<p>Base USB 3.0 para Disco Duro de Doble Bah\u00eda | Soporta Discos SATA de 2.5&#8242; &#038; 3.5\u00b4 | Soporta discos de 12TB | Compatible con UASP, SATA 3.0 | Con adaptador de corriente 12V3A | Cable USB 1M | Alta Velocidad | Modo Clonaci\u00f3n.<\/p>\n","protected":false},"featured_media":107554,"comment_status":"open","ping_status":"closed","template":"","meta":[],"product_brand":[],"product_cat":[2103],"product_tag":[2022,2065,650],"class_list":{"0":"post-107555","1":"product","2":"type-product","3":"status-publish","4":"has-post-thumbnail","6":"product_cat-discos-duros-mecanicos-hdd-servidores-almacenamiento","7":"product_tag-discos-duros-mecanicos-hdd","8":"product_tag-servidores-almacenamiento","9":"product_tag-ugreen","11":"first","12":"instock","13":"sale","14":"shipping-taxable","15":"purchasable","16":"product-type-simple"},"_links":{"self":[{"href":"https:\/\/soydeaqui.ddns.net\/pachuca\/index.php\/wp-json\/wp\/v2\/product\/107555","targetHints":{"allow":["GET"]}}],"collection":[{"href":"https:\/\/soydeaqui.ddns.net\/pachuca\/index.php\/wp-json\/wp\/v2\/product"}],"about":[{"href":"https:\/\/soydeaqui.ddns.net\/pachuca\/index.php\/wp-json\/wp\/v2\/types\/product"}],"replies":[{"embeddable":true,"href":"https:\/\/soydeaqui.ddns.net\/pachuca\/index.php\/wp-json\/wp\/v2\/comments?post=107555"}],"wp:featuredmedia":[{"embeddable":true,"href":"https:\/\/soydeaqui.ddns.net\/pachuca\/index.php\/wp-json\/wp\/v2\/media\/107554"}],"wp:attachment":[{"href":"https:\/\/soydeaqui.ddns.net\/pachuca\/index.php\/wp-json\/wp\/v2\/media?parent=107555"}],"wp:term":[{"taxonomy":"product_brand","embeddable":true,"href":"https:\/\/soydeaqui.ddns.net\/pachuca\/index.php\/wp-json\/wp\/v2\/product_brand?post=107555"},{"taxonomy":"product_cat","embeddable":true,"href":"https:\/\/soydeaqui.ddns.net\/pachuca\/index.php\/wp-json\/wp\/v2\/product_cat?post=107555"},{"taxonomy":"product_tag","embeddable":true,"href":"https:\/\/soydeaqui.ddns.net\/pachuca\/index.php\/wp-json\/wp\/v2\/product_tag?post=107555"}],"curies":[{"name":"wp","href":"https:\/\/api.w.org\/{rel}","templated":true}]}}