{"id":107544,"date":"2026-03-20T17:14:27","date_gmt":"2026-03-20T17:14:27","guid":{"rendered":"https:\/\/soydeaqui.ddns.net\/pachuca\/index.php\/producto\/contacto-duplex-15-a-125-v-2-polos-3-hilos-color-naranja-nema-5-15r-grado-hospital\/"},"modified":"2026-03-20T17:14:29","modified_gmt":"2026-03-20T17:14:29","slug":"contacto-duplex-15-a-125-v-2-polos-3-hilos-color-naranja-nema-5-15r-grado-hospital","status":"publish","type":"product","link":"https:\/\/soydeaqui.ddns.net\/pachuca\/index.php\/producto\/contacto-duplex-15-a-125-v-2-polos-3-hilos-color-naranja-nema-5-15r-grado-hospital\/","title":{"rendered":"Contacto D\u00faplex 15 A 125 V 2 Polos, 3 Hilos Color Naranja (Nema 5-15R). Grado Hospital."},"content":{"rendered":"<div style='width: 100%; max-width: 1200px; margin: 0 auto; font-family: sans-serif; line-height: 1.6; color: inherit; background-color: transparent;'>\n<div style='display: flex; flex-wrap: wrap; gap: 20px; margin-bottom: 30px;'>\n<div style='flex: 1 1 300px; min-width: 280px;'>\n<h3 style='font-size: 22px; border-bottom: 2px solid currentColor; padding-bottom: 5px; margin-top: 0; color: inherit; opacity: 0.8;'>Especificaciones<\/h3>\n<ul style='padding-left: 20px; font-size: 15px; color: inherit;'>\n<li style='margin-bottom: 5px;'><strong>Aplicaci\u00f3n:<\/strong> Servicio extra pesado Grado Hospital<\/li>\n<li style='margin-bottom: 5px;'><strong>Color:<\/strong> Naranja<\/li>\n<li style='margin-bottom: 5px;'><strong>Ambientes de trabajo:<\/strong> Interior seco a menos que se encuentre protegido por medios adicionales.<\/li>\n<li style='margin-bottom: 5px;'><strong>Potencia &#8211; max.:<\/strong> 0.5<\/li>\n<li style='margin-bottom: 5px;'><strong>Tipo de equipo:<\/strong> Duplex tradicional<\/li>\n<li style='margin-bottom: 5px;'><strong>Material:<\/strong> Termopl\u00e1stico<\/li>\n<li style='margin-bottom: 5px;'><strong>N\u00famero de Polos:<\/strong> 2 Polos<\/li>\n<li style='margin-bottom: 5px;'><strong>Temperatura de Operaci\u00f3n:<\/strong> M\u00e1xima continua de 75 \u00b0C y m\u00ednima de -40 \u00b0C sin impactos.<\/li>\n<li style='margin-bottom: 5px;'><strong>Rendimiento:<\/strong><\/li>\n<ul style='padding-left: 30px; margin-top: 5px; margin-bottom: 15px; color: inherit;'>\n<li style='margin-bottom: 5px;'>El\u00e9ctrico &#8211; Interrupci\u00f3n de corriente- Certificado para interrupci\u00f3n de corriente a corriente nominal completa.<\/li>\n<li style='margin-bottom: 5px;'>El\u00e9ctrico &#8211; Voltaje diel\u00e9ctrico- Soporta un m\u00ednimo de 2 000 V.<\/li>\n<li style='margin-bottom: 5px;'>Ambiental- Inflamabilidad &#8211; Superior: UL 94V-2.<\/li>\n<li style='margin-bottom: 5px;'>Ambiental- Temperaturas de funcionamiento- M\u00e1xima continua de 75 \u00b0C y m\u00ednima de -40 \u00b0C sin impactos.<\/li>\n<li style='margin-bottom: 5px;'>Mec\u00e1nica- Identifiaci\u00f3n del producto &#8211; Las clasificaciones son una parte permanente del dispositivo.<\/li>\n<li style='margin-bottom: 5px;'>Mec\u00e1nica- Alojamiento de terminales &#8211; S\u00f3lo conductor s\u00f3lido o trenzado de cobre # 14 #10 AWG.<\/li>\n<li style='margin-bottom: 5px;'>Mec\u00e1nico: Identificaci\u00f3n de terminales- Terminales identificados de acuerdo con UL 498 y CSA.<\/li>\n<\/ul>\n<li style='margin-bottom: 5px;'><strong>Serie:<\/strong> Servicio pesado<\/li>\n<li style='margin-bottom: 5px;'><strong>Dimensiones:<\/strong><\/li>\n<ul style='padding-left: 30px; margin-top: 5px; margin-bottom: 15px; color: inherit;'>\n<li style='margin-bottom: 5px;'>3.28 in x 1.33 in x 1.05 in<\/li>\n<li style='margin-bottom: 5px;'>83.31 mm x 33.78 mm x 26.67 mm<\/li>\n<\/ul>\n<li style='margin-bottom: 5px;'><strong>Altura:<\/strong> 1.05 in (26.67 mm)<\/li>\n<li style='margin-bottom: 5px;'><strong>Largo:<\/strong> 3.28 in (83.31 mm)<\/li>\n<li style='margin-bottom: 5px;'><strong>Ancho:<\/strong> 1.33 in (33.78 mm)<\/li>\n<li style='margin-bottom: 5px;'><strong>Peso:<\/strong> 0.2 lb (0.09 kg)<\/li>\n<li style='margin-bottom: 5px;'><strong>Rango de amperaje:<\/strong> 15 A<\/li>\n<li style='margin-bottom: 5px;'><strong>Rango de Voltaje:<\/strong> 125 V<\/li>\n<li style='margin-bottom: 5px;'><strong>Potencia:<\/strong> 1875 W<\/li>\n<li style='margin-bottom: 5px;'><strong>N\u00famero de Hilos:<\/strong> 3- Hilos<\/li>\n<li style='margin-bottom: 5px;'><strong>Tama\u00f1o de Cable:<\/strong> #14 AWG a #10 AWG<\/li>\n<li style='margin-bottom: 5px;'><strong>Nema:<\/strong> 5 &#8211; 15 R<\/li>\n<\/ul><\/div>\n<\/p><\/div>\n<hr style='border: 0; border-top: 1px solid rgba(150&comma; 150&comma; 150&comma; 0.3); margin: 30px 0;'> <\/div>\n","protected":false},"excerpt":{"rendered":"<p>Contacto D\u00faplex 15 A 125 V 2 Polos, 3 Hilos Color Naranja (Nema 5-15R). Grado Hospital.<\/p>\n","protected":false},"featured_media":107543,"comment_status":"open","ping_status":"closed","template":"","meta":[],"product_brand":[],"product_cat":[1071],"product_tag":[1066,1072,705],"class_list":{"0":"post-107544","1":"product","2":"type-product","3":"status-publish","4":"has-post-thumbnail","6":"product_cat-extensiones-y-multicontactos","7":"product_tag-area-electrica","8":"product_tag-extensiones-y-multicontactos","9":"product_tag-hubbell","11":"first","12":"outofstock","13":"sale","14":"shipping-taxable","15":"purchasable","16":"product-type-simple"},"_links":{"self":[{"href":"https:\/\/soydeaqui.ddns.net\/pachuca\/index.php\/wp-json\/wp\/v2\/product\/107544","targetHints":{"allow":["GET"]}}],"collection":[{"href":"https:\/\/soydeaqui.ddns.net\/pachuca\/index.php\/wp-json\/wp\/v2\/product"}],"about":[{"href":"https:\/\/soydeaqui.ddns.net\/pachuca\/index.php\/wp-json\/wp\/v2\/types\/product"}],"replies":[{"embeddable":true,"href":"https:\/\/soydeaqui.ddns.net\/pachuca\/index.php\/wp-json\/wp\/v2\/comments?post=107544"}],"wp:featuredmedia":[{"embeddable":true,"href":"https:\/\/soydeaqui.ddns.net\/pachuca\/index.php\/wp-json\/wp\/v2\/media\/107543"}],"wp:attachment":[{"href":"https:\/\/soydeaqui.ddns.net\/pachuca\/index.php\/wp-json\/wp\/v2\/media?parent=107544"}],"wp:term":[{"taxonomy":"product_brand","embeddable":true,"href":"https:\/\/soydeaqui.ddns.net\/pachuca\/index.php\/wp-json\/wp\/v2\/product_brand?post=107544"},{"taxonomy":"product_cat","embeddable":true,"href":"https:\/\/soydeaqui.ddns.net\/pachuca\/index.php\/wp-json\/wp\/v2\/product_cat?post=107544"},{"taxonomy":"product_tag","embeddable":true,"href":"https:\/\/soydeaqui.ddns.net\/pachuca\/index.php\/wp-json\/wp\/v2\/product_tag?post=107544"}],"curies":[{"name":"wp","href":"https:\/\/api.w.org\/{rel}","templated":true}]}}