{"id":107540,"date":"2026-03-20T17:14:13","date_gmt":"2026-03-20T17:14:13","guid":{"rendered":"https:\/\/soydeaqui.ddns.net\/pachuca\/index.php\/producto\/escaner-portatil-de-codigo-de-barras-rapidid-con-conexion-bluetooth-para-uso-con-cables-de-parcheo-y-jumpers-pre-etiquetados-de-panduit\/"},"modified":"2026-03-20T17:14:22","modified_gmt":"2026-03-20T17:14:22","slug":"escaner-portatil-de-codigo-de-barras-rapidid-con-conexion-bluetooth-para-uso-con-cables-de-parcheo-y-jumpers-pre-etiquetados-de-panduit","status":"publish","type":"product","link":"https:\/\/soydeaqui.ddns.net\/pachuca\/index.php\/producto\/escaner-portatil-de-codigo-de-barras-rapidid-con-conexion-bluetooth-para-uso-con-cables-de-parcheo-y-jumpers-pre-etiquetados-de-panduit\/","title":{"rendered":"Esc\u00e1ner Port\u00e1til de C\u00f3digo de Barras RapidID\u2122, Con Conexi\u00f3n Bluetooth\u00ae, Para Uso Con Cables de Parcheo y Jumpers Pre-Etiquetados de Panduit"},"content":{"rendered":"<div style='width: 100%; max-width: 1200px; margin: 0 auto; font-family: sans-serif; line-height: 1.6; color: inherit; background-color: transparent;'> <!-- Imagen principal --> <\/p>\n<div style='margin-bottom: 30px;'> <img style='width: 100%; height: auto; border: 1px solid rgba(150&comma;150&comma;150&comma;0.3); border-radius: 8px;' src='https:\/\/ftp3.syscom.mx\/usuarios\/fotos\/RPDSCN\/208541-administracion-de-cables-con-panduit-rapidid.jpeg' alt=''> <\/div>\n<p> <!-- Contenido principal --> <\/p>\n<div style='display: flex; flex-wrap: wrap; gap: 30px; margin-bottom: 30px;'>\n<div style='flex: 1 1 300px; min-width: 280px;'>\n<p style='font-size: 15px; color: inherit; margin-bottom: 15px;'>Hacer un seguimiento de las conexiones de los cables de parcheo puede llevar mucho tiempo y mucho trabajo. El etiquetado&comma; el rastreo y la soluci\u00f3n de problemas son tediosos&comma; repetitivos y notoriamente propensos a errores humanos. Todo esto conduce a la p\u00e9rdida de tiempo&comma; esfuerzo y dinero. Las soluciones disponibles para abordar estos problemas no son ni pr\u00e1cticas ni rentables&comma; hasta ahora.<\/p>\n<p style='font-size: 15px; color: inherit; margin-bottom: 15px;'>RapidID es un sistema de mapeo de red habilitado por software de Panduit. Para los ingenieros de redes y los administradores de centros de datos&comma; RapidID es una alternativa pr\u00e1ctica y asequible a los enfoques manuales tradicionales. No requiere paneles ni cableado especiales&comma; y es ideal para construir una nueva sala de telecomunicaciones&comma; ubicar el cableado instalado o reemplazar un Switch de red.<\/p>\n<\/p><\/div>\n<\/p><\/div>\n<p> <!-- Caracter\u00edsticas Clave --> <\/p>\n<div style='display: flex; flex-wrap: wrap; gap: 20px; margin-bottom: 30px;'>\n<div style='flex: 1 1 250px; border: 1px solid rgba(150&comma; 150&comma; 150&comma; 0.4); border-radius: 8px; overflow: hidden; display: flex; flex-direction: column;'>\n<div style='padding: 15px; border-bottom: 1px solid rgba(150&comma; 150&comma; 150&comma; 0.2); font-weight: bold; font-size: 18px; color: inherit;'>Caracter\u00edsticas Clave<\/div>\n<div style='padding: 15px; color: inherit;'>\n<ul style='padding-left: 20px; margin: 0; font-size: 14px; list-style-type: disc;'>\n<li style='margin-bottom: 5px;'>Los cables de parcheo est\u00e1n preetiquetados: Automatiza el proceso de documentaci\u00f3n de cables&comma; que requiere mucha mano de obra y es propenso a errores&comma; lo que puede provocar una interrupci\u00f3n.<\/li>\n<li style='margin-bottom: 5px;'>Esc\u00e1ner f\u00e1cil de usar: Ahorra tiempo en el seguimiento&comma; el etiquetado y la documentaci\u00f3n<\/li>\n<li style='margin-bottom: 5px;'>Aplicaci\u00f3n m\u00f3vil rica en funciones: Reduzca el tiempo y el costo de la documentaci\u00f3n del patch cord hasta en un 50% y controle los costos y riesgos asociados con la instalaci\u00f3n y administraci\u00f3n de cables<\/li>\n<li style='margin-bottom: 5px;'>Aplicaci\u00f3n m\u00f3vil compatible con iOS o Android<\/li>\n<\/ul><\/div>\n<\/p><\/div>\n<\/p><\/div>\n<p> <!-- Especificaciones T\u00e9cnicas --> <\/p>\n<div style='display: flex; flex-wrap: wrap; gap: 20px; margin-bottom: 30px;'>\n<div style='flex: 1 1 250px; border: 1px solid rgba(150&comma; 150&comma; 150&comma; 0.4); border-radius: 8px; overflow: hidden; display: flex; flex-direction: column;'>\n<div style='padding: 15px; border-bottom: 1px solid rgba(150&comma; 150&comma; 150&comma; 0.2); font-weight: bold; font-size: 18px; color: inherit;'>Especificaciones T\u00e9cnicas<\/div>\n<div style='padding: 15px; color: inherit;'>\n<ul style='padding-left: 20px; margin: 0; font-size: 14px; list-style-type: disc;'>\n<li style='margin-bottom: 5px;'><strong>Voltaje de Entrada:<\/strong> 3.5 a 5 Vcd<\/li>\n<li style='margin-bottom: 5px;'><strong>Tiempo de operaci\u00f3n con bater\u00eda uso continuo:<\/strong> 12 horas<\/li>\n<li style='margin-bottom: 5px;'><strong>Color:<\/strong> Negro<\/li>\n<li style='margin-bottom: 5px;'><strong>Bater\u00eda:<\/strong> 1200 mAh Lithium-Ion Recargable<\/li>\n<li style='margin-bottom: 5px;'><strong>Conexi\u00f3n:<\/strong> USB-C<\/li>\n<li style='margin-bottom: 5px;'><strong>LEDs indicadores:<\/strong> LED de Pantalla&comma; Sonido&comma; y Vibraci\u00f3n<\/li>\n<li style='margin-bottom: 5px;'><strong>Bluetooth:<\/strong> Clase 1.5&comma; Versi\u00f3n 4.0 (LE)<\/li>\n<li style='margin-bottom: 5px;'><strong>Temperatura de operaci\u00f3n:<\/strong> -20 a 50\u00baC<\/li>\n<li style='margin-bottom: 5px;'><strong>Dimensiones:<\/strong> 12 x 4.5 x 2.5 cm<\/li>\n<\/ul><\/div>\n<\/p><\/div>\n<\/p><\/div>\n<p> <!-- Incluye --> <\/p>\n<div style='display: flex; flex-wrap: wrap; gap: 20px; margin-bottom: 30px;'>\n<div style='flex: 1 1 250px; border: 1px solid rgba(150&comma; 150&comma; 150&comma; 0.4); border-radius: 8px; overflow: hidden; display: flex; flex-direction: column;'>\n<div style='padding: 15px; border-bottom: 1px solid rgba(150&comma; 150&comma; 150&comma; 0.2); font-weight: bold; font-size: 18px; color: inherit;'>Incluye<\/div>\n<div style='padding: 15px; color: inherit;'>\n<ul style='padding-left: 20px; margin: 0; font-size: 14px; list-style-type: disc;'>\n<li style='margin-bottom: 5px;'>Scanner de codigo de barras<\/li>\n<li style='margin-bottom: 5px;'>Cable USB-C de carga<\/li>\n<li style='margin-bottom: 5px;'>Correa para mu\u00f1eca<\/li>\n<\/ul><\/div>\n<\/p><\/div>\n<\/p><\/div>\n<p> <!-- Video --> <\/p>\n<div style='margin-bottom: 30px;'>\n<div style='position: relative; padding-bottom: 56.25%; height: 0; overflow: hidden;'>   <\/div>\n<\/p><\/div>\n<\/p><\/div>\n","protected":false},"excerpt":{"rendered":"<p>Esc\u00e1ner Port\u00e1til de C\u00f3digo de Barras RapidID\u2122, Con Conexi\u00f3n Bluetooth\u00ae, Para Uso Con Cables de Parcheo y Jumpers Pre-Etiquetados de Panduit<\/p>\n","protected":false},"featured_media":107539,"comment_status":"open","ping_status":"closed","template":"","meta":[],"product_brand":[],"product_cat":[130],"product_tag":[25,131,445],"class_list":{"0":"post-107540","1":"product","2":"type-product","3":"status-publish","4":"has-post-thumbnail","6":"product_cat-herramientas-electricas","7":"product_tag-herramientas","8":"product_tag-herramientas-electricas","9":"product_tag-panduit","11":"first","12":"instock","13":"sale","14":"shipping-taxable","15":"purchasable","16":"product-type-simple"},"_links":{"self":[{"href":"https:\/\/soydeaqui.ddns.net\/pachuca\/index.php\/wp-json\/wp\/v2\/product\/107540","targetHints":{"allow":["GET"]}}],"collection":[{"href":"https:\/\/soydeaqui.ddns.net\/pachuca\/index.php\/wp-json\/wp\/v2\/product"}],"about":[{"href":"https:\/\/soydeaqui.ddns.net\/pachuca\/index.php\/wp-json\/wp\/v2\/types\/product"}],"replies":[{"embeddable":true,"href":"https:\/\/soydeaqui.ddns.net\/pachuca\/index.php\/wp-json\/wp\/v2\/comments?post=107540"}],"wp:featuredmedia":[{"embeddable":true,"href":"https:\/\/soydeaqui.ddns.net\/pachuca\/index.php\/wp-json\/wp\/v2\/media\/107539"}],"wp:attachment":[{"href":"https:\/\/soydeaqui.ddns.net\/pachuca\/index.php\/wp-json\/wp\/v2\/media?parent=107540"}],"wp:term":[{"taxonomy":"product_brand","embeddable":true,"href":"https:\/\/soydeaqui.ddns.net\/pachuca\/index.php\/wp-json\/wp\/v2\/product_brand?post=107540"},{"taxonomy":"product_cat","embeddable":true,"href":"https:\/\/soydeaqui.ddns.net\/pachuca\/index.php\/wp-json\/wp\/v2\/product_cat?post=107540"},{"taxonomy":"product_tag","embeddable":true,"href":"https:\/\/soydeaqui.ddns.net\/pachuca\/index.php\/wp-json\/wp\/v2\/product_tag?post=107540"}],"curies":[{"name":"wp","href":"https:\/\/api.w.org\/{rel}","templated":true}]}}