{"id":107534,"date":"2026-03-20T17:13:56","date_gmt":"2026-03-20T17:13:56","guid":{"rendered":"https:\/\/soydeaqui.ddns.net\/pachuca\/index.php\/producto\/convertidor-dvi-macho-a-hdmi-hembra-bidireccional-dvi-241-1080p60hz-cable-de-22-cm-8-66-pulgadas-negro\/"},"modified":"2026-03-20T17:14:10","modified_gmt":"2026-03-20T17:14:10","slug":"convertidor-dvi-macho-a-hdmi-hembra-bidireccional-dvi-241-1080p60hz-cable-de-22-cm-8-66-pulgadas-negro","status":"publish","type":"product","link":"https:\/\/soydeaqui.ddns.net\/pachuca\/index.php\/producto\/convertidor-dvi-macho-a-hdmi-hembra-bidireccional-dvi-241-1080p60hz-cable-de-22-cm-8-66-pulgadas-negro\/","title":{"rendered":"Convertidor DVI Macho a HDMI Hembra | Bidireccional | DVI 24+1 | 1080P@60Hz | Cable de 22 cm (8.66 Pulgadas) | Negro"},"content":{"rendered":"<div style='width: 100%; max-width: 1200px; margin: 0 auto; font-family: sans-serif; line-height: 1.6; color: inherit; background-color: transparent;'>\n<div style='width: 100%; margin-bottom: 30px;'> <img style='width: 100%; height: auto; border: 1px solid rgba(150&comma;150&comma;150&comma;0.3); border-radius: 8px;' src='http:\/\/ftp3.syscom.mx\/usuarios\/maguilar\/Ugreen\/20118\/20118-Banner.png' alt=''> <\/div>\n<div style='display: flex; flex-wrap: wrap; gap: 30px; margin-bottom: 30px;'>\n<div style='flex: 1 1 300px; min-width: 280px;'>\n<h3 style='font-size: 22px; border-bottom: 2px solid currentColor; padding-bottom: 5px; margin-top: 0; color: inherit; opacity: 0.8;'>Disfrute de una Fiesta Visual con su Familia en una Pantalla m\u00e1s Grande<\/h3>\n<p style='font-size: 15px; color: inherit;'>Este cable adaptador de HDMI a DVI-D (24+1) de alta velocidad le permite conectar sus dispositivos fuente equipados con HDMI&comma; como Blu-Ray&comma; Xbox 360&comma; PS3&comma; Apple TV&comma; DVD y Set Top Box a su DVI- habilitado HDTV&comma; pantallas&comma; proyectores y m\u00e1s. Adem\u00e1s&comma; tambi\u00e9n puede usarlo para conectar dispositivos de fuente DVI como computadoras port\u00e1tiles o de escritorio a HDTV y pantallas con interfaz HDMI en alta definici\u00f3n. Adecuado para conferencias&comma; video&comma; educaci\u00f3n y juegos.<\/p>\n<\/p><\/div>\n<\/p><\/div>\n<div style='display: flex; flex-wrap: wrap; gap: 30px; margin-bottom: 30px;'>\n<div style='flex: 1 1 300px; min-width: 280px;'>\n<h3 style='font-size: 22px; border-bottom: 2px solid currentColor; padding-bottom: 5px; margin-top: 0; color: inherit; opacity: 0.8;'>Transmisi\u00f3n Estable<\/h3>\n<p style='font-size: 15px; color: inherit;'>El blindaje de papel de aluminio&comma; el blindaje trenzado y la protecci\u00f3n de triple blindaje de la l\u00ednea de tierra&comma; y el n\u00facleo de cobre esta\u00f1ado grueso le ofrecen una transmisi\u00f3n de se\u00f1al m\u00e1s estable. La cubierta de PVC hace que el cable sea m\u00e1s flexible y duradero&comma; ofreci\u00e9ndole una mayor vida \u00fatil.<\/p>\n<\/p><\/div>\n<\/p><\/div>\n<div style='display: flex; flex-wrap: wrap; gap: 30px; margin-bottom: 30px;'>\n<div style='flex: 1 1 300px; min-width: 280px;'>\n<h3 style='font-size: 22px; border-bottom: 2px solid currentColor; padding-bottom: 5px; margin-top: 0; color: inherit; opacity: 0.8;'>Adaptador Bidireccional de HDMI a DVI<\/h3>\n<p style='font-size: 15px; color: inherit;'><strong>Admite modo extendido:<\/strong> dos pantallas muestran contenido diferente. Uno para el trabajo&comma; otro para el entretenimiento.<\/p>\n<p style='font-size: 15px; color: inherit;'><strong>Admite modo espejo:<\/strong> dos pantallas muestran la misma imagen. Disfrute de las pel\u00edculas o juegue juegos en HDTV&comma; que muestra el mismo contenido que el escritorio de su computadora.<\/p>\n<\/p><\/div>\n<\/p><\/div>\n<div style='display: flex; flex-wrap: wrap; gap: 30px; margin-bottom: 30px;'>\n<div style='flex: 1 1 300px; min-width: 280px;'>\n<h3 style='font-size: 22px; border-bottom: 2px solid currentColor; padding-bottom: 5px; margin-top: 0; color: inherit; opacity: 0.8;'>Nota<\/h3>\n<p style='font-size: 15px; color: inherit;'>El puerto DVI de este producto no es compatible con la salida de audio&comma; por lo que se necesita un cable de audio por separado para que el sonido se transmita.<\/p>\n<\/p><\/div>\n<\/p><\/div>\n<div style='display: flex; flex-wrap: wrap; gap: 30px; margin-bottom: 30px;'>\n<div style='flex: 1 1 300px; min-width: 280px;'>\n<h3 style='font-size: 22px; border-bottom: 2px solid currentColor; padding-bottom: 5px; margin-top: 0; color: inherit; opacity: 0.8;'>Contenido del Paquete<\/h3>\n<ul style='padding-left: 20px; font-size: 15px; color: inherit;'>\n<li style='margin-bottom: 5px;'>1 x Cable DVI macho a HDMI hembra<\/li>\n<li style='margin-bottom: 5px;'>1 x Manual de Usuario<\/li>\n<\/ul><\/div>\n<\/p><\/div>\n<div style='display: flex; flex-wrap: wrap; gap: 30px; margin-bottom: 30px;'>\n<div style='flex: 1 1 300px; min-width: 280px;'>\n<h4 style='font-size: 20px; border-bottom: 2px solid currentColor; padding-bottom: 5px; margin-top: 0; color: inherit; opacity: 0.8;'>1 A\u00f1o de Garant\u00eda<\/h4>\n<\/p><\/div>\n<\/p><\/div>\n<div style='width: 100%; margin-bottom: 30px;'> <img style='width: 100%; height: auto; border: 1px solid rgba(150&comma;150&comma;150&comma;0.3); border-radius: 8px;' src='http:\/\/ftp3.syscom.mx\/usuarios\/maguilar\/Ugreen\/20118\/20118-Banner2.png' alt=''> <\/div>\n<\/p><\/div>\n","protected":false},"excerpt":{"rendered":"<p>Convertidor DVI Macho a HDMI Hembra | Bidireccional | DVI 24+1 | 1080P@60Hz | Cable de 22 cm (8.66 Pulgadas) | Negro<\/p>\n","protected":false},"featured_media":107533,"comment_status":"open","ping_status":"closed","template":"","meta":[],"product_brand":[],"product_cat":[2130],"product_tag":[488,650,2131],"class_list":{"0":"post-107534","1":"product","2":"type-product","3":"status-publish","4":"has-post-thumbnail","6":"product_cat-vga-dvi-hdmi","7":"product_tag-cables-y-conectores","8":"product_tag-ugreen","9":"product_tag-vga-dvi-hdmi","11":"first","12":"instock","13":"sale","14":"shipping-taxable","15":"purchasable","16":"product-type-simple"},"_links":{"self":[{"href":"https:\/\/soydeaqui.ddns.net\/pachuca\/index.php\/wp-json\/wp\/v2\/product\/107534","targetHints":{"allow":["GET"]}}],"collection":[{"href":"https:\/\/soydeaqui.ddns.net\/pachuca\/index.php\/wp-json\/wp\/v2\/product"}],"about":[{"href":"https:\/\/soydeaqui.ddns.net\/pachuca\/index.php\/wp-json\/wp\/v2\/types\/product"}],"replies":[{"embeddable":true,"href":"https:\/\/soydeaqui.ddns.net\/pachuca\/index.php\/wp-json\/wp\/v2\/comments?post=107534"}],"wp:featuredmedia":[{"embeddable":true,"href":"https:\/\/soydeaqui.ddns.net\/pachuca\/index.php\/wp-json\/wp\/v2\/media\/107533"}],"wp:attachment":[{"href":"https:\/\/soydeaqui.ddns.net\/pachuca\/index.php\/wp-json\/wp\/v2\/media?parent=107534"}],"wp:term":[{"taxonomy":"product_brand","embeddable":true,"href":"https:\/\/soydeaqui.ddns.net\/pachuca\/index.php\/wp-json\/wp\/v2\/product_brand?post=107534"},{"taxonomy":"product_cat","embeddable":true,"href":"https:\/\/soydeaqui.ddns.net\/pachuca\/index.php\/wp-json\/wp\/v2\/product_cat?post=107534"},{"taxonomy":"product_tag","embeddable":true,"href":"https:\/\/soydeaqui.ddns.net\/pachuca\/index.php\/wp-json\/wp\/v2\/product_tag?post=107534"}],"curies":[{"name":"wp","href":"https:\/\/api.w.org\/{rel}","templated":true}]}}