{"id":107528,"date":"2026-03-20T17:13:37","date_gmt":"2026-03-20T17:13:37","guid":{"rendered":"https:\/\/soydeaqui.ddns.net\/pachuca\/index.php\/producto\/convertidor-mini-display-port-a-hdmi-4k30hz-thunderbolt-blindaje-interno-mltiple-carcasa-abs-longitud-de-25-cm-9-84-pulgadas\/"},"modified":"2026-03-20T17:13:51","modified_gmt":"2026-03-20T17:13:51","slug":"convertidor-mini-display-port-a-hdmi-4k30hz-thunderbolt-blindaje-interno-mltiple-carcasa-abs-longitud-de-25-cm-9-84-pulgadas","status":"publish","type":"product","link":"https:\/\/soydeaqui.ddns.net\/pachuca\/index.php\/producto\/convertidor-mini-display-port-a-hdmi-4k30hz-thunderbolt-blindaje-interno-mltiple-carcasa-abs-longitud-de-25-cm-9-84-pulgadas\/","title":{"rendered":"Convertidor Mini Display Port a HDMI \/ 4K@30Hz \/ Thunderbolt \/ Blindaje Interno M?ltiple \/ Carcasa ABS \/ Longitud de 25 cm (9.84 pulgadas)"},"content":{"rendered":"<div style='width: 100%; max-width: 1200px; margin: 0 auto; font-family: sans-serif; line-height: 1.6; color: inherit; background-color: transparent;'> <!-- Banner principal --> <\/p>\n<div style='width: 100%; margin-bottom: 30px;'> <img style='width: 100%; height: auto; border: 1px solid rgba(150&comma;150&comma;150&comma;0.3); border-radius: 8px;' src='http:\/\/ftp3.syscom.mx\/usuarios\/maguilar\/Ugreen\/40360\/40360-Banner.png' alt=''> <\/div>\n<p> <!-- Secci\u00f3n de contenido con flex --> <\/p>\n<div style='display: flex; flex-wrap: wrap; gap: 30px; margin-bottom: 30px;'>\n<div style='flex: 1 1 300px; min-width: 280px;'>\n<h3 style='font-size: 22px; border-bottom: 2px solid currentColor; padding-bottom: 5px; margin-top: 0; color: inherit; opacity: 0.8;'>Aplicaci\u00f3n Vers\u00e1til para el Trabajo y el Entretenimiento<\/h3>\n<p style='font-size: 15px; color: inherit; margin-bottom: 15px;'>Presente el contenido de su computadora en una pantalla m\u00e1s grande en modo espejo&comma; para que todos lo sigan mientras hace un discurso&comma; una presentaci\u00f3n&comma; una reuni\u00f3n&comma; etc.<\/p>\n<p style='font-size: 15px; color: inherit; margin-bottom: 15px;'>Multitarea con modo extendido cuando se conecta con una pantalla externa&comma; puede duplicar su espacio de trabajo o disfrutar de una pel\u00edcula cuando realiza una tarea f\u00e1cil.<\/p>\n<\/p><\/div>\n<\/p><\/div>\n<p> <!-- Secci\u00f3n de imagen n\u00edtida --> <\/p>\n<div style='display: flex; flex-wrap: wrap; gap: 30px; margin-bottom: 30px;'>\n<div style='flex: 1 1 300px; min-width: 280px;'>\n<h3 style='font-size: 22px; border-bottom: 2px solid currentColor; padding-bottom: 5px; margin-top: 0; color: inherit; opacity: 0.8;'>Imagen N\u00edtida con Resoluci\u00f3n 4K<\/h3>\n<p style='font-size: 15px; color: inherit; margin-bottom: 15px;'>El adaptador Mini DisplayPort puede admitir una resoluci\u00f3n de hasta 3840&#215;2160 a una frecuencia de actualizaci\u00f3n de 30 Hz. Las im\u00e1genes m\u00e1s brillantes y n\u00edtidas te sumergen en un mundo m\u00e1s colorido y v\u00edvido. Es ideal para cine en casa.<\/p>\n<\/p><\/div>\n<\/p><\/div>\n<p> <!-- Secci\u00f3n de compatibilidad --> <\/p>\n<div style='display: flex; flex-wrap: wrap; gap: 30px; margin-bottom: 30px;'>\n<div style='flex: 1 1 300px; min-width: 280px;'>\n<h3 style='font-size: 22px; border-bottom: 2px solid currentColor; padding-bottom: 5px; margin-top: 0; color: inherit; opacity: 0.8;'>Compatibilidad (Lista parcial)<\/h3>\n<ul style='padding-left: 20px; font-size: 15px; color: inherit; margin-bottom: 15px;'>\n<li style='margin-bottom: 5px;'>MacBook Air 2015&comma; 2016; MacBook Pro 2011&comma;2012&comma; 2013&comma;2014&comma; 2015; iMac<\/li>\n<li style='margin-bottom: 5px;'>Surface Pro 3&comma; Surface Pro 4&comma; Surface Pro 5(NOT Surface\/Surface 2 para Windows RT)<\/li>\n<li style='margin-bottom: 5px;'>ThinkPad P71&comma; ThinkPad P51 Mobile Workstation&comma; ThinkPad X1 Yoga&comma; ThinkPad X1 Carbon (4th Gen)&comma; ThinkPad T470s&comma; ThinkPad T470p&comma; ThinkPad T570&comma; ThinkPad Yoga 370&comma; ThinkPad L470&comma; ThinkPad L470<\/li>\n<li style='margin-bottom: 5px;'>Dell XPS Tower Special Edition (2016)&comma; Dell New XPS Tower<\/li>\n<\/ul><\/div>\n<\/p><\/div>\n<p> <!-- Secci\u00f3n de notas --> <\/p>\n<div style='display: flex; flex-wrap: wrap; gap: 30px; margin-bottom: 30px;'>\n<div style='flex: 1 1 300px; min-width: 280px;'>\n<h3 style='font-size: 22px; border-bottom: 2px solid currentColor; padding-bottom: 5px; margin-top: 0; color: inherit; opacity: 0.8;'>Notas<\/h3>\n<ol style='padding-left: 20px; font-size: 15px; color: inherit; margin-bottom: 15px;'>\n<li style='margin-bottom: 5px;'>El Mini DisplayPort solo admite audio y video en dispositivos Apple lanzados despu\u00e9s de abril de 2010. Aseg\u00farese de que su dispositivo sea compatible con el adaptador antes de comprarlo. No es compatible con MacBook Pro lanzado despu\u00e9s de 2016.<\/li>\n<li style='margin-bottom: 5px;'>Solo puede transmitir desde mini DisplayPort a HDMI no al revez porque no es bidireccional.<\/li>\n<li style='margin-bottom: 5px;'>Utilice un cable HDMI versi\u00f3n 1.4 menor a los 8 metros para garantizar el alto rendimiento de este art\u00edculo.<\/li>\n<li style='margin-bottom: 5px;'>No es compatible con Thunderbolt 3.0<\/li>\n<\/ol><\/div>\n<\/p><\/div>\n<p> <!-- Secci\u00f3n de contenido con grid --> <\/p>\n<div style='display: grid; grid-template-columns: repeat(auto-fill&comma; minmax(280px&comma; 1fr)); gap: 20px; margin-bottom: 30px;'>\n<div style='border: 1px solid rgba(150&comma; 150&comma; 150&comma; 0.4); border-radius: 8px; overflow: hidden;'>\n<div style='padding: 15px; border-bottom: 1px solid rgba(150&comma; 150&comma; 150&comma; 0.2); font-weight: bold; font-size: 18px; color: inherit;'>Contenido del Paquete<\/div>\n<div style='padding: 15px; color: inherit;'>\n<ul style='padding-left: 20px; margin: 0; font-size: 14px; list-style-type: disc;'>\n<li style='margin-bottom: 5px;'>1 x Adaptador Mini DisplayPort a HDMI<\/li>\n<li style='margin-bottom: 5px;'>1 x Manual de Usuario<\/li>\n<\/ul><\/div>\n<\/p><\/div>\n<div style='border: 1px solid rgba(150&comma; 150&comma; 150&comma; 0.4); border-radius: 8px; overflow: hidden;'>\n<div style='padding: 15px; border-bottom: 1px solid rgba(150&comma; 150&comma; 150&comma; 0.2); font-weight: bold; font-size: 18px; color: inherit;'>Especificaciones<\/div>\n<div style='padding: 15px; color: inherit;'>\n<ul style='padding-left: 20px; margin: 0; font-size: 14px; list-style-type: disc;'>\n<li style='margin-bottom: 5px;'>Resoluci\u00f3n: Hasta 4K@30Hz<\/li>\n<li style='margin-bottom: 5px;'>Longitud del Cable: 25cm<\/li>\n<\/ul><\/div>\n<\/p><\/div>\n<div style='border: 1px solid rgba(150&comma; 150&comma; 150&comma; 0.4); border-radius: 8px; overflow: hidden;'>\n<div style='padding: 15px; border-bottom: 1px solid rgba(150&comma; 150&comma; 150&comma; 0.2); font-weight: bold; font-size: 18px; color: inherit;'>Garant\u00eda<\/div>\n<div style='padding: 15px; color: inherit;'>\n<ul style='padding-left: 20px; margin: 0; font-size: 14px; list-style-type: disc;'>\n<li style='margin-bottom: 5px;'>1 A\u00f1o de Garant\u00eda<\/li>\n<\/ul><\/div>\n<\/p><\/div>\n<\/p><\/div>\n<p> <!-- Banner inferior --> <\/p>\n<div style='width: 100%; margin-bottom: 30px;'> <img style='width: 100%; height: auto; border: 1px solid rgba(150&comma;150&comma;150&comma;0.3); border-radius: 8px;' src='http:\/\/ftp3.syscom.mx\/usuarios\/maguilar\/Ugreen\/40360\/40360-Banner2.png' alt=''> <\/div>\n<\/p><\/div>\n","protected":false},"excerpt":{"rendered":"<p>Convertidor Mini Display Port a HDMI \/ 4K@30Hz \/ Thunderbolt \/ Blindaje Interno M?ltiple \/ Carcasa ABS \/ Longitud de 25 cm (9.84 pulgadas)<\/p>\n","protected":false},"featured_media":107527,"comment_status":"open","ping_status":"closed","template":"","meta":[],"product_brand":[],"product_cat":[2130],"product_tag":[488,650,2131],"class_list":{"0":"post-107528","1":"product","2":"type-product","3":"status-publish","4":"has-post-thumbnail","6":"product_cat-vga-dvi-hdmi","7":"product_tag-cables-y-conectores","8":"product_tag-ugreen","9":"product_tag-vga-dvi-hdmi","11":"first","12":"instock","13":"sale","14":"shipping-taxable","15":"purchasable","16":"product-type-simple"},"_links":{"self":[{"href":"https:\/\/soydeaqui.ddns.net\/pachuca\/index.php\/wp-json\/wp\/v2\/product\/107528","targetHints":{"allow":["GET"]}}],"collection":[{"href":"https:\/\/soydeaqui.ddns.net\/pachuca\/index.php\/wp-json\/wp\/v2\/product"}],"about":[{"href":"https:\/\/soydeaqui.ddns.net\/pachuca\/index.php\/wp-json\/wp\/v2\/types\/product"}],"replies":[{"embeddable":true,"href":"https:\/\/soydeaqui.ddns.net\/pachuca\/index.php\/wp-json\/wp\/v2\/comments?post=107528"}],"wp:featuredmedia":[{"embeddable":true,"href":"https:\/\/soydeaqui.ddns.net\/pachuca\/index.php\/wp-json\/wp\/v2\/media\/107527"}],"wp:attachment":[{"href":"https:\/\/soydeaqui.ddns.net\/pachuca\/index.php\/wp-json\/wp\/v2\/media?parent=107528"}],"wp:term":[{"taxonomy":"product_brand","embeddable":true,"href":"https:\/\/soydeaqui.ddns.net\/pachuca\/index.php\/wp-json\/wp\/v2\/product_brand?post=107528"},{"taxonomy":"product_cat","embeddable":true,"href":"https:\/\/soydeaqui.ddns.net\/pachuca\/index.php\/wp-json\/wp\/v2\/product_cat?post=107528"},{"taxonomy":"product_tag","embeddable":true,"href":"https:\/\/soydeaqui.ddns.net\/pachuca\/index.php\/wp-json\/wp\/v2\/product_tag?post=107528"}],"curies":[{"name":"wp","href":"https:\/\/api.w.org\/{rel}","templated":true}]}}