{"id":107515,"date":"2026-03-20T17:12:55","date_gmt":"2026-03-20T17:12:55","guid":{"rendered":"https:\/\/soydeaqui.ddns.net\/pachuca\/index.php\/producto\/cable-de-conexion-de-19-m-para-xmr-epcom-conectores-de-aviacion-reforzado-para-instalaciones\/"},"modified":"2026-03-20T17:12:57","modified_gmt":"2026-03-20T17:12:57","slug":"cable-de-conexion-de-19-m-para-xmr-epcom-conectores-de-aviacion-reforzado-para-instalaciones","status":"publish","type":"product","link":"https:\/\/soydeaqui.ddns.net\/pachuca\/index.php\/producto\/cable-de-conexion-de-19-m-para-xmr-epcom-conectores-de-aviacion-reforzado-para-instalaciones\/","title":{"rendered":"Cable de conexi\u00f3n de 19 m para XMR EPCOM, conectores de aviaci\u00f3n, reforzado para instalaciones"},"content":{"rendered":"<div style='width: 100%; max-width: 1200px; margin: 0 auto; font-family: sans-serif; line-height: 1.6; color: inherit; background-color: transparent;'>\n<div style='width: 100%;'> <img style='width: 100%; height: auto; border: 1px solid rgba(150&comma;150&comma;150&comma;0.3); border-radius: 8px;' src='http:\/\/ftp3.syscom.mx\/usuarios\/aberumen\/bannerxmr.jpg' alt='Banner XMR'> <\/div>\n<p style='color: inherit; opacity: 0.6;'>\n<p style='color: inherit; opacity: 0.8;'><strong>Seguridad Sobre Ruedas<\/strong><\/p>\n<p>Obtenga la mayor calidad de imagen con las c\u00e1maras para soluciones de videovigilancia m\u00f3vil XMR la cual ofrece nuevos dise\u00f1os en c\u00e1maras AHD con la mejor tecnolog\u00eda <strong>Anti-vibraci\u00f3n<\/strong> y <strong>alta fiabilidad.<\/strong><\/p>\n<div style='display: flex; flex-wrap: wrap; gap: 30px; margin: 30px 0;'>\n<div style='flex: 1 1 300px; min-width: 280px;'>\n<div style='border-left: 5px solid rgba(8&comma;8&comma;8&comma;0.8); border-radius: 8px; padding: 15px; box-shadow: 2px 2px 10px rgba(216&comma;216&comma;216&comma;0.4); background-color: rgba(128&comma;128&comma;128&comma;0.16);'> <strong>Caracter\u00edsticas principales:<\/strong> <\/p>\n<ul style='padding-left: 20px; font-size: 15px; color: inherit;'>\n<li style='margin-bottom: 5px;'>Cable extensor de 19 metros para la instalaci\u00f3n de c\u00e1maras para veh\u00edculos con conector tipo aviaci\u00f3n.<\/li>\n<li style='margin-bottom: 5px;'>Voltaje&comma; video y audio viajan a trav\u00e9s de este cable.<\/li>\n<li style='margin-bottom: 5px;'>Cables compatibles con tecnolog\u00eda an\u00e1loga y AHD.<\/li>\n<\/ul><\/div>\n<\/p><\/div>\n<div style='flex: 1 1 300px; min-width: 280px;'>\n<div style='border-left: 5px solid rgba(8&comma;8&comma;8&comma;0.8); border-radius: 8px; padding: 15px; box-shadow: 2px 2px 10px rgba(216&comma;216&comma;216&comma;0.4); background-color: rgba(128&comma;128&comma;128&comma;0.16);'> <strong>Caracter\u00edsticas F\u00edsicas y El\u00e9ctricas:<\/strong> <\/p>\n<ul style='padding-left: 20px; font-size: 15px; color: inherit;'>\n<li style='margin-bottom: 5px;'>Diametro de cable 5.5mm<\/li>\n<li style='margin-bottom: 5px;'>Para uso interno<\/li>\n<\/ul><\/div>\n<\/p><\/div>\n<div style='flex: 1 1 300px; min-width: 280px;'>\n<div style='border-left: 5px solid rgba(8&comma;8&comma;8&comma;0.8); border-radius: 8px; padding: 15px; box-shadow: 2px 2px 10px rgba(216&comma;216&comma;216&comma;0.4); background-color: rgba(128&comma;128&comma;128&comma;0.16);'> <strong>Caracter\u00edsticas Destacadas:<\/strong> <\/p>\n<ul style='padding-left: 20px; font-size: 15px; color: inherit;'>\n<li style='margin-bottom: 5px;'><strong>Conector tipo aviaci\u00f3n.<\/strong><\/li>\n<li style='margin-bottom: 5px;'><strong>Para interior.<\/strong><\/li>\n<li style='margin-bottom: 5px;'><strong>Solo para soluciones de videovigilancia m\u00f3vil.<\/strong><\/li>\n<li style='margin-bottom: 5px;'><strong>.<\/strong><\/li>\n<\/ul><\/div>\n<\/p><\/div>\n<\/p><\/div>\n<p style='color: inherit; opacity: 0.6;'>\n<p style='color: inherit; opacity: 0.6;'>\n<div style='display: flex; flex-wrap: wrap; gap: 30px;'>\n<div style='flex: 1 1 400px; min-width: 300px;'>\n<div style='position: relative; padding-bottom: 56.25%; height: 0; overflow: hidden; margin-bottom: 30px;'>   <\/div>\n<\/p><\/div>\n<div style='flex: 1 1 400px; min-width: 300px;'>\n<div style='position: relative; padding-bottom: 56.25%; height: 0; overflow: hidden; margin-bottom: 30px;'>   <\/div>\n<\/p><\/div>\n<\/p><\/div>\n<\/p><\/div>\n","protected":false},"excerpt":{"rendered":"<p>Cable de conexi\u00f3n de 19 m para XMR EPCOM, conectores de aviaci\u00f3n, reforzado para instalaciones<\/p>\n","protected":false},"featured_media":32,"comment_status":"open","ping_status":"closed","template":"","meta":[],"product_brand":[],"product_cat":[1408,1406],"product_tag":[93,1409,935,1345],"class_list":{"0":"post-107515","1":"product","2":"type-product","3":"status-publish","4":"has-post-thumbnail","6":"product_cat-accesorios-dash-cams-y-body-cams","7":"product_cat-videograbadoras-moviles-videovigilancia","8":"product_tag-accesorios","9":"product_tag-dash-cams-y-body-cams","10":"product_tag-epcom","11":"product_tag-videograbadoras-moviles","13":"first","14":"instock","15":"sale","16":"shipping-taxable","17":"purchasable","18":"product-type-simple"},"_links":{"self":[{"href":"https:\/\/soydeaqui.ddns.net\/pachuca\/index.php\/wp-json\/wp\/v2\/product\/107515","targetHints":{"allow":["GET"]}}],"collection":[{"href":"https:\/\/soydeaqui.ddns.net\/pachuca\/index.php\/wp-json\/wp\/v2\/product"}],"about":[{"href":"https:\/\/soydeaqui.ddns.net\/pachuca\/index.php\/wp-json\/wp\/v2\/types\/product"}],"replies":[{"embeddable":true,"href":"https:\/\/soydeaqui.ddns.net\/pachuca\/index.php\/wp-json\/wp\/v2\/comments?post=107515"}],"wp:featuredmedia":[{"embeddable":true,"href":"https:\/\/soydeaqui.ddns.net\/pachuca\/index.php\/wp-json\/wp\/v2\/media\/32"}],"wp:attachment":[{"href":"https:\/\/soydeaqui.ddns.net\/pachuca\/index.php\/wp-json\/wp\/v2\/media?parent=107515"}],"wp:term":[{"taxonomy":"product_brand","embeddable":true,"href":"https:\/\/soydeaqui.ddns.net\/pachuca\/index.php\/wp-json\/wp\/v2\/product_brand?post=107515"},{"taxonomy":"product_cat","embeddable":true,"href":"https:\/\/soydeaqui.ddns.net\/pachuca\/index.php\/wp-json\/wp\/v2\/product_cat?post=107515"},{"taxonomy":"product_tag","embeddable":true,"href":"https:\/\/soydeaqui.ddns.net\/pachuca\/index.php\/wp-json\/wp\/v2\/product_tag?post=107515"}],"curies":[{"name":"wp","href":"https:\/\/api.w.org\/{rel}","templated":true}]}}