{"id":107472,"date":"2026-03-20T17:10:30","date_gmt":"2026-03-20T17:10:30","guid":{"rendered":"https:\/\/soydeaqui.ddns.net\/pachuca\/index.php\/producto\/transformador-industrial-de-220-vca-24-vca-175-va-7-25-a\/"},"modified":"2026-03-20T17:10:59","modified_gmt":"2026-03-20T17:10:59","slug":"transformador-industrial-de-220-vca-24-vca-175-va-7-25-a","status":"publish","type":"product","link":"https:\/\/soydeaqui.ddns.net\/pachuca\/index.php\/producto\/transformador-industrial-de-220-vca-24-vca-175-va-7-25-a\/","title":{"rendered":"Transformador Industrial de 220 VCA @ 24 VCA 175 VA (7.25 A)"},"content":{"rendered":"<div style='width: 100%; max-width: 1200px; margin: 0 auto; font-family: sans-serif; line-height: 1.6; color: inherit; background-color: transparent;'>\n<div style='display: flex; flex-direction: column; gap: 20px;'>\n<div>\n<h3 style='font-size: 22px; border-bottom: 2px solid currentColor; padding-bottom: 5px; margin-top: 0; color: inherit; opacity: 0.8;'>Transformador de 220VCA a 24VCA a 175 VA<\/h3>\n<p>Los transformadores de 24 VCA con entrada de 220 VCA se utilizan en diversas aplicaciones&comma;<\/p>\n<p>especialmente en sistemas de control y automatizaci\u00f3n.<\/p>\n<\/p><\/div>\n<div style='display: flex; flex-direction: column; gap: 15px;'>\n<h3 style='font-size: 22px; border-bottom: 2px solid currentColor; padding-bottom: 5px; margin-top: 0; color: inherit; opacity: 0.8;'>Aplicaciones<\/h3>\n<div style='display: flex; flex-direction: column; gap: 10px;'>\n<h4 style='font-size: 18px; color: inherit; opacity: 0.8; margin-top: 0;'>1. Sistemas de Control y Automatizaci\u00f3n<\/h4>\n<p><strong>Tableros el\u00e9ctricos:<\/strong> Alimentan contactores y rel\u00e9s de control. Control de quemadores y calderas: Usados en sistemas de calefacci\u00f3n industrial. Control de v\u00e1lvulas solenoides: En sistemas de agua&comma; gas y aire comprimido.<\/p>\n<\/p><\/div>\n<div style='display: flex; flex-direction: column; gap: 10px;'>\n<h4 style='font-size: 18px; color: inherit; opacity: 0.8; margin-top: 0;'>2. HVAC (Calefacci\u00f3n&comma; Ventilaci\u00f3n y Aire Acondicionado)<\/h4>\n<p>Sistemas de climatizaci\u00f3n: Para termostatos y rel\u00e9s de control en equipos de aire acondicionado y calefacci\u00f3n. Unidades manejadoras de aire (AHU): Para accionar componentes el\u00e9ctricos.<\/p>\n<\/p><\/div>\n<div style='display: flex; flex-direction: column; gap: 10px;'>\n<h4 style='font-size: 18px; color: inherit; opacity: 0.8; margin-top: 0;'>3. Seguridad y Accesos<\/h4>\n<p><strong>Control de acceso y cerraduras magn\u00e9ticas:<\/strong> Para alimentar sistemas de apertura con voltaje seguro. Sistemas de alarma y CCTV: En algunos circuitos de seguridad.<\/p>\n<\/p><\/div>\n<div style='display: flex; flex-direction: column; gap: 10px;'>\n<h4 style='font-size: 18px; color: inherit; opacity: 0.8; margin-top: 0;'>4. Iluminaci\u00f3n y Se\u00f1alizaci\u00f3n<\/h4>\n<p><strong>Se\u00f1alizaci\u00f3n industrial:<\/strong> Para l\u00e1mparas piloto o indicadores de estado. Luces de emergencia: Donde se requieren bajos voltajes en circuitos de iluminaci\u00f3n de seguridad.<\/p>\n<\/p><\/div>\n<div style='display: flex; flex-direction: column; gap: 10px;'>\n<h4 style='font-size: 18px; color: inherit; opacity: 0.8; margin-top: 0;'>5. Industria y Equipos Especiales<\/h4>\n<p><strong>M\u00e1quinas CNC y rob\u00f3tica:<\/strong> Como parte de los sistemas de control. Equipos m\u00e9dicos y laboratoriales: Para circuitos de bajo voltaje aislado.<\/p>\n<\/p><\/div>\n<\/p><\/div>\n<div style='display: grid; grid-template-columns: repeat(auto-fill&comma; minmax(300px&comma; 1fr)); gap: 20px; margin-top: 20px;'>\n<div style='border: 1px solid rgba(150&comma; 150&comma; 150&comma; 0.4); border-radius: 8px; overflow: hidden; display: flex; flex-direction: column;'>\n<div style='padding: 15px; border-bottom: 1px solid rgba(150&comma; 150&comma; 150&comma; 0.2); font-weight: bold; font-size: 18px; color: inherit;'>Caracter\u00edsticas F\u00edsicas y El\u00e9ctricas:<\/div>\n<div style='padding: 15px; color: inherit;'>\n<ul style='padding-left: 20px; margin: 0; font-size: 14px; list-style-type: disc;'>\n<li style='margin-bottom: 5px;'><strong>Voltaje de entrada:<\/strong> 220 Vca 50\/60 Hz<\/li>\n<li style='margin-bottom: 5px;'><strong>Voltaje de salida:<\/strong> 24 Vca<\/li>\n<li style='margin-bottom: 5px;'><strong>Corriente de entrada:<\/strong> 0.8 A<\/li>\n<li style='margin-bottom: 5px;'><strong>Potencia M\u00e1xima:<\/strong> 175 VA (7.25A)<\/li>\n<li style='margin-bottom: 5px;'><strong>Garant\u00eda:<\/strong> 1 A\u00f1o.<\/li>\n<\/ul><\/div>\n<\/p><\/div>\n<div style='border: 1px solid rgba(150&comma; 150&comma; 150&comma; 0.4); border-radius: 8px; overflow: hidden; display: flex; flex-direction: column;'>\n<div style='padding: 15px; border-bottom: 1px solid rgba(150&comma; 150&comma; 150&comma; 0.2); font-weight: bold; font-size: 18px; color: inherit;'>Caracter\u00edsticas Destacadas:<\/div>\n<div style='padding: 15px; color: inherit;'>\n<p style='margin: 0;'>La eficiencia de conversi\u00f3n de este modelo es m\u00e1s del 75%&comma; con protecci\u00f3n contra sobrecorriente de salida&comma; protecci\u00f3n contra cortocircuitos&comma; protecci\u00f3n contra sobretensi\u00f3n&comma; etc.<\/p>\n<\/p><\/div>\n<\/p><\/div>\n<\/p><\/div>\n<div style='margin: 30px 0;'>\n<div style='position: relative; padding-bottom: 56.25%; height: 0; overflow: hidden;'>   <\/div>\n<\/p><\/div>\n<\/p><\/div>\n<\/p><\/div>\n","protected":false},"excerpt":{"rendered":"<p>Transformador Industrial de 220 VCA @ 24 VCA 175 VA (7.25 A)<\/p>\n","protected":false},"featured_media":107471,"comment_status":"open","ping_status":"closed","template":"","meta":[],"product_brand":[],"product_cat":[551],"product_tag":[142,454,441],"class_list":{"0":"post-107472","1":"product","2":"type-product","3":"status-publish","4":"has-post-thumbnail","6":"product_cat-transformadores-energia-videovigilancia","7":"product_tag-energia","8":"product_tag-epcom-powerline","9":"product_tag-transformadores","11":"first","12":"outofstock","13":"sale","14":"shipping-taxable","15":"purchasable","16":"product-type-simple"},"_links":{"self":[{"href":"https:\/\/soydeaqui.ddns.net\/pachuca\/index.php\/wp-json\/wp\/v2\/product\/107472","targetHints":{"allow":["GET"]}}],"collection":[{"href":"https:\/\/soydeaqui.ddns.net\/pachuca\/index.php\/wp-json\/wp\/v2\/product"}],"about":[{"href":"https:\/\/soydeaqui.ddns.net\/pachuca\/index.php\/wp-json\/wp\/v2\/types\/product"}],"replies":[{"embeddable":true,"href":"https:\/\/soydeaqui.ddns.net\/pachuca\/index.php\/wp-json\/wp\/v2\/comments?post=107472"}],"wp:featuredmedia":[{"embeddable":true,"href":"https:\/\/soydeaqui.ddns.net\/pachuca\/index.php\/wp-json\/wp\/v2\/media\/107471"}],"wp:attachment":[{"href":"https:\/\/soydeaqui.ddns.net\/pachuca\/index.php\/wp-json\/wp\/v2\/media?parent=107472"}],"wp:term":[{"taxonomy":"product_brand","embeddable":true,"href":"https:\/\/soydeaqui.ddns.net\/pachuca\/index.php\/wp-json\/wp\/v2\/product_brand?post=107472"},{"taxonomy":"product_cat","embeddable":true,"href":"https:\/\/soydeaqui.ddns.net\/pachuca\/index.php\/wp-json\/wp\/v2\/product_cat?post=107472"},{"taxonomy":"product_tag","embeddable":true,"href":"https:\/\/soydeaqui.ddns.net\/pachuca\/index.php\/wp-json\/wp\/v2\/product_tag?post=107472"}],"curies":[{"name":"wp","href":"https:\/\/api.w.org\/{rel}","templated":true}]}}