{"id":107453,"date":"2026-03-20T17:09:31","date_gmt":"2026-03-20T17:09:31","guid":{"rendered":"https:\/\/soydeaqui.ddns.net\/pachuca\/index.php\/producto\/soporte-de-aluminio-para-ipad-tablet-plegable-angulo-ajustable-de-180-y-270-base-antideslizante-proteccion-de-silicona-amplia-compatibilidad-con-dispositivos-de-7-9-a-12-9\/"},"modified":"2026-03-20T17:09:46","modified_gmt":"2026-03-20T17:09:46","slug":"soporte-de-aluminio-para-ipad-tablet-plegable-angulo-ajustable-de-180-y-270-base-antideslizante-proteccion-de-silicona-amplia-compatibilidad-con-dispositivos-de-7-9-a-12-9","status":"publish","type":"product","link":"https:\/\/soydeaqui.ddns.net\/pachuca\/index.php\/producto\/soporte-de-aluminio-para-ipad-tablet-plegable-angulo-ajustable-de-180-y-270-base-antideslizante-proteccion-de-silicona-amplia-compatibilidad-con-dispositivos-de-7-9-a-12-9\/","title":{"rendered":"Soporte de Aluminio para IPad &#038; Tablet | Plegable |Angulo Ajustable de 180\u00b0 y 270\u00b0 | Base Antideslizante | Protecci\u00f3n  de Silicona | Amplia Compatibilidad con dispositivos de 7.9&#8221; a 12.9&#8221; | Aluminio Solido | Color Gris"},"content":{"rendered":"<div style='width: 100%; max-width: 1200px; margin: 0 auto; font-family: sans-serif; line-height: 1.6; color: inherit; background-color: transparent;'> <img style='width: 100%; height: auto; border: 1px solid rgba(150&comma;150&comma;150&comma;0.3); border-radius: 8px;' src='http:\/\/ftp3.syscom.mx\/usuarios\/hallende\/UGREEN2\/Soportes\/40393\/40393-1.jpg' alt=''> <\/p>\n<div style='display: flex; flex-wrap: wrap; gap: 30px; margin-bottom: 30px;'>\n<div style='flex: 1 1 300px; min-width: 280px;'>\n<h3 style='font-size: 22px; border-bottom: 2px solid currentColor; padding-bottom: 5px; margin-top: 0; color: inherit; opacity: 0.8;'>Caracter\u00edsticas Principales<\/h3>\n<ul style='padding-left: 20px; font-size: 15px; color: inherit;'>\n<li style='margin-bottom: 5px;'>El soporte UGREEN para Tablet es flexible sus bisagras dobles permiten ajustes de posici\u00f3n variables con cualquier \u00e1ngulo&comma; est\u00e1 dise\u00f1ado ergon\u00f3micamente para ayudar a proteger la columna y el cuello. Es ajustable en altura (7.1-9.1 pulgadas)&comma; y el clip inclinable te permite personalizar el \u00e1ngulo de tu dispositivo (5\u00b0-135\u00b0) para encontrar el \u00e1ngulo de visi\u00f3n m\u00e1s c\u00f3modo.<\/li>\n<\/ul><\/div>\n<div style='flex: 1 1 300px; min-width: 280px;'>\n<h3 style='font-size: 22px; border-bottom: 2px solid currentColor; padding-bottom: 5px; margin-top: 0; color: inherit; opacity: 0.8;'>Caracter\u00edsticas Principales<\/h3>\n<ul style='padding-left: 20px; font-size: 15px; color: inherit;'>\n<li style='margin-bottom: 5px;'>Con la base m\u00e1s gruesa y grande y un dise\u00f1o de centro de gravedad bajo&comma; logra una estabilidad y durabilidad superiores&comma; lo que es muy adecuado para tabletas de gran tama\u00f1o.<\/li>\n<\/ul><\/div>\n<div style='flex: 1 1 300px; min-width: 280px;'>\n<h3 style='font-size: 22px; border-bottom: 2px solid currentColor; padding-bottom: 5px; margin-top: 0; color: inherit; opacity: 0.8;'>Caracter\u00edsticas Principales<\/h3>\n<ul style='padding-left: 20px; font-size: 15px; color: inherit;'>\n<li style='margin-bottom: 5px;'>La base ampliada&comma; que incluye almohadillas de silicona cuidadosamente cubiertas&comma; promete una excelente estabilidad y resistencia a la inclinaci\u00f3n. Los ganchos y los paneles del soporte tambi\u00e9n est\u00e1n cubiertos con goma para proteger su dispositivo contra rayones. La carga m\u00e1xima es de 1 Kg.<\/li>\n<\/ul><\/div>\n<div style='flex: 1 1 300px; min-width: 280px;'>\n<h3 style='font-size: 22px; border-bottom: 2px solid currentColor; padding-bottom: 5px; margin-top: 0; color: inherit; opacity: 0.8;'>Caracter\u00edsticas Principales<\/h3>\n<ul style='padding-left: 20px; font-size: 15px; color: inherit;'>\n<li style='margin-bottom: 5px;'>El soporte plegable para Tablet UGREEN est\u00e1 dise\u00f1ado para tabletas grandes de hasta 12.9 pulgadas&comma; es compatible con infinidad de dispositivos. Se puede usar para ver programas de televisi\u00f3n&comma; hacer videollamadas&comma; tomar clases en l\u00ednea&comma; etc.<\/li>\n<\/ul><\/div>\n<div style='flex: 1 1 300px; min-width: 280px;'>\n<h3 style='font-size: 22px; border-bottom: 2px solid currentColor; padding-bottom: 5px; margin-top: 0; color: inherit; opacity: 0.8;'>Caracter\u00edsticas Principales<\/h3>\n<ul style='padding-left: 20px; font-size: 15px; color: inherit;'>\n<li style='margin-bottom: 5px;'>El soporte tableta est\u00e1 hecho totalmente de aleaci\u00f3n de aluminio de alta calidad combinando con un dise\u00f1o elegante. Las almohadillas de silicona antideslizantes en el interior protegen la Tablet de ara\u00f1azos.<\/li>\n<\/ul><\/div>\n<div style='flex: 1 1 300px; min-width: 280px;'>\n<h3 style='font-size: 22px; border-bottom: 2px solid currentColor; padding-bottom: 5px; margin-top: 0; color: inherit; opacity: 0.8;'>Caracter\u00edsticas Principales<\/h3>\n<ul style='padding-left: 20px; font-size: 15px; color: inherit;'>\n<li style='margin-bottom: 5px;'>El dise\u00f1o fino del soporte no solo depende del material selecto&comma; sino tambi\u00e9n del dise\u00f1o preciso. El soporte para Tablet UGREEN es completamente plegable. Se puede llevar f\u00e1cilmente en la bolsa cuando va a viajar o a trabajar afuera.<\/li>\n<\/ul><\/div>\n<\/p><\/div>\n<p> <img style='width: 100%; height: auto; border: 1px solid rgba(150&comma;150&comma;150&comma;0.3); border-radius: 8px;' src='http:\/\/ftp3.syscom.mx\/usuarios\/hallende\/UGREEN2\/Soportes\/40393\/40393-8.jpg' alt=''> <\/p>\n<div style='display: flex; flex-wrap: wrap; gap: 30px; margin-bottom: 30px;'>\n<div style='flex: 1 1 300px; min-width: 280px;'>\n<h3 style='font-size: 22px; border-bottom: 2px solid currentColor; padding-bottom: 5px; margin-top: 0; color: inherit; opacity: 0.8;'>Caracter\u00edsticas Especiales<\/h3>\n<ul style='padding-left: 20px; font-size: 15px; color: inherit;'>\n<li style='margin-bottom: 5px;'>Libera sus manos y facilita su vida. Puede utilizarse para ver pel\u00edculas&comma; asistir a clases en l\u00ednea&comma; realizar videoconferencias&comma; trabajar y mucho m\u00e1s.<\/li>\n<\/ul><\/div>\n<div style='flex: 1 1 300px; min-width: 280px;'>\n<h3 style='font-size: 22px; border-bottom: 2px solid currentColor; padding-bottom: 5px; margin-top: 0; color: inherit; opacity: 0.8;'>Caracter\u00edsticas Especiales<\/h3>\n<ul style='padding-left: 20px; font-size: 15px; color: inherit;'>\n<li style='margin-bottom: 5px;'>El dise\u00f1o plegable permite m\u00e1s posibilidades para el soporte. Su magn\u00edfica estabilidad se adapta perfectamente a todas sus necesidades e incluso puede ser de gran ayuda en dibujar&comma; iluminar y escribir notas: s\u00f3lo tiene que ajustarlo al \u00e1ngulo adecuado.<\/li>\n<\/ul><\/div>\n<div style='flex: 1 1 300px; min-width: 280px;'>\n<h3 style='font-size: 22px; border-bottom: 2px solid currentColor; padding-bottom: 5px; margin-top: 0; color: inherit; opacity: 0.8;'>Caracter\u00edsticas Especiales<\/h3>\n<ul style='padding-left: 20px; font-size: 15px; color: inherit;'>\n<li style='margin-bottom: 5px;'>El \u00c1ngulo y la altura son ajustables&comma; le permite personalizar el \u00e1ngulo de su dispositivo (5\u00b0-135\u00b0) para encontrar el \u00e1ngulo de visi\u00f3n m\u00e1s c\u00f3modo. Es eficaz para aliviar el dolor de hombros y cuello causado por mirar hacia abajo durante largos periodos de tiempo.<\/li>\n<\/ul><\/div>\n<\/p><\/div>\n<p> <img style='width: 100%; height: auto; border: 1px solid rgba(150&comma;150&comma;150&comma;0.3); border-radius: 8px;' src='http:\/\/ftp3.syscom.mx\/usuarios\/hallende\/UGREEN2\/Soportes\/40393\/40393-13.jpg' alt=''> <\/p>\n<div style='margin-bottom: 30px;'>\n<h3 style='font-size: 22px; border-bottom: 2px solid currentColor; padding-bottom: 5px; margin-top: 0; color: inherit; opacity: 0.8;'>Especificaciones<\/h3>\n<ul style='padding-left: 20px; font-size: 15px; color: inherit;'>\n<li style='margin-bottom: 5px;'><strong>Dimensiones del producto<\/strong> 4.6 x 13 x 20 cm<\/li>\n<li style='margin-bottom: 5px;'><strong>Peso<\/strong> 396 gramos<\/li>\n<li style='margin-bottom: 5px;'><strong>Tipo de material<\/strong> Aluminio<\/li>\n<li style='margin-bottom: 5px;'><strong>Garant\u00eda<\/strong> 1 A\u00f1o por defectos de fabricaci\u00f3n<\/li>\n<\/ul><\/div>\n<hr style='border: 0; border-top: 1px solid rgba(150&comma; 150&comma; 150&comma; 0.3); margin: 30px 0;'> <\/div>\n","protected":false},"excerpt":{"rendered":"<p>Soporte de Aluminio para IPad &#038; Tablet | Plegable |Angulo Ajustable de 180\u00b0 y 270\u00b0 | Base Antideslizante | Protecci\u00f3n  de Silicona | Amplia Compatibilidad con dispositivos de 7.9&#8221; a 12.9&#8221; | Aluminio Solido | Color Gris<\/p>\n","protected":false},"featured_media":107452,"comment_status":"open","ping_status":"closed","template":"","meta":[],"product_brand":[],"product_cat":[1235],"product_tag":[417,1236,650],"class_list":{"0":"post-107453","1":"product","2":"type-product","3":"status-publish","4":"has-post-thumbnail","6":"product_cat-accesorios-para-computadora-y-smartphones","7":"product_tag-accesorios-generales","8":"product_tag-accesorios-para-computadora-y-smartphones","9":"product_tag-ugreen","11":"first","12":"instock","13":"sale","14":"shipping-taxable","15":"purchasable","16":"product-type-simple"},"_links":{"self":[{"href":"https:\/\/soydeaqui.ddns.net\/pachuca\/index.php\/wp-json\/wp\/v2\/product\/107453","targetHints":{"allow":["GET"]}}],"collection":[{"href":"https:\/\/soydeaqui.ddns.net\/pachuca\/index.php\/wp-json\/wp\/v2\/product"}],"about":[{"href":"https:\/\/soydeaqui.ddns.net\/pachuca\/index.php\/wp-json\/wp\/v2\/types\/product"}],"replies":[{"embeddable":true,"href":"https:\/\/soydeaqui.ddns.net\/pachuca\/index.php\/wp-json\/wp\/v2\/comments?post=107453"}],"wp:featuredmedia":[{"embeddable":true,"href":"https:\/\/soydeaqui.ddns.net\/pachuca\/index.php\/wp-json\/wp\/v2\/media\/107452"}],"wp:attachment":[{"href":"https:\/\/soydeaqui.ddns.net\/pachuca\/index.php\/wp-json\/wp\/v2\/media?parent=107453"}],"wp:term":[{"taxonomy":"product_brand","embeddable":true,"href":"https:\/\/soydeaqui.ddns.net\/pachuca\/index.php\/wp-json\/wp\/v2\/product_brand?post=107453"},{"taxonomy":"product_cat","embeddable":true,"href":"https:\/\/soydeaqui.ddns.net\/pachuca\/index.php\/wp-json\/wp\/v2\/product_cat?post=107453"},{"taxonomy":"product_tag","embeddable":true,"href":"https:\/\/soydeaqui.ddns.net\/pachuca\/index.php\/wp-json\/wp\/v2\/product_tag?post=107453"}],"curies":[{"name":"wp","href":"https:\/\/api.w.org\/{rel}","templated":true}]}}