{"id":107441,"date":"2026-03-20T17:08:51","date_gmt":"2026-03-20T17:08:51","guid":{"rendered":"https:\/\/soydeaqui.ddns.net\/pachuca\/index.php\/producto\/broca-para-concreto-de-3-8-x-6-sdsplus-3filos\/"},"modified":"2026-03-20T17:08:54","modified_gmt":"2026-03-20T17:08:54","slug":"broca-para-concreto-de-3-8-x-6-sdsplus-3filos","status":"publish","type":"product","link":"https:\/\/soydeaqui.ddns.net\/pachuca\/index.php\/producto\/broca-para-concreto-de-3-8-x-6-sdsplus-3filos\/","title":{"rendered":"Broca para concreto de 3\/8&#8243; x 6&#8243; SDS???PLUS, 3???Filos"},"content":{"rendered":"<div style='width: 100%; max-width: 1200px; margin: 0 auto; font-family: sans-serif; line-height: 1.6; color: inherit; background-color: transparent;'> <!-- Secci\u00f3n de caracter\u00edsticas --> <\/p>\n<div style='display: flex; flex-wrap: wrap; gap: 30px; margin-bottom: 30px;'>\n<div style='flex: 1 1 300px; min-width: 280px;'>\n<h3 style='font-size: 22px; border-bottom: 2px solid currentColor; padding-bottom: 5px; margin-top: 0; color: inherit; opacity: 0.8;'>Caracter\u00edsticas:<\/h3>\n<ul style='padding-left: 20px; font-size: 15px; color: inherit;'>\n<li style='margin-bottom: 5px;'>La punta de 3-filos de la broca est\u00e1 dise\u00f1ada para perforaci\u00f3n en concreto armado<\/li>\n<li style='margin-bottom: 5px;'>La punta de centrado presenta un dise\u00f1o m\u00e1s agresivo para un r\u00e1pido inicio de agujero<\/li>\n<li style='margin-bottom: 5px;'>Acci\u00f3n de gu\u00eda central dise\u00f1ada para agujeros m\u00e1s exactos<\/li>\n<li style='margin-bottom: 5px;'>Punta con agresiva geometr\u00eda en el filo principal dise\u00f1ada para utilizar en concreto<\/li>\n<li style='margin-bottom: 5px;'>Dise\u00f1ada para reducir vibraci\u00f3n<\/li>\n<li style='margin-bottom: 5px;'>4&#8242; de longitud usable<\/li>\n<li style='margin-bottom: 5px;'>Para usar con Rotomartillos que aceptan brocas con entrada SDS-PLUS<\/li>\n<\/ul><\/div>\n<\/p><\/div>\n<p> <!-- Separador --> <\/p>\n<hr style='border: 0; border-top: 1px solid rgba(150&comma; 150&comma; 150&comma; 0.3); margin: 30px 0;'> <!-- Secci\u00f3n de especificaciones --> <\/p>\n<div style='display: flex; flex-wrap: wrap; gap: 20px; margin-bottom: 30px;'>\n<div style='flex: 1 1 250px; border: 1px solid rgba(150&comma; 150&comma; 150&comma; 0.4); border-radius: 8px; overflow: hidden; display: flex; flex-direction: column;'>\n<div style='padding: 15px; border-bottom: 1px solid rgba(150&comma; 150&comma; 150&comma; 0.2); font-weight: bold; font-size: 18px; color: inherit;'>Especificaciones<\/div>\n<div style='padding: 15px; color: inherit;'>\n<ul style='padding-left: 20px; margin: 0; font-size: 14px; list-style-type: disc;'>\n<li style='margin-bottom: 5px;'><strong>Tipo de Disco Abrasivo (RHB&comma; DS):<\/strong> Brocas de Carburo con 3 Cortadores<\/li>\n<li style='margin-bottom: 5px;'><strong>Tipo de V\u00e1stago:<\/strong> SDS-PLUS<\/li>\n<li style='margin-bottom: 5px;'><strong>Aplicaci\u00f3n (DB&comma; RHB&comma; HS):<\/strong> Concreto<\/li>\n<li style='margin-bottom: 5px;'><strong>Di\u00e1metro:<\/strong> 3\/8&#8242;<\/li>\n<li style='margin-bottom: 5px;'><strong>Longitud \u00datil:<\/strong> 4&#8242;<\/li>\n<li style='margin-bottom: 5px;'><strong>Longitud Total:<\/strong> 6&#8242;<\/li>\n<li style='margin-bottom: 5px;'><strong>Cantidad del Paquete:<\/strong> 1<\/li>\n<li style='margin-bottom: 5px;'><strong>Peso del Env\u00edo:<\/strong> .163 lbs.<\/li>\n<li style='margin-bottom: 5px;'><strong>C\u00f3digo UPC:<\/strong> 088381-527033<\/li>\n<\/ul><\/div>\n<\/p><\/div>\n<\/p><\/div>\n<\/p><\/div>\n","protected":false},"excerpt":{"rendered":"<p>Broca para concreto de 3\/8&#8243; x 6&#8243; SDS???PLUS, 3???Filos<\/p>\n","protected":false},"featured_media":107440,"comment_status":"open","ping_status":"closed","template":"","meta":[],"product_brand":[],"product_cat":[24],"product_tag":[26,25,252],"class_list":{"0":"post-107441","1":"product","2":"type-product","3":"status-publish","4":"has-post-thumbnail","6":"product_cat-accesorios-de-instalacion","7":"product_tag-accesorios-de-instalacion","8":"product_tag-herramientas","9":"product_tag-makita","11":"first","12":"outofstock","13":"sale","14":"shipping-taxable","15":"purchasable","16":"product-type-simple"},"_links":{"self":[{"href":"https:\/\/soydeaqui.ddns.net\/pachuca\/index.php\/wp-json\/wp\/v2\/product\/107441","targetHints":{"allow":["GET"]}}],"collection":[{"href":"https:\/\/soydeaqui.ddns.net\/pachuca\/index.php\/wp-json\/wp\/v2\/product"}],"about":[{"href":"https:\/\/soydeaqui.ddns.net\/pachuca\/index.php\/wp-json\/wp\/v2\/types\/product"}],"replies":[{"embeddable":true,"href":"https:\/\/soydeaqui.ddns.net\/pachuca\/index.php\/wp-json\/wp\/v2\/comments?post=107441"}],"wp:featuredmedia":[{"embeddable":true,"href":"https:\/\/soydeaqui.ddns.net\/pachuca\/index.php\/wp-json\/wp\/v2\/media\/107440"}],"wp:attachment":[{"href":"https:\/\/soydeaqui.ddns.net\/pachuca\/index.php\/wp-json\/wp\/v2\/media?parent=107441"}],"wp:term":[{"taxonomy":"product_brand","embeddable":true,"href":"https:\/\/soydeaqui.ddns.net\/pachuca\/index.php\/wp-json\/wp\/v2\/product_brand?post=107441"},{"taxonomy":"product_cat","embeddable":true,"href":"https:\/\/soydeaqui.ddns.net\/pachuca\/index.php\/wp-json\/wp\/v2\/product_cat?post=107441"},{"taxonomy":"product_tag","embeddable":true,"href":"https:\/\/soydeaqui.ddns.net\/pachuca\/index.php\/wp-json\/wp\/v2\/product_tag?post=107441"}],"curies":[{"name":"wp","href":"https:\/\/api.w.org\/{rel}","templated":true}]}}