{"id":107433,"date":"2026-03-20T17:08:25","date_gmt":"2026-03-20T17:08:25","guid":{"rendered":"https:\/\/soydeaqui.ddns.net\/pachuca\/index.php\/producto\/switch-gigabit-poe-administrable-24-puertos-1000-mbps-poe-4-puertos-1000-mbps-4-puertos-sfp-de-uplink-370-watts-soporta-igmp\/"},"modified":"2026-03-20T17:08:40","modified_gmt":"2026-03-20T17:08:40","slug":"switch-gigabit-poe-administrable-24-puertos-1000-mbps-poe-4-puertos-1000-mbps-4-puertos-sfp-de-uplink-370-watts-soporta-igmp","status":"publish","type":"product","link":"https:\/\/soydeaqui.ddns.net\/pachuca\/index.php\/producto\/switch-gigabit-poe-administrable-24-puertos-1000-mbps-poe-4-puertos-1000-mbps-4-puertos-sfp-de-uplink-370-watts-soporta-igmp\/","title":{"rendered":"Switch Gigabit PoE+ \/ Administrable \/ 24 Puertos 1000 Mbps PoE+ \/ 4 Puertos 1000 Mbps + 4 Puertos SFP de Uplink \/ 370 Watts \/ Soporta IGMP"},"content":{"rendered":"<div style='width: 100%; max-width: 1200px; margin: 0 auto; font-family: sans-serif; line-height: 1.6; color: inherit; background-color: transparent;'>\n<p style='text-align: center; margin: 0; padding: 0;'><img style='width: 100%; max-width: 400px; height: auto; border: 1px solid rgba(150&comma;150&comma;150&comma;0.3); border-radius: 8px;' src='https:\/\/ftp3.syscom.mx\/usuarios\/jsosa\/HIKVISION\/imagenes\/logo\/hikvision%20see%20far.png' alt='Logo Hikvision' \/><\/p>\n<div style='position: relative; padding-bottom: 56.25%; height: 0; overflow: hidden; margin: 30px 0;'>   <\/div>\n<div style='display: flex; flex-wrap: wrap; gap: 30px; margin: 30px 0;'>\n<div style='flex: 1 1 300px; min-width: 280px;'>\n<h4 style='font-size: 18px; border-bottom: 2px solid currentColor; padding-bottom: 5px; margin-top: 0; color: inherit; opacity: 0.8; text-align: center;'>\u00bfQu\u00e9 es Hik-Partner Pro?<\/h4>\n<div style='position: relative; padding-bottom: 56.25%; height: 0; overflow: hidden;'>   <\/div>\n<\/p><\/div>\n<div style='flex: 1 1 300px; min-width: 280px;'>\n<h4 style='font-size: 18px; border-bottom: 2px solid currentColor; padding-bottom: 5px; margin-top: 0; color: inherit; opacity: 0.8; text-align: center;'>Activa tus Equipos en 3 Pasos<\/h4>\n<div style='position: relative; padding-bottom: 56.25%; height: 0; overflow: hidden;'>   <\/div>\n<\/p><\/div>\n<div style='flex: 1 1 300px; min-width: 280px;'>\n<h4 style='font-size: 18px; border-bottom: 2px solid currentColor; padding-bottom: 5px; margin-top: 0; color: inherit; opacity: 0.8; text-align: center;'>\u00a1Vincula tus dispositivos!<\/h4>\n<div style='position: relative; padding-bottom: 56.25%; height: 0; overflow: hidden;'>   <\/div>\n<\/p><\/div>\n<\/p><\/div>\n<hr style='border: 0; border-top: 1px solid rgba(150&comma;150&comma;150&comma;0.3); margin: 30px 0;'>\n<div style='display: flex; flex-wrap: wrap; gap: 30px; margin-bottom: 30px;'>\n<div style='flex: 1 1 400px; min-width: 300px;'>\n<div style='border: 1px solid rgba(150&comma;150&comma;150&comma;0.4); border-radius: 8px; overflow: hidden; display: flex; flex-direction: column;'>\n<div style='padding: 15px; border-bottom: 1px solid rgba(150&comma;150&comma;150&comma;0.2); font-weight: bold; font-size: 18px; background: rgba(223&comma;0&comma;30&comma;0.9); color: #ffffff;'>Caracter\u00edsticas Principales:<\/div>\n<div style='padding: 15px; color: inherit;'>\n<ul style='padding-left: 20px; margin: 0; font-size: 14px; list-style-type: disc;'>\n<li style='margin-bottom: 5px;'>24 Puertos RJ45 PoE 802.3 af\/at 10 \/ 100\/1000 Mbps.<\/li>\n<li style='margin-bottom: 5px;'>4 Puertos RJ45 10 \/ 100 \/ 1000 Mbps.<\/li>\n<li style='margin-bottom: 5px;'>4 Puertos SFP 10 \/ 100 \/ 1000 Mbps (transceptores compatibles <a style='color: inherit; text-decoration: underline;' href='https:\/\/www.syscom.mx\/producto\/HK-SFP-1.25G-20-1310-DF-HIKVISION-191779.html' target='_blank' rel='noopener'>HK-SFP-1.25G-20-1310-DF<\/a> \/ <a style='color: inherit; text-decoration: underline;' href='https:\/\/www.syscom.mx\/producto\/HK-SFP-1.25G-1310-DF-MM-HIKVISION-170393.html' target='_blank' rel='noopener'>HK-SFP-1.25G-1310-DF-MM<\/a>).<\/li>\n<li style='margin-bottom: 5px;'>Potencia total: 370 W.<\/li>\n<li style='margin-bottom: 5px;'>Soporta VLAN&comma; GVRP&comma; 802.1Q&comma; QinQ&comma; QoS&comma; IGMP&comma; IGMP Snooping&comma; DHCP snooping&comma; RADIUS.<\/li>\n<li style='margin-bottom: 5px;'>Administraci\u00f3n a trav\u00e9s de WEB&comma; SNMP&comma; Telnet&comma; RMON&comma; CLI.<\/li>\n<li style='margin-bottom: 5px;'>Soporta IEEE 802.1D&comma; IEEE 802.1w y IEEE 802.1s.<\/li>\n<\/ul><\/div>\n<\/p><\/div>\n<\/p><\/div>\n<div style='flex: 1 1 400px; min-width: 300px;'>\n<div style='border: 1px solid rgba(150&comma;150&comma;150&comma;0.4); border-radius: 8px; overflow: hidden; display: flex; flex-direction: column;'>\n<div style='padding: 15px; border-bottom: 1px solid rgba(150&comma;150&comma;150&comma;0.2); font-weight: bold; font-size: 18px; background: rgba(223&comma;0&comma;30&comma;0.9); color: #ffffff;'>Caracter\u00edsticas F\u00edsicas y El\u00e9ctricas:<\/div>\n<div style='padding: 15px; color: inherit;'>\n<ul style='padding-left: 20px; margin: 0; font-size: 14px; list-style-type: disc;'>\n<li style='margin-bottom: 5px;'>Dimensiones: 440 \u00d7 44 \u00d7 210 mm.<\/li>\n<li style='margin-bottom: 5px;'>Alimentaci\u00f3n: 110 &#8211; 240 vca.<\/li>\n<li style='margin-bottom: 5px;'>Temperatura de operaci\u00f3n: 0 &#8211; 50 \u00b0C.<\/li>\n<\/ul><\/div>\n<\/p><\/div>\n<\/p><\/div>\n<\/p><\/div>\n<div style='display: flex; flex-wrap: wrap; gap: 30px; margin-bottom: 30px;'>\n<div style='flex: 1 1 100%;'>\n<div style='border: 1px solid rgba(150&comma;150&comma;150&comma;0.4); border-radius: 8px; overflow: hidden; display: flex; flex-direction: column;'>\n<div style='padding: 15px; border-bottom: 1px solid rgba(150&comma;150&comma;150&comma;0.2); font-weight: bold; font-size: 18px; background: rgba(223&comma;0&comma;30&comma;0.9); color: #ffffff;'>Caracter\u00edsticas Avanzadas<\/div>\n<div style='padding: 15px; color: inherit;'>\n<ul style='padding-left: 20px; margin: 0; font-size: 14px; list-style-type: disc;'>\n<li style='margin-bottom: 5px; font-weight: bold;'>Puertos VIP<\/li>\n<li style='margin-bottom: 5px; font-weight: bold;'>Aislado de puertos<\/li>\n<li style='margin-bottom: 5px; font-weight: bold;'>PoE Watchdog<\/li>\n<li style='margin-bottom: 5px; font-weight: bold;'>Link Aggregation<\/li>\n<li style='margin-bottom: 5px; font-weight: bold;'>Prevenci\u00f3n de loop<\/li>\n<li style='margin-bottom: 5px; font-weight: bold;'>VLAN&#8217;S<\/li>\n<\/ul><\/div>\n<\/p><\/div>\n<\/p><\/div>\n<\/p><\/div>\n<div style='display: flex; flex-wrap: wrap; gap: 30px; margin-bottom: 30px;'>\n<div style='flex: 1 1 100%;'>\n<div style='border: 1px solid rgba(150&comma;150&comma;150&comma;0.4); border-radius: 8px; overflow: hidden; display: flex; flex-direction: column;'>\n<div style='padding: 15px; border-bottom: 1px solid rgba(150&comma;150&comma;150&comma;0.2); font-weight: bold; font-size: 18px; background: rgba(223&comma;0&comma;30&comma;0.9); color: #ffffff;'>Consideraciones<\/div>\n<div style='padding: 15px; color: inherit;'>\n<ul style='padding-left: 20px; margin: 0; font-size: 14px; list-style-type: disc;'>\n<li style='margin-bottom: 5px;'>Montable en rack<\/li>\n<li style='margin-bottom: 5px; font-weight: bold;'>Tasa de reenv\u00edo de paquetes 51 Mpps.<\/li>\n<li style='margin-bottom: 5px;'>Ancho de banda: 22.8 Gbps<\/li>\n<li style='margin-bottom: 5px;'>Si va a conectar c\u00e1maras considere el suministro que puede otorgar el switch por PoE para evaluar si cumple con las necesidades energ\u00e9ticas de las c\u00e1maras.<\/li>\n<\/ul><\/div>\n<\/p><\/div>\n<\/p><\/div>\n<\/p><\/div>\n<hr style='border: 0; border-top: 1px solid rgba(150&comma;150&comma;150&comma;0.3); margin: 30px 0;'>\n<div style='display: flex; flex-wrap: wrap; gap: 30px; margin-bottom: 30px;'>\n<div style='flex: 1 1 100%; text-align: center;'>\n<h3 style='font-size: 18px; margin-top: 0; color: inherit;'>Distancias Modo Extendido<\/h3>\n<\/p><\/div>\n<\/p><\/div>\n<div style='display: flex; flex-wrap: wrap; gap: 30px; margin-bottom: 30px;'>\n<div style='flex: 1 1 100%; text-align: center;'> <img style='width: 100%; max-width: 1200px; height: auto; border: 1px solid rgba(150&comma;150&comma;150&comma;0.3); border-radius: 8px;' src='https:\/\/ftp3.syscom.mx\/usuarios\/jsosa\/HIKVISION\/redes\/poeextended.PNG' alt='Distancias Modo Extendido' \/> <\/div>\n<\/p><\/div>\n<hr style='border: 0; border-top: 1px solid rgba(150&comma;150&comma;150&comma;0.3); margin: 30px 0;'>\n<div style='display: flex; flex-wrap: wrap; gap: 30px; margin-bottom: 30px;'>\n<div style='flex: 1 1 100%; text-align: center;'>\n<h3 style='font-size: 18px; margin-top: 0; color: inherit;'>Funcionamiento PoE Extended<\/h3>\n<\/p><\/div>\n<\/p><\/div>\n<div style='display: flex; flex-wrap: wrap; gap: 30px; margin-bottom: 30px;'>\n<div style='flex: 1 1 100%; text-align: center;'>\n<p style='font-size: 14px; margin: 15px 0; color: inherit;'>Los Switches PoE de Hikvision permiten al momento de utilizar un extensor PoE Hikvision modelo <a style='color: inherit; text-decoration: underline;' href='https:\/\/www.syscom.mx\/producto\/DS-3E0103DP-E-R-HIKVISION-230170.html'>DS-3E0103DP-E\/R<\/a> o <a style='color: inherit; text-decoration: underline;' href='https:\/\/www.syscom.mx\/producto\/DS-3E0503DP-E-R-HIKVISION-230171.html'>DS-3E0503DP-E\/R<\/a> alcanzar distancias de hasta <strong style='color: inherit;'>200 metros<\/strong><\/p>\n<p> <img style='width: 100%; max-width: 983px; height: auto; border: 1px solid rgba(150&comma;150&comma;150&comma;0.3); border-radius: 8px;' src='https:\/\/ftp3.syscom.mx\/usuarios\/alexh\/Hikvision\/imagen\/Distancias.PNG' alt='Distancias PoE Extended' \/> <\/div>\n<\/p><\/div>\n<\/p><\/div>\n","protected":false},"excerpt":{"rendered":"<p>Switch Gigabit PoE+ \/ Administrable \/ 24 Puertos 1000 Mbps PoE+ \/ 4 Puertos 1000 Mbps + 4 Puertos SFP de Uplink \/ 370 Watts \/ Soporta IGMP<\/p>\n","protected":false},"featured_media":107432,"comment_status":"open","ping_status":"closed","template":"","meta":[],"product_brand":[],"product_cat":[1986],"product_tag":[54,664,1987],"class_list":{"0":"post-107433","1":"product","2":"type-product","3":"status-publish","4":"has-post-thumbnail","6":"product_cat-switches-poe","7":"product_tag-hikvision","8":"product_tag-networking","9":"product_tag-switches-poe","11":"first","12":"instock","13":"sale","14":"shipping-taxable","15":"purchasable","16":"product-type-simple"},"_links":{"self":[{"href":"https:\/\/soydeaqui.ddns.net\/pachuca\/index.php\/wp-json\/wp\/v2\/product\/107433","targetHints":{"allow":["GET"]}}],"collection":[{"href":"https:\/\/soydeaqui.ddns.net\/pachuca\/index.php\/wp-json\/wp\/v2\/product"}],"about":[{"href":"https:\/\/soydeaqui.ddns.net\/pachuca\/index.php\/wp-json\/wp\/v2\/types\/product"}],"replies":[{"embeddable":true,"href":"https:\/\/soydeaqui.ddns.net\/pachuca\/index.php\/wp-json\/wp\/v2\/comments?post=107433"}],"wp:featuredmedia":[{"embeddable":true,"href":"https:\/\/soydeaqui.ddns.net\/pachuca\/index.php\/wp-json\/wp\/v2\/media\/107432"}],"wp:attachment":[{"href":"https:\/\/soydeaqui.ddns.net\/pachuca\/index.php\/wp-json\/wp\/v2\/media?parent=107433"}],"wp:term":[{"taxonomy":"product_brand","embeddable":true,"href":"https:\/\/soydeaqui.ddns.net\/pachuca\/index.php\/wp-json\/wp\/v2\/product_brand?post=107433"},{"taxonomy":"product_cat","embeddable":true,"href":"https:\/\/soydeaqui.ddns.net\/pachuca\/index.php\/wp-json\/wp\/v2\/product_cat?post=107433"},{"taxonomy":"product_tag","embeddable":true,"href":"https:\/\/soydeaqui.ddns.net\/pachuca\/index.php\/wp-json\/wp\/v2\/product_tag?post=107433"}],"curies":[{"name":"wp","href":"https:\/\/api.w.org\/{rel}","templated":true}]}}