{"id":107400,"date":"2026-03-20T17:06:38","date_gmt":"2026-03-20T17:06:38","guid":{"rendered":"https:\/\/soydeaqui.ddns.net\/pachuca\/index.php\/producto\/mini-domo-ptz-ip-4-megapixel-4x-zoom-h-265-20-mts-ir-exir-wdr-poe-ik10-exterior-ip66-darkfighter-microfono-integrado-micro-sd\/"},"modified":"2026-03-20T17:06:52","modified_gmt":"2026-03-20T17:06:52","slug":"mini-domo-ptz-ip-4-megapixel-4x-zoom-h-265-20-mts-ir-exir-wdr-poe-ik10-exterior-ip66-darkfighter-microfono-integrado-micro-sd","status":"publish","type":"product","link":"https:\/\/soydeaqui.ddns.net\/pachuca\/index.php\/producto\/mini-domo-ptz-ip-4-megapixel-4x-zoom-h-265-20-mts-ir-exir-wdr-poe-ik10-exterior-ip66-darkfighter-microfono-integrado-micro-sd\/","title":{"rendered":"Mini Domo PTZ IP 4 Megapixel \/ 4X Zoom \/ H.265+ \/ 20 mts IR EXIR \/ WDR \/ PoE \/ IK10 \/Exterior IP66 \/ DarkFighter \/ Micr\u00f3fono Integrado \/ Micro SD"},"content":{"rendered":"<div style='width: 100%; max-width: 1200px; margin: 0 auto; font-family: sans-serif; line-height: 1.6; color: inherit; background-color: transparent;'> <!-- Logo --> <\/p>\n<div style='text-align: center; margin-bottom: 30px;'> <img style='width: 45%; height: auto; border: 1px solid rgba(150&comma;150&comma;150&comma;0.3); border-radius: 8px;' src='https:\/\/ftp3.syscom.mx\/usuarios\/jsosa\/HIKVISION\/imagenes\/logo\/hikvision%20see%20far.png' alt='Logo Hikvision'> <\/div>\n<p> <!-- Secci\u00f3n Darkfighter --> <\/p>\n<div style='display: flex; flex-wrap: wrap; gap: 30px; margin-bottom: 30px;'>\n<div style='flex: 1 1 300px; min-width: 280px;'> <img style='width: 100%; height: auto; border: 1px solid rgba(150&comma;150&comma;150&comma;0.3); border-radius: 8px;' src='https:\/\/ftp3.syscom.mx\/usuarios\/jsosa\/HIKVISION\/videos\/ids\/2MP%20LightFighter.gif' alt='LightFighter'> <\/div>\n<div style='flex: 1 1 300px; min-width: 280px;'>\n<h3 style='font-size: 22px; border-bottom: 2px solid currentColor; padding-bottom: 5px; margin-top: 0; color: inherit; opacity: 0.8;'>LIGHTFIGHTER<\/h3>\n<ul style='padding-left: 20px; font-size: 15px; color: inherit;'>\n<li style='margin-bottom: 5px;'>Evita la saturaci\u00f3n de la luz que no permite la visualizaci\u00f3n de detalles.<\/li>\n<li style='margin-bottom: 5px;'>Permite visualizar correctamente el primer y segundo plano de la imagen.<\/li>\n<\/ul><\/div>\n<\/p><\/div>\n<p> <!-- Secci\u00f3n Darkfighter --> <\/p>\n<div style='display: flex; flex-wrap: wrap; gap: 30px; margin-bottom: 30px;'>\n<div style='flex: 1 1 300px; min-width: 280px;'>\n<h3 style='font-size: 22px; border-bottom: 2px solid currentColor; padding-bottom: 5px; margin-top: 0; color: inherit; opacity: 0.8;'>DARKFIGHTER<\/h3>\n<ul style='padding-left: 20px; font-size: 15px; color: inherit;'>\n<li style='margin-bottom: 5px;'>Imagen a color con muy poca iluminaci\u00f3n.<\/li>\n<li style='margin-bottom: 5px;'>Con la iluminaci\u00f3n natural o con el poco alumbrado p\u00fablico logra mostrar mayor detalle en la imagen.<\/li>\n<\/ul><\/div>\n<div style='flex: 1 1 300px; min-width: 280px;'> <img style='width: 100%; height: auto; border: 1px solid rgba(150&comma;150&comma;150&comma;0.3); border-radius: 8px;' src='https:\/\/ftp3.syscom.mx\/usuarios\/jsosa\/HIKVISION\/videos\/ids\/4%20MP%20DarkFighter%20Performance%20Test.gif' alt='DarkFighter'> <\/div>\n<\/p><\/div>\n<p> <!-- Secci\u00f3n de caracter\u00edsticas --> <\/p>\n<div style='display: flex; flex-wrap: wrap; gap: 20px; margin-bottom: 30px;'>\n<div style='flex: 1 1 300px; border: 1px solid rgba(150&comma; 150&comma; 150&comma; 0.4); border-radius: 8px; overflow: hidden; display: flex; flex-direction: column;'>\n<div style='padding: 15px; border-bottom: 1px solid rgba(150&comma; 150&comma; 150&comma; 0.2); font-weight: bold; font-size: 18px; color: inherit;'>Caracter\u00edsticas principales:<\/div>\n<div style='padding: 15px; color: inherit;'>\n<ul style='padding-left: 20px; margin: 0; font-size: 14px; list-style-type: disc;'>\n<li style='margin-bottom: 5px;'><strong>Resoluci\u00f3n m\u00e1xima:<\/strong> 4 Megapixel (2560 x 1440).<\/li>\n<li style='margin-bottom: 5px;'><strong>Iluminaci\u00f3n m\u00ednima:<\/strong> color 0.005 Lux @ (F1.6&comma; AGC ON).<\/li>\n<li style='margin-bottom: 5px;'><strong>Iluminaci\u00f3n m\u00ednima:<\/strong> B\/N 0.001 Lux @ (F1.6&comma; AGC ON).<\/li>\n<li style='margin-bottom: 5px;'><strong>D\u00eda \/ Noche Real:<\/strong> Filtro ICR.<\/li>\n<li style='margin-bottom: 5px;'><strong>Distancia focal:<\/strong> 2.8 a 12 mm (\u00e1ngulo de visi\u00f3n 96.7\u00b0 a 31.6\u00b0).<\/li>\n<li style='margin-bottom: 5px;'><strong>Distancia de infrarrojo:<\/strong> 20 mts Smart IR EXIR.<\/li>\n<li style='margin-bottom: 5px;'><strong>Funciones normales:<\/strong> WDR 120 dB \/ 3D DNR \/ EIS \/ ROI.<\/li>\n<li style='margin-bottom: 5px;'><strong>Funciones especiales:<\/strong> Detecci\u00f3n de rostro \/ Intrusi\u00f3n de \u00e1rea \/ Entrada y Salida de Regi\u00f3n \/ Cruce de l\u00ednea \/ Objeto olvidado \/ Objeto removido.<\/li>\n<li style='margin-bottom: 5px;'><strong>Compresi\u00f3n:<\/strong> H.265+ \/ H.265 \/ H.264+ \/ H.264.<\/li>\n<li style='margin-bottom: 5px;'><strong>Compatible con plataforma:<\/strong> Hik-Connect (P2P) <a href='https:\/\/appstore.hikvision.com\/' target='_blank' rel='noopener' style='color: inherit; text-decoration: underline; opacity: 0.8;'>https:\/\/appstore.hikvision.com\/<\/a>.<\/li>\n<li style='margin-bottom: 5px;'><strong>Micr\u00f3fono Integrado.<\/strong><\/li>\n<\/ul><\/div>\n<\/p><\/div>\n<div style='flex: 1 1 300px; border: 1px solid rgba(150&comma; 150&comma; 150&comma; 0.4); border-radius: 8px; overflow: hidden; display: flex; flex-direction: column;'>\n<div style='padding: 15px; border-bottom: 1px solid rgba(150&comma; 150&comma; 150&comma; 0.2); font-weight: bold; font-size: 18px; color: inherit;'>Caracter\u00edsticas F\u00edsicas y El\u00e9ctricas:<\/div>\n<div style='padding: 15px; color: inherit;'>\n<ul style='padding-left: 20px; margin: 0; font-size: 14px; list-style-type: disc;'>\n<li style='margin-bottom: 5px;'><strong>Alimentaci\u00f3n:<\/strong> 12 Vcc \/ 12.2 W \/ PoE (802.3 af) \/ No incluye fuente de alimentaci\u00f3n.<\/li>\n<li style='margin-bottom: 5px;'><strong>Temperatura de operaci\u00f3n:<\/strong> -20\u00b0C a 60\u00b0C \/ Humedad al 90% m\u00e1ximo.<\/li>\n<li style='margin-bottom: 5px;'><strong>Uso:<\/strong> Exterior \/ IP66.<\/li>\n<li style='margin-bottom: 5px;'><strong>Antivandalismo:<\/strong> IK10.<\/li>\n<li style='margin-bottom: 5px;'><strong>Protecci\u00f3n:<\/strong> Contra sobretensiones y protecci\u00f3n contra voltajes transitorios.<\/li>\n<li style='margin-bottom: 5px;'><strong>Dimensiones:<\/strong> 130.7 x 101.7 mm<\/li>\n<li style='margin-bottom: 5px;'><strong>Peso:<\/strong> 530 gramos.<\/li>\n<\/ul>\n<div style='margin-top: 15px;'> <strong style='font-size: 14px; color: inherit;'>Accesorios:<\/strong> <\/p>\n<ul style='padding-left: 20px; margin: 0; font-size: 14px; list-style-type: disc;'>\n<li style='margin-bottom: 5px;'>Montaje de Pared para Interior: <a href='https:\/\/www.syscom.mx\/producto\/DS-1294ZJ-PT-HIKVISION-159413.html' target='_blank' rel='noopener' style='color: inherit; text-decoration: underline; opacity: 0.8;'>DS-1294ZJ-PT<\/a><\/li>\n<li style='margin-bottom: 5px;'>Montaje Colgante Extendible de 2 mts: <a href='https:\/\/www.syscom.mx\/producto\/DS-1297ZJ-HIKVISION-84932.html' target='_blank' rel='noopener' style='color: inherit; text-decoration: underline; opacity: 0.8;'>DS-1297ZJ<\/a><\/li>\n<li style='margin-bottom: 5px;'>Montaje Colgante Para Interior: <a href='https:\/\/www.syscom.mx\/producto\/DS-1299ZJ-HIKVISION-161214.html' target='_blank' rel='noopener' style='color: inherit; text-decoration: underline; opacity: 0.8;'>DS-1299ZJ<\/a><\/li>\n<\/ul><\/div>\n<\/p><\/div>\n<\/p><\/div>\n<div style='flex: 1 1 300px; border: 1px solid rgba(150&comma; 150&comma; 150&comma; 0.4); border-radius: 8px; overflow: hidden; display: flex; flex-direction: column;'>\n<div style='padding: 15px; border-bottom: 1px solid rgba(150&comma; 150&comma; 150&comma; 0.2); font-weight: bold; font-size: 18px; color: inherit;'>Entradas y Salidas de Audio \/ Alarmas \/ Almacenamiento \/ Red:<\/div>\n<div style='padding: 15px; color: inherit;'>\n<ul style='padding-left: 20px; margin: 0; font-size: 14px; list-style-type: disc;'>\n<li style='margin-bottom: 5px;'><strong>Entradas de alarma:<\/strong> No aplica.<\/li>\n<li style='margin-bottom: 5px;'><strong>Salidas de alarma:<\/strong> No aplica.<\/li>\n<li style='margin-bottom: 5px;'><strong>Entradas de audio:<\/strong> 1.<\/li>\n<li style='margin-bottom: 5px;'><strong>Micr\u00f3fono integrado<\/strong><\/li>\n<li style='margin-bottom: 5px;'><strong>Salidas de audio:<\/strong> 1.<\/li>\n<li style='margin-bottom: 5px;'><strong>Puerto de red:<\/strong> 1 (10 \/ 100 Mbps).<\/li>\n<li style='margin-bottom: 5px;'><strong>Almacenamiento:<\/strong> micro SD de hasta 256 GB \/ ANR (Automatic Network Recovery).<\/li>\n<li style='margin-bottom: 5px;'><strong>Compatibilidad:<\/strong> ONVIF (Profile S&comma; Profile G&comma; Profile T) \/ ISAPI \/ SDK.<\/li>\n<li style='margin-bottom: 5px;'><strong>No soporta:<\/strong> Recorridos (Preset\/Pattern\/Patrol\/Park Act).<\/li>\n<\/ul><\/div>\n<\/p><\/div>\n<\/p><\/div>\n<p> <!-- Banner final --> <\/p>\n<div style='margin-top: 30px;'> <img style='width: 100%; height: auto; border: 1px solid rgba(150&comma;150&comma;150&comma;0.3); border-radius: 8px;' src='https:\/\/ftp3.syscom.mx\/usuarios\/jsosa\/HIKVISION\/imagenes\/banners\/solution%20complete.png' alt='Soluci\u00f3n completa'> <\/div>\n<\/p><\/div>\n","protected":false},"excerpt":{"rendered":"<p>Mini Domo PTZ IP 4 Megapixel \/ 4X Zoom \/ H.265+ \/ 20 mts IR EXIR \/ WDR \/ PoE \/ IK10 \/Exterior IP66 \/ DarkFighter \/ Micr\u00f3fono Integrado \/ Micro SD<\/p>\n","protected":false},"featured_media":107399,"comment_status":"open","ping_status":"closed","template":"","meta":[],"product_brand":[],"product_cat":[1224],"product_tag":[122,54,1225],"class_list":{"0":"post-107400","1":"product","2":"type-product","3":"status-publish","4":"has-post-thumbnail","6":"product_cat-ptz","7":"product_tag-camaras-ip-y-nvrs","8":"product_tag-hikvision","9":"product_tag-ptz","11":"first","12":"instock","13":"sale","14":"shipping-taxable","15":"purchasable","16":"product-type-simple"},"_links":{"self":[{"href":"https:\/\/soydeaqui.ddns.net\/pachuca\/index.php\/wp-json\/wp\/v2\/product\/107400","targetHints":{"allow":["GET"]}}],"collection":[{"href":"https:\/\/soydeaqui.ddns.net\/pachuca\/index.php\/wp-json\/wp\/v2\/product"}],"about":[{"href":"https:\/\/soydeaqui.ddns.net\/pachuca\/index.php\/wp-json\/wp\/v2\/types\/product"}],"replies":[{"embeddable":true,"href":"https:\/\/soydeaqui.ddns.net\/pachuca\/index.php\/wp-json\/wp\/v2\/comments?post=107400"}],"wp:featuredmedia":[{"embeddable":true,"href":"https:\/\/soydeaqui.ddns.net\/pachuca\/index.php\/wp-json\/wp\/v2\/media\/107399"}],"wp:attachment":[{"href":"https:\/\/soydeaqui.ddns.net\/pachuca\/index.php\/wp-json\/wp\/v2\/media?parent=107400"}],"wp:term":[{"taxonomy":"product_brand","embeddable":true,"href":"https:\/\/soydeaqui.ddns.net\/pachuca\/index.php\/wp-json\/wp\/v2\/product_brand?post=107400"},{"taxonomy":"product_cat","embeddable":true,"href":"https:\/\/soydeaqui.ddns.net\/pachuca\/index.php\/wp-json\/wp\/v2\/product_cat?post=107400"},{"taxonomy":"product_tag","embeddable":true,"href":"https:\/\/soydeaqui.ddns.net\/pachuca\/index.php\/wp-json\/wp\/v2\/product_tag?post=107400"}],"curies":[{"name":"wp","href":"https:\/\/api.w.org\/{rel}","templated":true}]}}