{"id":107357,"date":"2026-03-20T17:04:13","date_gmt":"2026-03-20T17:04:13","guid":{"rendered":"https:\/\/soydeaqui.ddns.net\/pachuca\/index.php\/producto\/mini-camara-termografica-para-dispositivos-ios-con-estuche-portatil-y-mosqueton-similar-a-series-hmtp-y-hmtj\/"},"modified":"2026-03-20T17:04:34","modified_gmt":"2026-03-20T17:04:34","slug":"mini-camara-termografica-para-dispositivos-ios-con-estuche-portatil-y-mosqueton-similar-a-series-hmtp-y-hmtj","status":"publish","type":"product","link":"https:\/\/soydeaqui.ddns.net\/pachuca\/index.php\/producto\/mini-camara-termografica-para-dispositivos-ios-con-estuche-portatil-y-mosqueton-similar-a-series-hmtp-y-hmtj\/","title":{"rendered":"Mini C\u00e1mara Termogr\u00e1fica para Dispositivos iOS. Con Estuche Port\u00e1til y Mosquet\u00f3n. Similar a series HMTP y HMTJ"},"content":{"rendered":"<div style='width: 100%; max-width: 1200px; margin: 0 auto; font-family: sans-serif; line-height: 1.6; color: inherit; background-color: transparent;'> <!-- Secci\u00f3n de caracter\u00edsticas --> <\/p>\n<div style='display: flex; flex-wrap: wrap; gap: 30px; margin-bottom: 30px;'>\n<div style='flex: 1 1 300px; min-width: 280px;'>\n<h3 style='font-size: 22px; border-bottom: 2px solid currentColor; padding-bottom: 5px; margin-top: 0; color: inherit; opacity: 0.8;'>Caracter\u00edsticas<\/h3>\n<ul style='padding-left: 20px; font-size: 15px; color: inherit;'>\n<li style='margin-bottom: 5px;'>La c\u00e1mara termogr\u00e1fica para dispositivos iOS tiene 10 800 pixeles que brindan una resoluci\u00f3n excelente para solucionar problemas de puntos calientes y fr\u00edos<\/li>\n<li style='margin-bottom: 5px;'>Se adapta a carcasas de tel\u00e9fonos de hasta 1\/16&#8221; (1&comma;5 mm); las carcasas de tel\u00e9fonos de m\u00e1s de 1\/16&#8221; (1&comma;5 mm) pueden requerir que se retire la carcasa para una conexi\u00f3n segura<\/li>\n<li style='margin-bottom: 5px;'>Capture&comma; almacene y comparta f\u00e1cilmente im\u00e1genes y videos t\u00e9rmicos&comma; incluyendo video por intervalos<\/li>\n<li style='margin-bottom: 5px;'>Cuenta con temperatura en pantalla t\u00e1ctil&comma; temperaturas altas\/bajas y valores de temperatura diferencial<\/li>\n<li style='margin-bottom: 5px;'>Visualiza rangos de temperatura de -4 a 752 grados Fahrenheit (-20 a 400 grados Celsius) en tres paletas de colores: ironbow&comma; arco\u00edris o escala de grises<\/li>\n<li style='margin-bottom: 5px;'>Incluye alarma de temperatura alta\/baja para supervisar sistemas<\/li>\n<li style='margin-bottom: 5px;'>Compatible con dispositivos iOS 11 y superiores<\/li>\n<li style='margin-bottom: 5px;'>La aplicaci\u00f3n para la c\u00e1mara termogr\u00e1fica de Klein Tools est\u00e1 disponible de forma gratuita en App Store\u00ae<\/li>\n<li style='margin-bottom: 5px;'>Estuche duradero con protecci\u00f3n ante ca\u00eddas de 6&comma;6&#8242; (2 m)<\/li>\n<\/ul><\/div>\n<\/p><\/div>\n<p> <!-- Separador --> <\/p>\n<hr style='border: 0; border-top: 1px solid rgba(150&comma; 150&comma; 150&comma; 0.3); margin: 30px 0;'> <!-- Secci\u00f3n de enlace a app --> <\/p>\n<div style='margin: 30px 0;'>\n<h3 style='font-size: 20px; border-bottom: 2px solid currentColor; padding-bottom: 5px; margin-top: 0; color: inherit; opacity: 0.8;'>Aplicaci\u00f3n<\/h3>\n<div style='display: flex; flex-wrap: wrap; gap: 20px; align-items: center; margin-top: 15px;'> <a href='https:\/\/apps.apple.com\/es\/app\/klein-thermal-imager-ti222\/id1590422539' style='color: #2880b9; text-decoration: none; font-weight: bold; font-size: 18px; display: flex; align-items: center;'> Klein Thermal TI222 App <\/a> <img style='width: 200px; height: auto; border: 1px solid rgba(150&comma;150&comma;150&comma;0.3); border-radius: 8px;' src='https:\/\/ftp3.syscom.mx\/usuarios\/fotos\/EVC1010P1000\/217480-apple-app-store-logo.jpg' alt=''> <\/div>\n<\/p><\/div>\n<p> <!-- Separador --> <\/p>\n<hr style='border: 0; border-top: 1px solid rgba(150&comma; 150&comma; 150&comma; 0.3); margin: 30px 0;'> <!-- Secci\u00f3n de im\u00e1genes y video --> <\/p>\n<div style='display: flex; flex-wrap: wrap; gap: 30px; margin-bottom: 30px;'>\n<div style='flex: 1 1 300px; min-width: 280px;'>\n<h3 style='font-size: 20px; border-bottom: 2px solid currentColor; padding-bottom: 5px; margin-top: 0; color: inherit; opacity: 0.8;'>Imagen del producto<\/h3>\n<p> <img style='width: 100%; height: auto; border: 1px solid rgba(150&comma;150&comma;150&comma;0.3); border-radius: 8px;' src='https:\/\/ftp3.syscom.mx\/usuarios\/fotos\/TI222\/210724-ti222_app4.jpg' alt=''> <\/div>\n<div style='flex: 1 1 300px; min-width: 280px;'>\n<h3 style='font-size: 20px; border-bottom: 2px solid currentColor; padding-bottom: 5px; margin-top: 0; color: inherit; opacity: 0.8;'>Video de demostraci\u00f3n<\/h3>\n<div style='position: relative; padding-bottom: 56.25%; height: 0; overflow: hidden; margin-top: 15px;'>   <\/div>\n<\/p><\/div>\n<\/p><\/div>\n<\/p><\/div>\n","protected":false},"excerpt":{"rendered":"<p>Mini C\u00e1mara Termogr\u00e1fica para Dispositivos iOS. Con Estuche Port\u00e1til y Mosquet\u00f3n. Similar a series HMTP y HMTJ<\/p>\n","protected":false},"featured_media":107356,"comment_status":"open","ping_status":"closed","template":"","meta":[],"product_brand":[],"product_cat":[731],"product_tag":[26,25,432],"class_list":{"0":"post-107357","1":"product","2":"type-product","3":"status-publish","4":"has-post-thumbnail","6":"product_cat-accesorios-de-instalacion-herramientas-deteccion-de-fuego","7":"product_tag-accesorios-de-instalacion","8":"product_tag-herramientas","9":"product_tag-klein-tools","11":"first","12":"instock","13":"sale","14":"shipping-taxable","15":"purchasable","16":"product-type-simple"},"_links":{"self":[{"href":"https:\/\/soydeaqui.ddns.net\/pachuca\/index.php\/wp-json\/wp\/v2\/product\/107357","targetHints":{"allow":["GET"]}}],"collection":[{"href":"https:\/\/soydeaqui.ddns.net\/pachuca\/index.php\/wp-json\/wp\/v2\/product"}],"about":[{"href":"https:\/\/soydeaqui.ddns.net\/pachuca\/index.php\/wp-json\/wp\/v2\/types\/product"}],"replies":[{"embeddable":true,"href":"https:\/\/soydeaqui.ddns.net\/pachuca\/index.php\/wp-json\/wp\/v2\/comments?post=107357"}],"wp:featuredmedia":[{"embeddable":true,"href":"https:\/\/soydeaqui.ddns.net\/pachuca\/index.php\/wp-json\/wp\/v2\/media\/107356"}],"wp:attachment":[{"href":"https:\/\/soydeaqui.ddns.net\/pachuca\/index.php\/wp-json\/wp\/v2\/media?parent=107357"}],"wp:term":[{"taxonomy":"product_brand","embeddable":true,"href":"https:\/\/soydeaqui.ddns.net\/pachuca\/index.php\/wp-json\/wp\/v2\/product_brand?post=107357"},{"taxonomy":"product_cat","embeddable":true,"href":"https:\/\/soydeaqui.ddns.net\/pachuca\/index.php\/wp-json\/wp\/v2\/product_cat?post=107357"},{"taxonomy":"product_tag","embeddable":true,"href":"https:\/\/soydeaqui.ddns.net\/pachuca\/index.php\/wp-json\/wp\/v2\/product_tag?post=107357"}],"curies":[{"name":"wp","href":"https:\/\/api.w.org\/{rel}","templated":true}]}}