{"id":107343,"date":"2026-03-20T17:03:33","date_gmt":"2026-03-20T17:03:33","guid":{"rendered":"https:\/\/soydeaqui.ddns.net\/pachuca\/index.php\/producto\/carrete-de-305-metros-1000-pies-cable-coaxial-rg59-tipo-ccs-siames-optimizado-para-hd-intemperie\/"},"modified":"2026-03-20T17:03:34","modified_gmt":"2026-03-20T17:03:34","slug":"carrete-de-305-metros-1000-pies-cable-coaxial-rg59-tipo-ccs-siames-optimizado-para-hd-intemperie","status":"publish","type":"product","link":"https:\/\/soydeaqui.ddns.net\/pachuca\/index.php\/producto\/carrete-de-305-metros-1000-pies-cable-coaxial-rg59-tipo-ccs-siames-optimizado-para-hd-intemperie\/","title":{"rendered":"Carrete de 305 Metros (1000 Pies) \/ Cable Coaxial RG59 \/ Tipo CCS Siames \/ Optimizado para HD \/ Intemperie"},"content":{"rendered":"<div style='width: 100%; max-width: 1200px; margin: 0 auto; font-family: sans-serif; line-height: 1.6; color: inherit; background-color: transparent;'>\n<div style='display: flex; flex-wrap: wrap; gap: 30px; margin-bottom: 30px;'>\n<div style='flex: 1 1 300px; min-width: 280px;'>\n<h3 style='font-size: 22px; border-bottom: 2px solid currentColor; padding-bottom: 5px; margin-top: 0; color: inherit; opacity: 0.8;'>DESCRIPCI\u00d3N<\/h3>\n<p style='font-size: 15px; color: inherit; margin-top: 0;'>Conductor de acero recubierto de Cobre&comma; CCS ( Copper Clad Steel )&comma; aislamiento de espuma PE&comma; ofrece los mejores resultados a las altas frecuencias&comma; consistencia de poca atenuaci\u00f3n utilizada en instalaciones desde dom\u00e9sticas hasta profesionales&comma; con resistencia a la humedad.<\/p>\n<\/p><\/div>\n<\/p><\/div>\n<div style='display: flex; flex-wrap: wrap; gap: 30px; margin-bottom: 30px;'>\n<div style='flex: 1 1 300px; min-width: 280px;'>\n<h3 style='font-size: 22px; border-bottom: 2px solid currentColor; padding-bottom: 5px; margin-top: 0; color: inherit; opacity: 0.8;'>APLICACI\u00d3N<\/h3>\n<p style='font-size: 15px; color: inherit; margin-top: 0;'>Los cables LINKEDPRO BY EPCOM\u00ae est\u00e1n dise\u00f1ados para conectar y controlar los sistemas de video vigilancia&comma; tales como: C\u00e1maras de CCTV y DVR<\/p>\n<\/p><\/div>\n<\/p><\/div>\n<div style='display: flex; flex-wrap: wrap; gap: 20px; margin-bottom: 30px;'>\n<div style='flex: 1 1 250px; border: 1px solid rgba(150&comma; 150&comma; 150&comma; 0.4); border-radius: 8px; overflow: hidden; display: flex; flex-direction: column;'>\n<div style='padding: 15px; border-bottom: 1px solid rgba(150&comma; 150&comma; 150&comma; 0.2); font-weight: bold; font-size: 18px; color: inherit;'>INFORMACI\u00d3N DE PRODUCTO<\/div>\n<div style='padding: 15px; color: inherit;'>\n<ul style='padding-left: 20px; margin: 0; font-size: 14px; list-style-type: disc;'>\n<li style='margin-bottom: 5px;'><strong>N\u00famero de conductores:<\/strong> 1<\/li>\n<li style='margin-bottom: 5px;'><strong>Material:<\/strong> Conductividad CCS al 21 %<\/li>\n<li style='margin-bottom: 5px;'><strong>SIAMES:<\/strong> 2 Cables de alimentaci\u00f3n 20 AWG<\/li>\n<li style='margin-bottom: 5px;'><strong>Di\u00e1metro del conductor:<\/strong> 4.25 mm<\/li>\n<li style='margin-bottom: 5px;'><strong>Blindaje:<\/strong> malla de Aluminio 60 %<\/li>\n<li style='margin-bottom: 5px;'><strong>Di\u00e1metro externo:<\/strong> 6.10 mm<\/li>\n<li style='margin-bottom: 5px;'><strong>Impedancia:<\/strong> 75 ohms<\/li>\n<\/ul><\/div>\n<\/p><\/div>\n<\/p><\/div>\n<div style='display: flex; flex-wrap: wrap; gap: 20px; margin-bottom: 30px;'>\n<div style='flex: 1 1 250px; border: 1px solid rgba(150&comma; 150&comma; 150&comma; 0.4); border-radius: 8px; overflow: hidden; display: flex; flex-direction: column;'>\n<div style='padding: 15px; border-bottom: 1px solid rgba(150&comma; 150&comma; 150&comma; 0.2); font-weight: bold; font-size: 18px; color: inherit;'>CERTIFICACIONES<\/div>\n<div style='padding: 15px; color: inherit;'>\n<ul style='padding-left: 20px; margin: 0; font-size: 14px; list-style-type: disc;'>\n<li style='margin-bottom: 5px;'>ISO-9001<\/li>\n<\/ul><\/div>\n<\/p><\/div>\n<\/p><\/div>\n<div style='margin-top: 30px;'>\n<p style='font-size: 15px; color: inherit; margin: 0;'><strong>* Precio por carrete de 305 mts.<\/strong><\/p>\n<\/p><\/div>\n<div style='position: relative; padding-bottom: 56.25%; height: 0; overflow: hidden; margin-top: 30px;'>   <\/div>\n<\/p><\/div>\n","protected":false},"excerpt":{"rendered":"<p>Carrete de 305 Metros (1000 Pies) \/ Cable Coaxial RG59 \/ Tipo CCS Siames \/ Optimizado para HD \/ Intemperie<\/p>\n","protected":false},"featured_media":107342,"comment_status":"open","ping_status":"closed","template":"","meta":[],"product_brand":[],"product_cat":[2355],"product_tag":[2356,488,435],"class_list":{"0":"post-107343","1":"product","2":"type-product","3":"status-publish","4":"has-post-thumbnail","6":"product_cat-cable-coaxial-y-conectores","7":"product_tag-cable-coaxial-y-conectores","8":"product_tag-cables-y-conectores","9":"product_tag-linkedpro-by-epcom","11":"first","12":"instock","13":"sale","14":"shipping-taxable","15":"purchasable","16":"product-type-simple"},"_links":{"self":[{"href":"https:\/\/soydeaqui.ddns.net\/pachuca\/index.php\/wp-json\/wp\/v2\/product\/107343","targetHints":{"allow":["GET"]}}],"collection":[{"href":"https:\/\/soydeaqui.ddns.net\/pachuca\/index.php\/wp-json\/wp\/v2\/product"}],"about":[{"href":"https:\/\/soydeaqui.ddns.net\/pachuca\/index.php\/wp-json\/wp\/v2\/types\/product"}],"replies":[{"embeddable":true,"href":"https:\/\/soydeaqui.ddns.net\/pachuca\/index.php\/wp-json\/wp\/v2\/comments?post=107343"}],"wp:featuredmedia":[{"embeddable":true,"href":"https:\/\/soydeaqui.ddns.net\/pachuca\/index.php\/wp-json\/wp\/v2\/media\/107342"}],"wp:attachment":[{"href":"https:\/\/soydeaqui.ddns.net\/pachuca\/index.php\/wp-json\/wp\/v2\/media?parent=107343"}],"wp:term":[{"taxonomy":"product_brand","embeddable":true,"href":"https:\/\/soydeaqui.ddns.net\/pachuca\/index.php\/wp-json\/wp\/v2\/product_brand?post=107343"},{"taxonomy":"product_cat","embeddable":true,"href":"https:\/\/soydeaqui.ddns.net\/pachuca\/index.php\/wp-json\/wp\/v2\/product_cat?post=107343"},{"taxonomy":"product_tag","embeddable":true,"href":"https:\/\/soydeaqui.ddns.net\/pachuca\/index.php\/wp-json\/wp\/v2\/product_tag?post=107343"}],"curies":[{"name":"wp","href":"https:\/\/api.w.org\/{rel}","templated":true}]}}