{"id":107341,"date":"2026-03-20T17:03:29","date_gmt":"2026-03-20T17:03:29","guid":{"rendered":"https:\/\/soydeaqui.ddns.net\/pachuca\/index.php\/producto\/carrete-de-305-metros-1000-pies-cable-coaxial-rg6-tipo-ccs-optimizado-para-hd-intemperie\/"},"modified":"2026-03-20T17:03:30","modified_gmt":"2026-03-20T17:03:30","slug":"carrete-de-305-metros-1000-pies-cable-coaxial-rg6-tipo-ccs-optimizado-para-hd-intemperie","status":"publish","type":"product","link":"https:\/\/soydeaqui.ddns.net\/pachuca\/index.php\/producto\/carrete-de-305-metros-1000-pies-cable-coaxial-rg6-tipo-ccs-optimizado-para-hd-intemperie\/","title":{"rendered":"Carrete de 305 Metros (1000 Pies) \/ Cable Coaxial RG6 \/ Tipo CCS \/ Optimizado para HD \/ Intemperie"},"content":{"rendered":"<div style='width: 100%; max-width: 1200px; margin: 0 auto; font-family: sans-serif; line-height: 1.6; color: inherit; background-color: transparent;'> <!-- Secci\u00f3n de descripci\u00f3n --> <\/p>\n<div style='margin-bottom: 30px;'>\n<h3 style='font-size: 22px; border-bottom: 2px solid currentColor; padding-bottom: 5px; margin-top: 0; color: inherit; opacity: 0.8;'>DESCRIPCI\u00d3N<\/h3>\n<p style='font-size: 15px; color: inherit; margin-top: 15px;'>Conductor de acero recubierto de Cobre&comma; CCS ( Copper Clad Steel )&comma; aislamiento de espuma PE&comma; ofrece los mejores resultados a las altas frecuencias&comma; consistencia de poca atenuaci\u00f3n utilizada en instalaciones desde dom\u00e9sticas hasta profesionales&comma; con resistencia a la humedad.<\/p>\n<\/p><\/div>\n<p> <!-- Secci\u00f3n de aplicaci\u00f3n --> <\/p>\n<div style='margin-bottom: 30px;'>\n<h3 style='font-size: 22px; border-bottom: 2px solid currentColor; padding-bottom: 5px; margin-top: 0; color: inherit; opacity: 0.8;'>APLICACI\u00d3N<\/h3>\n<p style='font-size: 15px; color: inherit; margin-top: 15px;'>Los cables LINKEDPRO BY EPCOM\u00ae est\u00e1n dise\u00f1ados para conectar y controlar los sistemas de video vigilancia&comma; tales como: C\u00e1maras de CCTV y DVR<\/p>\n<\/p><\/div>\n<p> <!-- Secci\u00f3n de informaci\u00f3n del producto --> <\/p>\n<div style='margin-bottom: 30px;'>\n<h3 style='font-size: 22px; border-bottom: 2px solid currentColor; padding-bottom: 5px; margin-top: 0; color: inherit; opacity: 0.8;'>INFORMACI\u00d3N DE PRODUCTO<\/h3>\n<ul style='padding-left: 20px; font-size: 15px; color: inherit; margin-top: 15px;'>\n<li style='margin-bottom: 5px;'>N\u00famero de conductores: 1<\/li>\n<li style='margin-bottom: 5px;'>Tipo: RG6<\/li>\n<li style='margin-bottom: 5px;'>Material: Conductividad CCS al 21 %<\/li>\n<li style='margin-bottom: 5px;'>Di\u00e1metro del conductor: 1.02 mm<\/li>\n<li style='margin-bottom: 5px;'>Blindaje: malla de Aluminio 60 %<\/li>\n<li style='margin-bottom: 5px;'>Di\u00e1metro externo: 6.90 mm<\/li>\n<li style='margin-bottom: 5px;'>Impedancia: 75 ohms<\/li>\n<\/ul><\/div>\n<p> <!-- Secci\u00f3n de certificaciones --> <\/p>\n<div style='margin-bottom: 30px;'>\n<h3 style='font-size: 22px; border-bottom: 2px solid currentColor; padding-bottom: 5px; margin-top: 0; color: inherit; opacity: 0.8;'>CERTIFICACIONES<\/h3>\n<ul style='padding-left: 20px; font-size: 15px; color: inherit; margin-top: 15px;'>\n<li style='margin-bottom: 5px;'>ISO-9001<\/li>\n<\/ul><\/div>\n<p> <!-- Secci\u00f3n de informaci\u00f3n adicional --> <\/p>\n<div style='margin-bottom: 30px;'>\n<p style='font-size: 15px; color: inherit; margin: 0;'><strong>* Precio por carrete de 305 mts.<\/strong><\/p>\n<\/p><\/div>\n<p> <!-- Video de YouTube --> <\/p>\n<div style='margin-bottom: 30px;'>\n<div style='position: relative; padding-bottom: 56.25%; height: 0; overflow: hidden;'>   <\/div>\n<\/p><\/div>\n<\/p><\/div>\n","protected":false},"excerpt":{"rendered":"<p>Carrete de 305 Metros (1000 Pies) \/ Cable Coaxial RG6 \/ Tipo CCS \/ Optimizado para HD \/ Intemperie<\/p>\n","protected":false},"featured_media":107340,"comment_status":"open","ping_status":"closed","template":"","meta":[],"product_brand":[],"product_cat":[2355],"product_tag":[2356,488,435],"class_list":{"0":"post-107341","1":"product","2":"type-product","3":"status-publish","4":"has-post-thumbnail","6":"product_cat-cable-coaxial-y-conectores","7":"product_tag-cable-coaxial-y-conectores","8":"product_tag-cables-y-conectores","9":"product_tag-linkedpro-by-epcom","11":"first","12":"instock","13":"sale","14":"shipping-taxable","15":"purchasable","16":"product-type-simple"},"_links":{"self":[{"href":"https:\/\/soydeaqui.ddns.net\/pachuca\/index.php\/wp-json\/wp\/v2\/product\/107341","targetHints":{"allow":["GET"]}}],"collection":[{"href":"https:\/\/soydeaqui.ddns.net\/pachuca\/index.php\/wp-json\/wp\/v2\/product"}],"about":[{"href":"https:\/\/soydeaqui.ddns.net\/pachuca\/index.php\/wp-json\/wp\/v2\/types\/product"}],"replies":[{"embeddable":true,"href":"https:\/\/soydeaqui.ddns.net\/pachuca\/index.php\/wp-json\/wp\/v2\/comments?post=107341"}],"wp:featuredmedia":[{"embeddable":true,"href":"https:\/\/soydeaqui.ddns.net\/pachuca\/index.php\/wp-json\/wp\/v2\/media\/107340"}],"wp:attachment":[{"href":"https:\/\/soydeaqui.ddns.net\/pachuca\/index.php\/wp-json\/wp\/v2\/media?parent=107341"}],"wp:term":[{"taxonomy":"product_brand","embeddable":true,"href":"https:\/\/soydeaqui.ddns.net\/pachuca\/index.php\/wp-json\/wp\/v2\/product_brand?post=107341"},{"taxonomy":"product_cat","embeddable":true,"href":"https:\/\/soydeaqui.ddns.net\/pachuca\/index.php\/wp-json\/wp\/v2\/product_cat?post=107341"},{"taxonomy":"product_tag","embeddable":true,"href":"https:\/\/soydeaqui.ddns.net\/pachuca\/index.php\/wp-json\/wp\/v2\/product_tag?post=107341"}],"curies":[{"name":"wp","href":"https:\/\/api.w.org\/{rel}","templated":true}]}}