{"id":107333,"date":"2026-03-20T17:03:06","date_gmt":"2026-03-20T17:03:06","guid":{"rendered":"https:\/\/soydeaqui.ddns.net\/pachuca\/index.php\/producto\/kit-de-camara-de-bateria-recargable-no-cables-wifi-memoria-interna-de-32-gb-incluye-1-pieza-de-cs-bc1c-y-1-pieza-de-cs-cmt-solarpanel-c\/"},"modified":"2026-03-20T17:03:08","modified_gmt":"2026-03-20T17:03:08","slug":"kit-de-camara-de-bateria-recargable-no-cables-wifi-memoria-interna-de-32-gb-incluye-1-pieza-de-cs-bc1c-y-1-pieza-de-cs-cmt-solarpanel-c","status":"publish","type":"product","link":"https:\/\/soydeaqui.ddns.net\/pachuca\/index.php\/producto\/kit-de-camara-de-bateria-recargable-no-cables-wifi-memoria-interna-de-32-gb-incluye-1-pieza-de-cs-bc1c-y-1-pieza-de-cs-cmt-solarpanel-c\/","title":{"rendered":"Kit de Camara de Bater\u00eda Recargable (No Cables) \/ WiFi \/ Memoria Interna de 32 GB \/ Incluye 1 pieza de CS-BC1C y 1 Pieza de CS-CMT-SOLARPANEL-C"},"content":{"rendered":"<div style='width: 100%; max-width: 1200px; margin: 0 auto; font-family: sans-serif; line-height: 1.6; color: inherit; background-color: transparent;'>\n<div style='width: 100%; margin-bottom: 30px;'> <a href='#link' target='_blank' rel='noopener'> <img style='width: 100%; height: auto; border: 1px solid rgba(150&comma;150&comma;150&comma;0.3); border-radius: 8px;' src='https:\/\/ftp3.syscom.mx\/usuarios\/rcovarrubias\/EZVIZ\/Manual%20esp-ing\/BC1C\/CS-BC1CBannerL.jpg' alt='Banner principal'> <\/a> <\/div>\n<div style='display: flex; flex-wrap: wrap; gap: 30px; margin-bottom: 30px;'>\n<div style='flex: 1 1 300px; min-width: 280px;'>\n<div style='border-left: 5px solid #42BB1A; border-radius: 5px; padding: 5px; box-shadow: 2px 2px 10px rgba(216&comma;216&comma;216&comma;0.4);'>\n<h3 style='font-size: 18px; margin-top: 0; margin-bottom: 10px; color: inherit; opacity: 0.8;'>Caracter\u00edsticas principales:<\/h3>\n<p style='margin-top: 0;'><strong>El kit incluye:<\/strong><\/p>\n<ul style='padding-left: 20px; font-size: 14px; color: inherit; list-style-type: disc;'>\n<li style='margin-bottom: 5px;'>1 C\u00e1mara <a href='https:\/\/www.syscom.mx\/producto\/CS-BC1C-EZVIZ-203817.html' style='color: inherit; text-decoration: underline; font-weight: bold;'>CS-BC1C<\/a><\/li>\n<li style='margin-bottom: 5px;'>1 Panel solar <a href='https:\/\/www.syscom.mx\/producto\/CS-CMT-SOLARPANEL-C-EZVIZ-204626.html' style='color: inherit; text-decoration: underline; font-weight: bold;'>CS-CMT-SOLARPANEL-C<\/a><\/li>\n<li style='margin-bottom: 5px;'>.<\/li>\n<\/ul><\/div>\n<\/p><\/div>\n<div style='flex: 1 1 300px; min-width: 280px;'>\n<div style='border-left: 5px solid #42BB1A; border-radius: 5px; padding: 5px; box-shadow: 2px 2px 10px rgba(216&comma;216&comma;216&comma;0.4);'>\n<h3 style='font-size: 18px; margin-top: 0; margin-bottom: 10px; color: inherit; opacity: 0.8;'>Caracter\u00edsticas F\u00edsicas y El\u00e9ctricas:<\/h3>\n<ul style='padding-left: 20px; font-size: 14px; color: inherit; list-style-type: disc;'>\n<li style='margin-bottom: 5px;'>Alimentaci\u00f3n de la c\u00e1mara: 5 Vcc \/ 5W<\/li>\n<li style='margin-bottom: 5px;'>Material Metal<\/li>\n<li style='margin-bottom: 5px;'> <span style='text-decoration: underline;'>La c\u00e1mara solo incluye cable USB&comma; fuente recomendada <a href='https:\/\/www.syscom.mx\/producto\/PLUSB1000V-EPCOM-POWERLINE-193143.html' style='color: inherit; text-decoration: underline; font-weight: bold;'>PLUSB1000V<\/a><\/span> <\/li>\n<li style='margin-bottom: 5px;'> <span style='text-decoration: underline;'>El cable del panel solar es de 4 metros para conexi\u00f3n a la c\u00e1mara<\/span> <\/li>\n<\/ul><\/div>\n<\/p><\/div>\n<div style='flex: 1 1 300px; min-width: 280px;'>\n<div style='border-left: 5px solid #42BB1A; border-radius: 5px; padding: 5px; box-shadow: 2px 2px 10px rgba(216&comma;216&comma;216&comma;0.4);'>\n<h3 style='font-size: 18px; margin-top: 0; margin-bottom: 10px; color: inherit; opacity: 0.8;'>Caracter\u00edsticas Destacadas:<\/h3>\n<ul style='padding-left: 20px; font-size: 14px; color: inherit; list-style-type: disc;'>\n<li style='margin-bottom: 10px;'>Soporta grabaci\u00f3n en nube de EZVIZ (el cobro se realiza directo en la aplicaci\u00f3n EZVIZ).<\/li>\n<\/ul>\n<p style='margin: 0 0 10px; color: inherit;'> <span style='color: #e74c3c; font-weight: bold;'>Notas:<\/span> <\/p>\n<ul style='padding-left: 20px; margin: 0 0 10px; font-size: 14px; color: inherit; list-style-type: square;'>\n<li style='margin-bottom: 5px; color: #e74c3c;'>Configuraci\u00f3n \u00fanicamente mediante aplicaci\u00f3n EZVIZ<\/li>\n<li style='margin-bottom: 5px; color: #e74c3c;'>No es compatible con DVR\/NVR<\/li>\n<\/ul><\/div>\n<\/p><\/div>\n<\/p><\/div>\n<div style='width: 100%; margin-bottom: 30px; text-align: center;'> <img style='width: 100%; max-width: 971px; height: auto; border: 1px solid rgba(150&comma;150&comma;150&comma;0.3); border-radius: 8px; display: block; margin: 0 auto;' src='https:\/\/ftp3.syscom.mx\/usuarios\/rcovarrubias\/EZVIZ\/Manual%20esp-ing\/BC1C\/imagenes%20pagina\/bc1c%20ext%202.jpg' alt=''> <\/div>\n<div style='width: 100%; margin-bottom: 30px; text-align: center;'> <img style='width: 100%; max-width: 966px; height: auto; border: 1px solid rgba(150&comma;150&comma;150&comma;0.3); border-radius: 8px; display: block; margin: 0 auto;' src='https:\/\/ftp3.syscom.mx\/usuarios\/rcovarrubias\/EZVIZ\/Manual%20esp-ing\/BC1C\/imagenes%20pagina\/l3ZrOmlruY.png' alt=''> <\/div>\n<\/p><\/div>\n","protected":false},"excerpt":{"rendered":"<p>Kit de Camara de Bater\u00eda Recargable (No Cables) \/ WiFi \/ Memoria Interna de 32 GB \/ Incluye 1 pieza de CS-BC1C y 1 Pieza de CS-CMT-SOLARPANEL-C<\/p>\n","protected":false},"featured_media":107332,"comment_status":"open","ping_status":"closed","template":"","meta":[],"product_brand":[],"product_cat":[2231],"product_tag":[111,2233,2232],"class_list":{"0":"post-107333","1":"product","2":"type-product","3":"status-publish","4":"has-post-thumbnail","6":"product_cat-ip-megapixel","7":"product_tag-ezviz","8":"product_tag-ip-megapixel","9":"product_tag-kits-sistemas-completos","11":"first","12":"outofstock","13":"sale","14":"shipping-taxable","15":"purchasable","16":"product-type-simple"},"_links":{"self":[{"href":"https:\/\/soydeaqui.ddns.net\/pachuca\/index.php\/wp-json\/wp\/v2\/product\/107333","targetHints":{"allow":["GET"]}}],"collection":[{"href":"https:\/\/soydeaqui.ddns.net\/pachuca\/index.php\/wp-json\/wp\/v2\/product"}],"about":[{"href":"https:\/\/soydeaqui.ddns.net\/pachuca\/index.php\/wp-json\/wp\/v2\/types\/product"}],"replies":[{"embeddable":true,"href":"https:\/\/soydeaqui.ddns.net\/pachuca\/index.php\/wp-json\/wp\/v2\/comments?post=107333"}],"wp:featuredmedia":[{"embeddable":true,"href":"https:\/\/soydeaqui.ddns.net\/pachuca\/index.php\/wp-json\/wp\/v2\/media\/107332"}],"wp:attachment":[{"href":"https:\/\/soydeaqui.ddns.net\/pachuca\/index.php\/wp-json\/wp\/v2\/media?parent=107333"}],"wp:term":[{"taxonomy":"product_brand","embeddable":true,"href":"https:\/\/soydeaqui.ddns.net\/pachuca\/index.php\/wp-json\/wp\/v2\/product_brand?post=107333"},{"taxonomy":"product_cat","embeddable":true,"href":"https:\/\/soydeaqui.ddns.net\/pachuca\/index.php\/wp-json\/wp\/v2\/product_cat?post=107333"},{"taxonomy":"product_tag","embeddable":true,"href":"https:\/\/soydeaqui.ddns.net\/pachuca\/index.php\/wp-json\/wp\/v2\/product_tag?post=107333"}],"curies":[{"name":"wp","href":"https:\/\/api.w.org\/{rel}","templated":true}]}}