{"id":107325,"date":"2026-03-20T17:02:41","date_gmt":"2026-03-20T17:02:41","guid":{"rendered":"https:\/\/soydeaqui.ddns.net\/pachuca\/index.php\/producto\/bateria-de-litio-de-4-8-kwh-48-vcc-104-ah-3u-de-montaje-en-rack-2\/"},"modified":"2026-03-20T17:02:57","modified_gmt":"2026-03-20T17:02:57","slug":"bateria-de-litio-de-4-8-kwh-48-vcc-104-ah-3u-de-montaje-en-rack-2","status":"publish","type":"product","link":"https:\/\/soydeaqui.ddns.net\/pachuca\/index.php\/producto\/bateria-de-litio-de-4-8-kwh-48-vcc-104-ah-3u-de-montaje-en-rack-2\/","title":{"rendered":"Bater\u00eda de Litio de 4.8 Kwh, 48 Vcc ,104 Ah, 3U de Montaje en Rack."},"content":{"rendered":"<div style='width: 100%; max-width: 1200px; margin: 0 auto; font-family: sans-serif; line-height: 1.6; color: inherit; background-color: transparent;'> <!-- Imagen principal --> <\/p>\n<div style='width: 100%; margin-bottom: 30px;'> <img style='width: 100%; height: auto; border: 1px solid rgba(150&comma;150&comma;150&comma;0.3); border-radius: 8px;' src='https:\/\/ftp3.syscom.mx\/usuarios\/ftp\/single_page\/epcom_powerline\/BAN1.jpg' alt='Bater\u00eda de Litio de Alta Capacidad para Montaje en Rack'> <\/div>\n<p> <!-- T\u00edtulo principal --> <\/p>\n<div style='text-align: center; margin: 30px 0;'>\n<h1 style='font-size: 32px; color: inherit; margin: 0; padding: 0;'>Bater\u00eda de Litio de Alta Capacidad para Montaje en Rack<\/h1>\n<\/p><\/div>\n<p> <!-- Separador --> <\/p>\n<hr style='border: 0; border-top: 2px solid rgba(255&comma;0&comma;0&comma;0.3); margin: 30px 0;'> <!-- Ventajas --> <\/p>\n<div style='margin: 30px 0;'>\n<h2 style='text-align: center; font-size: 28px; color: inherit; margin-bottom: 20px;'>Ventajas Epcom Powerline<\/h2>\n<div style='display: flex; flex-wrap: wrap; gap: 20px; margin-top: 20px;'> <!-- Ventaja 1 --> <\/p>\n<div style='flex: 1 1 300px; min-width: 280px;'>\n<h3 style='font-size: 22px; border-bottom: 2px solid currentColor; padding-bottom: 5px; margin-top: 0; color: inherit; opacity: 0.8;'>Tecnolog\u00eda LiFePO4<\/h3>\n<p style='font-size: 15px; color: inherit; margin: 10px 0 0 0;'>Tecnolog\u00eda l\u00edder en almacenamiento de energ\u00eda para sistemas de alta demanda.<\/p>\n<\/p><\/div>\n<p> <!-- Ventaja 2 --> <\/p>\n<div style='flex: 1 1 300px; min-width: 280px;'>\n<h3 style='font-size: 22px; border-bottom: 2px solid currentColor; padding-bottom: 5px; margin-top: 0; color: inherit; opacity: 0.8;'>BMS reforzado<\/h3>\n<p style='font-size: 15px; color: inherit; margin: 10px 0 0 0;'>Soporta hasta 15 unidades conectadas en paralelo para mayor capacidad.<\/p>\n<\/p><\/div>\n<p> <!-- Ventaja 3 --> <\/p>\n<div style='flex: 1 1 300px; min-width: 280px;'>\n<h3 style='font-size: 22px; border-bottom: 2px solid currentColor; padding-bottom: 5px; margin-top: 0; color: inherit; opacity: 0.8;'>Estructura interna m\u00e1s firme y estable<\/h3>\n<p style='font-size: 15px; color: inherit; margin: 10px 0 0 0;'>Los separadores de celdas protegen y separa las celdas reduciendo el riesgo de corto circuito por vibraci\u00f3n o impacto mientras ayudan a disipar el calor de manera eficiente.<\/p>\n<\/p><\/div>\n<p> <!-- Ventaja 4 --> <\/p>\n<div style='flex: 1 1 300px; min-width: 280px;'>\n<h3 style='font-size: 22px; border-bottom: 2px solid currentColor; padding-bottom: 5px; margin-top: 0; color: inherit; opacity: 0.8;'>Menor peso y tama\u00f1o<\/h3>\n<p style='font-size: 15px; color: inherit; margin: 10px 0 0 0;'>Debido al dise\u00f1o de las celdas internas&comma; la bater\u00eda RLB-100-48PRO tiene una diferencia de 5 kg contra las bater\u00edas de la competencia&comma; debido a su dise\u00f1o utiliza \u00fanicamente 3U rack mientras que otras bater\u00edas pueden requerir hasta 5U rack.<\/p>\n<\/p><\/div>\n<p> <!-- Ventaja 5 --> <\/p>\n<div style='flex: 1 1 300px; min-width: 280px;'>\n<h3 style='font-size: 22px; border-bottom: 2px solid currentColor; padding-bottom: 5px; margin-top: 0; color: inherit; opacity: 0.8;'>Calidad garantizada<\/h3>\n<p style='font-size: 15px; color: inherit; margin: 10px 0 0 0;'>7 a\u00f1os de garant\u00eda contra defectos de f\u00e1brica.<\/p>\n<\/p><\/div>\n<p> <!-- Ventaja 6 --> <\/p>\n<div style='flex: 1 1 300px; min-width: 280px;'>\n<h3 style='font-size: 22px; border-bottom: 2px solid currentColor; padding-bottom: 5px; margin-top: 0; color: inherit; opacity: 0.8;'>Capacidad Sobresaliente<\/h3>\n<p style='font-size: 15px; color: inherit; margin: 10px 0 0 0;'>Otorgando un almacenamiento de 72Kw<\/p>\n<\/p><\/div>\n<\/p><\/div>\n<\/p><\/div>\n<p> <!-- Separador --> <\/p>\n<hr style='border: 0; border-top: 2px solid rgba(255&comma;0&comma;0&comma;0.3); margin: 30px 0;'> <!-- Aplicaciones --> <\/p>\n<div style='margin: 30px 0;'>\n<h2 style='text-align: center; font-size: 28px; color: inherit; margin-bottom: 20px;'>Aplicaciones<\/h2>\n<div style='display: flex; flex-wrap: wrap; gap: 20px; justify-content: center;'> <!-- Aplicaci\u00f3n 1 --> <\/p>\n<div style='flex: 1 1 250px; min-width: 220px; text-align: center;'> <img style='width: 60px; height: auto; margin: 0 auto 10px;' src='https:\/\/ftp3.syscom.mx\/usuarios\/ftp\/single_page\/epcom_powerline\/tele.png' alt='Telecomunicaciones'> <\/p>\n<p style='margin: 10px 0 0 0; font-size: 15px; color: inherit;'>Telecomunicaciones<\/p>\n<\/p><\/div>\n<p> <!-- Aplicaci\u00f3n 2 --> <\/p>\n<div style='flex: 1 1 250px; min-width: 220px; text-align: center;'> <img style='width: 60px; height: auto; margin: 0 auto 10px;' src='https:\/\/ftp3.syscom.mx\/usuarios\/ftp\/single_page\/epcom_powerline\/cen.png' alt='Centro de Datos'> <\/p>\n<p style='margin: 10px 0 0 0; font-size: 15px; color: inherit;'>Centro de Datos<\/p>\n<\/p><\/div>\n<p> <!-- Aplicaci\u00f3n 3 --> <\/p>\n<div style='flex: 1 1 250px; min-width: 220px; text-align: center;'> <img style='width: 60px; height: auto; margin: 0 auto 10px;' src='https:\/\/ftp3.syscom.mx\/usuarios\/ftp\/single_page\/epcom_powerline\/energia.png' alt='Energ\u00eda Solar'> <\/p>\n<p style='margin: 10px 0 0 0; font-size: 15px; color: inherit;'>Energ\u00eda Solar<\/p>\n<\/p><\/div>\n<p> <!-- Aplicaci\u00f3n 4 --> <\/p>\n<div style='flex: 1 1 250px; min-width: 220px; text-align: center;'> <img style='width: 60px; height: auto; margin: 0 auto 10px;' src='https:\/\/ftp3.syscom.mx\/usuarios\/ftp\/single_page\/epcom_powerline\/res.png' alt='Residencial'> <\/p>\n<p style='margin: 10px 0 0 0; font-size: 15px; color: inherit;'>Residencial<\/p>\n<\/p><\/div>\n<p> <!-- Aplicaci\u00f3n 5 --> <\/p>\n<div style='flex: 1 1 250px; min-width: 220px; text-align: center;'> <img style='width: 60px; height: auto; margin: 0 auto 10px;' src='https:\/\/ftp3.syscom.mx\/usuarios\/ftp\/single_page\/epcom_powerline\/vehi.png' alt='Veh\u00edculos Recreativos'> <\/p>\n<p style='margin: 10px 0 0 0; font-size: 15px; color: inherit;'>Veh\u00edculos Recreativos<\/p>\n<\/p><\/div>\n<p> <!-- Aplicaci\u00f3n 6 --> <\/p>\n<div style='flex: 1 1 250px; min-width: 220px; text-align: center;'> <img style='width: 60px; height: auto; margin: 0 auto 10px;' src='https:\/\/ftp3.syscom.mx\/usuarios\/ftp\/single_page\/epcom_powerline\/indus.png' alt='Industrial'> <\/p>\n<p style='margin: 10px 0 0 0; font-size: 15px; color: inherit;'>Industrial<\/p>\n<\/p><\/div>\n<\/p><\/div>\n<\/p><\/div>\n<p> <!-- Separador --> <\/p>\n<hr style='border: 0; border-top: 2px solid rgba(255&comma;0&comma;0&comma;0.3); margin: 30px 0;'> <!-- Especificaciones y configuraci\u00f3n --> <\/p>\n<div style='display: flex; flex-wrap: wrap; gap: 30px;'> <!-- Especificaciones t\u00e9cnicas --> <\/p>\n<div style='flex: 1 1 300px; min-width: 280px;'>\n<h3 style='font-size: 22px; border-bottom: 2px solid currentColor; padding-bottom: 5px; margin-top: 0; color: inherit; opacity: 0.8;'>Especificaciones t\u00e9cnicas<\/h3>\n<ul style='padding-left: 20px; font-size: 15px; color: inherit; margin: 15px 0 0 0;'>\n<li style='margin-bottom: 5px;'><strong>Voltaje nominal:<\/strong> 48 V<\/li>\n<li style='margin-bottom: 5px;'><strong>Capacidad:<\/strong> 104 Ah<\/li>\n<li style='margin-bottom: 5px;'><strong>Peso:<\/strong> 38.7 kg<\/li>\n<li style='margin-bottom: 5px;'><strong>Energ\u00eda:<\/strong> 4.8 kWh<\/li>\n<li style='margin-bottom: 5px;'><strong>Ciclo de vida:<\/strong> \u22653500 ciclos (100% DOD)<\/li>\n<li style='margin-bottom: 5px;'><strong>Protecciones:<\/strong> Sobrecarga&comma; Sobredescarga&comma; Temperatura<\/li>\n<li style='margin-bottom: 5px;'><strong>Carga recomendada del banco:<\/strong> \u226420A<\/li>\n<li style='margin-bottom: 5px;'><strong>M\u00e1xima carga del banco:<\/strong> \u2264100A<\/li>\n<\/ul><\/div>\n<p> <!-- Configuraci\u00f3n a inversor Growatt --> <\/p>\n<div style='flex: 1 1 300px; min-width: 280px;'>\n<h3 style='font-size: 22px; border-bottom: 2px solid currentColor; padding-bottom: 5px; margin-top: 0; color: inherit; opacity: 0.8;'>Configuraci\u00f3n a inversor Growatt<\/h3>\n<ul style='padding-left: 20px; font-size: 15px; color: inherit; margin: 15px 0 0 0;'>\n<li style='margin-bottom: 5px;'>Conecte los cables de alimentaci\u00f3n el\u00e9ctrica entre bater\u00edas e inversor<\/li>\n<li style='margin-bottom: 5px;'>Conecte los cables de comunicaci\u00f3n RJ45 en los puertos RS485\/CAN entre bater\u00edas y al BMS entrada de inversor Growatt<\/li>\n<li style='margin-bottom: 5px;'>Configure los swiches seg\u00fan la cantidad de bater\u00edas que tenga<\/li>\n<li style='margin-bottom: 5px;'>Programe el inversor Growatt<\/li>\n<\/ul>\n<p style='margin: 15px 0 5px 0; font-size: 15px; color: inherit;'><strong>Programa 5:<\/strong> battery type LI<\/p>\n<p style='margin: 5px 0; font-size: 15px; color: inherit;'><strong>Programa 36:<\/strong> L01<\/p>\n<ul style='padding-left: 20px; font-size: 15px; color: inherit; margin: 15px 0 0 0;'>\n<li style='margin-bottom: 5px;'>Conecte los cables RJ45 entre bater\u00edas y si usa el SPF3000 arme el cable de bater\u00eda al inversor el patchcord debe cruzar el canal 1 al 8 y el 2 al 7<\/li>\n<li style='margin-bottom: 5px;'>La comunicaci\u00f3n se har\u00e1 autom\u00e1ticamente.<\/li>\n<li style='margin-bottom: 5px;'>Si el inversor marca error de comunicaci\u00f3n la bater\u00eda no se podr\u00e1 comunicar y deber\u00e1 configurar los par\u00e1metros de carga con el programa 5 del inversor en modo USER<\/li>\n<\/ul>\n<p style='margin: 15px 0 5px 0; font-size: 15px; color: inherit;'><strong>Los par\u00e1metros sin BMS ser\u00e1n los siguientes:<\/strong><\/p>\n<p style='margin: 5px 0; font-size: 15px; color: inherit;'>Voltaje de carga 54Vcc<\/p>\n<p style='margin: 5px 0; font-size: 15px; color: inherit;'>Voltaje de flotaci\u00f3n 50Vcc<\/p>\n<\/p><\/div>\n<\/p><\/div>\n<p> <!-- Separador --> <\/p>\n<hr style='border: 0; border-top: 2px solid rgba(255&comma;0&comma;0&comma;0.3); margin: 30px 0;'> <!-- Compatibilidad --> <\/p>\n<div style='margin: 30px 0;'>\n<h3 style='font-size: 22px; border-bottom: 2px solid currentColor; padding-bottom: 5px; margin-top: 0; color: inherit; opacity: 0.8;'>Compatibilidad<\/h3>\n<p style='margin-top: 15px; font-size: 15px; color: inherit;'>Para el montaje en rack puede usar <a href='https:\/\/www.syscom.mx\/producto\/SPF3000TLLVM48P-GROWATT-201410.html' style='color: #005cb9; text-decoration: none; font-weight: 600;'>LP-RPP-1914<\/a> para 3 RBL10048PRO&comma; use un <a href='https:\/\/www.syscom.mx\/producto\/SPF3000TLLVM48P-GROWATT-201410.html' style='color: #005cb9; text-decoration: none; font-weight: 600;'>EPURAILKIT<\/a> por cada bater\u00eda y deje una unidad entre bater\u00edas<\/p>\n<ul style='padding-left: 20px; font-size: 15px; color: inherit; margin: 15px 0 0 0;'>\n<li style='margin-bottom: 5px;'><a href='https:\/\/www.syscom.mx\/producto\/SPF3000TLLVM48P-GROWATT-201410.html' style='color: #005cb9; text-decoration: none; font-weight: 600;'>SPF3000TLLVM48P<\/a> (compatible con otras l\u00edneas de SPF TERMINACION 48P)<\/li>\n<li style='margin-bottom: 5px;'><a href='https:\/\/www.syscom.mx\/producto\/SPF6000TDVMG2-GROWATT-219023.html' style='color: #005cb9; text-decoration: none; font-weight: 600;'>SPF6000TDVMG2<\/a> (no compatible en funci\u00f3n con red el\u00e9ctrica)<\/li>\n<li style='margin-bottom: 5px;'><a href='https:\/\/www.syscom.mx\/producto\/SPF3000TLLVMES-GROWATT-220422.html' style='color: #005cb9; text-decoration: none; font-weight: 600;'>SPF3000TLLVMES<\/a> (no compatible en funci\u00f3n con red el\u00e9ctrica)<\/li>\n<\/ul>\n<p style='margin-top: 15px; font-size: 15px; color: inherit;'>Compatibilidad con SOLARK&comma; 8K2P<\/p>\n<p style='margin-top: 10px; font-size: 15px; color: inherit;'>Compatibilidad con toda la l\u00ednea de Victron 48 Vcc<\/p>\n<p style='margin-top: 10px; font-size: 15px; color: inherit;'>Modo de bater\u00eda sin comunicaci\u00f3n disponible<\/p>\n<\/p><\/div>\n<\/p><\/div>\n","protected":false},"excerpt":{"rendered":"<p>Bater\u00eda de Litio de 4.8 Kwh, 48 Vcc ,104 Ah, 3U de Montaje en Rack.<\/p>\n","protected":false},"featured_media":107324,"comment_status":"open","ping_status":"closed","template":"","meta":[],"product_brand":[],"product_cat":[1160],"product_tag":[143,142,454],"class_list":{"0":"post-107325","1":"product","2":"type-product","3":"status-publish","4":"has-post-thumbnail","6":"product_cat-baterias-energia-videovigilancia","7":"product_tag-baterias","8":"product_tag-energia","9":"product_tag-epcom-powerline","11":"first","12":"outofstock","13":"sale","14":"shipping-taxable","15":"purchasable","16":"product-type-simple"},"_links":{"self":[{"href":"https:\/\/soydeaqui.ddns.net\/pachuca\/index.php\/wp-json\/wp\/v2\/product\/107325","targetHints":{"allow":["GET"]}}],"collection":[{"href":"https:\/\/soydeaqui.ddns.net\/pachuca\/index.php\/wp-json\/wp\/v2\/product"}],"about":[{"href":"https:\/\/soydeaqui.ddns.net\/pachuca\/index.php\/wp-json\/wp\/v2\/types\/product"}],"replies":[{"embeddable":true,"href":"https:\/\/soydeaqui.ddns.net\/pachuca\/index.php\/wp-json\/wp\/v2\/comments?post=107325"}],"wp:featuredmedia":[{"embeddable":true,"href":"https:\/\/soydeaqui.ddns.net\/pachuca\/index.php\/wp-json\/wp\/v2\/media\/107324"}],"wp:attachment":[{"href":"https:\/\/soydeaqui.ddns.net\/pachuca\/index.php\/wp-json\/wp\/v2\/media?parent=107325"}],"wp:term":[{"taxonomy":"product_brand","embeddable":true,"href":"https:\/\/soydeaqui.ddns.net\/pachuca\/index.php\/wp-json\/wp\/v2\/product_brand?post=107325"},{"taxonomy":"product_cat","embeddable":true,"href":"https:\/\/soydeaqui.ddns.net\/pachuca\/index.php\/wp-json\/wp\/v2\/product_cat?post=107325"},{"taxonomy":"product_tag","embeddable":true,"href":"https:\/\/soydeaqui.ddns.net\/pachuca\/index.php\/wp-json\/wp\/v2\/product_tag?post=107325"}],"curies":[{"name":"wp","href":"https:\/\/api.w.org\/{rel}","templated":true}]}}