{"id":107297,"date":"2026-03-20T17:01:13","date_gmt":"2026-03-20T17:01:13","guid":{"rendered":"https:\/\/soydeaqui.ddns.net\/pachuca\/index.php\/producto\/cable-extensor-usb-3-0-1-metro-macho-hembra-5-gbps-ultra-durabilidad-nucleo-de-cobre-estanado-28-22-awg-blindaje-interior-multiple-ideal-para-teclado-mouse-etc\/"},"modified":"2026-03-20T17:01:27","modified_gmt":"2026-03-20T17:01:27","slug":"cable-extensor-usb-3-0-1-metro-macho-hembra-5-gbps-ultra-durabilidad-nucleo-de-cobre-estanado-28-22-awg-blindaje-interior-multiple-ideal-para-teclado-mouse-etc","status":"publish","type":"product","link":"https:\/\/soydeaqui.ddns.net\/pachuca\/index.php\/producto\/cable-extensor-usb-3-0-1-metro-macho-hembra-5-gbps-ultra-durabilidad-nucleo-de-cobre-estanado-28-22-awg-blindaje-interior-multiple-ideal-para-teclado-mouse-etc\/","title":{"rendered":"Cable Extensor USB 3.0 \/ 1 Metro \/ Macho-Hembra \/ 5 Gbps \/ Ultra Durabilidad \/ N\u00facleo de cobre esta\u00f1ado 28\/22 AWG \/ Blindaje interior m\u00faltiple \/ Ideal para teclado, mouse , etc."},"content":{"rendered":"<div style='width: 100%; max-width: 1200px; margin: 0 auto; font-family: sans-serif; line-height: 1.6; color: inherit; background-color: transparent;'>\n<div style='display: flex; flex-wrap: wrap; gap: 30px; margin-bottom: 30px;'>\n<div style='flex: 1 1 300px; min-width: 280px;'>\n<h3 style='font-size: 22px; border-bottom: 2px solid currentColor; padding-bottom: 5px; margin-top: 0; color: inherit; opacity: 0.8;'>Caracter\u00edsticas principales<\/h3>\n<ul style='padding-left: 20px; font-size: 15px; color: inherit;'>\n<li style='margin-bottom: 5px;'>Cable extensor USB 3.0 macho a hembra<\/li>\n<li style='margin-bottom: 5px;'>Longitud: 1 metro<\/li>\n<li style='margin-bottom: 5px;'>Velocidad de transferencia: Hasta 5 Gbps<\/li>\n<li style='margin-bottom: 5px;'>N\u00facleo de cobre esta\u00f1ado 28\/22 AWG<\/li>\n<li style='margin-bottom: 5px;'>Blindaje interior m\u00faltiple<\/li>\n<li style='margin-bottom: 5px;'>Conectores con ba\u00f1o de oro resistente a corrosi\u00f3n<\/li>\n<li style='margin-bottom: 5px;'>Dise\u00f1o de protecci\u00f3n de puertos<\/li>\n<\/ul><\/div>\n<div style='flex: 1 1 300px; min-width: 280px;'>\n<h3 style='font-size: 22px; border-bottom: 2px solid currentColor; padding-bottom: 5px; margin-top: 0; color: inherit; opacity: 0.8;'>Aplicaciones<\/h3>\n<ul style='padding-left: 20px; font-size: 15px; color: inherit;'>\n<li style='margin-bottom: 5px;'>Conexi\u00f3n de perif\u00e9ricos a ordenadores&comma; televisores y radios de coche<\/li>\n<li style='margin-bottom: 5px;'>Acceso facilitado a puertos USB en ubicaciones dif\u00edciles<\/li>\n<li style='margin-bottom: 5px;'>Protecci\u00f3n de puertos contra frecuentes enchufes y desenchufes<\/li>\n<li style='margin-bottom: 5px;'>Conexi\u00f3n de dispositivos como impresoras&comma; teclados&comma; ratones&comma; pendrives&comma; mandos de consolas&comma; etc.<\/li>\n<li style='margin-bottom: 5px;'>Uso en TV&comma; ordenadores&comma; radios de coche y otros dispositivos con puerto USB<\/li>\n<\/ul><\/div>\n<\/p><\/div>\n<div style='display: flex; flex-wrap: wrap; gap: 20px; margin-bottom: 30px;'>\n<div style='flex: 1 1 250px; border: 1px solid rgba(150&comma; 150&comma; 150&comma; 0.4); border-radius: 8px; overflow: hidden; display: flex; flex-direction: column;'>\n<div style='padding: 15px; border-bottom: 1px solid rgba(150&comma; 150&comma; 150&comma; 0.2); font-weight: bold; font-size: 18px; color: inherit;'>Especificaciones t\u00e9cnicas<\/div>\n<div style='padding: 15px; color: inherit;'>\n<ul style='padding-left: 20px; margin: 0; font-size: 14px; list-style-type: disc;'>\n<li style='margin-bottom: 5px;'><strong>Est\u00e1ndar:<\/strong> USB 3.0<\/li>\n<li style='margin-bottom: 5px;'><strong>Velocidad:<\/strong> Hasta 5 Gbps<\/li>\n<li style='margin-bottom: 5px;'><strong>Longitud:<\/strong> 1 metro<\/li>\n<li style='margin-bottom: 5px;'><strong>Conductores:<\/strong> N\u00facleo de cobre esta\u00f1ado 28\/22 AWG<\/li>\n<li style='margin-bottom: 5px;'><strong>Blindaje:<\/strong> Interior m\u00faltiple<\/li>\n<li style='margin-bottom: 5px;'><strong>Conectores:<\/strong> USB 3.0 tipo A macho a USB 3.0 tipo A hembra<\/li>\n<li style='margin-bottom: 5px;'><strong>Compatibilidad:<\/strong> USB 2.0&comma; USB 1.1<\/li>\n<\/ul><\/div>\n<\/p><\/div>\n<div style='flex: 1 1 250px; border: 1px solid rgba(150&comma; 150&comma; 150&comma; 0.4); border-radius: 8px; overflow: hidden; display: flex; flex-direction: column;'>\n<div style='padding: 15px; border-bottom: 1px solid rgba(150&comma; 150&comma; 150&comma; 0.2); font-weight: bold; font-size: 18px; color: inherit;'>Beneficios del dise\u00f1o<\/div>\n<div style='padding: 15px; color: inherit;'>\n<ul style='padding-left: 20px; margin: 0; font-size: 14px; list-style-type: disc;'>\n<li style='margin-bottom: 5px;'>Protecci\u00f3n de puertos contra desgaste por uso frecuente<\/li>\n<li style='margin-bottom: 5px;'>Conectores con ba\u00f1o de oro para mayor durabilidad y transmisi\u00f3n estable<\/li>\n<li style='margin-bottom: 5px;'>Dise\u00f1o compacto para f\u00e1cil transporte y almacenamiento<\/li>\n<li style='margin-bottom: 5px;'>Uso vers\u00e1til en m\u00faltiples dispositivos y entornos<\/li>\n<li style='margin-bottom: 5px;'>Transmisi\u00f3n de datos optimizada con m\u00ednima p\u00e9rdida de se\u00f1al<\/li>\n<\/ul><\/div>\n<\/p><\/div>\n<\/p><\/div>\n<hr style='border: 0; border-top: 1px solid rgba(150&comma; 150&comma; 150&comma; 0.3); margin: 30px 0;'>\n<div style='display: flex; flex-wrap: wrap; gap: 30px;'>\n<div style='flex: 1 1 300px; min-width: 280px;'>\n<h3 style='font-size: 22px; border-bottom: 2px solid currentColor; padding-bottom: 5px; margin-top: 0; color: inherit; opacity: 0.8;'>Descripci\u00f3n detallada<\/h3>\n<p style='font-size: 15px; color: inherit; margin-bottom: 15px;'>El cable extensor USB 3.0 macho a hembra proporciona una soluci\u00f3n pr\u00e1ctica para extender la conexi\u00f3n entre dispositivos USB. Su dise\u00f1o de 1 metro permite alcanzar distancias que de otro modo ser\u00edan dif\u00edciles&comma; facilitando el acceso a puertos en ubicaciones poco accesibles.<\/p>\n<p style='font-size: 15px; color: inherit; margin-bottom: 15px;'>Con conectores de alta calidad y m\u00faltiples capas de blindaje&comma; este cable asegura una transmisi\u00f3n de datos estable y segura&comma; minimizando la interferencia electromagn\u00e9tica. La combinaci\u00f3n de n\u00facleo de cobre esta\u00f1ado y blindaje interior m\u00faltiple garantiza durabilidad y rendimiento \u00f3ptimo.<\/p>\n<p style='font-size: 15px; color: inherit; margin-bottom: 0;'>Su versatilidad lo convierte en una herramienta esencial para usuarios que necesitan conectar dispositivos perif\u00e9ricos como impresoras&comma; teclados&comma; ratones&comma; pendrives&comma; mandos de consolas&comma; receptores inal\u00e1mbricos y otros dispositivos USB a ordenadores&comma; televisores o radios de coche.<\/p>\n<\/p><\/div>\n<\/p><\/div>\n<\/p><\/div>\n","protected":false},"excerpt":{"rendered":"<p>Cable Extensor USB 3.0 \/ 1 Metro \/ Macho-Hembra \/ 5 Gbps \/ Ultra Durabilidad \/ N\u00facleo de cobre esta\u00f1ado 28\/22 AWG \/ Blindaje interior m\u00faltiple \/ Ideal para teclado, mouse , etc.<\/p>\n","protected":false},"featured_media":107296,"comment_status":"open","ping_status":"closed","template":"","meta":[],"product_brand":[],"product_cat":[1235],"product_tag":[417,1236,650],"class_list":{"0":"post-107297","1":"product","2":"type-product","3":"status-publish","4":"has-post-thumbnail","6":"product_cat-accesorios-para-computadora-y-smartphones","7":"product_tag-accesorios-generales","8":"product_tag-accesorios-para-computadora-y-smartphones","9":"product_tag-ugreen","11":"first","12":"instock","13":"sale","14":"shipping-taxable","15":"purchasable","16":"product-type-simple"},"_links":{"self":[{"href":"https:\/\/soydeaqui.ddns.net\/pachuca\/index.php\/wp-json\/wp\/v2\/product\/107297","targetHints":{"allow":["GET"]}}],"collection":[{"href":"https:\/\/soydeaqui.ddns.net\/pachuca\/index.php\/wp-json\/wp\/v2\/product"}],"about":[{"href":"https:\/\/soydeaqui.ddns.net\/pachuca\/index.php\/wp-json\/wp\/v2\/types\/product"}],"replies":[{"embeddable":true,"href":"https:\/\/soydeaqui.ddns.net\/pachuca\/index.php\/wp-json\/wp\/v2\/comments?post=107297"}],"wp:featuredmedia":[{"embeddable":true,"href":"https:\/\/soydeaqui.ddns.net\/pachuca\/index.php\/wp-json\/wp\/v2\/media\/107296"}],"wp:attachment":[{"href":"https:\/\/soydeaqui.ddns.net\/pachuca\/index.php\/wp-json\/wp\/v2\/media?parent=107297"}],"wp:term":[{"taxonomy":"product_brand","embeddable":true,"href":"https:\/\/soydeaqui.ddns.net\/pachuca\/index.php\/wp-json\/wp\/v2\/product_brand?post=107297"},{"taxonomy":"product_cat","embeddable":true,"href":"https:\/\/soydeaqui.ddns.net\/pachuca\/index.php\/wp-json\/wp\/v2\/product_cat?post=107297"},{"taxonomy":"product_tag","embeddable":true,"href":"https:\/\/soydeaqui.ddns.net\/pachuca\/index.php\/wp-json\/wp\/v2\/product_tag?post=107297"}],"curies":[{"name":"wp","href":"https:\/\/api.w.org\/{rel}","templated":true}]}}