{"id":107261,"date":"2026-03-20T16:59:22","date_gmt":"2026-03-20T16:59:22","guid":{"rendered":"https:\/\/soydeaqui.ddns.net\/pachuca\/index.php\/producto\/tarjeta-madre-de-reemplazo-para-ids-7208huhi-m1-s-ac\/"},"modified":"2026-03-20T16:59:40","modified_gmt":"2026-03-20T16:59:40","slug":"tarjeta-madre-de-reemplazo-para-ids-7208huhi-m1-s-ac","status":"publish","type":"product","link":"https:\/\/soydeaqui.ddns.net\/pachuca\/index.php\/producto\/tarjeta-madre-de-reemplazo-para-ids-7208huhi-m1-s-ac\/","title":{"rendered":"Tarjeta Madre de Reemplazo para IDS-7208HUHI-M1\/S\/A(C)"},"content":{"rendered":"<div style='width: 100%; max-width: 1200px; margin: 0 auto; font-family: sans-serif; line-height: 1.6; color: inherit; background-color: transparent;'>\n<div style='display: flex; flex-wrap: wrap; gap: 30px; margin-bottom: 30px;'>\n<div style='flex: 1 1 300px; min-width: 280px;'>\n<h3 style='font-size: 22px; border-bottom: 2px solid currentColor; padding-bottom: 5px; margin-top: 0; color: inherit; opacity: 0.8;'>Caracter\u00edsticas T\u00e9cnicas<\/h3>\n<ul style='padding-left: 20px; font-size: 15px; color: inherit;'>\n<li style='margin-bottom: 5px;'>Cuenta con protecci\u00f3n contra descarga<\/li>\n<li style='margin-bottom: 5px;'>Entrada de alimentaci\u00f3n en 3.5<\/li>\n<li style='margin-bottom: 5px;'>8 entradas en BNC<\/li>\n<li style='margin-bottom: 5px;'>1 puerto USB<\/li>\n<li style='margin-bottom: 5px;'>1 salida de video en HDMI<\/li>\n<li style='margin-bottom: 5px;'>1 salida en VGA<\/li>\n<li style='margin-bottom: 5px;'>8 entradas de alarma<\/li>\n<li style='margin-bottom: 5px;'>4 salidas de alarma<\/li>\n<li style='margin-bottom: 5px;'>Salida RS485<\/li>\n<li style='margin-bottom: 5px;'>Compatible con IDS7208HUHIM1\/S\/A(C)<\/li>\n<\/ul><\/div>\n<div style='flex: 1 1 300px; min-width: 280px;'>\n<h3 style='font-size: 22px; border-bottom: 2px solid currentColor; padding-bottom: 5px; margin-top: 0; color: inherit; opacity: 0.8;'>Caracter\u00edsticas Principales<\/h3>\n<ul style='padding-left: 20px; font-size: 15px; color: inherit;'>\n<li style='margin-bottom: 5px;'>Protecci\u00f3n contra descargas el\u00e9ctricas en alimentaci\u00f3n<\/li>\n<li style='margin-bottom: 5px;'>8 entradas BNC para conectividad vers\u00e1til<\/li>\n<li style='margin-bottom: 5px;'>Salida de video HDMI para alta definici\u00f3n<\/li>\n<li style='margin-bottom: 5px;'>4 salidas de alarma programables<\/li>\n<li style='margin-bottom: 5px;'>Compatible con modelo IDS7208HUHIM1\/S\/A(C)<\/li>\n<\/ul><\/div>\n<\/p><\/div>\n<hr style='border: 0; border-top: 1px solid rgba(150&comma; 150&comma; 150&comma; 0.3); margin: 30px 0;'> <\/div>\n","protected":false},"excerpt":{"rendered":"<p>Tarjeta Madre de Reemplazo para IDS-7208HUHI-M1\/S\/A(C)<\/p>\n","protected":false},"featured_media":107260,"comment_status":"open","ping_status":"closed","template":"","meta":[],"product_brand":[],"product_cat":[2291],"product_tag":[417,54,2292],"class_list":{"0":"post-107261","1":"product","2":"type-product","3":"status-publish","4":"has-post-thumbnail","6":"product_cat-partes-o-refacciones","7":"product_tag-accesorios-generales","8":"product_tag-hikvision","9":"product_tag-partes-o-refacciones","11":"first","12":"instock","13":"sale","14":"shipping-taxable","15":"purchasable","16":"product-type-simple"},"_links":{"self":[{"href":"https:\/\/soydeaqui.ddns.net\/pachuca\/index.php\/wp-json\/wp\/v2\/product\/107261","targetHints":{"allow":["GET"]}}],"collection":[{"href":"https:\/\/soydeaqui.ddns.net\/pachuca\/index.php\/wp-json\/wp\/v2\/product"}],"about":[{"href":"https:\/\/soydeaqui.ddns.net\/pachuca\/index.php\/wp-json\/wp\/v2\/types\/product"}],"replies":[{"embeddable":true,"href":"https:\/\/soydeaqui.ddns.net\/pachuca\/index.php\/wp-json\/wp\/v2\/comments?post=107261"}],"wp:featuredmedia":[{"embeddable":true,"href":"https:\/\/soydeaqui.ddns.net\/pachuca\/index.php\/wp-json\/wp\/v2\/media\/107260"}],"wp:attachment":[{"href":"https:\/\/soydeaqui.ddns.net\/pachuca\/index.php\/wp-json\/wp\/v2\/media?parent=107261"}],"wp:term":[{"taxonomy":"product_brand","embeddable":true,"href":"https:\/\/soydeaqui.ddns.net\/pachuca\/index.php\/wp-json\/wp\/v2\/product_brand?post=107261"},{"taxonomy":"product_cat","embeddable":true,"href":"https:\/\/soydeaqui.ddns.net\/pachuca\/index.php\/wp-json\/wp\/v2\/product_cat?post=107261"},{"taxonomy":"product_tag","embeddable":true,"href":"https:\/\/soydeaqui.ddns.net\/pachuca\/index.php\/wp-json\/wp\/v2\/product_tag?post=107261"}],"curies":[{"name":"wp","href":"https:\/\/api.w.org\/{rel}","templated":true}]}}