{"id":107248,"date":"2026-03-20T16:58:43","date_gmt":"2026-03-20T16:58:43","guid":{"rendered":"https:\/\/soydeaqui.ddns.net\/pachuca\/index.php\/producto\/kit-de-videoportero-ip-poe-estandar-con-llamada-a-app-de-smartphone-hik-connect-apertura-con-tarjeta-mifare-frente-de-calle-ik08-ip65-soporta-2-puertas\/"},"modified":"2026-03-20T16:58:51","modified_gmt":"2026-03-20T16:58:51","slug":"kit-de-videoportero-ip-poe-estandar-con-llamada-a-app-de-smartphone-hik-connect-apertura-con-tarjeta-mifare-frente-de-calle-ik08-ip65-soporta-2-puertas","status":"publish","type":"product","link":"https:\/\/soydeaqui.ddns.net\/pachuca\/index.php\/producto\/kit-de-videoportero-ip-poe-estandar-con-llamada-a-app-de-smartphone-hik-connect-apertura-con-tarjeta-mifare-frente-de-calle-ik08-ip65-soporta-2-puertas\/","title":{"rendered":"Kit de Videoportero IP PoE Estandar con llamada a App de Smartphone (Hik-Connect) \/ Apertura con Tarjeta MIFARE \/ Frente de calle IK08 &#038; IP65 \/ Soporta 2 puertas"},"content":{"rendered":"<div style='width: 100%; max-width: 1200px; margin: 0 auto; font-family: sans-serif; line-height: 1.6; color: inherit; background-color: transparent;'> <!-- Videos Section --> <\/p>\n<div style='display: flex; flex-wrap: wrap; gap: 30px; margin-bottom: 30px;'>\n<div style='flex: 1 1 300px; min-width: 280px;'>\n<div style='position: relative; padding-bottom: 56.25%; height: 0; overflow: hidden; margin-bottom: 30px;'>   <\/div>\n<\/p><\/div>\n<div style='flex: 1 1 300px; min-width: 280px;'>\n<div style='position: relative; padding-bottom: 56.25%; height: 0; overflow: hidden; margin-bottom: 30px;'>   <\/div>\n<\/p><\/div>\n<\/p><\/div>\n<p> <!-- Banner Image --> <\/p>\n<div style='margin-bottom: 30px;'> <a href='https:\/\/soporte.syscom.mx\/es\/articles\/4296720-hikvision-videoporteros-configuraciones-de-videoporteros-3ra-generacion-con-interfaz-web' style='text-decoration: none;'> <img style='width: 100%; height: auto; border: 1px solid rgba(150&comma;150&comma;150&comma;0.3); border-radius: 8px;' src='https:\/\/ftp3.syscom.mx\/usuarios\/nicolas.jimenez\/NUEVOS-VIDEOPORTEROS-2%20%282%29.jpg' alt='Videoporteros Hikvision'> <\/a> <\/div>\n<p> <!-- Main Title --> <\/p>\n<div style='text-align: center; margin-bottom: 30px;'>\n<h1 style='font-size: 28px; margin-top: 0; color: inherit; opacity: 0.8;'>\u00a1El poder del acceso en tus manos!<\/h1>\n<\/p><\/div>\n<p> <!-- Main Description --> <\/p>\n<div style='margin-bottom: 30px;'>\n<p style='text-align: justify; font-size: 15px; color: inherit;'><strong>Potencia<\/strong> la seguridad de tu <strong>hogar<\/strong> o <strong>negocio<\/strong> con nuestro <strong>videoportero IP<\/strong> que te permite ver y comunicarte con tus visitantes <strong>desde cualquier lugar<\/strong>. <strong style='color: inherit; opacity: 0.8;'>\u00bfNecesitas abrir la puerta mientras est\u00e1s fuera?<\/strong> \u00a1No hay problema! Nuestra aplicaci\u00f3n Hik-Connect te permite <strong>realizar aperturas remotas de manera conveniente<\/strong>.<\/p>\n<p style='text-align: justify; font-size: 15px; color: inherit;'>Adem\u00e1s cuenta con una <strong>c\u00e1mara de alta resoluci\u00f3n<\/strong> de 1080p captura im\u00e1genes n\u00edtidas y claras&comma; incluso en la oscuridad gracias a su tecnolog\u00eda <strong>IR de 3 metros<\/strong>. Con un amplio <strong>\u00e1ngulo de visi\u00f3n<\/strong> de <strong>129\u00b0<\/strong> no te perder\u00e1s ning\u00fan detalle&comma; audio bidireccional el cual permite mantener <strong>conversaciones fluidas<\/strong> con tus visitantes&comma; brind\u00e1ndote una comunicaci\u00f3n clara y efectiva.<\/p>\n<\/p><\/div>\n<p> <!-- Image + Features --> <\/p>\n<div style='display: flex; flex-wrap: wrap; gap: 30px; margin-bottom: 30px;'>\n<div style='flex: 1 1 300px; min-width: 280px;'> <img style='width: 100%; height: auto; border: 1px solid rgba(150&comma;150&comma;150&comma;0.3); border-radius: 8px;' src='https:\/\/ftp3.syscom.mx\/usuarios\/nicolas.jimenez\/DS-KV8113-WME1%28C%29.png' alt='Videoportero Hikvision'> <\/div>\n<div style='flex: 1 1 300px; min-width: 280px;'>\n<h2 style='font-size: 22px; margin-top: 0; margin-bottom: 15px; color: inherit; opacity: 0.8;'>\u00a1La combinaci\u00f3n perfecta de estilo y funcionalidad!<\/h2>\n<p style='text-align: justify; font-size: 15px; color: inherit;'>Combina un <strong>rendimiento excepcional<\/strong> con una apariencia elegante y moderna&comma; con la capacidad de <strong>gestionar hasta 2 puertas.<\/strong> Nuestro videoportero IP te brinda un <strong>control total<\/strong> sobre el acceso a tu propiedad&comma; ya sea para tu hogar&comma; tu oficina o cualquier otro entorno.<\/p>\n<p style='text-align: justify; font-size: 15px; color: inherit;'>La apertura con tarjeta MIFARE proporciona una forma <strong>conveniente y segura<\/strong> de otorgar <strong>acceso r\u00e1pido y sin complicaciones<\/strong>. Nuestro videoportero IP est\u00e1 <strong>dise\u00f1ado<\/strong> para resistir las <strong>condiciones m\u00e1s exigentes<\/strong>. Con su clasificaci\u00f3n de protecci\u00f3n IP65&comma; es completamente <strong>resistente al polvo y al agua<\/strong>&comma; lo que lo hace ideal para su instalaci\u00f3n en <strong>exteriores<\/strong>. Tambi\u00e9n cuenta con una clasificaci\u00f3n IK08&comma; lo que significa que es <strong>altamente resistente a los impactos<\/strong>&comma; garantizando su durabilidad a largo plazo.<\/p>\n<div style='text-align: center; margin-top: 20px; margin-bottom: 20px;'>\n<h3 style='font-size: 20px; margin-top: 0; margin-bottom: 15px; color: inherit; opacity: 0.8;'>Incluye:<\/h3>\n<div style='display: flex; flex-wrap: wrap; justify-content: center; gap: 10px;'>\n<div><strong style='color: inherit; opacity: 0.8;'>1 x DS-KV8113-WME1(C)<\/strong><\/div>\n<div><strong style='color: inherit; opacity: 0.8;'>1 x DS-KH6320-WTE1<\/strong><\/div>\n<div>2 x Fuentes de Alimentaci\u00f3n<\/div>\n<div>1 x MicroSD 16 GB<\/div>\n<\/p><\/div>\n<\/p><\/div>\n<\/p><\/div>\n<\/p><\/div>\n<p> <!-- Product Cards --> <\/p>\n<div style='display: flex; flex-wrap: wrap; gap: 20px; margin-bottom: 30px;'>\n<div style='flex: 1 1 350px; min-width: 300px; border: 1px solid rgba(150&comma; 150&comma; 150&comma; 0.4); border-radius: 8px; overflow: hidden; display: flex; flex-direction: column;'>\n<div style='padding: 15px; border-bottom: 1px solid rgba(150&comma; 150&comma; 150&comma; 0.2); font-weight: bold; font-size: 18px; color: inherit;'>DS-KV8113-WME1(C)<\/div>\n<div style='padding: 15px; color: inherit;'>\n<ul style='padding-left: 20px; margin: 0; font-size: 14px; list-style-type: disc; color: inherit;'>\n<li style='margin-bottom: 5px;'>Apertura remota desde App Hik-Connect (P2P).<\/li>\n<li style='margin-bottom: 5px;'>C\u00e1mara de 1080p con IR 3m&comma; H.264&comma; \u00c1ngulo 129\u00b0.<\/li>\n<li style='margin-bottom: 5px;'>Micr\u00f3fono y Altavoz integrados para comunicaci\u00f3n bidireccional.<\/li>\n<li style='margin-bottom: 5px;'>WDR para im\u00e1genes de alta calidad en diferentes condiciones de iluminaci\u00f3n.<\/li>\n<li style='margin-bottom: 5px;'>Lector de tarjetas embebido; compatible con hasta 10&comma;000 Tarjetas Mifare (13.56MHz).<\/li>\n<li style='margin-bottom: 5px;'>Salida Relay x 2 para el control de 2 puertas.<\/li>\n<\/ul><\/div>\n<\/p><\/div>\n<div style='flex: 1 1 350px; min-width: 300px; border: 1px solid rgba(150&comma; 150&comma; 150&comma; 0.4); border-radius: 8px; overflow: hidden; display: flex; flex-direction: column;'>\n<div style='padding: 15px; border-bottom: 1px solid rgba(150&comma; 150&comma; 150&comma; 0.2); font-weight: bold; font-size: 18px; color: inherit;'>DS-KH6320-WTE1<\/div>\n<div style='padding: 15px; color: inherit;'>\n<ul style='padding-left: 20px; margin: 0; font-size: 14px; list-style-type: disc; color: inherit;'>\n<li style='margin-bottom: 5px;'>Pantalla Touch a color de 7&#8242;.<\/li>\n<li style='margin-bottom: 5px;'>Resoluci\u00f3n: 1024 x 600<\/li>\n<li style='margin-bottom: 5px;'>Apertura desde monitor.<\/li>\n<li style='margin-bottom: 5px;'>Vista en vivo de frente de calle.<\/li>\n<li style='margin-bottom: 5px;'>Micr\u00f3fono y altavoz interconstruido.<\/li>\n<li style='margin-bottom: 5px;'>Entrada de Alarma: 8 entradas.<\/li>\n<li style='margin-bottom: 5px;'>Salidas de Alarma: 2 salidas.<\/li>\n<li style='margin-bottom: 5px;'>Micro SD max. 32G. para almacenar capturas de imagen.<\/li>\n<li style='margin-bottom: 5px;'>Red WiFi&comma; Ethernet 10\/100 Mbps. TCP\/IP&comma; SIP&comma; RTSP.<\/li>\n<li style='margin-bottom: 5px;'>Comb\u00ednelo con su sistema de videovigilancia.<\/li>\n<\/ul><\/div>\n<\/p><\/div>\n<\/p><\/div>\n<p> <!-- Support Section --> <\/p>\n<div style='margin-bottom: 30px;'>\n<ul style='padding: 0; margin: 0; list-style: none;'>\n<li style='background-color: #2880b9; padding: 15px; font-weight: bold; color: white; border-top-left-radius: 8px; border-top-right-radius: 8px;'>Soporte T\u00e9cnico:<\/li>\n<li style='padding: 10px; border: 1px solid rgba(150&comma; 150&comma; 150&comma; 0.3); border-top: none;'> Si requiere soporte t\u00e9cnico de clic <a href='https:\/\/soporte.syscom.mx\/es\/articles\/10706576-hikvision-repositorio-configuracion-videoporteros' target='_blank' rel='noopener' style='color: inherit; text-decoration: underline;'>aqui<\/a> <\/li>\n<li style='padding: 10px; border: 1px solid rgba(150&comma; 150&comma; 150&comma; 0.3); border-top: none; border-bottom-left-radius: 8px; border-bottom-right-radius: 8px;'> El correcto funcionamiento del Wi-Fi depende totalmente del sitio&comma; interferencias&comma; obst\u00e1culos f\u00edsicos&comma; distancia al router&comma; entre otros. <\/li>\n<\/ul><\/div>\n<p> <!-- Connection Example --> <\/p>\n<div style='margin-bottom: 30px;'>\n<h3 style='font-size: 20px; margin-bottom: 15px; color: inherit; opacity: 0.8; text-align: center;'>Ejemplo de conexi\u00f3n de una cerradura magnetica o electrica<\/h3>\n<p> <img style='display: block; margin-left: auto; margin-right: auto; width: 100%; max-width: 800px; height: auto; border: 1px solid rgba(150&comma;150&comma;150&comma;0.3); border-radius: 8px;' src='https:\/\/downloads.intercomcdn.com\/i\/o\/qdpt3rxn\/1406813573\/860175acb5f95be60252993d75b3\/image.png?expires=1752080400&#038;signature=27edc3dee75a871f0dd65425269ed9992f69e6e3e1a6701ed28bfcac2c169da2&#038;req=dSQnEMF%2FnoRYWvMW1HO4zSURLQ4hXpQst7i8qmEq%2FHDYAfu5VRhXYXJzQfnW%0AeASlY20DYzgAEJFzTD8%3D%0A' alt=''> <\/div>\n<\/p><\/div>\n","protected":false},"excerpt":{"rendered":"<p>Kit de Videoportero IP PoE Estandar con llamada a App de Smartphone (Hik-Connect) \/ Apertura con Tarjeta MIFARE \/ Frente de calle IK08 &#038; IP65 \/ Soporta 2 puertas<\/p>\n","protected":false},"featured_media":107247,"comment_status":"open","ping_status":"closed","template":"","meta":[],"product_brand":[],"product_cat":[856],"product_tag":[54,557,857],"class_list":{"0":"post-107248","1":"product","2":"type-product","3":"status-publish","4":"has-post-thumbnail","6":"product_cat-videoporteros-ip","7":"product_tag-hikvision","8":"product_tag-videoporteros-e-interfonos","9":"product_tag-videoporteros-ip","11":"first","12":"instock","13":"sale","14":"shipping-taxable","15":"purchasable","16":"product-type-simple"},"_links":{"self":[{"href":"https:\/\/soydeaqui.ddns.net\/pachuca\/index.php\/wp-json\/wp\/v2\/product\/107248","targetHints":{"allow":["GET"]}}],"collection":[{"href":"https:\/\/soydeaqui.ddns.net\/pachuca\/index.php\/wp-json\/wp\/v2\/product"}],"about":[{"href":"https:\/\/soydeaqui.ddns.net\/pachuca\/index.php\/wp-json\/wp\/v2\/types\/product"}],"replies":[{"embeddable":true,"href":"https:\/\/soydeaqui.ddns.net\/pachuca\/index.php\/wp-json\/wp\/v2\/comments?post=107248"}],"wp:featuredmedia":[{"embeddable":true,"href":"https:\/\/soydeaqui.ddns.net\/pachuca\/index.php\/wp-json\/wp\/v2\/media\/107247"}],"wp:attachment":[{"href":"https:\/\/soydeaqui.ddns.net\/pachuca\/index.php\/wp-json\/wp\/v2\/media?parent=107248"}],"wp:term":[{"taxonomy":"product_brand","embeddable":true,"href":"https:\/\/soydeaqui.ddns.net\/pachuca\/index.php\/wp-json\/wp\/v2\/product_brand?post=107248"},{"taxonomy":"product_cat","embeddable":true,"href":"https:\/\/soydeaqui.ddns.net\/pachuca\/index.php\/wp-json\/wp\/v2\/product_cat?post=107248"},{"taxonomy":"product_tag","embeddable":true,"href":"https:\/\/soydeaqui.ddns.net\/pachuca\/index.php\/wp-json\/wp\/v2\/product_tag?post=107248"}],"curies":[{"name":"wp","href":"https:\/\/api.w.org\/{rel}","templated":true}]}}