{"id":107242,"date":"2026-03-20T16:58:25","date_gmt":"2026-03-20T16:58:25","guid":{"rendered":"https:\/\/soydeaqui.ddns.net\/pachuca\/index.php\/producto\/videoportero-ip-2-megapixel-llamada-y-apertura-remota-desde-app-hik-connect-requiere-monitor-poe-exterior-ip65-antivandalico-ik08-4-departamento-apertura-con-tarjeta-soporta-2-puertas\/"},"modified":"2026-03-20T16:58:39","modified_gmt":"2026-03-20T16:58:39","slug":"videoportero-ip-2-megapixel-llamada-y-apertura-remota-desde-app-hik-connect-requiere-monitor-poe-exterior-ip65-antivandalico-ik08-4-departamento-apertura-con-tarjeta-soporta-2-puertas","status":"publish","type":"product","link":"https:\/\/soydeaqui.ddns.net\/pachuca\/index.php\/producto\/videoportero-ip-2-megapixel-llamada-y-apertura-remota-desde-app-hik-connect-requiere-monitor-poe-exterior-ip65-antivandalico-ik08-4-departamento-apertura-con-tarjeta-soporta-2-puertas\/","title":{"rendered":"Videoportero IP 2 Megapixel \/ Llamada y Apertura Remota desde App Hik-Connect (Requiere monitor )\/ PoE \/ Exterior IP65 + Antivandalico IK08 \/ 4 Departamento \/ Apertura con Tarjeta \/ Soporta 2 Puertas y hasta 6 Monitores"},"content":{"rendered":"<div style='width: 100%; max-width: 1200px; margin: 0 auto; font-family: sans-serif; line-height: 1.6; color: inherit; background-color: transparent;'> <!-- Imagen inicial --> <\/p>\n<div style='display: flex; flex-wrap: wrap; gap: 30px; margin-bottom: 30px;'>\n<div style='flex: 1 1 100%; min-width: 280px;'> <a href='http:\/\/soporte.syscom.mx\/es\/articles\/4296720-hikvision-videoportero-configuraciones-tercera-generacion-con-interfaz-web' target='_blank' rel='noopener' style='display: block;'> <img style='width: 100%; height: auto; border: 1px solid rgba(150&comma;150&comma;150&comma;0.3); border-radius: 8px;' src='https:\/\/ftp3.syscom.mx\/usuarios\/nicolas.jimenez\/NUEVOS-VIDEOPORTEROS-2%20%282%29.jpg' alt='Videoportero Hikvision'> <\/a> <\/div>\n<\/p><\/div>\n<p> <!-- Secci\u00f3n principal --> <\/p>\n<div style='display: flex; flex-wrap: wrap; gap: 30px; margin-bottom: 30px;'>\n<div style='flex: 1 1 300px; min-width: 280px;'>\n<h3 style='font-size: 22px; border-bottom: 2px solid currentColor; padding-bottom: 5px; margin-top: 0; color: inherit; opacity: 0.8;'>\u00a1El poder del acceso en tus manos!<\/h3>\n<p style='font-size: 15px; color: inherit; text-align: justify;'> Potencia la seguridad de tu hogar o negocio con nuestro videoportero IP que te permite ver y comunicarte con tus visitantes desde cualquier lugar. \u00bfNecesitas abrir la puerta mientras est\u00e1s fuera? \u00a1No hay problema! Nuestra aplicaci\u00f3n Hik-Connect te permite realizar aperturas remotas de manera conveniente. <\/p>\n<p style='font-size: 15px; color: inherit; text-align: justify;'> Adem\u00e1s cuenta con una c\u00e1mara de alta resoluci\u00f3n de 1080p que captura im\u00e1genes n\u00edtidas y claras&comma; incluso en la oscuridad gracias a su tecnolog\u00eda IR de 3 metros. Con un amplio \u00e1ngulo de visi\u00f3n de 129\u00b0&comma; no te perder\u00e1s ning\u00fan detalle&comma; el audio bidireccional te permite mantener conversaciones fluidas con tus visitantes&comma; brind\u00e1ndote una comunicaci\u00f3n clara y efectiva. <\/p>\n<\/p><\/div>\n<div style='flex: 1 1 300px; min-width: 280px;'>\n<h3 style='font-size: 22px; border-bottom: 2px solid currentColor; padding-bottom: 5px; margin-top: 0; color: inherit; opacity: 0.8;'>L\u00ednea de videoporteros<\/h3>\n<div style='position: relative; padding-bottom: 56.25%; height: 0; overflow: hidden; margin-bottom: 30px;'>   <\/div>\n<\/p><\/div>\n<\/p><\/div>\n<p> <!-- Secci\u00f3n de producto --> <\/p>\n<div style='display: flex; flex-wrap: wrap; gap: 30px; margin-bottom: 30px;'>\n<div style='flex: 1 1 300px; min-width: 280px;'> <img style='width: 100%; height: auto; border: 1px solid rgba(150&comma;150&comma;150&comma;0.3); border-radius: 8px;' src='https:\/\/ftp3.syscom.mx\/usuarios\/nicolas.jimenez\/DS-KV8113-WME1%28C%29.png' alt='Videoportero Hikvision'> <\/div>\n<div style='flex: 1 1 300px; min-width: 280px;'>\n<h3 style='font-size: 22px; border-bottom: 2px solid currentColor; padding-bottom: 5px; margin-top: 0; color: inherit; opacity: 0.8;'>\u00a1La combinaci\u00f3n perfecta de estilo y funcionalidad!<\/h3>\n<p style='font-size: 15px; color: inherit; text-align: justify;'> Combina un rendimiento excepcional con una apariencia elegante y moderna con la capacidad de gestionar hasta 2 puertas. Nuestro videoportero IP te brinda un control total sobre el acceso a tu propiedad&comma; ya sea para tu hogar&comma; tu oficina o cualquier otro entorno. <\/p>\n<p style='font-size: 15px; color: inherit; text-align: justify;'> La apertura con tarjeta MIFARE proporciona una forma conveniente y segura de otorgar acceso r\u00e1pido y sin complicaciones. Nuestro videoportero IP est\u00e1 dise\u00f1ado para resistir las condiciones m\u00e1s exigentes. Con su clasificaci\u00f3n de protecci\u00f3n IP65&comma; es completamente resistente al polvo y al agua&comma; lo que lo hace ideal para su instalaci\u00f3n en exteriores. Tambi\u00e9n cuenta con una clasificaci\u00f3n IK08&comma; lo que significa que es altamente resistente a los impactos&comma; garantizando su durabilidad a largo plazo. <\/p>\n<\/p><\/div>\n<\/p><\/div>\n<p> <!-- Secci\u00f3n de caracter\u00edsticas --> <\/p>\n<div style='display: flex; flex-wrap: wrap; gap: 20px; margin-bottom: 30px;'>\n<div style='flex: 1 1 400px; min-width: 280px;'>\n<div style='border: 1px solid rgba(150&comma; 150&comma; 150&comma; 0.4); border-radius: 8px; overflow: hidden; display: flex; flex-direction: column;'>\n<div style='padding: 15px; border-bottom: 1px solid rgba(150&comma; 150&comma; 150&comma; 0.2); font-weight: bold; font-size: 18px; color: inherit;'>Caracter\u00edsticas:<\/div>\n<div style='padding: 15px; color: inherit;'>\n<ul style='padding-left: 20px; margin: 0; font-size: 14px; list-style-type: disc;'>\n<li style='margin-bottom: 5px;'>Videoportero IP para 4 Departamentos.<\/li>\n<li style='margin-bottom: 5px;'>Apertura remota desde App Hik-Connect (P2P) (requiere monitor)<\/li>\n<li style='margin-bottom: 5px;'>C\u00e1mara de 1080p con IR 3m&comma; H.264&comma; \u00c1ngulo 129\u00b0.<\/li>\n<li style='margin-bottom: 5px;'>Micr\u00f3fono y Altavoz integrados para comunicaci\u00f3n bidireccional.<\/li>\n<li style='margin-bottom: 5px;'>WDR para im\u00e1genes de alta calidad en diferentes condiciones de iluminaci\u00f3n.<\/li>\n<li style='margin-bottom: 5px;'>Entrada de alarma: 4 in.<\/li>\n<li style='margin-bottom: 5px;'>Lector de tarjetas embebido; compatible con hasta 10&comma;000 Tarjetas Mifare (13.56MHz).<\/li>\n<li style='margin-bottom: 5px;'>Salida Relay x 2 para el control de 2 puertas.<\/li>\n<li style='margin-bottom: 5px;'>Soporta 6 Monitores en total (1 principal y 5 extensiones)<\/li>\n<li style='margin-bottom: 5px;'>Soporta 9 Frentes de calle en total (1 principal y 8 esclavos)<\/li>\n<li style='margin-bottom: 5px;'>No es WiFi<\/li>\n<li style='margin-bottom: 5px;'>Ya sea que este en la sala&comma; cocina o cualquier otra habitaci\u00f3n de tu hogar estar\u00e1s siempre alerta ante la presencia de alguien a tu puerta. No habr\u00e1 lugar donde no puedas estar conectado y preparado para recibir a tus invitados<\/li>\n<\/ul><\/div>\n<\/p><\/div>\n<\/p><\/div>\n<div style='flex: 1 1 400px; min-width: 280px;'>\n<div style='border: 1px solid rgba(150&comma; 150&comma; 150&comma; 0.4); border-radius: 8px; overflow: hidden; display: flex; flex-direction: column;'>\n<div style='padding: 15px; border-bottom: 1px solid rgba(150&comma; 150&comma; 150&comma; 0.2); font-weight: bold; font-size: 18px; color: inherit;'>Caracter\u00edsticas F\u00edsicas y El\u00e9ctricas:<\/div>\n<div style='padding: 15px; color: inherit;'>\n<ul style='padding-left: 20px; margin: 0; font-size: 14px; list-style-type: disc;'>\n<li style='margin-bottom: 5px;'>Voltaje de operaci\u00f3n: 12 Vcc&comma; PoE Est\u00e1ndar IEEE802.3af (Fuente no incluida).<\/li>\n<li style='margin-bottom: 5px;'>Consumo: 10W.<\/li>\n<li style='margin-bottom: 5px;'>Nivel de protecci\u00f3n: IP65 (Exterior protegido) &#038; IK08.<\/li>\n<li style='margin-bottom: 5px;'>Temperatura de operaci\u00f3n: -40 \u00b0C a +53 \u00b0C (-40 \u00b0F a 127.4 \u00b0F).<\/li>\n<li style='margin-bottom: 5px;'>Dimensiones: 174 mm (alto) \u00d7 83.66 mm (ancho) \u00d7 18 mm (largo).<\/li>\n<\/ul><\/div>\n<\/p><\/div>\n<p> <!-- Accesorios --> <\/p>\n<div style='margin-top: 20px; border: 1px solid rgba(150&comma; 150&comma; 150&comma; 0.4); border-radius: 8px; overflow: hidden; display: flex; flex-direction: column;'>\n<div style='padding: 15px; border-bottom: 1px solid rgba(150&comma; 150&comma; 150&comma; 0.2); font-weight: bold; font-size: 18px; color: inherit;'>Accesorios:<\/div>\n<div style='padding: 15px; color: inherit;'>\n<p style='margin: 0 0 10px 0; font-size: 14px;'>Monitores Compatibles (No combinables en caso de necesitar m\u00e1s de uno)<\/p>\n<ul style='padding-left: 20px; margin: 0 0 15px 0; font-size: 14px; list-style-type: disc;'>\n<li style='margin-bottom: 5px;'><a href='https:\/\/www.syscom.mx\/principal\/searchcont?route=DS-KH6220-LE1-HIKVISION-189752&#038;autodetect=dskh6220' target='_blank' rel='noopener' style='color: inherit; text-decoration: underline;'>DS-KH6220-LE1<\/a><\/li>\n<li style='margin-bottom: 5px;'><a href='https:\/\/www.syscom.mx\/principal\/searchcont?route=DS-KH6320-WTE1-HIKVISION-170761&#038;autodetect=DSKH6310' target='_blank' rel='noopener' style='color: inherit; text-decoration: underline;'>DS-KH6320-WTE1<\/a><\/li>\n<li style='margin-bottom: 5px;'><a href='https:\/\/www.syscom.mx\/principal\/searchcont?route=DS-KH8520-WTE1-HIKVISION-170927&#038;autodetect=DSKH' target='_blank' rel='noopener' style='color: inherit; text-decoration: underline;'>DS-KH8520-WTE1<\/a><\/li>\n<li style='margin-bottom: 5px;'><a href='https:\/\/www.syscom.mx\/principal\/searchcont?route=DS-KH9510-WTE1-HIKVISION-194544&#038;autodetect=dskh9' target='_blank' rel='noopener' style='color: inherit; text-decoration: underline;'>DS-KH9510-WTE1<\/a><\/li>\n<li style='margin-bottom: 5px;'><a href='https:\/\/www.syscom.mx\/principal\/searchcont?route=DS-KH9310-WTE1-HIKVISION-194536&#038;autodetect=dskh9' target='_blank' rel='noopener' style='color: inherit; text-decoration: underline;'>DS-KH9310-WTE1<\/a><\/li>\n<\/ul>\n<p style='margin: 0 0 10px 0; font-size: 14px;'>Carcasa protectora para protecci\u00f3n adicional.<\/p>\n<ul style='padding-left: 20px; margin: 0 0 15px 0; font-size: 14px; list-style-type: disc;'>\n<li style='margin-bottom: 5px;'><a href='https:\/\/www.syscom.mx\/producto\/DS-KABV8113-RSS-HIKVISION-185549.html' target='_blank' rel='noopener' style='color: inherit; text-decoration: underline;'>DS-KABV8113-RS<\/a><\/li>\n<\/ul>\n<p style='margin: 0 0 10px 0; font-size: 14px;'>Switch PoE (Cualquier Switch PoE 802.af Algunas recomendaciones)<\/p>\n<ul style='padding-left: 20px; margin: 0; font-size: 14px; list-style-type: disc;'>\n<li style='margin-bottom: 5px;'><a href='https:\/\/www.syscom.mx\/producto\/DS-3E0505P-E-M-HIKVISION-200815.html' target='_blank' rel='noopener' style='color: inherit; text-decoration: underline;'>DS-3E0505P-E\/M<\/a><\/li>\n<li style='margin-bottom: 5px;'><a href='https:\/\/www.syscom.mx\/producto\/DS-3E0106HP-E-HIKVISION-169785.html' target='_blank' rel='noopener' style='color: inherit; text-decoration: underline;'>DS-3E0106HP-E<\/a><\/li>\n<li style='margin-bottom: 5px;'><a href='https:\/\/www.syscom.mx\/producto\/DS-3E0109P-E-M(B)-HIKVISION-183738.html' target='_blank' rel='noopener' style='color: inherit; text-decoration: underline;'>DS-3E0109P-E\/M(B)<\/a><\/li>\n<\/ul><\/div>\n<\/p><\/div>\n<\/p><\/div>\n<\/p><\/div>\n<p> <!-- Consideraciones --> <\/p>\n<div style='display: flex; flex-wrap: wrap; gap: 20px; margin-bottom: 30px;'>\n<div style='flex: 1 1 100%; min-width: 280px;'>\n<div style='border: 1px solid rgba(150&comma; 150&comma; 150&comma; 0.4); border-radius: 8px; overflow: hidden; display: flex; flex-direction: column;'>\n<div style='padding: 15px; border-bottom: 1px solid rgba(150&comma; 150&comma; 150&comma; 0.2); font-weight: bold; font-size: 18px; color: inherit;'>Consideraciones:<\/div>\n<div style='padding: 15px; color: inherit;'>\n<ul style='padding-left: 20px; margin: 0; font-size: 14px; list-style-type: disc;'>\n<li style='margin-bottom: 5px;'>Los videoporteros de 1 departamento no requieren monitor para su funcionamiento&comma; los de 2&comma; 4 o m\u00e1s departamentos si requieren monitores para su funcionamiento.<\/li>\n<li style='margin-bottom: 5px;'>Necesita apoyo para configurar su nuevo videoportero IP&comma; \u00a1No hay problema! Le compartimos las configuraciones b\u00e1sicas d\u00e9 clic <a href='https:\/\/soporte.syscom.mx\/es\/articles\/4882829-hikvision-configuracion-completa-de-un-frente-de-calle-dskv8113wme1-dskv6113wpe1-y-un-monitor-dskh6320wte1' target='_blank' rel='noopener' style='color: inherit; text-decoration: underline;'>aqu\u00ed<\/a><\/li>\n<li style='margin-bottom: 5px;'>Pero si quiere realizar funciones m\u00e1s pros como configurar m\u00faltiples frente de calle&comma; monitores y aprender m\u00e1s de esta soluci\u00f3n d\u00e9 clic <a href='https:\/\/soporte.syscom.mx\/es\/articles\/4296720-hikvision-videoporteros-configuraciones-de-videoporteros-3ra-generacion-con-interfaz-web' target='_blank' rel='noopener' style='color: inherit; text-decoration: underline;'>aqu\u00ed<\/a><\/li>\n<\/ul><\/div>\n<\/p><\/div>\n<\/p><\/div>\n<\/p><\/div>\n<p> <!-- Soporte t\u00e9cnico --> <\/p>\n<div style='display: flex; flex-wrap: wrap; gap: 20px; margin-bottom: 30px;'>\n<div style='flex: 1 1 100%; min-width: 280px;'>\n<div style='border: 1px solid rgba(150&comma; 150&comma; 150&comma; 0.4); border-radius: 8px; overflow: hidden; display: flex; flex-direction: column;'>\n<div style='padding: 15px; border-bottom: 1px solid rgba(150&comma; 150&comma; 150&comma; 0.2); font-weight: bold; font-size: 18px; color: inherit;'>Soporte T\u00e9cnico:<\/div>\n<div style='padding: 15px; color: inherit;'>\n<ul style='padding-left: 20px; margin: 0; font-size: 14px; list-style-type: disc;'>\n<li style='margin-bottom: 5px;'>Si requiere soporte t\u00e9cnico de clic <a href='https:\/\/soporte.syscom.mx\/es\/articles\/10706576-hikvision-repositorio-configuracion-videoporteros' target='_blank' rel='noopener' style='color: inherit; text-decoration: underline;'>aqu\u00ed<\/a><\/li>\n<li style='margin-bottom: 5px;'>El correcto funcionamiento del Wi-Fi depende totalmente del sitio&comma; interferencias&comma; obst\u00e1culos f\u00edsicos&comma; distancia al router&comma; entre otros.<\/li>\n<\/ul><\/div>\n<\/p><\/div>\n<\/p><\/div>\n<\/p><\/div>\n<p> <!-- Separador --> <\/p>\n<hr style='border: 0; border-top: 1px solid rgba(150&comma; 150&comma; 150&comma; 0.3); margin: 30px 0;'> <!-- Imagen final --> <\/p>\n<div style='display: flex; flex-wrap: wrap; gap: 30px; margin-bottom: 30px;'>\n<div style='flex: 1 1 100%; min-width: 280px; text-align: center;'> <strong style='font-size: 24px; display: block; margin-bottom: 15px; color: inherit;'>Ejemplo de conexi\u00f3n de una cerradura magn\u00e9tica o el\u00e9ctrica:<\/strong> <img style='width: 100%; height: auto; border: 1px solid rgba(150&comma;150&comma;150&comma;0.3); border-radius: 8px;' src='https:\/\/downloads.intercomcdn.com\/i\/o\/qdpt3rxn\/1406813573\/860175acb5f95be60252993d75b3\/image.png' alt='Diagrama de alcance'> <\/div>\n<\/p><\/div>\n<\/p><\/div>\n","protected":false},"excerpt":{"rendered":"<p>Videoportero IP 2 Megapixel \/ Llamada y Apertura Remota desde App Hik-Connect (Requiere monitor )\/ PoE \/ Exterior IP65 + Antivandalico IK08 \/ 4 Departamento \/ Apertura con Tarjeta \/ Soporta 2 Puertas y hasta 6 Monitores<\/p>\n","protected":false},"featured_media":107241,"comment_status":"open","ping_status":"closed","template":"","meta":[],"product_brand":[],"product_cat":[819],"product_tag":[54,820,557],"class_list":{"0":"post-107242","1":"product","2":"type-product","3":"status-publish","4":"has-post-thumbnail","6":"product_cat-multiapartamentos","7":"product_tag-hikvision","8":"product_tag-multiapartamentos","9":"product_tag-videoporteros-e-interfonos","11":"first","12":"instock","13":"sale","14":"shipping-taxable","15":"purchasable","16":"product-type-simple"},"_links":{"self":[{"href":"https:\/\/soydeaqui.ddns.net\/pachuca\/index.php\/wp-json\/wp\/v2\/product\/107242","targetHints":{"allow":["GET"]}}],"collection":[{"href":"https:\/\/soydeaqui.ddns.net\/pachuca\/index.php\/wp-json\/wp\/v2\/product"}],"about":[{"href":"https:\/\/soydeaqui.ddns.net\/pachuca\/index.php\/wp-json\/wp\/v2\/types\/product"}],"replies":[{"embeddable":true,"href":"https:\/\/soydeaqui.ddns.net\/pachuca\/index.php\/wp-json\/wp\/v2\/comments?post=107242"}],"wp:featuredmedia":[{"embeddable":true,"href":"https:\/\/soydeaqui.ddns.net\/pachuca\/index.php\/wp-json\/wp\/v2\/media\/107241"}],"wp:attachment":[{"href":"https:\/\/soydeaqui.ddns.net\/pachuca\/index.php\/wp-json\/wp\/v2\/media?parent=107242"}],"wp:term":[{"taxonomy":"product_brand","embeddable":true,"href":"https:\/\/soydeaqui.ddns.net\/pachuca\/index.php\/wp-json\/wp\/v2\/product_brand?post=107242"},{"taxonomy":"product_cat","embeddable":true,"href":"https:\/\/soydeaqui.ddns.net\/pachuca\/index.php\/wp-json\/wp\/v2\/product_cat?post=107242"},{"taxonomy":"product_tag","embeddable":true,"href":"https:\/\/soydeaqui.ddns.net\/pachuca\/index.php\/wp-json\/wp\/v2\/product_tag?post=107242"}],"curies":[{"name":"wp","href":"https:\/\/api.w.org\/{rel}","templated":true}]}}