{"id":107237,"date":"2026-03-20T16:58:11","date_gmt":"2026-03-20T16:58:11","guid":{"rendered":"https:\/\/soydeaqui.ddns.net\/pachuca\/index.php\/producto\/videoportero-ip-2-megapixel-llamada-y-apertura-remota-desde-app-hik-connect-poe-exterior-ip65-antivandalico-ik08-1-departamento-apertura-con-tarjeta-soporta-2-puertas-y-hasta-6-monitores-2\/"},"modified":"2026-03-20T16:58:22","modified_gmt":"2026-03-20T16:58:22","slug":"videoportero-ip-2-megapixel-llamada-y-apertura-remota-desde-app-hik-connect-poe-exterior-ip65-antivandalico-ik08-1-departamento-apertura-con-tarjeta-soporta-2-puertas-y-hasta-6-monitores-2","status":"publish","type":"product","link":"https:\/\/soydeaqui.ddns.net\/pachuca\/index.php\/producto\/videoportero-ip-2-megapixel-llamada-y-apertura-remota-desde-app-hik-connect-poe-exterior-ip65-antivandalico-ik08-1-departamento-apertura-con-tarjeta-soporta-2-puertas-y-hasta-6-monitores-2\/","title":{"rendered":"Videoportero IP 2 Megapixel \/ Llamada y Apertura Remota desde App Hik-Connect \/ PoE \/ Exterior IP65 + Antivandalico IK08 \/ 1 Departamento \/ Apertura con Tarjeta \/ Soporta 2 Puertas y hasta 6 Monitores"},"content":{"rendered":"<div style='width: 100%; max-width: 1200px; margin: 0 auto; font-family: sans-serif; line-height: 1.6; color: inherit; background-color: transparent;'>\n<div style='width: 100%; margin-bottom: 30px;'><a href='http:\/\/soporte.syscom.mx\/es\/articles\/4296720-hikvision-videoportero-configuraciones-tercera-generacion-con-interfaz-web' target='_blank' rel='noopener' style='display: block; width: 100%; border: 1px solid rgba(150&comma;150&comma;150&comma;0.3); border-radius: 8px; overflow: hidden;'><img style='width: 100%; height: auto; border: none; border-radius: 8px;' src='https:\/\/ftp3.syscom.mx\/usuarios\/nicolas.jimenez\/NUEVOS-VIDEOPORTEROS-2%20%282%29.jpg' alt='Banner Videoporteros' \/><\/a><\/div>\n<div style='display: flex; flex-wrap: wrap; gap: 30px; margin-bottom: 30px;'>\n<div style='flex: 1 1 300px; min-width: 280px;'>\n<h2 style='font-size: 24px; border-bottom: 2px solid currentColor; padding-bottom: 5px; margin-top: 0; color: inherit; opacity: 0.8; text-align: center;'><strong>\u00a1El poder del acceso <br \/>en tus manos!<\/strong><\/h2>\n<p style='font-size: 15px; color: inherit; margin-bottom: 15px;'><strong>Potencia<\/strong> la seguridad de tu <strong>hogar<\/strong> o <strong>negocio<\/strong> con nuestro <strong>videoportero IP<\/strong> que te permite ver y comunicarte con tus visitantes <strong>desde cualquier lugar<\/strong>. <span style='color: #e63946;'><strong>\u00bfNecesitas abrir la puerta mientras est\u00e1s fuera?<\/strong><\/span> \u00a1No hay problema! Nuestra aplicaci\u00f3n Hik-Connect te permite <strong>realizar aperturas remotas de manera conveniente<\/strong>.<\/p>\n<p style='font-size: 15px; color: inherit; margin-bottom: 15px;'>Adem\u00e1s cuenta con una <strong>c\u00e1mara de alta resoluci\u00f3n<\/strong> de 1080p captura im\u00e1genes n\u00edtidas y claras&comma; incluso en la oscuridad gracias a su tecnolog\u00eda <strong>IR de 3 metros<\/strong>. Con un amplio <strong>\u00e1ngulo de visi\u00f3n<\/strong> de <strong>129\u00b0<\/strong>&comma; no te perder\u00e1s ning\u00fan detalle&comma; el audio bidireccional te permite mantener <strong>conversaciones fluidas<\/strong> con tus visitantes&comma; brind\u00e1ndote una comunicaci\u00f3n clara y efectiva.<\/p>\n<\/div>\n<div style='flex: 1 1 300px; min-width: 280px; text-align: center;'>\n<h2 style='font-size: 24px; border-bottom: 2px solid currentColor; padding-bottom: 5px; margin-top: 0; color: inherit; opacity: 0.8;'><strong>L\u00ednea de videoporteros<\/strong><\/h2>\n<div style='position: relative; padding-bottom: 56.25%; height: 0; overflow: hidden; margin-bottom: 30px;'> <\/div>\n<\/div>\n<\/div>\n<div style='display: flex; flex-wrap: wrap; gap: 30px; margin-bottom: 30px;'>\n<div style='flex: 1 1 300px; min-width: 280px;'><img style='width: 100%; height: auto; border: 1px solid rgba(150&comma;150&comma;150&comma;0.3); border-radius: 8px;' src='https:\/\/ftp3.syscom.mx\/usuarios\/nicolas.jimenez\/DS-KV8113-WME1%28C%29.png' alt='Videoportero IP' \/><\/div>\n<div style='flex: 1 1 300px; min-width: 280px;'>\n<h2 style='font-size: 24px; border-bottom: 2px solid currentColor; padding-bottom: 5px; margin-top: 0; color: inherit; opacity: 0.8;'><strong>\u00a1La combinaci\u00f3n perfecta de estilo y funcionalidad!<\/strong><\/h2>\n<p style='font-size: 15px; color: inherit; margin-bottom: 15px;'>Combina un <strong>rendimiento excepcional<\/strong> con una apariencia elegante y moderna con la capacidad de <strong>gestionar hasta 2 puertas.<\/strong> Nuestro videoportero IP te brinda un <strong>control total<\/strong> sobre el acceso a tu propiedad&comma; ya sea para tu hogar&comma; tu oficina o cualquier otro entorno.<\/p>\n<p style='font-size: 15px; color: inherit; margin-bottom: 15px;'>La apertura con tarjeta MIFARE proporciona una forma <strong>conveniente y<\/strong> <strong>segura<\/strong> de otorgar <strong>acceso r\u00e1pido y sin complicaciones<\/strong>. Nuestro videoportero IP est\u00e1 <strong>dise\u00f1ado<\/strong> para resistir las <strong>condiciones m\u00e1s<\/strong> <strong>exigentes<\/strong>. Con su clasificaci\u00f3n de protecci\u00f3n IP65&comma; es completamente <strong>resistente al polvo y al agua<\/strong>&comma; lo que lo hace ideal para su instalaci\u00f3n en <strong>exteriores<\/strong>. Tambi\u00e9n cuenta con una clasificaci\u00f3n IK08&comma; lo que significa que es <strong>altamente resistente a los impactos<\/strong>&comma; garantizando su durabilidad a largo plazo.<\/p>\n<\/div>\n<\/div>\n<div style='display: flex; flex-wrap: wrap; gap: 20px; margin-bottom: 30px;'>\n<div style='flex: 1 1 400px; border: 1px solid rgba(150&comma; 150&comma; 150&comma; 0.4); border-radius: 8px; overflow: hidden; display: flex; flex-direction: column;'>\n<div style='padding: 15px; border-bottom: 1px solid rgba(150&comma; 150&comma; 150&comma; 0.2); font-weight: bold; font-size: 18px; color: inherit;'>Caracter\u00edsticas<\/div>\n<div style='padding: 15px; color: inherit;'>\n<ul style='padding-left: 20px; margin: 0; font-size: 14px; list-style-type: disc; list-style-position: outside; color: inherit;'>\n<li style='margin-bottom: 5px;'>Videoportero IP<\/li>\n<li style='margin-bottom: 5px;'>Apertura remota desde App Hik-Connect (P2P).<\/li>\n<li style='margin-bottom: 5px;'>C\u00e1mara de 1080p con IR 3m&comma; H.264&comma; \u00c1ngulo 129\u00b0.<\/li>\n<li style='margin-bottom: 5px;'>Micr\u00f3fono y Altavoz integrados para comunicaci\u00f3n bidireccional.<\/li>\n<li style='margin-bottom: 5px;'>WDR para im\u00e1genes de alta calidad en diferentes condiciones de iluminaci\u00f3n.<\/li>\n<li style='margin-bottom: 5px;'>Entrada de alarma: 4 in.<\/li>\n<li style='margin-bottom: 5px;'>Lector de tarjetas embebido; compatible con hasta 10&comma;000 Tarjetas Mifare (13.56MHz).<\/li>\n<li style='margin-bottom: 5px;'>Salida Relay x 2 para el control de 2 puertas.<\/li>\n<li style='margin-bottom: 5px;'>Soporta 6 Monitores en total (1 principal y 5 extensiones)<\/li>\n<li style='margin-bottom: 5px;'>Soporta 9 Frentes de calle en total (1 principal y 8 esclavos)<\/li>\n<li style='margin-bottom: 5px;'>Ya sea que este en la sala&comma; cocina o cualquier otra habitaci\u00f3n de tu hogar estar\u00e1s siempre alerta ante la presencia de alguien a tu puerta&comma; no habr\u00e1 lugar donde no puedas estar conectado y preparado para recibir a tus invitados<\/li>\n<li style='margin-bottom: 5px;'>No es WiFi<\/li>\n<\/ul>\n<\/div>\n<\/div>\n<div style='flex: 1 1 400px; border: 1px solid rgba(150&comma; 150&comma; 150&comma; 0.4); border-radius: 8px; overflow: hidden; display: flex; flex-direction: column;'>\n<div style='padding: 15px; border-bottom: 1px solid rgba(150&comma; 150&comma; 150&comma; 0.2); font-weight: bold; font-size: 18px; color: inherit;'>Caracter\u00edsticas F\u00edsicas y El\u00e9ctricas<\/div>\n<div style='padding: 15px; color: inherit;'>\n<ul style='padding-left: 20px; margin: 0; font-size: 14px; list-style-type: disc; list-style-position: outside; color: inherit;'>\n<li style='margin-bottom: 5px;'>Voltaje de operaci\u00f3n: 12 Vcc&comma; PoE Estandar IEEE802.3af (Fuente no incluida).<\/li>\n<li style='margin-bottom: 5px;'>Consumo: 10W.<\/li>\n<li style='margin-bottom: 5px;'>Nivel de protecci\u00f3n: IP65 (Exterior protegido) &#038; IK08.<\/li>\n<li style='margin-bottom: 5px;'>Temperatura de operaci\u00f3n: -40 \u00b0C a +53 \u00b0C (-40 \u00b0F a 127.4 \u00b0F).<\/li>\n<li style='margin-bottom: 5px;'>Dimensiones: 174 mm (alto) \u00d7 83.66 mm (ancho) \u00d7 18 mm (largo).<\/li>\n<\/ul>\n<\/div>\n<\/div>\n<div style='flex: 1 1 400px; border: 1px solid rgba(150&comma; 150&comma; 150&comma; 0.4); border-radius: 8px; overflow: hidden; display: flex; flex-direction: column;'>\n<div style='padding: 15px; border-bottom: 1px solid rgba(150&comma; 150&comma; 150&comma; 0.2); font-weight: bold; font-size: 18px; color: inherit;'>Accesorios Opcionales<\/div>\n<div style='padding: 15px; color: inherit;'>\n<ul style='padding-left: 20px; margin: 0; font-size: 14px; list-style-type: disc; list-style-position: outside; color: inherit;'>\n<li style='margin-bottom: 5px;'>Monitores Compatibles (No combinables en caso de necesitar m\u00e1s de uno)\n<ul style='padding-left: 20px; margin-top: 5px; margin-bottom: 5px; color: inherit;'>\n<li style='margin-bottom: 5px;'><a href='https:\/\/www.syscom.mx\/principal\/searchcont?route=DS-KH6220-LE1-HIKVISION-189752&#038;autodetect=dskh6220' target='_blank' rel='noopener' style='color: #e63946; text-decoration: none; font-weight: normal;'>DS-KH6220-LE1<\/a><\/li>\n<li style='margin-bottom: 5px;'><a href='https:\/\/www.syscom.mx\/principal\/searchcont?route=DS-KH6320-WTE1-HIKVISION-170761&#038;autodetect=DSKH6310' target='_blank' rel='noopener' style='color: #e63946; text-decoration: none; font-weight: normal;'>DS-KH6320-WTE1<\/a><\/li>\n<li style='margin-bottom: 5px;'><a href='https:\/\/www.syscom.mx\/principal\/searchcont?route=DS-KH8520-WTE1-HIKVISION-170927&#038;autodetect=DSKH' target='_blank' rel='noopener' style='color: #e63946; text-decoration: none; font-weight: normal;'>DS-KH8520-WTE1<\/a><\/li>\n<li style='margin-bottom: 5px;'><a href='https:\/\/www.syscom.mx\/principal\/searchcont?route=DS-KH9510-WTE1-HIKVISION-194544&#038;autodetect=dskh9' target='_blank' rel='noopener' style='color: #e63946; text-decoration: none; font-weight: normal;'>DS-KH9510-WTE1<\/a><\/li>\n<li style='margin-bottom: 5px;'><a href='https:\/\/www.syscom.mx\/principal\/searchcont?route=DS-KH9310-WTE1-HIKVISION-194536&#038;autodetect=dskh9' target='_blank' rel='noopener' style='color: #e63946; text-decoration: none; font-weight: normal;'>DS-KH9310-WTE1<\/a><\/li>\n<\/ul>\n<\/li>\n<li style='margin-bottom: 5px;'>Carcasa protectora para protecci\u00f3n adicional.\n<ul style='padding-left: 20px; margin-top: 5px; margin-bottom: 5px; color: inherit;'>\n<li style='margin-bottom: 5px;'><a href='https:\/\/www.syscom.mx\/producto\/DS-KABV8113-RSS-HIKVISION-185549.html' target='_blank' rel='noopener' style='color: #e63946; text-decoration: none; font-weight: normal;'>DS-KABV8113-RS<\/a><\/li>\n<\/ul>\n<\/li>\n<li style='margin-bottom: 5px;'>Switch PoE (Cualquier Switch PoE 802.af Algunas recomendaciones)\n<ul style='padding-left: 20px; margin-top: 5px; margin-bottom: 5px; color: inherit;'>\n<li style='margin-bottom: 5px;'><a href='https:\/\/www.syscom.mx\/producto\/DS-3E0505P-E-M-HIKVISION-200815.html' target='_blank' rel='noopener' style='color: #e63946; text-decoration: none; font-weight: normal;'>DS-3E0505P-E\/M<\/a><\/li>\n<li style='margin-bottom: 5px;'><a href='https:\/\/www.syscom.mx\/producto\/DS-3E0106HP-E-HIKVISION-169785.html' target='_blank' rel='noopener' style='color: #e63946; text-decoration: none; font-weight: normal;'>DS-3E0106HP-E<\/a><\/li>\n<li style='margin-bottom: 5px;'><a href='https:\/\/www.syscom.mx\/producto\/DS-3E0109P-E-M(B)-HIKVISION-183738.html' target='_blank' rel='noopener' style='color: #e63946; text-decoration: none; font-weight: normal;'>DS-3E0109P-E\/M(B)<\/a><\/li>\n<\/ul>\n<\/li>\n<\/ul>\n<\/div>\n<\/div>\n<\/div>\n<div style='display: flex; flex-wrap: wrap; gap: 20px; margin-bottom: 30px;'>\n<div style='flex: 1 1 400px; border: 1px solid rgba(150&comma; 150&comma; 150&comma; 0.4); border-radius: 8px; overflow: hidden; display: flex; flex-direction: column;'>\n<div style='padding: 15px; border-bottom: 1px solid rgba(150&comma; 150&comma; 150&comma; 0.2); font-weight: bold; font-size: 18px; color: inherit;'>Consideraciones<\/div>\n<div style='padding: 15px; color: inherit;'>\n<ul style='padding-left: 20px; margin: 0; font-size: 14px; list-style-type: disc; list-style-position: outside; color: inherit;'>\n<li style='margin-bottom: 5px;'>Los videoporteros de 1 departamento no requieren monitor para su funcionamiento&comma; los de 2&comma; 4 o m\u00e1s departamentos si requieren monitores para su funcionamiento.<\/li>\n<li style='margin-bottom: 5px;'>\u00bfNecesita apoyo para configurar su nuevo videoportero IP? \u00a1No hay problema le compartimos las configuraciones b\u00e1sicas d\u00e9 clic <a href='https:\/\/soporte.syscom.mx\/es\/articles\/4882829-hikvision-configuracion-completa-de-un-frente-de-calle-dskv8113wme1-dskv6113wpe1-y-un-monitor-dskh6320wte1' target='_blank' rel='noopener' style='color: #e63946; text-decoration: none; font-weight: normal;'>aqu\u00ed<\/a><\/li>\n<li style='margin-bottom: 5px;'>Si quiere realizar funciones m\u00e1s avanzadas como configurar m\u00faltiples frentes de calle&comma; monitores y aprender m\u00e1s de esta soluci\u00f3n d\u00e9 clic <a href='https:\/\/soporte.syscom.mx\/es\/articles\/4296720-hikvision-videoporteros-configuraciones-de-videoporteros-3ra-generacion-con-interfaz-web' target='_blank' rel='noopener' style='color: #e63946; text-decoration: none; font-weight: normal;'>aqu\u00ed<\/a><\/li>\n<\/ul>\n<\/div>\n<\/div>\n<div style='flex: 1 1 400px; border: 1px solid rgba(150&comma; 150&comma; 150&comma; 0.4); border-radius: 8px; overflow: hidden; display: flex; flex-direction: column;'>\n<div style='padding: 15px; border-bottom: 1px solid rgba(150&comma; 150&comma; 150&comma; 0.2); font-weight: bold; font-size: 18px; color: inherit;'>Soporte T\u00e9cnico<\/div>\n<div style='padding: 15px; color: inherit;'>\n<ul style='padding-left: 20px; margin: 0; font-size: 14px; list-style-type: disc; list-style-position: outside; color: inherit;'>\n<li style='margin-bottom: 5px;'>Si requiere soporte t\u00e9cnico de clic <a href='https:\/\/soporte.syscom.mx\/es\/articles\/10706576-hikvision-repositorio-configuracion-videoporteros' target='_blank' rel='noopener' style='color: #e63946; text-decoration: none; font-weight: normal;'>aqu\u00ed<\/a><\/li>\n<\/ul>\n<\/div>\n<\/div>\n<\/div>\n<hr style='border: 0; border-top: 1px solid rgba(150&comma; 150&comma; 150&comma; 0.3); margin: 30px 0;'>\n<div style='display: flex; flex-wrap: wrap; gap: 30px; margin-bottom: 30px; align-items: center; justify-content: center;'>\n<div style='text-align: center; flex: 1 1 100%; max-width: 657px;'><strong style='font-size: 24px; color: inherit; display: block; margin-bottom: 15px;'>Ejemplo de conexi\u00f3n de una cerradura magn\u00e9tica o el\u00e9ctrica:<\/strong><img style='width: 100%; height: auto; border: 1px solid rgba(150&comma;150&comma;150&comma;0.3); border-radius: 8px;' src='https:\/\/downloads.intercomcdn.com\/i\/o\/qdpt3rxn\/1406813573\/860175acb5f95be60252993d75b3\/image.png?expires=1752080400&#038;signature=27edc3dee75a871f0dd65425269ed9992f69e6e3e1a6701ed28bfcac2c169da2&#038;req=dSQnEMF%2FnoRYWvMW1HO4zSURLQ4hXpQst7i8qmEq%2FHDYAfu5VRhXYXJzQfnW%0AeASlY20DYzgAEJFzTD8%3D%0A' alt='Diagrama' \/><\/div>\n<\/div>\n<\/div>\n","protected":false},"excerpt":{"rendered":"<p>Videoportero IP 2 Megapixel \/ Llamada y Apertura Remota desde App Hik-Connect \/ PoE \/ Exterior IP65 + Antivandalico IK08 \/ 1 Departamento \/ Apertura con Tarjeta \/ Soporta 2 Puertas y hasta 6 Monitores<\/p>\n","protected":false},"featured_media":107236,"comment_status":"open","ping_status":"closed","template":"","meta":[],"product_brand":[],"product_cat":[856],"product_tag":[54,557,857],"class_list":{"0":"post-107237","1":"product","2":"type-product","3":"status-publish","4":"has-post-thumbnail","6":"product_cat-videoporteros-ip","7":"product_tag-hikvision","8":"product_tag-videoporteros-e-interfonos","9":"product_tag-videoporteros-ip","11":"first","12":"instock","13":"sale","14":"shipping-taxable","15":"purchasable","16":"product-type-simple"},"_links":{"self":[{"href":"https:\/\/soydeaqui.ddns.net\/pachuca\/index.php\/wp-json\/wp\/v2\/product\/107237","targetHints":{"allow":["GET"]}}],"collection":[{"href":"https:\/\/soydeaqui.ddns.net\/pachuca\/index.php\/wp-json\/wp\/v2\/product"}],"about":[{"href":"https:\/\/soydeaqui.ddns.net\/pachuca\/index.php\/wp-json\/wp\/v2\/types\/product"}],"replies":[{"embeddable":true,"href":"https:\/\/soydeaqui.ddns.net\/pachuca\/index.php\/wp-json\/wp\/v2\/comments?post=107237"}],"wp:featuredmedia":[{"embeddable":true,"href":"https:\/\/soydeaqui.ddns.net\/pachuca\/index.php\/wp-json\/wp\/v2\/media\/107236"}],"wp:attachment":[{"href":"https:\/\/soydeaqui.ddns.net\/pachuca\/index.php\/wp-json\/wp\/v2\/media?parent=107237"}],"wp:term":[{"taxonomy":"product_brand","embeddable":true,"href":"https:\/\/soydeaqui.ddns.net\/pachuca\/index.php\/wp-json\/wp\/v2\/product_brand?post=107237"},{"taxonomy":"product_cat","embeddable":true,"href":"https:\/\/soydeaqui.ddns.net\/pachuca\/index.php\/wp-json\/wp\/v2\/product_cat?post=107237"},{"taxonomy":"product_tag","embeddable":true,"href":"https:\/\/soydeaqui.ddns.net\/pachuca\/index.php\/wp-json\/wp\/v2\/product_tag?post=107237"}],"curies":[{"name":"wp","href":"https:\/\/api.w.org\/{rel}","templated":true}]}}