{"id":107223,"date":"2026-03-20T16:57:28","date_gmt":"2026-03-20T16:57:28","guid":{"rendered":"https:\/\/soydeaqui.ddns.net\/pachuca\/index.php\/producto\/camara-ip-multi-sensor-multi-direccional-2-canales-de-6mp-h-265-wisestream-ii-wdr-120db-exterior-ip67-ik10-nema4x\/"},"modified":"2026-03-20T16:57:39","modified_gmt":"2026-03-20T16:57:39","slug":"camara-ip-multi-sensor-multi-direccional-2-canales-de-6mp-h-265-wisestream-ii-wdr-120db-exterior-ip67-ik10-nema4x","status":"publish","type":"product","link":"https:\/\/soydeaqui.ddns.net\/pachuca\/index.php\/producto\/camara-ip-multi-sensor-multi-direccional-2-canales-de-6mp-h-265-wisestream-ii-wdr-120db-exterior-ip67-ik10-nema4x\/","title":{"rendered":"Camara IP Multi-sensor Multi-direccional \/ 2 Canales de 6MP \/ H.265 + WiseStream II \/ WDR 120dB \/ Exterior IP67 \/ IK10 \/ NEMA4X"},"content":{"rendered":"<div style='width: 100%; max-width: 1200px; margin: 0 auto; font-family: sans-serif; line-height: 1.6; color: inherit;'> <!-- Secci\u00f3n de caracter\u00edsticas --> <\/p>\n<div style='display: flex; flex-wrap: wrap; gap: 30px; margin-bottom: 30px;'>\n<div style='flex: 1 1 300px; min-width: 280px;'>\n<h3 style='font-size: 22px; border-bottom: 2px solid currentColor; padding-bottom: 5px; margin-top: 0; color: inherit; opacity: 0.8;'>Compresi\u00f3n de video y resoluci\u00f3n m\u00e1xima<\/h3>\n<ul style='padding-left: 20px; font-size: 15px; color: inherit;'>\n<li style='margin-bottom: 5px;'><strong>Compresi\u00f3n:<\/strong> H.265 \/ H.264 \/ MJPEG \/ Wisestrem II<\/li>\n<li style='margin-bottom: 5px;'><strong>Resoluci\u00f3n m\u00e1xima:<\/strong> 6MP Maximo 15fps (3328&#215;1872)<\/li>\n<\/ul><\/div>\n<\/p><\/div>\n<p> <!-- Secci\u00f3n de caracter\u00edsticas de la c\u00e1mara --> <\/p>\n<div style='display: flex; flex-wrap: wrap; gap: 30px; margin-bottom: 30px;'>\n<div style='flex: 1 1 300px; min-width: 280px;'>\n<h3 style='font-size: 22px; border-bottom: 2px solid currentColor; padding-bottom: 5px; margin-top: 0; color: inherit; opacity: 0.8;'>Caracter\u00edsticas de la c\u00e1mara<\/h3>\n<ul style='padding-left: 20px; font-size: 15px; color: inherit;'>\n<li style='margin-bottom: 5px;'><strong>Funciones:<\/strong> WDR real (120dB) HLC&comma; BLC&comma; SSDR<\/li>\n<li style='margin-bottom: 5px;'><strong>Lentes:<\/strong> 3.54 a 6.69mm (1.9x) Lente motorizado<\/li>\n<li style='margin-bottom: 5px;'><strong>\u00c1ngulo de visi\u00f3n:<\/strong> Horizontal 47\u00ba a 96\u00ba \/ Vertical 26\u00ba a 51\u00ba<\/li>\n<li style='margin-bottom: 5px;'><strong>Iluminaci\u00f3n IR:<\/strong> 25m<\/li>\n<li style='margin-bottom: 5px;'><strong>Anal\u00edticos de video:<\/strong> Deteccion de desenfoque&comma; Movimiento&comma; Tampering&comma; Lineas virtuales&comma; merodeo&comma; cruce de linea y direccion<\/li>\n<li style='margin-bottom: 5px;'><strong>Compatible con:<\/strong> M\u00f3dulo de entradas y salidas SPM-4210<\/li>\n<\/ul><\/div>\n<\/p><\/div>\n<p> <!-- Secci\u00f3n de funciones de red y almacenamiento --> <\/p>\n<div style='display: flex; flex-wrap: wrap; gap: 30px; margin-bottom: 30px;'>\n<div style='flex: 1 1 300px; min-width: 280px;'>\n<h3 style='font-size: 22px; border-bottom: 2px solid currentColor; padding-bottom: 5px; margin-top: 0; color: inherit; opacity: 0.8;'>Funciones de red y almacenamiento<\/h3>\n<ul style='padding-left: 20px; font-size: 15px; color: inherit;'>\n<li style='margin-bottom: 5px;'><strong>Almacenamiento:<\/strong> Soporta 1 memoria MicroSD m\u00e1ximo 512GB<\/li>\n<li style='margin-bottom: 5px;'><strong>ONVIF:<\/strong> Profile S \/ T&comma; SUNAPI<\/li>\n<li style='margin-bottom: 5px;'><strong>Memoria:<\/strong> 4GB RAM&comma; 512MB Flash<\/li>\n<\/ul><\/div>\n<\/p><\/div>\n<p> <!-- Secci\u00f3n de interfaces --> <\/p>\n<div style='display: flex; flex-wrap: wrap; gap: 30px; margin-bottom: 30px;'>\n<div style='flex: 1 1 300px; min-width: 280px;'>\n<h3 style='font-size: 22px; border-bottom: 2px solid currentColor; padding-bottom: 5px; margin-top: 0; color: inherit; opacity: 0.8;'>Interfaces<\/h3>\n<ul style='padding-left: 20px; font-size: 15px; color: inherit;'>\n<li style='margin-bottom: 5px;'><strong>Red:<\/strong> 1 puerto RJ45 10 \/ 100 \/ 1000BASE-T<\/li>\n<\/ul><\/div>\n<\/p><\/div>\n<p> <!-- Secci\u00f3n de caracter\u00edsticas f\u00edsicas y el\u00e9ctricas --> <\/p>\n<div style='display: flex; flex-wrap: wrap; gap: 30px; margin-bottom: 30px;'>\n<div style='flex: 1 1 300px; min-width: 280px;'>\n<h3 style='font-size: 22px; border-bottom: 2px solid currentColor; padding-bottom: 5px; margin-top: 0; color: inherit; opacity: 0.8;'>Caracter\u00edsticas f\u00edsicas y el\u00e9ctricas<\/h3>\n<ul style='padding-left: 20px; font-size: 15px; color: inherit;'>\n<li style='margin-bottom: 5px;'><strong>Temperatura de operaci\u00f3n:<\/strong> -40 a 55 \u00b0C&comma; humedad menos de 95%<\/li>\n<li style='margin-bottom: 5px;'><strong>Alimentaci\u00f3n:<\/strong> PoE (802.3at Clase 4) \/ 18.3W<\/li>\n<li style='margin-bottom: 5px;'><strong>Protecci\u00f3n:<\/strong> Interior\/Exterior&comma; IP66\/IP67&comma; IK10&comma; NEMA4X<\/li>\n<li style='margin-bottom: 5px;'><strong>Dimensiones:<\/strong> 215 x 135 x 93.2mm<\/li>\n<li style='margin-bottom: 5px;'><strong>Peso:<\/strong> 1330 g<\/li>\n<\/ul><\/div>\n<\/p><\/div>\n<p> <!-- Video demostrativo --> <\/p>\n<div style='display: flex; flex-wrap: wrap; gap: 30px; margin-bottom: 30px;'>\n<div style='flex: 1 1 100%;'>\n<h3 style='font-size: 22px; border-bottom: 2px solid currentColor; padding-bottom: 5px; margin-top: 0; color: inherit; opacity: 0.8;'>Video demostrativo<\/h3>\n<div style='position: relative; padding-bottom: 56.25%; height: 0; overflow: hidden; margin-bottom: 30px;'>   <\/div>\n<\/p><\/div>\n<\/p><\/div>\n<p> <!-- Garant\u00eda --> <\/p>\n<div style='display: flex; flex-wrap: wrap; gap: 30px; margin-bottom: 30px;'>\n<div style='flex: 1 1 100%;'>\n<h3 style='font-size: 22px; border-bottom: 2px solid currentColor; padding-bottom: 5px; margin-top: 0; color: inherit; opacity: 0.8;'>Garant\u00eda<\/h3>\n<p style='font-size: 15px; color: inherit;'>3 a\u00f1os<\/p>\n<\/p><\/div>\n<\/p><\/div>\n<p> <!-- Separador --> <\/p>\n<hr style='border: 0; border-top: 1px solid rgba(150&comma; 150&comma; 150&comma; 0.3); margin: 30px 0;'> <\/div>\n","protected":false},"excerpt":{"rendered":"<p>Camara IP Multi-sensor Multi-direccional \/ 2 Canales de 6MP \/ H.265 + WiseStream II \/ WDR 120dB \/ Exterior IP67 \/ IK10 \/ NEMA4X<\/p>\n","protected":false},"featured_media":107222,"comment_status":"open","ping_status":"closed","template":"","meta":[],"product_brand":[],"product_cat":[2248],"product_tag":[122,2249,1055],"class_list":{"0":"post-107223","1":"product","2":"type-product","3":"status-publish","4":"has-post-thumbnail","6":"product_cat-fisheye-y-hemisfericas","7":"product_tag-camaras-ip-y-nvrs","8":"product_tag-fisheye-y-hemisfericas","9":"product_tag-hanwha-vision","11":"first","12":"instock","13":"sale","14":"shipping-taxable","15":"purchasable","16":"product-type-simple"},"_links":{"self":[{"href":"https:\/\/soydeaqui.ddns.net\/pachuca\/index.php\/wp-json\/wp\/v2\/product\/107223","targetHints":{"allow":["GET"]}}],"collection":[{"href":"https:\/\/soydeaqui.ddns.net\/pachuca\/index.php\/wp-json\/wp\/v2\/product"}],"about":[{"href":"https:\/\/soydeaqui.ddns.net\/pachuca\/index.php\/wp-json\/wp\/v2\/types\/product"}],"replies":[{"embeddable":true,"href":"https:\/\/soydeaqui.ddns.net\/pachuca\/index.php\/wp-json\/wp\/v2\/comments?post=107223"}],"wp:featuredmedia":[{"embeddable":true,"href":"https:\/\/soydeaqui.ddns.net\/pachuca\/index.php\/wp-json\/wp\/v2\/media\/107222"}],"wp:attachment":[{"href":"https:\/\/soydeaqui.ddns.net\/pachuca\/index.php\/wp-json\/wp\/v2\/media?parent=107223"}],"wp:term":[{"taxonomy":"product_brand","embeddable":true,"href":"https:\/\/soydeaqui.ddns.net\/pachuca\/index.php\/wp-json\/wp\/v2\/product_brand?post=107223"},{"taxonomy":"product_cat","embeddable":true,"href":"https:\/\/soydeaqui.ddns.net\/pachuca\/index.php\/wp-json\/wp\/v2\/product_cat?post=107223"},{"taxonomy":"product_tag","embeddable":true,"href":"https:\/\/soydeaqui.ddns.net\/pachuca\/index.php\/wp-json\/wp\/v2\/product_tag?post=107223"}],"curies":[{"name":"wp","href":"https:\/\/api.w.org\/{rel}","templated":true}]}}