{"id":107215,"date":"2026-03-20T16:57:08","date_gmt":"2026-03-20T16:57:08","guid":{"rendered":"https:\/\/soydeaqui.ddns.net\/pachuca\/index.php\/producto\/1-dispositivo-de-control-de-acceso-para-open-desk-pro-o-api-para-desarrollos-de-terceros-suscripcion-mensual\/"},"modified":"2026-03-20T16:57:09","modified_gmt":"2026-03-20T16:57:09","slug":"1-dispositivo-de-control-de-acceso-para-open-desk-pro-o-api-para-desarrollos-de-terceros-suscripcion-mensual","status":"publish","type":"product","link":"https:\/\/soydeaqui.ddns.net\/pachuca\/index.php\/producto\/1-dispositivo-de-control-de-acceso-para-open-desk-pro-o-api-para-desarrollos-de-terceros-suscripcion-mensual\/","title":{"rendered":"1 Dispositivo de Control de Acceso para Open Desk PRO o API para Desarrollos de Terceros \/ Suscripci\u00f3n Mensual"},"content":{"rendered":"<div style='width: 100%; max-width: 1200px; margin: 0 auto; font-family: sans-serif; line-height: 1.6; color: inherit; background-color: transparent;'> <!-- Logo --> <\/p>\n<div style='width: 100%; background: #019ef7; border-radius: 5px;'> <img style='width: 50%; margin: 30px auto 30px; display: block; border: 1px solid rgba(150&comma;150&comma;150&comma;0.3); border-radius: 8px;' src='https:\/\/ftp3.syscom.mx\/usuarios\/xguereque\/opendesk\/Logo-blanco.svg' alt='Logo Open Desk PRO'> <\/div>\n<p> <!-- Demo en l\u00ednea --> <\/p>\n<div style='width: 100%; text-align: center; padding: 10px; font-size: 26px;'> <a href='https:\/\/syscom.opendesk.mx\/desk?u=ZGVtb0BvcGVuZGVzay5teA==&#038;p=MTIzNDU=' target='_blank' rel='noopener' style='color: inherit; text-decoration: underline;'> Ver demo en l\u00ednea aqu\u00ed <\/a> <\/div>\n<p> <!-- Caracter\u00edsticas principales --> <\/p>\n<div style='display: flex; flex-wrap: wrap; gap: 30px; margin: 30px 0;'>\n<div style='flex: 1 1 300px; min-width: 280px;'>\n<div style='border-left: 5px solid #009EF7; border-right: 5px solid #009EF7; border-radius: 5px; padding: 20px; box-shadow: 2px 2px 10px rgba(216&comma;216&comma;216&comma;0.5);'> <strong style='font-size: 18px; margin-bottom: 15px; display: block; color: inherit;'>Caracter\u00edsticas principales:<\/strong> <\/p>\n<ul style='padding-left: 20px; font-size: 15px; color: inherit; list-style-type: disc;'>\n<li style='margin-bottom: 5px;'>No requiere instalaciones&comma; funciona 100% nube en dispositivos Hikvision <span style='color: #e74c3c;'>(consultar compatibilidad)<\/span>.<\/li>\n<li style='margin-bottom: 5px;'>Conexi\u00f3n de dispositivos de control de acceso mediante protocolo ISUP5.0&comma; sin apertura de puertos ni direcciones ip p\u00fablicas.<\/li>\n<li style='margin-bottom: 5px;'>API disponible para consumirlos desde aplicaciones terceras o directo con Open Desk PRO.<\/li>\n<li style='margin-bottom: 5px;'>Administraci\u00f3n de biom\u00e9tricos y accesos de manera remota.<\/li>\n<li style='margin-bottom: 5px;'>Captura de rostros desde dispositivos m\u00f3viles.<\/li>\n<li style='margin-bottom: 5px;'>Generaci\u00f3n de c\u00f3digos QR.<\/li>\n<li style='margin-bottom: 5px;'>Enrolamiento remoto de huellas dactilares y tarjetas de acceso.<\/li>\n<li style='margin-bottom: 5px;'>Grupos de acceso<\/li>\n<li style='margin-bottom: 5px;'>Tiempo y asistencia en m\u00faltiples sucursales<\/li>\n<li style='margin-bottom: 5px;'>Suscripci\u00f3n de 1 mes.<\/li>\n<\/ul>\n<p style='margin: 15px 0 5px 0; font-weight: bold; color: inherit;'><strong>Notas:<\/strong><\/p>\n<ul style='padding-left: 20px; font-size: 15px; color: inherit; list-style-type: disc;'>\n<li style='margin-bottom: 5px;'>El m\u00f3dulo de control de acceso s\u00f3lo es compatible con biom\u00e9tricos Hikvision.<\/li>\n<li style='margin-bottom: 5px;'>No requiere licencia de usuarios a menos que se requieran usuarios adicionales.<\/li>\n<\/ul><\/div>\n<\/p><\/div>\n<\/p><\/div>\n<p> <!-- Compatibilidad Hikvision --> <\/p>\n<div style='width: 100%; color: #000; background: #e4e4e4; padding: 20px; font-size: 20px; border-radius: 3px; text-align: center; margin: 30px 0;'> <a href='https:\/\/soporte.syscom.mx\/es\/articles\/6449491-open-desk-pro-lista-de-compatibilidad-con-hikvision' target='_blank' rel='noopener' style='color: #000; text-decoration: underline; font-weight: bold;'> Consulte los modelos <strong style='color: #000; text-decoration: underline;'>Hikvision<\/strong> compatibles dando clic aqu\u00ed <\/a> <\/div>\n<p> <!-- Soluciones para negocios modernos --> <\/p>\n<div style='text-align: center; margin: 40px 0;'>\n<h1 style='margin: 0; font-size: 24px; color: inherit;'>Soluciones para negocios modernos<\/h1>\n<p> <small style='display: block; margin-top: 10px; font-size: 16px; color: inherit;'>Un sistema modular ajustable para infinitas soluciones<\/small> <\/div>\n<p> <!-- Secci\u00f3n de im\u00e1genes --> <\/p>\n<div style='display: flex; flex-wrap: wrap; gap: 30px; margin-bottom: 30px;'>\n<div style='flex: 1 1 400px; min-width: 300px;'> <img style='width: 100%; height: auto; border: 1px solid rgba(150&comma;150&comma;150&comma;0.3); border-radius: 8px;' src='https:\/\/ftp3.syscom.mx\/usuarios\/xguereque\/opendesk\/imagen1.png' alt='Todas las sucursales en l\u00ednea'> <\/p>\n<h2 style='margin-top: 15px; margin-bottom: 10px; font-size: 20px; color: inherit;'>Todas las sucursales en l\u00ednea<\/h2>\n<p style='font-size: 15px; color: inherit;'>Tenga en orden las existencias de todos sus almacenes&comma; valor del inventario&comma; genere cotizaciones y ventas sin instalar apps. Solo unos cuantos clics se requieren para saber el estado de sus operaciones en tiempo real.<\/p>\n<\/p><\/div>\n<div style='flex: 1 1 400px; min-width: 300px;'> <img style='width: 100%; height: auto; border: 1px solid rgba(150&comma;150&comma;150&comma;0.3); border-radius: 8px;' src='https:\/\/ftp3.syscom.mx\/usuarios\/xguereque\/opendesk\/imagen2.png' alt='Accesos con biom\u00e9tricos'> <\/p>\n<h2 style='margin-top: 15px; margin-bottom: 10px; font-size: 20px; color: inherit;'>Accesos con biom\u00e9tricos<\/h2>\n<p style='font-size: 15px; color: inherit;'>Administre el acceso con dispositivos de control de acceso desde la nube a clubes&comma; gimnasios&comma; fraccionamientos&comma; Aribnb&comma; etc. Registros de ingreso&comma; tiempo y asistencia.<\/p>\n<\/p><\/div>\n<\/p><\/div>\n<p> <!-- Secci\u00f3n de cobre en l\u00ednea --> <\/p>\n<div style='margin: 30px 0;'> <img style='width: 100%; height: auto; border: 1px solid rgba(150&comma;150&comma;150&comma;0.3); border-radius: 8px;' src='https:\/\/ftp3.syscom.mx\/usuarios\/xguereque\/opendesk\/imagen3.png' alt='Cobre en l\u00ednea'> <\/p>\n<h2 style='margin-top: 15px; margin-bottom: 10px; font-size: 20px; color: inherit;'>Cobre en l\u00ednea<\/h2>\n<p style='font-size: 15px; color: inherit;'>Acepte pagos con tarjeta de cr\u00e9dito o d\u00e9bito.<\/p>\n<\/p><\/div>\n<p> <!-- Software de calidad --> <\/p>\n<div style='width: 100%; margin: 30px 0;'>\n<div style='padding: 10px; color: #ffff; background: #009EF7; text-align: center; border-radius: 5px; max-width: 600px; margin: 0 auto;'>\n<h3 style='margin: 0 0 10px 0; font-size: 18px; color: inherit;'>Software de calidad&comma; servicio de primera<\/h3>\n<p style='margin: 0; font-size: 14px; color: inherit;'>100% confiable y seguro&comma; desarrollado en M\u00e9xico con infraestructura en AWS<\/p>\n<\/p><\/div>\n<\/p><\/div>\n<p> <!-- Caracter\u00edsticas \u00fanicas --> <\/p>\n<div style='margin: 40px 0;'>\n<div style='text-align: center; margin-bottom: 30px;'>\n<h1 style='margin: 0; font-size: 24px; color: inherit;'>Caracter\u00edsticas \u00fanicas&comma; tecnolog\u00eda creciente<\/h1>\n<p> <small style='display: block; margin-top: 10px; font-size: 16px; color: inherit;'>Todos los d\u00edas desarrollamos nuevos m\u00f3dulos&comma; la innovaci\u00f3n est\u00e1 en nuestro ADN<\/small> <\/div>\n<div style='display: flex; flex-wrap: wrap; gap: 20px;'>\n<div style='flex: 1 1 250px; min-width: 220px;'>\n<div style='border: 1px solid rgba(224&comma;224&comma;224&comma;0.9); border-radius: 4px; padding: 10px; display: flex; flex-direction: column; height: 100%;'>\n<div style='text-align: center;'> <img style='width: 50px; height: 50px; margin: 0 auto 10px; border: none; border-radius: 0;' src='https:\/\/ftp3.syscom.mx\/usuarios\/xguereque\/opendesk\/icono1.png' alt=''> <\/div>\n<h3 style='text-align: center; font-size: 18px; margin: 10px 0; color: inherit;'>Notificaciones en tiempo real<\/h3>\n<p style='font-size: 14px; color: inherit; flex-grow: 1;'>Los servidores de Open Desk PRO le notifican en el momento aquellas situaciones que requieren su atenci\u00f3n.<\/p>\n<\/p><\/div>\n<\/p><\/div>\n<div style='flex: 1 1 250px; min-width: 220px;'>\n<div style='border: 1px solid rgba(224&comma;224&comma;224&comma;0.9); border-radius: 4px; padding: 10px; display: flex; flex-direction: column; height: 100%;'>\n<div style='text-align: center;'> <img style='width: 50px; height: 50px; margin: 0 auto 10px; border: none; border-radius: 0;' src='https:\/\/ftp3.syscom.mx\/usuarios\/xguereque\/opendesk\/icono2.png' alt=''> <\/div>\n<h3 style='text-align: center; font-size: 18px; margin: 10px 0; color: inherit;'>P2P para control de acceso<\/h3>\n<p style='font-size: 14px; color: inherit; flex-grow: 1;'>Comunique sus dispositivos de detecci\u00f3n de rostro&comma; huella o tarjeta con Open Desk en segundos.<\/p>\n<\/p><\/div>\n<\/p><\/div>\n<div style='flex: 1 1 250px; min-width: 220px;'>\n<div style='border: 1px solid rgba(224&comma;224&comma;224&comma;0.9); border-radius: 4px; padding: 10px; display: flex; flex-direction: column; height: 100%;'>\n<div style='text-align: center;'> <img style='width: 50px; height: 50px; margin: 0 auto 10px; border: none; border-radius: 0;' src='https:\/\/ftp3.syscom.mx\/usuarios\/xguereque\/opendesk\/icono3.png' alt=''> <\/div>\n<h3 style='text-align: center; font-size: 18px; margin: 10px 0; color: inherit;'>Timbrado CFDI 4.0<\/h3>\n<p style='font-size: 14px; color: inherit; flex-grow: 1;'>Timbre sus comprobantes fiscales en el momento desde Open Desk con las \u00faltimas disposiciones del SAT.<\/p>\n<\/p><\/div>\n<\/p><\/div>\n<div style='flex: 1 1 250px; min-width: 220px;'>\n<div style='border: 1px solid rgba(224&comma;224&comma;224&comma;0.9); border-radius: 4px; padding: 10px; display: flex; flex-direction: column; height: 100%;'>\n<div style='text-align: center;'> <img style='width: 50px; height: 50px; margin: 0 auto 10px; border: none; border-radius: 0;' src='https:\/\/ftp3.syscom.mx\/usuarios\/xguereque\/opendesk\/icono4.png' alt=''> <\/div>\n<h3 style='text-align: center; font-size: 18px; margin: 10px 0; color: inherit;'>C\u00e1lculo de costos de env\u00edo<\/h3>\n<p style='font-size: 14px; color: inherit; flex-grow: 1;'>Automatice el c\u00e1lculo de costos de env\u00edo con todas las paqueter\u00edas del pa\u00eds en segundos y genere gu\u00edas para sus ventas.<\/p>\n<\/p><\/div>\n<\/p><\/div>\n<div style='flex: 1 1 250px; min-width: 220px;'>\n<div style='border: 1px solid rgba(224&comma;224&comma;224&comma;0.9); border-radius: 4px; padding: 10px; display: flex; flex-direction: column; height: 100%;'>\n<div style='text-align: center;'> <img style='width: 50px; height: 50px; margin: 0 auto 10px; border: none; border-radius: 0;' src='https:\/\/ftp3.syscom.mx\/usuarios\/xguereque\/opendesk\/icono5.png' alt=''> <\/div>\n<h3 style='text-align: center; font-size: 18px; margin: 10px 0; color: inherit;'>Optimice su cobranza<\/h3>\n<p style='font-size: 14px; color: inherit; flex-grow: 1;'>Genere ligas de pago para tarjetas de cr\u00e9dito o d\u00e9bito.<\/p>\n<\/p><\/div>\n<\/p><\/div>\n<div style='flex: 1 1 250px; min-width: 220px;'>\n<div style='border: 1px solid rgba(224&comma;224&comma;224&comma;0.9); border-radius: 4px; padding: 10px; display: flex; flex-direction: column; height: 100%;'>\n<div style='text-align: center;'> <img style='width: 50px; height: 50px; margin: 0 auto 10px; border: none; border-radius: 0;' src='https:\/\/ftp3.syscom.mx\/usuarios\/xguereque\/opendesk\/icono6.png' alt=''> <\/div>\n<h3 style='text-align: center; font-size: 18px; margin: 10px 0; color: inherit;'>Seguridad bancaria<\/h3>\n<p style='font-size: 14px; color: inherit; flex-grow: 1;'>Administre listas negras y limite el acceso a sus colaboradores desde ubicaciones espec\u00edficas.<\/p>\n<\/p><\/div>\n<\/p><\/div>\n<\/p><\/div>\n<\/p><\/div>\n<p> <!-- Banner final --> <\/p>\n<div style='margin-top: 30px;'> <img style='width: 100%; height: auto; border: 1px solid rgba(150&comma;150&comma;150&comma;0.3); border-radius: 8px;' src='https:\/\/ftp3.syscom.mx\/usuarios\/xguereque\/opendesk\/banner-final.png' alt='Banner final'> <\/div>\n<\/p><\/div>\n","protected":false},"excerpt":{"rendered":"<p>1 Dispositivo de Control de Acceso para Open Desk PRO o API para Desarrollos de Terceros \/ Suscripci\u00f3n Mensual<\/p>\n","protected":false},"featured_media":107214,"comment_status":"open","ping_status":"closed","template":"","meta":[],"product_brand":[],"product_cat":[846],"product_tag":[926,792,847],"class_list":{"0":"post-107215","1":"product","2":"type-product","3":"status-publish","4":"has-post-thumbnail","6":"product_cat-tiempo-y-asistencia","7":"product_tag-open-desk-pro","8":"product_tag-software-de-asistencia","9":"product_tag-tiempo-y-asistencia","11":"first","12":"instock","13":"sale","14":"shipping-taxable","15":"purchasable","16":"product-type-simple"},"_links":{"self":[{"href":"https:\/\/soydeaqui.ddns.net\/pachuca\/index.php\/wp-json\/wp\/v2\/product\/107215","targetHints":{"allow":["GET"]}}],"collection":[{"href":"https:\/\/soydeaqui.ddns.net\/pachuca\/index.php\/wp-json\/wp\/v2\/product"}],"about":[{"href":"https:\/\/soydeaqui.ddns.net\/pachuca\/index.php\/wp-json\/wp\/v2\/types\/product"}],"replies":[{"embeddable":true,"href":"https:\/\/soydeaqui.ddns.net\/pachuca\/index.php\/wp-json\/wp\/v2\/comments?post=107215"}],"wp:featuredmedia":[{"embeddable":true,"href":"https:\/\/soydeaqui.ddns.net\/pachuca\/index.php\/wp-json\/wp\/v2\/media\/107214"}],"wp:attachment":[{"href":"https:\/\/soydeaqui.ddns.net\/pachuca\/index.php\/wp-json\/wp\/v2\/media?parent=107215"}],"wp:term":[{"taxonomy":"product_brand","embeddable":true,"href":"https:\/\/soydeaqui.ddns.net\/pachuca\/index.php\/wp-json\/wp\/v2\/product_brand?post=107215"},{"taxonomy":"product_cat","embeddable":true,"href":"https:\/\/soydeaqui.ddns.net\/pachuca\/index.php\/wp-json\/wp\/v2\/product_cat?post=107215"},{"taxonomy":"product_tag","embeddable":true,"href":"https:\/\/soydeaqui.ddns.net\/pachuca\/index.php\/wp-json\/wp\/v2\/product_tag?post=107215"}],"curies":[{"name":"wp","href":"https:\/\/api.w.org\/{rel}","templated":true}]}}