{"id":107213,"date":"2026-03-20T16:57:04","date_gmt":"2026-03-20T16:57:04","guid":{"rendered":"https:\/\/soydeaqui.ddns.net\/pachuca\/index.php\/producto\/1-usuario-adicional-para-plataforma-open-desk-pro-suscripcion-mensual\/"},"modified":"2026-03-20T16:57:05","modified_gmt":"2026-03-20T16:57:05","slug":"1-usuario-adicional-para-plataforma-open-desk-pro-suscripcion-mensual","status":"publish","type":"product","link":"https:\/\/soydeaqui.ddns.net\/pachuca\/index.php\/producto\/1-usuario-adicional-para-plataforma-open-desk-pro-suscripcion-mensual\/","title":{"rendered":"1 Usuario Adicional para Plataforma Open Desk PRO \/ Suscripci\u00f3n Mensual"},"content":{"rendered":"<div style='width: 100%; max-width: 1200px; margin: 0 auto; font-family: sans-serif; line-height: 1.6; color: inherit; background-color: transparent;'>\n<div style='width: 100%; background: #019ef7; border-radius: 5px; text-align: center; padding: 20px 0;'> <img style='width: 50%; max-width: 300px; height: auto; border: none; border-radius: 8px;' src='https:\/\/ftp3.syscom.mx\/usuarios\/xguereque\/opendesk\/Logo-blanco.svg' alt='Logo Open Desk PRO'> <\/div>\n<div style='width: 100%; text-align: center; padding: 10px; font-size: 26px; margin: 20px 0;'> <a href='https:\/\/syscom.opendesk.mx\/desk?u=ZGVtb0BvcGVuZGVzay5teA==&#038;p=MTIzNDU=' target='_blank' rel='noopener' style='color: inherit; text-decoration: none; border-bottom: 1px solid rgba(0&comma;0&comma;0&comma;0.2);'>Ver demo en l\u00ednea aqu\u00ed<\/a> <\/div>\n<div style='display: flex; flex-wrap: wrap; gap: 30px; margin-bottom: 30px;'>\n<div style='flex: 1 1 300px; min-width: 280px;'>\n<div style='border: 2px solid rgba(150&comma;150&comma;150&comma;0.3); border-radius: 8px; padding: 20px; background-color: rgba(0&comma; 0&comma; 0&comma; 0.02);'>\n<h3 style='font-size: 22px; border-bottom: 2px solid currentColor; padding-bottom: 5px; margin-top: 0; color: inherit; opacity: 0.8;'>Caracter\u00edsticas principales:<\/h3>\n<ul style='padding-left: 20px; font-size: 15px; color: inherit; list-style-type: disc;'>\n<li style='margin-bottom: 5px;'>Agrega usuarios adicionales a los vouchers de almac\u00e9n y de control de acceso.<\/li>\n<li style='margin-bottom: 5px;'>Suscripci\u00f3n de 1 mes.<\/li>\n<\/ul>\n<p style='margin-top: 15px;'><strong>Nota:<\/strong> Al iniciar sesi\u00f3n con un usuario en un dispositivo&comma; se cierra en autom\u00e1tico en el dispositivo anterior.<\/p>\n<\/p><\/div>\n<\/p><\/div>\n<\/p><\/div>\n<hr style='border: 0; border-top: 1px solid rgba(150&comma; 150&comma; 150&comma; 0.3); margin: 30px 0;'>\n<div style='text-align: center; margin: 30px 0;'>\n<h1 style='font-size: 24px; margin: 0 0 10px 0; color: inherit;'>Soluciones para negocios modernos<\/h1>\n<p style='font-size: 16px; color: inherit; opacity: 0.8; margin: 0;'>Un sistema modular ajustable para infinitas soluciones<\/p>\n<\/p><\/div>\n<div style='display: flex; flex-wrap: wrap; gap: 30px; margin-bottom: 30px;'>\n<div style='flex: 1 1 400px; min-width: 300px; text-align: center;'> <img style='width: 100%; height: auto; border: 1px solid rgba(150&comma;150&comma;150&comma;0.3); border-radius: 8px;' src='https:\/\/ftp3.syscom.mx\/usuarios\/xguereque\/opendesk\/imagen1.png' alt='Todas las sucursales en l\u00ednea'> <\/p>\n<h2 style='margin-top: 15px; margin-bottom: 10px; font-size: 20px; color: inherit;'>Todas las sucursales en l\u00ednea<\/h2>\n<p style='font-size: 15px; color: inherit;'>Tenga en orden las existencias de todos sus almacenes&comma; valor del inventario&comma; genere cotizaciones y ventas sin instalar apps. Solo unos cuantos clics se requieren para saber el estado de sus operaciones en tiempo real.<\/p>\n<\/p><\/div>\n<div style='flex: 1 1 400px; min-width: 300px; text-align: center;'> <img style='width: 100%; height: auto; border: 1px solid rgba(150&comma;150&comma;150&comma;0.3); border-radius: 8px;' src='https:\/\/ftp3.syscom.mx\/usuarios\/xguereque\/opendesk\/imagen2.png' alt='Accesos con biom\u00e9tricos'> <\/p>\n<h2 style='margin-top: 15px; margin-bottom: 10px; font-size: 20px; color: inherit;'>Accesos con biom\u00e9tricos<\/h2>\n<p style='font-size: 15px; color: inherit;'>Administre el acceso con dispositivos de control de acceso desde la nube a clubes&comma; gimnasios&comma; fraccionamientos&comma; Aribnb&comma; etc. Registros de ingreso&comma; tiempo y asistencia.<\/p>\n<\/p><\/div>\n<\/p><\/div>\n<div style='text-align: center; margin: 30px 0;'> <img style='width: 100%; max-width: 800px; height: auto; border: 1px solid rgba(150&comma;150&comma;150&comma;0.3); border-radius: 8px;' src='https:\/\/ftp3.syscom.mx\/usuarios\/xguereque\/opendesk\/imagen3.png' alt='Cobre en l\u00ednea'> <\/p>\n<h2 style='margin-top: 15px; margin-bottom: 10px; font-size: 20px; color: inherit;'>Cobre en l\u00ednea<\/h2>\n<p style='font-size: 15px; color: inherit;'>Acepte pagos con tarjeta de cr\u00e9dito o d\u00e9bito.<\/p>\n<\/p><\/div>\n<div style='width: 100%; text-align: center; margin: 30px 0;'>\n<div style='display: inline-block; padding: 15px; color: #ffff; background: #009EF7; text-align: center; border-radius: 5px; max-width: 600px;'>\n<h3 style='margin: 0 0 10px 0; font-size: 18px;'>Software de calidad&comma; servicio de primera<\/h3>\n<p style='margin: 0; font-size: 14px;'>100% confiable y seguro&comma; desarrollado en M\u00e9xico con infraestructura en AWS<\/p>\n<\/p><\/div>\n<\/p><\/div>\n<hr style='border: 0; border-top: 1px solid rgba(150&comma; 150&comma; 150&comma; 0.3); margin: 30px 0;'>\n<div style='text-align: center; margin: 30px 0;'>\n<h1 style='font-size: 24px; margin: 0 0 10px 0; color: inherit;'>Caracter\u00edsticas \u00fanicas&comma; tecnolog\u00eda creciente<\/h1>\n<p style='font-size: 16px; color: inherit; opacity: 0.8; margin: 0;'>Todos los d\u00edas desarrollamos nuevos m\u00f3dulos&comma; la innovaci\u00f3n est\u00e1 en nuestro ADN<\/p>\n<\/p><\/div>\n<div style='display: flex; flex-wrap: wrap; gap: 20px; margin-bottom: 30px;'>\n<div style='flex: 1 1 300px; min-width: 250px; border: 1px solid rgba(150&comma; 150&comma; 150&comma; 0.4); border-radius: 8px; overflow: hidden;'>\n<div style='padding: 15px; border-bottom: 1px solid rgba(150&comma; 150&comma; 150&comma; 0.2); font-weight: bold; font-size: 18px; color: inherit;'>Notificaciones en tiempo real<\/div>\n<div style='padding: 15px; color: inherit;'>\n<div style='margin-bottom: 10px; text-align: center;'> <img style='width: auto; height: 50px; border: none;' src='https:\/\/ftp3.syscom.mx\/usuarios\/xguereque\/opendesk\/icono1.png' alt='Notificaciones en tiempo real'> <\/div>\n<p style='font-size: 14px; margin: 0;'>Los servidores de Open Desk PRO le notifican en el momento aquellas situaciones que requieren su atenci\u00f3n.<\/p>\n<\/p><\/div>\n<\/p><\/div>\n<div style='flex: 1 1 300px; min-width: 250px; border: 1px solid rgba(150&comma; 150&comma; 150&comma; 0.4); border-radius: 8px; overflow: hidden;'>\n<div style='padding: 15px; border-bottom: 1px solid rgba(150&comma; 150&comma; 150&comma; 0.2); font-weight: bold; font-size: 18px; color: inherit;'>P2P para control de acceso<\/div>\n<div style='padding: 15px; color: inherit;'>\n<div style='margin-bottom: 10px; text-align: center;'> <img style='width: auto; height: 50px; border: none;' src='https:\/\/ftp3.syscom.mx\/usuarios\/xguereque\/opendesk\/icono2.png' alt='P2P para control de acceso'> <\/div>\n<p style='font-size: 14px; margin: 0;'>Comunique sus dispositivos de detecci\u00f3n de rostro&comma; huella o tarjeta con Open Desk en segundos.<\/p>\n<\/p><\/div>\n<\/p><\/div>\n<div style='flex: 1 1 300px; min-width: 250px; border: 1px solid rgba(150&comma; 150&comma; 150&comma; 0.4); border-radius: 8px; overflow: hidden;'>\n<div style='padding: 15px; border-bottom: 1px solid rgba(150&comma; 150&comma; 150&comma; 0.2); font-weight: bold; font-size: 18px; color: inherit;'>Timbrado CDFI 4.0<\/div>\n<div style='padding: 15px; color: inherit;'>\n<div style='margin-bottom: 10px; text-align: center;'> <img style='width: auto; height: 50px; border: none;' src='https:\/\/ftp3.syscom.mx\/usuarios\/xguereque\/opendesk\/icono3.png' alt='Timbrado CDFI 4.0'> <\/div>\n<p style='font-size: 14px; margin: 0;'>Timbre sus comprobantes fiscales en el momento desde Open Desk con las \u00faltimas disposiciones del SAT.<\/p>\n<\/p><\/div>\n<\/p><\/div>\n<div style='flex: 1 1 300px; min-width: 250px; border: 1px solid rgba(150&comma; 150&comma; 150&comma; 0.4); border-radius: 8px; overflow: hidden;'>\n<div style='padding: 15px; border-bottom: 1px solid rgba(150&comma; 150&comma; 150&comma; 0.2); font-weight: bold; font-size: 18px; color: inherit;'>C\u00e1lculo de costos de env\u00edo<\/div>\n<div style='padding: 15px; color: inherit;'>\n<div style='margin-bottom: 10px; text-align: center;'> <img style='width: auto; height: 50px; border: none;' src='https:\/\/ftp3.syscom.mx\/usuarios\/xguereque\/opendesk\/icono4.png' alt='C\u00e1lculo de costos de env\u00edo'> <\/div>\n<p style='font-size: 14px; margin: 0;'>Automatice el c\u00e1lculo de costos de env\u00edo con todas las paqueter\u00edas del pa\u00eds en segundos y genere gu\u00edas para sus ventas.<\/p>\n<\/p><\/div>\n<\/p><\/div>\n<div style='flex: 1 1 300px; min-width: 250px; border: 1px solid rgba(150&comma; 150&comma; 150&comma; 0.4); border-radius: 8px; overflow: hidden;'>\n<div style='padding: 15px; border-bottom: 1px solid rgba(150&comma; 150&comma; 150&comma; 0.2); font-weight: bold; font-size: 18px; color: inherit;'>Optimice su cobranza<\/div>\n<div style='padding: 15px; color: inherit;'>\n<div style='margin-bottom: 10px; text-align: center;'> <img style='width: auto; height: 50px; border: none;' src='https:\/\/ftp3.syscom.mx\/usuarios\/xguereque\/opendesk\/icono5.png' alt='Optimice su cobranza'> <\/div>\n<p style='font-size: 14px; margin: 0;'>Genere ligas de pago para tarjetas de cr\u00e9dito o d\u00e9bito.<\/p>\n<\/p><\/div>\n<\/p><\/div>\n<div style='flex: 1 1 300px; min-width: 250px; border: 1px solid rgba(150&comma; 150&comma; 150&comma; 0.4); border-radius: 8px; overflow: hidden;'>\n<div style='padding: 15px; border-bottom: 1px solid rgba(150&comma; 150&comma; 150&comma; 0.2); font-weight: bold; font-size: 18px; color: inherit;'>Seguridad bancaria<\/div>\n<div style='padding: 15px; color: inherit;'>\n<div style='margin-bottom: 10px; text-align: center;'> <img style='width: auto; height: 50px; border: none;' src='https:\/\/ftp3.syscom.mx\/usuarios\/xguereque\/opendesk\/icono6.png' alt='Seguridad bancaria'> <\/div>\n<p style='font-size: 14px; margin: 0;'>Administre listas negras y limite el acceso a sus colaboradores desde ubicaciones espec\u00edficas.<\/p>\n<\/p><\/div>\n<\/p><\/div>\n<\/p><\/div>\n<div style='width: 100%; text-align: center; margin: 30px 0;'> <img style='width: 100%; max-width: 800px; height: auto; border: 1px solid rgba(150&comma;150&comma;150&comma;0.3); border-radius: 8px;' src='https:\/\/ftp3.syscom.mx\/usuarios\/xguereque\/opendesk\/banner-final.png' alt='Banner final'> <\/div>\n<\/p><\/div>\n","protected":false},"excerpt":{"rendered":"<p>1 Usuario Adicional para Plataforma Open Desk PRO \/ Suscripci\u00f3n Mensual<\/p>\n","protected":false},"featured_media":107212,"comment_status":"open","ping_status":"closed","template":"","meta":[],"product_brand":[],"product_cat":[846],"product_tag":[926,792,847],"class_list":{"0":"post-107213","1":"product","2":"type-product","3":"status-publish","4":"has-post-thumbnail","6":"product_cat-tiempo-y-asistencia","7":"product_tag-open-desk-pro","8":"product_tag-software-de-asistencia","9":"product_tag-tiempo-y-asistencia","11":"first","12":"instock","13":"sale","14":"shipping-taxable","15":"purchasable","16":"product-type-simple"},"_links":{"self":[{"href":"https:\/\/soydeaqui.ddns.net\/pachuca\/index.php\/wp-json\/wp\/v2\/product\/107213","targetHints":{"allow":["GET"]}}],"collection":[{"href":"https:\/\/soydeaqui.ddns.net\/pachuca\/index.php\/wp-json\/wp\/v2\/product"}],"about":[{"href":"https:\/\/soydeaqui.ddns.net\/pachuca\/index.php\/wp-json\/wp\/v2\/types\/product"}],"replies":[{"embeddable":true,"href":"https:\/\/soydeaqui.ddns.net\/pachuca\/index.php\/wp-json\/wp\/v2\/comments?post=107213"}],"wp:featuredmedia":[{"embeddable":true,"href":"https:\/\/soydeaqui.ddns.net\/pachuca\/index.php\/wp-json\/wp\/v2\/media\/107212"}],"wp:attachment":[{"href":"https:\/\/soydeaqui.ddns.net\/pachuca\/index.php\/wp-json\/wp\/v2\/media?parent=107213"}],"wp:term":[{"taxonomy":"product_brand","embeddable":true,"href":"https:\/\/soydeaqui.ddns.net\/pachuca\/index.php\/wp-json\/wp\/v2\/product_brand?post=107213"},{"taxonomy":"product_cat","embeddable":true,"href":"https:\/\/soydeaqui.ddns.net\/pachuca\/index.php\/wp-json\/wp\/v2\/product_cat?post=107213"},{"taxonomy":"product_tag","embeddable":true,"href":"https:\/\/soydeaqui.ddns.net\/pachuca\/index.php\/wp-json\/wp\/v2\/product_tag?post=107213"}],"curies":[{"name":"wp","href":"https:\/\/api.w.org\/{rel}","templated":true}]}}