{"id":107195,"date":"2026-03-20T16:56:09","date_gmt":"2026-03-20T16:56:09","guid":{"rendered":"https:\/\/soydeaqui.ddns.net\/pachuca\/index.php\/producto\/bracket-de-sujecion-a-pared-ds-kv6113-wpe1c\/"},"modified":"2026-03-20T16:56:17","modified_gmt":"2026-03-20T16:56:17","slug":"bracket-de-sujecion-a-pared-ds-kv6113-wpe1c","status":"publish","type":"product","link":"https:\/\/soydeaqui.ddns.net\/pachuca\/index.php\/producto\/bracket-de-sujecion-a-pared-ds-kv6113-wpe1c\/","title":{"rendered":"Bracket de Sujeci\u00f3n a Pared DS-KV6113-WPE1(C)"},"content":{"rendered":"<div style='width: 100%; max-width: 1200px; margin: 0 auto; font-family: sans-serif; line-height: 1.6; color: inherit; background-color: transparent;'>\n<div style='display: flex; flex-wrap: wrap; gap: 30px; margin-bottom: 30px;'>\n<div style='flex: 1 1 300px; min-width: 280px;'>\n<h3 style='font-size: 22px; border-bottom: 2px solid currentColor; padding-bottom: 5px; margin-top: 0; color: inherit; opacity: 0.8;'>Descripci\u00f3n<\/h3>\n<p style='font-size: 15px; color: inherit;'>Bracket para sujeci\u00f3n a pared de portero<\/p>\n<ul style='padding-left: 20px; font-size: 15px; color: inherit;'>\n<li>Bracket para sujecion a pared<\/li>\n<li>No cuenta con tornilleria ni accesorios<\/li>\n<li>Compatible con el modelo DSKV6113WPE1(B)<\/li>\n<\/ul>\n<\/div>\n<div style='flex: 1 1 300px; min-width: 280px;'>\n<h3 style='font-size: 22px; border-bottom: 2px solid currentColor; padding-bottom: 5px; margin-top: 0; color: inherit; opacity: 0.8;'>Caracter\u00edsticas Principales<\/h3>\n<ul style='padding-left: 20px; font-size: 15px; color: inherit;'>\n<li>Compatible con modelo DSKV6113WPE1(B)<\/li>\n<li>Dise\u00f1o espec\u00edfico para sujeci\u00f3n a pared<\/li>\n<li>Material resistente para mayor durabilidad<\/li>\n<li>F\u00e1cil instalaci\u00f3n sin accesorios adicionales<\/li>\n<li>Optimizado para porteros autom\u00e1ticos<\/li>\n<\/ul>\n<\/div>\n<\/div>\n<hr style='border: 0; border-top: 1px solid rgba(150&comma; 150&comma; 150&comma; 0.3); margin: 30px 0;'><\/div>\n","protected":false},"excerpt":{"rendered":"<p>Bracket de Sujeci\u00f3n a Pared DS-KV6113-WPE1(C)<\/p>\n","protected":false},"featured_media":107194,"comment_status":"open","ping_status":"closed","template":"","meta":[],"product_brand":[],"product_cat":[2291],"product_tag":[417,54,2292],"class_list":{"0":"post-107195","1":"product","2":"type-product","3":"status-publish","4":"has-post-thumbnail","6":"product_cat-partes-o-refacciones","7":"product_tag-accesorios-generales","8":"product_tag-hikvision","9":"product_tag-partes-o-refacciones","11":"first","12":"instock","13":"sale","14":"shipping-taxable","15":"purchasable","16":"product-type-simple"},"_links":{"self":[{"href":"https:\/\/soydeaqui.ddns.net\/pachuca\/index.php\/wp-json\/wp\/v2\/product\/107195","targetHints":{"allow":["GET"]}}],"collection":[{"href":"https:\/\/soydeaqui.ddns.net\/pachuca\/index.php\/wp-json\/wp\/v2\/product"}],"about":[{"href":"https:\/\/soydeaqui.ddns.net\/pachuca\/index.php\/wp-json\/wp\/v2\/types\/product"}],"replies":[{"embeddable":true,"href":"https:\/\/soydeaqui.ddns.net\/pachuca\/index.php\/wp-json\/wp\/v2\/comments?post=107195"}],"wp:featuredmedia":[{"embeddable":true,"href":"https:\/\/soydeaqui.ddns.net\/pachuca\/index.php\/wp-json\/wp\/v2\/media\/107194"}],"wp:attachment":[{"href":"https:\/\/soydeaqui.ddns.net\/pachuca\/index.php\/wp-json\/wp\/v2\/media?parent=107195"}],"wp:term":[{"taxonomy":"product_brand","embeddable":true,"href":"https:\/\/soydeaqui.ddns.net\/pachuca\/index.php\/wp-json\/wp\/v2\/product_brand?post=107195"},{"taxonomy":"product_cat","embeddable":true,"href":"https:\/\/soydeaqui.ddns.net\/pachuca\/index.php\/wp-json\/wp\/v2\/product_cat?post=107195"},{"taxonomy":"product_tag","embeddable":true,"href":"https:\/\/soydeaqui.ddns.net\/pachuca\/index.php\/wp-json\/wp\/v2\/product_tag?post=107195"}],"curies":[{"name":"wp","href":"https:\/\/api.w.org\/{rel}","templated":true}]}}