{"id":107180,"date":"2026-03-20T16:55:23","date_gmt":"2026-03-20T16:55:23","guid":{"rendered":"https:\/\/soydeaqui.ddns.net\/pachuca\/index.php\/producto\/mochila-para-transporte-de-herramientas-profesional-tempo\/"},"modified":"2026-03-20T16:55:35","modified_gmt":"2026-03-20T16:55:35","slug":"mochila-para-transporte-de-herramientas-profesional-tempo","status":"publish","type":"product","link":"https:\/\/soydeaqui.ddns.net\/pachuca\/index.php\/producto\/mochila-para-transporte-de-herramientas-profesional-tempo\/","title":{"rendered":"Mochila para transporte de herramientas profesional TEMPO"},"content":{"rendered":"<div style='width: 100%; max-width: 1200px; margin: 0 auto; font-family: sans-serif; line-height: 1.6; color: inherit; background-color: transparent;'> <!-- Imagen principal --> <\/p>\n<div style='width: 100%; text-align: center; margin-bottom: 30px;'> <img style='width: 100%; max-width: 600px; height: auto; border: 1px solid rgba(150&comma;150&comma;150&comma;0.3); border-radius: 8px;' src='https:\/\/ftp3.syscom.mx\/usuarios\/orobles\/GREENLEE\/TEMPO-COMMUNICATIONS-lg.jpg' alt=''> <\/div>\n<p> <!-- Descripci\u00f3n --> <\/p>\n<div style='width: 100%; margin-bottom: 30px;'>\n<p style='font-size: 15px; margin: 0 0 15px; color: inherit; text-align: justify;'> Una mochila de nivel profesional para ayudarlo a transportar y proteger sus herramientas c\u00f3modamente dentro y fuera del lugar de trabajo. La mochila Pro-Tool est\u00e1 dise\u00f1ada para brindar comodidad y funcionalidad; con un ajuste ergon\u00f3mico&comma; un mango que puede soportar 90 kilos&comma; 40 bolsillos para una organizaci\u00f3n \u00f3ptima de herramientas y un compartimento separado para guardar de forma segura su computadora port\u00e1til o tableta. <\/p>\n<\/p><\/div>\n<p> <!-- Caracter\u00edsticas clave --> <\/p>\n<div style='width: 100%; margin-bottom: 30px;'>\n<h3 style='font-size: 22px; border-bottom: 2px solid currentColor; padding-bottom: 5px; margin-top: 0; margin-bottom: 15px; color: inherit; opacity: 0.8;'>Caracter\u00edsticas clave<\/h3>\n<ul style='padding-left: 20px; font-size: 15px; color: inherit;'>\n<li style='margin-bottom: 5px;'><span style='color: inherit; font-family: inherit;'>Dise\u00f1o moderno resistente y funcional<\/span><\/li>\n<li style='margin-bottom: 5px;'><span style='color: inherit; font-family: inherit;'>El mango soporta 90 kg.<\/span><\/li>\n<li style='margin-bottom: 5px;'><span style='color: inherit; font-family: inherit;'>40 bolsillos para almacenamiento de herramientas y cables<\/span><\/li>\n<li style='margin-bottom: 5px;'><span style='color: inherit; font-family: inherit;'>El bolsillo separado protege la computadora port\u00e1til de 17 \u2033<\/span><\/li>\n<li style='margin-bottom: 5px;'><span style='color: inherit; font-family: inherit;'>El fondo moldeado protege de los elementos y mantiene la bolsa en posici\u00f3n vertical<\/span><\/li>\n<li style='margin-bottom: 5px;'><span style='color: inherit; font-family: inherit;'>(No incluye herramientas)<\/span><\/li>\n<\/ul><\/div>\n<p> <!-- Especificaciones --> <\/p>\n<div style='width: 100%; margin-bottom: 30px;'>\n<div style='display: flex; flex-wrap: wrap; gap: 20px;'>\n<div style='flex: 1 1 250px; border: 1px solid rgba(150&comma; 150&comma; 150&comma; 0.4); border-radius: 8px; overflow: hidden; display: flex; flex-direction: column;'>\n<div style='padding: 15px; border-bottom: 1px solid rgba(150&comma; 150&comma; 150&comma; 0.2); font-weight: bold; font-size: 18px; color: inherit;'>Especificaciones<\/div>\n<div style='padding: 15px; color: inherit;'>\n<ul style='padding-left: 20px; margin: 0; font-size: 14px; list-style-type: disc; color: inherit;'>\n<li style='margin-bottom: 5px;'><strong>Dimensiones:<\/strong> (48.26 x 35.56 x 17.78 cm) 19 x 14 x 7 pulgadas<\/li>\n<li style='margin-bottom: 5px;'><strong>Peso:<\/strong> (2.1 kg) 4.6 libras<\/li>\n<\/ul><\/div>\n<\/p><\/div>\n<\/p><\/div>\n<\/p><\/div>\n<p> <!-- Video --> <\/p>\n<div style='width: 100%; margin-bottom: 30px;'>\n<div style='position: relative; padding-bottom: 56.25%; height: 0; overflow: hidden;'>   <\/div>\n<\/p><\/div>\n<\/p><\/div>\n","protected":false},"excerpt":{"rendered":"<p>Mochila para transporte de herramientas profesional TEMPO<\/p>\n","protected":false},"featured_media":107179,"comment_status":"open","ping_status":"closed","template":"","meta":[],"product_brand":[],"product_cat":[24],"product_tag":[26,25,658],"class_list":{"0":"post-107180","1":"product","2":"type-product","3":"status-publish","4":"has-post-thumbnail","6":"product_cat-accesorios-de-instalacion","7":"product_tag-accesorios-de-instalacion","8":"product_tag-herramientas","9":"product_tag-tempo","11":"first","12":"instock","13":"sale","14":"shipping-taxable","15":"purchasable","16":"product-type-simple"},"_links":{"self":[{"href":"https:\/\/soydeaqui.ddns.net\/pachuca\/index.php\/wp-json\/wp\/v2\/product\/107180","targetHints":{"allow":["GET"]}}],"collection":[{"href":"https:\/\/soydeaqui.ddns.net\/pachuca\/index.php\/wp-json\/wp\/v2\/product"}],"about":[{"href":"https:\/\/soydeaqui.ddns.net\/pachuca\/index.php\/wp-json\/wp\/v2\/types\/product"}],"replies":[{"embeddable":true,"href":"https:\/\/soydeaqui.ddns.net\/pachuca\/index.php\/wp-json\/wp\/v2\/comments?post=107180"}],"wp:featuredmedia":[{"embeddable":true,"href":"https:\/\/soydeaqui.ddns.net\/pachuca\/index.php\/wp-json\/wp\/v2\/media\/107179"}],"wp:attachment":[{"href":"https:\/\/soydeaqui.ddns.net\/pachuca\/index.php\/wp-json\/wp\/v2\/media?parent=107180"}],"wp:term":[{"taxonomy":"product_brand","embeddable":true,"href":"https:\/\/soydeaqui.ddns.net\/pachuca\/index.php\/wp-json\/wp\/v2\/product_brand?post=107180"},{"taxonomy":"product_cat","embeddable":true,"href":"https:\/\/soydeaqui.ddns.net\/pachuca\/index.php\/wp-json\/wp\/v2\/product_cat?post=107180"},{"taxonomy":"product_tag","embeddable":true,"href":"https:\/\/soydeaqui.ddns.net\/pachuca\/index.php\/wp-json\/wp\/v2\/product_tag?post=107180"}],"curies":[{"name":"wp","href":"https:\/\/api.w.org\/{rel}","templated":true}]}}