{"id":107142,"date":"2026-03-20T16:53:17","date_gmt":"2026-03-20T16:53:17","guid":{"rendered":"https:\/\/soydeaqui.ddns.net\/pachuca\/index.php\/producto\/switch-poe-gigabit-websmart-de-16-puertos-10-100-1000-mbps-2-x-combo-2-puertos-gigabit-sfp-combo-185-w\/"},"modified":"2026-03-20T16:53:32","modified_gmt":"2026-03-20T16:53:32","slug":"switch-poe-gigabit-websmart-de-16-puertos-10-100-1000-mbps-2-x-combo-2-puertos-gigabit-sfp-combo-185-w","status":"publish","type":"product","link":"https:\/\/soydeaqui.ddns.net\/pachuca\/index.php\/producto\/switch-poe-gigabit-websmart-de-16-puertos-10-100-1000-mbps-2-x-combo-2-puertos-gigabit-sfp-combo-185-w\/","title":{"rendered":"Switch PoE+ Gigabit WebSmart de 16 puertos 10\/100\/1000 Mbps (2 x Combo) + 2 puertos gigabit SFP (Combo), 185 W"},"content":{"rendered":"<div style='width: 100%; max-width: 1200px; margin: 0 auto; font-family: sans-serif; line-height: 1.6; color: inherit; background-color: transparent;'> <!-- Descripci\u00f3n principal --> <\/p>\n<div style='margin-bottom: 30px;'>\n<h2 style='font-size: 24px; margin: 0 0 15px; color: inherit; opacity: 0.9;'>Switch PoE+ Gigabit WebSmart<\/h2>\n<p style='font-size: 15px; margin-bottom: 15px; color: inherit;'> El conmutador WebSmart Allied Telesis GS950\/18PS V2 Gigabit PoE+ cuenta con 16 puertos 10\/100\/1000T y dos puertos SFP&comma; que ofrecen hasta 30 watts por puerto (PoE+) para admitir c\u00e1maras de videovigilancia&comma; puntos de acceso inal\u00e1mbricos&comma; tel\u00e9fonos IP y otros dispositivos alimentados por PoE. PoE+ elimina la necesidad de cableado de energ\u00eda separado y minimiza el desorden de fuentes de alimentaci\u00f3n y adaptadores para una implementaci\u00f3n simplificada. <\/p>\n<p style='font-size: 15px; margin-bottom: 0; color: inherit;'> Gracias a su tama\u00f1o compacto&comma; el AT-GS950\/18PS V2 es ideal para el borde de las empresas&comma; aulas&comma; cafeter\u00edas y aplicaciones de puntos de venta (POS). <\/p>\n<\/p><\/div>\n<p> <!-- Especificaciones principales --> <\/p>\n<div style='display: flex; flex-wrap: wrap; gap: 30px; margin-bottom: 30px;'>\n<div style='flex: 1 1 300px; min-width: 280px;'>\n<h3 style='font-size: 22px; border-bottom: 2px solid currentColor; padding-bottom: 5px; margin-top: 0; color: inherit; opacity: 0.8;'>Especificaciones principales<\/h3>\n<ul style='padding-left: 20px; font-size: 15px; color: inherit;'>\n<li style='margin-bottom: 5px;'><strong>Puertos:<\/strong> 16 puertos 10\/100\/1000T + 2 puertos SFP<\/li>\n<li style='margin-bottom: 5px;'><strong>Capacidad PoE+:<\/strong> Hasta 30W por puerto<\/li>\n<li style='margin-bottom: 5px;'><strong>Total PoE:<\/strong> 185W de presupuesto de energ\u00eda<\/li>\n<li style='margin-bottom: 5px;'><strong>Conmutaci\u00f3n:<\/strong> 36 Gbps de capacidad<\/li>\n<li style='margin-bottom: 5px;'><strong>Capacidad de reenv\u00edo:<\/strong> 26&comma;78 Mpps<\/li>\n<\/ul><\/div>\n<div style='flex: 1 1 300px; min-width: 280px;'>\n<h3 style='font-size: 22px; border-bottom: 2px solid currentColor; padding-bottom: 5px; margin-top: 0; color: inherit; opacity: 0.8;'>Especificaciones f\u00edsicas<\/h3>\n<ul style='padding-left: 20px; font-size: 15px; color: inherit;'>\n<li style='margin-bottom: 5px;'><strong>Ancho:<\/strong> 440 mm (17&comma;32 pulgadas)<\/li>\n<li style='margin-bottom: 5px;'><strong>Profundidad:<\/strong> 250 mm (9&comma;80 pulgadas)<\/li>\n<li style='margin-bottom: 5px;'><strong>Altura:<\/strong> 44 mm (1&comma;73 pulgadas)<\/li>\n<li style='margin-bottom: 5px;'><strong>Peso:<\/strong> 3&comma;7 kg (8&comma;16 lb)<\/li>\n<\/ul><\/div>\n<\/p><\/div>\n<p> <!-- Tabla de consumo --> <\/p>\n<div style='display: flex; flex-wrap: wrap; gap: 30px; margin-bottom: 30px;'>\n<div style='flex: 1 1 300px; min-width: 280px;'>\n<h3 style='font-size: 22px; border-bottom: 2px solid currentColor; padding-bottom: 5px; margin-top: 0; color: inherit; opacity: 0.8;'>Consumo de energ\u00eda<\/h3>\n<ul style='padding-left: 20px; font-size: 15px; color: inherit;'>\n<li style='margin-bottom: 5px;'><strong>Sin carga PoE:<\/strong> 75W (255&comma;911 BTU\/h)<\/li>\n<li style='margin-bottom: 5px;'><strong>Carga completa PoE+:<\/strong> 260W (890&comma;948 BTU\/h)<\/li>\n<li style='margin-bottom: 5px;'><strong>M\u00e1ximo n\u00famero de dispositivos:<\/strong> 16 puertos PoE+<\/li>\n<\/ul><\/div>\n<div style='flex: 1 1 300px; min-width: 280px;'>\n<h3 style='font-size: 22px; border-bottom: 2px solid currentColor; padding-bottom: 5px; margin-top: 0; color: inherit; opacity: 0.8;'>Nivel de ruido<\/h3>\n<ul style='padding-left: 20px; font-size: 15px; color: inherit;'>\n<li style='margin-bottom: 5px;'><strong>Sin carga PoE:<\/strong> 41 dBA<\/li>\n<li style='margin-bottom: 5px;'><strong>Carga completa PoE+:<\/strong> 47&comma;1 dBA<\/li>\n<li style='margin-bottom: 5px;'><strong>Nota:<\/strong> Los valores de ruido dependen de la temperatura ambiente&comma; no de la carga POE. Por encima de 25\u00b0C&comma; el ventilador funciona a toda velocidad.<\/li>\n<\/ul><\/div>\n<\/p><\/div>\n<p> <!-- Tabla de capacidad PoE --> <\/p>\n<div style='display: flex; flex-wrap: wrap; gap: 30px; margin-bottom: 30px;'>\n<div style='flex: 1 1 300px; min-width: 280px;'>\n<h3 style='font-size: 22px; border-bottom: 2px solid currentColor; padding-bottom: 5px; margin-top: 0; color: inherit; opacity: 0.8;'>Capacidad PoE+<\/h3>\n<ul style='padding-left: 20px; font-size: 15px; color: inherit;'>\n<li style='margin-bottom: 5px;'><strong>PoE (7&comma;5 W):<\/strong> Hasta 16 dispositivos<\/li>\n<li style='margin-bottom: 5px;'><strong>PoE (15&comma;4 W):<\/strong> Hasta 12 dispositivos<\/li>\n<li style='margin-bottom: 5px;'><strong>PoE+ (30W):<\/strong> Hasta 6 dispositivos<\/li>\n<\/ul><\/div>\n<\/p><\/div>\n<p> <!-- Garant\u00eda --> <\/p>\n<div style='margin-bottom: 30px;'>\n<h3 style='font-size: 22px; border-bottom: 2px solid currentColor; padding-bottom: 5px; margin-top: 0; color: inherit; opacity: 0.8;'>Garant\u00eda<\/h3>\n<p style='font-size: 15px; margin-bottom: 15px; color: inherit;'> 1+1 a\u00f1o&comma; solo si el equipo es registrado en el siguiente link: <\/p>\n<p style='margin: 0;'> <a href='http:\/\/www.alliedtelesis.com\/support\/maintenance-and-warranty\/register' style='color: inherit; text-decoration: underline;'> http:\/\/www.alliedtelesis.com\/support\/maintenance-and-warranty\/register <\/a> <\/p>\n<\/p><\/div>\n<p> <!-- Separador final --> <\/p>\n<hr style='border: 0; border-top: 1px solid rgba(150&comma; 150&comma; 150&comma; 0.3); margin: 30px 0;'> <\/div>\n","protected":false},"excerpt":{"rendered":"<p>Switch PoE+ Gigabit WebSmart de 16 puertos 10\/100\/1000 Mbps (2 x Combo) + 2 puertos gigabit SFP (Combo), 185 W<\/p>\n","protected":false},"featured_media":107141,"comment_status":"open","ping_status":"closed","template":"","meta":[],"product_brand":[],"product_cat":[1986],"product_tag":[1995,664,1987],"class_list":{"0":"post-107142","1":"product","2":"type-product","3":"status-publish","4":"has-post-thumbnail","6":"product_cat-switches-poe","7":"product_tag-allied-telesis","8":"product_tag-networking","9":"product_tag-switches-poe","11":"first","12":"instock","13":"sale","14":"shipping-taxable","15":"purchasable","16":"product-type-simple"},"_links":{"self":[{"href":"https:\/\/soydeaqui.ddns.net\/pachuca\/index.php\/wp-json\/wp\/v2\/product\/107142","targetHints":{"allow":["GET"]}}],"collection":[{"href":"https:\/\/soydeaqui.ddns.net\/pachuca\/index.php\/wp-json\/wp\/v2\/product"}],"about":[{"href":"https:\/\/soydeaqui.ddns.net\/pachuca\/index.php\/wp-json\/wp\/v2\/types\/product"}],"replies":[{"embeddable":true,"href":"https:\/\/soydeaqui.ddns.net\/pachuca\/index.php\/wp-json\/wp\/v2\/comments?post=107142"}],"wp:featuredmedia":[{"embeddable":true,"href":"https:\/\/soydeaqui.ddns.net\/pachuca\/index.php\/wp-json\/wp\/v2\/media\/107141"}],"wp:attachment":[{"href":"https:\/\/soydeaqui.ddns.net\/pachuca\/index.php\/wp-json\/wp\/v2\/media?parent=107142"}],"wp:term":[{"taxonomy":"product_brand","embeddable":true,"href":"https:\/\/soydeaqui.ddns.net\/pachuca\/index.php\/wp-json\/wp\/v2\/product_brand?post=107142"},{"taxonomy":"product_cat","embeddable":true,"href":"https:\/\/soydeaqui.ddns.net\/pachuca\/index.php\/wp-json\/wp\/v2\/product_cat?post=107142"},{"taxonomy":"product_tag","embeddable":true,"href":"https:\/\/soydeaqui.ddns.net\/pachuca\/index.php\/wp-json\/wp\/v2\/product_tag?post=107142"}],"curies":[{"name":"wp","href":"https:\/\/api.w.org\/{rel}","templated":true}]}}