{"id":107122,"date":"2026-03-20T16:52:12","date_gmt":"2026-03-20T16:52:12","guid":{"rendered":"https:\/\/soydeaqui.ddns.net\/pachuca\/index.php\/producto\/pantalla-profesional-de-46-para-video-wall-full-hd-1080p-hdmi-dvi-d-bisel-ultra-delgado-de-2-25mm-compatible-vesa\/"},"modified":"2026-03-20T16:52:39","modified_gmt":"2026-03-20T16:52:39","slug":"pantalla-profesional-de-46-para-video-wall-full-hd-1080p-hdmi-dvi-d-bisel-ultra-delgado-de-2-25mm-compatible-vesa","status":"publish","type":"product","link":"https:\/\/soydeaqui.ddns.net\/pachuca\/index.php\/producto\/pantalla-profesional-de-46-para-video-wall-full-hd-1080p-hdmi-dvi-d-bisel-ultra-delgado-de-2-25mm-compatible-vesa\/","title":{"rendered":"Pantalla Profesional de 46&#8243; para Video Wall, Full HD (1080p), HDMI\/DVI-D, Bisel Ultra Delgado de 2.25mm. Compatible VESA"},"content":{"rendered":"<div style='width: 100%; max-width: 1200px; margin: 0 auto; font-family: sans-serif; line-height: 1.6; color: inherit; background-color: transparent;'> <!-- Imagen principal --> <\/p>\n<div style='margin-bottom: 30px;'> <img style='width: 100%; height: auto; border: 1px solid rgba(150&comma;150&comma;150&comma;0.3); border-radius: 8px;' src='https:\/\/image-us.samsung.com\/SamsungUS\/samsungbusiness\/display\/lcd-videowalls\/vm-series\/vmb-u-series-46-lh46vmbubgbxgo\/feature\/PDP_Feature_Benefit_Bottom_PC_VMB-U_01.jpg' alt=''> <\/p>\n<h3 style='font-size: 22px; border-bottom: 2px solid currentColor; padding-bottom: 5px; margin-top: 20px; margin-bottom: 15px; color: inherit; opacity: 0.8; text-align: center;'>Bisel Ultra Delgado<\/h3>\n<\/p><\/div>\n<p> <!-- Secci\u00f3n de im\u00e1genes adicionales --> <\/p>\n<div style='display: grid; grid-template-columns: repeat(auto-fill&comma; minmax(280px&comma; 1fr)); gap: 30px; margin-bottom: 30px;'>\n<div> <img style='width: 100%; height: auto; border: 1px solid rgba(150&comma;150&comma;150&comma;0.3); border-radius: 8px;' src='https:\/\/image-us.samsung.com\/SamsungUS\/samsungbusiness\/display\/lcd-videowalls\/vm-series\/vmb-u-series-46-lh46vmbubgbxgo\/feature\/PDP_Feature_Benefit_Bottom_PC_VMB-U_02.jpg' alt=''> <\/p>\n<h4 style='font-size: 18px; margin-top: 15px; text-align: center; color: inherit;'>Mire el contenido desde cualquier angulo<\/h4>\n<\/p><\/div>\n<div> <img style='width: 100%; height: auto; border: 1px solid rgba(150&comma;150&comma;150&comma;0.3); border-radius: 8px;' src='https:\/\/image-us.samsung.com\/SamsungUS\/samsungbusiness\/display\/lcd-videowalls\/vm-series\/vmb-u-series-46-lh46vmbubgbxgo\/feature\/PDP_Feature_Benefit_Bottom_PC_VMB-U_03.jpg' alt=''> <\/p>\n<h4 style='font-size: 18px; margin-top: 15px; text-align: center; color: inherit;'>Imagen brillante en cualquier iluminacion<\/h4>\n<\/p><\/div>\n<div> <img style='width: 100%; height: auto; border: 1px solid rgba(150&comma;150&comma;150&comma;0.3); border-radius: 8px;' src='https:\/\/image-us.samsung.com\/SamsungUS\/samsungbusiness\/display\/lcd-videowalls\/vm-series\/vmb-u-series-46-lh46vmbubgbxgo\/feature\/PDP_Feature_Benefit_Bottom_PC_VMB-U_04.jpg' alt=''> <\/p>\n<h4 style='font-size: 18px; margin-top: 15px; text-align: center; color: inherit;'>Tecnolog\u00eda de visualizaci\u00f3n avanzada<\/h4>\n<\/p><\/div>\n<\/p><\/div>\n<p> <!-- Secci\u00f3n de garant\u00eda --> <\/p>\n<div style='margin-bottom: 30px;'>\n<h3 style='font-size: 22px; border-bottom: 2px solid currentColor; padding-bottom: 5px; margin-top: 0; color: inherit; opacity: 0.8;'>Pol\u00edtica de Garant\u00eda<\/h3>\n<p style='font-size: 15px; color: inherit; margin: 15px 0;'>SYSCOM se apega a las pol\u00edticas de garant\u00eda de cada proveedor de la marca y\/o f\u00e1brica.<\/p>\n<p style='font-size: 15px; color: inherit; margin: 15px 0;'>La cobertura de garant\u00eda por defecto de f\u00e1brica y\/o mal funcionamiento es de 30 d\u00edas con Syscom. Posterior a este periodo&comma; la garant\u00eda es directa con el fabricante.<\/p>\n<p style='font-size: 15px; color: inherit; margin: 15px 0;'>En quebraduras&comma; da\u00f1os f\u00edsicos de equipo y\/o empaque da\u00f1ado&comma; reportarlo dentro de las 24 horas posteriores a la fecha de recepci\u00f3n para el reclamo a paqueter\u00eda.<\/p>\n<p style='font-size: 15px; color: inherit; margin: 15px 0; text-align: center;'><strong>3 A\u00f1os de garant\u00eda con fabricante<\/strong><\/p>\n<p style='font-size: 15px; color: inherit; margin: 15px 0; text-align: center;'><a style='color: inherit; text-decoration: underline;' href='https:\/\/www.samsung.com\/mx\/support\/warranty\/' target='_blank' rel='noopener'>GARANT\u00cdA<\/a><\/p>\n<\/p><\/div>\n<p> <!-- Secci\u00f3n de especificaciones --> <\/p>\n<div style='display: flex; flex-wrap: wrap; gap: 20px; margin-bottom: 30px;'>\n<div style='flex: 1 1 250px; border: 1px solid rgba(150&comma; 150&comma; 150&comma; 0.4); border-radius: 8px; overflow: hidden; display: flex; flex-direction: column;'>\n<div style='padding: 15px; border-bottom: 1px solid rgba(150&comma; 150&comma; 150&comma; 0.2); font-weight: bold; font-size: 18px; color: inherit;'>Caracter\u00edsticas principales<\/div>\n<div style='padding: 15px; color: inherit;'>\n<ul style='padding-left: 20px; margin: 0; font-size: 14px; list-style-type: disc;'>\n<li style='margin-bottom: 5px;'><strong>Tama\u00f1o diagonal:<\/strong> 46&#8242;<\/li>\n<li style='margin-bottom: 5px;'><strong>Resoluci\u00f3n:<\/strong> 1920 x 1080 pix.<\/li>\n<li style='margin-bottom: 5px;'><strong>Relaci\u00f3n de aspecto:<\/strong> 16:9<\/li>\n<li style='margin-bottom: 5px;'><strong>Brillo:<\/strong> 500 nit.<\/li>\n<li style='margin-bottom: 5px;'><strong>Bisel:<\/strong> 2.25 (arriba&comma; izquierda) x 1.25 (derecha&comma; abajo) mm<\/li>\n<li style='margin-bottom: 5px;'><strong>Relaci\u00f3n de contraste:<\/strong> 1200:1<\/li>\n<li style='margin-bottom: 5px;'><strong>Sharpness:<\/strong> 1200:1<\/li>\n<li style='margin-bottom: 5px;'><strong>Dynamic C\/R:<\/strong> 45&comma;000:1<\/li>\n<li style='margin-bottom: 5px;'><strong>Aplicable:<\/strong> Solo para video<\/li>\n<li style='margin-bottom: 5px;'><strong>Operaci\u00f3n:<\/strong> 24\/7<\/li>\n<\/ul><\/div>\n<\/p><\/div>\n<div style='flex: 1 1 250px; border: 1px solid rgba(150&comma; 150&comma; 150&comma; 0.4); border-radius: 8px; overflow: hidden; display: flex; flex-direction: column;'>\n<div style='padding: 15px; border-bottom: 1px solid rgba(150&comma; 150&comma; 150&comma; 0.2); font-weight: bold; font-size: 18px; color: inherit;'>Conectividad<\/div>\n<div style='padding: 15px; color: inherit;'>\n<ul style='padding-left: 20px; margin: 0; font-size: 14px; list-style-type: disc;'>\n<li style='margin-bottom: 5px;'><strong>Entradas de Video:<\/strong> DVI-D&comma; Display port&comma; 2 x HDMI<\/li>\n<li style='margin-bottom: 5px;'><strong>Entrada de Audio:<\/strong> Mini Jack Est\u00e9reo<\/li>\n<li style='margin-bottom: 5px;'><strong>Salidas de Audio:<\/strong> Mini Jack Est\u00e9reo<\/li>\n<li style='margin-bottom: 5px;'><strong>Salida de lazo Display port:<\/strong> 1.2 (Daisy chain) para Videowall<\/li>\n<\/ul><\/div>\n<div style='padding: 15px; border-top: 1px solid rgba(150&comma; 150&comma; 150&comma; 0.2); color: inherit;'>\n<h4 style='margin-top: 0; margin-bottom: 10px; font-size: 16px; font-weight: bold; color: inherit;'>Control externo<\/h4>\n<ul style='padding-left: 20px; margin: 0; font-size: 14px; list-style-type: disc;'>\n<li style='margin-bottom: 5px;'>Puerto RS-232C<\/li>\n<li style='margin-bottom: 5px;'>Puerto RJ45<\/li>\n<li style='margin-bottom: 5px;'>Sensor externo IR<\/li>\n<\/ul><\/div>\n<div style='padding: 15px; border-top: 1px solid rgba(150&comma; 150&comma; 150&comma; 0.2); color: inherit;'>\n<h4 style='margin-top: 0; margin-bottom: 10px; font-size: 16px; font-weight: bold; color: inherit;'>Montajes compatibles para videowall<\/h4>\n<ul style='padding-left: 20px; margin: 0; font-size: 14px; list-style-type: disc;'>\n<li style='margin-bottom: 5px;'><a style='color: inherit; text-decoration: underline;' href='https:\/\/syscom.pro\/products\/194585' target='_blank' rel='noopener'>DS-DN4601W<\/a><\/li>\n<li style='margin-bottom: 5px;'><a style='color: inherit; text-decoration: underline;' href='https:\/\/syscom.pro\/products\/236048' target='_blank' rel='noopener'>EMLCW1UP40068<\/a><\/li>\n<li style='margin-bottom: 5px;'><a style='color: inherit; text-decoration: underline;' href='https:\/\/syscom.pro\/products\/195361' target='_blank' rel='noopener'>DS-DN46C2M\/F<\/a> (requiere base de piso <a style='color: inherit; text-decoration: underline;' href='https:\/\/syscom.pro\/products\/195360' target='_blank' rel='noopener'>DS-DN46C2M\/B<\/a>)<\/li>\n<\/ul><\/div>\n<\/p><\/div>\n<div style='flex: 1 1 250px; border: 1px solid rgba(150&comma; 150&comma; 150&comma; 0.4); border-radius: 8px; overflow: hidden; display: flex; flex-direction: column;'>\n<div style='padding: 15px; border-bottom: 1px solid rgba(150&comma; 150&comma; 150&comma; 0.2); font-weight: bold; font-size: 18px; color: inherit;'>Caracter\u00edsticas f\u00edsicas y el\u00e9ctricas<\/div>\n<div style='padding: 15px; color: inherit;'>\n<ul style='padding-left: 20px; margin: 0; font-size: 14px; list-style-type: disc;'>\n<li style='margin-bottom: 5px;'><strong>Temperatura de operaci\u00f3n:<\/strong> 0 a 40 \u00b0C<\/li>\n<li style='margin-bottom: 5px;'><strong>Alimentaci\u00f3n:<\/strong> 100-240 Vca&comma; 176 W.<\/li>\n<li style='margin-bottom: 5px;'><strong>Compatible con VESA:<\/strong> 600 x 400 mm<\/li>\n<li style='margin-bottom: 5px;'><strong>Dimensiones:<\/strong> 1022.1 x 576.6 x 69.9 mm<\/li>\n<li style='margin-bottom: 5px;'><strong>Peso:<\/strong> 15.7 Kg<\/li>\n<li style='margin-bottom: 5px;'><strong>Accesorios:<\/strong> No incluye montajes de pared ni de escritorio<\/li>\n<\/ul><\/div>\n<\/p><\/div>\n<\/p><\/div>\n<p> <!-- Separador final --> <\/p>\n<hr style='border: 0; border-top: 1px solid rgba(150&comma; 150&comma; 150&comma; 0.3); margin: 30px 0;'> <\/div>\n","protected":false},"excerpt":{"rendered":"<p>Pantalla Profesional de 46&#8243; para Video Wall, Full HD (1080p), HDMI\/DVI-D, Bisel Ultra Delgado de 2.25mm. Compatible VESA<\/p>\n","protected":false},"featured_media":107121,"comment_status":"open","ping_status":"closed","template":"","meta":[],"product_brand":[],"product_cat":[2360],"product_tag":[2193,2361,2242],"class_list":{"0":"post-107122","1":"product","2":"type-product","3":"status-publish","4":"has-post-thumbnail","6":"product_cat-videowall-lcd","7":"product_tag-samsung-electronics","8":"product_tag-videowall-lcd","9":"product_tag-videowalls","11":"first","12":"instock","13":"sale","14":"shipping-taxable","15":"purchasable","16":"product-type-simple"},"_links":{"self":[{"href":"https:\/\/soydeaqui.ddns.net\/pachuca\/index.php\/wp-json\/wp\/v2\/product\/107122","targetHints":{"allow":["GET"]}}],"collection":[{"href":"https:\/\/soydeaqui.ddns.net\/pachuca\/index.php\/wp-json\/wp\/v2\/product"}],"about":[{"href":"https:\/\/soydeaqui.ddns.net\/pachuca\/index.php\/wp-json\/wp\/v2\/types\/product"}],"replies":[{"embeddable":true,"href":"https:\/\/soydeaqui.ddns.net\/pachuca\/index.php\/wp-json\/wp\/v2\/comments?post=107122"}],"wp:featuredmedia":[{"embeddable":true,"href":"https:\/\/soydeaqui.ddns.net\/pachuca\/index.php\/wp-json\/wp\/v2\/media\/107121"}],"wp:attachment":[{"href":"https:\/\/soydeaqui.ddns.net\/pachuca\/index.php\/wp-json\/wp\/v2\/media?parent=107122"}],"wp:term":[{"taxonomy":"product_brand","embeddable":true,"href":"https:\/\/soydeaqui.ddns.net\/pachuca\/index.php\/wp-json\/wp\/v2\/product_brand?post=107122"},{"taxonomy":"product_cat","embeddable":true,"href":"https:\/\/soydeaqui.ddns.net\/pachuca\/index.php\/wp-json\/wp\/v2\/product_cat?post=107122"},{"taxonomy":"product_tag","embeddable":true,"href":"https:\/\/soydeaqui.ddns.net\/pachuca\/index.php\/wp-json\/wp\/v2\/product_tag?post=107122"}],"curies":[{"name":"wp","href":"https:\/\/api.w.org\/{rel}","templated":true}]}}