{"id":107102,"date":"2026-03-20T16:51:08","date_gmt":"2026-03-20T16:51:08","guid":{"rendered":"https:\/\/soydeaqui.ddns.net\/pachuca\/index.php\/producto\/kit-extensor-kvm-hdmi-y-usb-2-0-hasta-100-metros-resolucion-4k-30-hz-cat-6-6a-7-cero-latencia-salida-loop-soporta-switch-gigabit-para-control-kvm-multiple-soporta-hasta-253\/"},"modified":"2026-03-20T16:51:20","modified_gmt":"2026-03-20T16:51:20","slug":"kit-extensor-kvm-hdmi-y-usb-2-0-hasta-100-metros-resolucion-4k-30-hz-cat-6-6a-7-cero-latencia-salida-loop-soporta-switch-gigabit-para-control-kvm-multiple-soporta-hasta-253","status":"publish","type":"product","link":"https:\/\/soydeaqui.ddns.net\/pachuca\/index.php\/producto\/kit-extensor-kvm-hdmi-y-usb-2-0-hasta-100-metros-resolucion-4k-30-hz-cat-6-6a-7-cero-latencia-salida-loop-soporta-switch-gigabit-para-control-kvm-multiple-soporta-hasta-253\/","title":{"rendered":"Kit extensor KVM (HDMI y USB 2.0) hasta 100 metros \/ Resoluci\u00f3n 4K @ 30 Hz \/ Cat 6\/6A\/7 \/ CERO LATENCIA \/ Salida Loop \/ Soporta Switch Gigabit para control KVM m\u00faltiple \/ Soporta hasta 253"},"content":{"rendered":"<div style='width: 100%; max-width: 1200px; margin: 0 auto; font-family: sans-serif; line-height: 1.6; color: inherit; background-color: transparent;'> <!-- T\u00edtulos principales --> <\/p>\n<div style='width: 100%;'>\n<h1 style='color: inherit; text-align: center; font-size: 32px; margin: 0 0 10px 0;'><strong>TT671KVM<\/strong><\/h1>\n<h3 style='color: inherit; opacity: 0.8; text-align: center; margin: 0 0 20px 0; font-size: 18px; font-weight: normal;'>Kit extensor KVM (Teclado&comma; video&comma; Mouse) HDMI 4K @ 30Hz&comma; 100 metros con cable CAT6\/6A\/7&comma; Soporta control de m\u00faltiples KVM<\/h3>\n<\/p><\/div>\n<p> <!-- Descripci\u00f3n principal --> <\/p>\n<div style='width: 100%; margin-bottom: 30px;'>\n<p style='text-align: center; margin: 0 auto; max-width: 800px; padding: 0 20px; font-size: 15px; color: inherit;'>El TT671KVM es un extensor HDMI KVM que incluye una unidad transmisora y una unidad receptora&comma; la se\u00f1al se puede extender a 100 metros con cable CAT6\/6A\/7 sin compresi\u00f3n y latencia nula. Es compatible con EDID Pass back y conexi\u00f3n de uno a muchos a trav\u00e9s de un Switch gigabit. La resoluci\u00f3n admitida es de hasta 4KX2K@30Hz. Es compatible con la funci\u00f3n KVM (Keyboard&comma; Video&comma; Mouse) permite acceder a un sistema inform\u00e1tico desde una consola remota mediante un mouse y un teclado USB. Es \u00fatil para el control y prop\u00f3sitos de seguridad. Por lo tanto&comma; es ampliamente utilizado en el centro de comando&comma; centro de control de datos&comma; banco&comma; gobierno&comma; empresa etc.<\/p>\n<\/p><\/div>\n<p> <!-- Secci\u00f3n de caracter\u00edsticas --> <\/p>\n<div style='display: flex; flex-wrap: wrap; gap: 30px; margin-bottom: 30px;'>\n<div style='flex: 1 1 300px; min-width: 280px;'> <img style='width: 100%; height: auto; border: 1px solid rgba(150&comma;150&comma;150&comma;0.3); border-radius: 8px; margin-bottom: 15px;' src='http:\/\/ftp3.syscom.mx\/usuarios\/hallende\/EPCOM%20Titanium\/TT-671-KVM\/TT671KVM-2.jpg' alt=''> <\/p>\n<h3 style='font-size: 22px; border-bottom: 2px solid currentColor; padding-bottom: 5px; margin-top: 0; margin-bottom: 15px; color: inherit; opacity: 0.8;'>Caracter\u00edsticas principales:<\/h3>\n<ul style='padding-left: 20px; font-size: 15px; color: inherit;'>\n<li style='margin-bottom: 5px;'>Admite control y gesti\u00f3n remota de KVM (Teclado&comma; V\u00eddeo&comma; Mouse)<\/li>\n<li style='margin-bottom: 5px;'>Admite conexi\u00f3n de uno a muchos y controla KVM m\u00faltiple a trav\u00e9s de un switch gigabit<\/li>\n<li style='margin-bottom: 5px;'>Extiende la se\u00f1al HDMI hasta 100m\/328 pies usando un solo cable de red<\/li>\n<li style='margin-bottom: 5px;'>Soporta resoluci\u00f3n 4K\u00d72K@60Hz entrada 4K\u00d72K@30Hz salida.&comma; YUV 4:4:4<\/li>\n<li style='margin-bottom: 5px;'>Compatible con cables de red UTP Cat 6\/6A\/7.<\/li>\n<li style='margin-bottom: 5px;'>Compatible con LAN est\u00e1ndar 802.3 Ethernet 10\/100\/1000Mbps<\/li>\n<li style='margin-bottom: 5px;'>latencia cero<\/li>\n<\/ul><\/div>\n<div style='flex: 1 1 300px; min-width: 280px;'> <img style='width: 100%; height: auto; border: 1px solid rgba(150&comma;150&comma;150&comma;0.3); border-radius: 8px; margin-bottom: 15px;' src='http:\/\/ftp3.syscom.mx\/usuarios\/hallende\/EPCOM%20Titanium\/TT-671-KVM\/TT671KVM-3.jpg' alt=''> <\/p>\n<h3 style='font-size: 22px; border-bottom: 2px solid currentColor; padding-bottom: 5px; margin-top: 0; margin-bottom: 15px; color: inherit; opacity: 0.8;'>Caracter\u00edsticas F\u00edsicas y El\u00e9ctricas:<\/h3>\n<ul style='padding-left: 20px; font-size: 15px; color: inherit;'>\n<li style='margin-bottom: 5px;'><strong>Alimentaci\u00f3n:<\/strong> 5 Vcc&comma; 1 A (Fuentes de alimentaci\u00f3n incluidas)<\/li>\n<li style='margin-bottom: 5px;'><strong>Potencia de consumo:<\/strong> TX:3W RX:2W<\/li>\n<li style='margin-bottom: 5px;'><strong>Dimensiones TX;RX:<\/strong> 132&comma;37 mm (largo) \u00d7 89&comma;70 mm (ancho) \u00d7 24&comma;90 mm (alto)<\/li>\n<li style='margin-bottom: 5px;'><strong>Peso:<\/strong> TX: 320 g; RX: 310 g<\/li>\n<li style='margin-bottom: 5px;'><strong>Temperatura de operaci\u00f3n:<\/strong> -20~60\u00b0C<\/li>\n<li style='margin-bottom: 5px;'><strong>Temperatura de almacenamiento:<\/strong> -30~70\u00b0C<\/li>\n<li style='margin-bottom: 5px;'><strong>Color:<\/strong> Negro<\/li>\n<li style='margin-bottom: 5px;'><strong>Garant\u00eda:<\/strong> 1 A\u00f1o por defectos de fabricaci\u00f3n<\/li>\n<\/ul><\/div>\n<div style='flex: 1 1 300px; min-width: 280px;'> <img style='width: 100%; height: auto; border: 1px solid rgba(150&comma;150&comma;150&comma;0.3); border-radius: 8px; margin-bottom: 15px;' src='http:\/\/ftp3.syscom.mx\/usuarios\/hallende\/EPCOM%20Titanium\/TT-671-KVM\/TT671KVM-4.jpg' alt=''> <\/p>\n<h3 style='font-size: 22px; border-bottom: 2px solid currentColor; padding-bottom: 5px; margin-top: 0; margin-bottom: 15px; color: inherit; opacity: 0.8;'>Caracter\u00edsticas Destacadas:<\/h3>\n<ul style='padding-left: 20px; font-size: 15px; color: inherit;'>\n<li style='margin-bottom: 5px;'>Admite m\u00faltiples controles KVM desde diferentes monitores<\/li>\n<li style='margin-bottom: 5px;'>Soporta mayor ancho de banda 10.2Gbps<\/li>\n<li style='margin-bottom: 5px;'>Soporta hasta 253 receptores.<\/li>\n<li style='margin-bottom: 5px;'>Soporta formatos de audio PCM&comma; LPCM&comma; DTS HD&comma; DTS Audio<\/li>\n<li style='margin-bottom: 5px;'>Soporte HDMI1.4<\/li>\n<li style='margin-bottom: 5px;'>Soporte HDCP2.2<\/li>\n<li style='margin-bottom: 5px;'>Indicadores LED para conocer el estado de la alimentaci\u00f3n y la conexi\u00f3n USB f\u00e1cilmente<\/li>\n<li style='margin-bottom: 5px;'>Dise\u00f1o de carcasa de aleaci\u00f3n de aluminio&comma; estable y duradero.<\/li>\n<li style='margin-bottom: 5px;'>Protecci\u00f3n contra rayos&comma; protecci\u00f3n contra sobretensiones&comma; protecci\u00f3n ESD.<\/li>\n<\/ul><\/div>\n<\/p><\/div>\n<p> <!-- Separador --> <\/p>\n<hr style='border: 0; border-top: 1px solid rgba(150&comma; 150&comma; 150&comma; 0.3); margin: 30px 0;'> <!-- Imagen poster --> <\/p>\n<div style='width: 100%; margin-bottom: 30px;'> <img style='width: 100%; height: auto; border: 1px solid rgba(150&comma;150&comma;150&comma;0.3); border-radius: 8px;' src='http:\/\/ftp3.syscom.mx\/usuarios\/hallende\/EPCOM%20Titanium\/TT-671-KVM\/TT671KVM%20Poster%20Esp.jpg' alt=''> <\/div>\n<p> <!-- PDF --> <\/p>\n<div style='width: 100%; margin-bottom: 30px;'>   <\/div>\n<p> <!-- Diagrama --> <\/p>\n<div style='width: 100%; margin-bottom: 30px;'> <img style='width: 100%; height: auto; border: 1px solid rgba(150&comma;150&comma;150&comma;0.3); border-radius: 8px;' src='https:\/\/ftp3.syscom.mx\/usuarios\/ftp\/single_page\/epcomtitanium\/diagrama-et.jpg' alt=''> <\/div>\n<\/p><\/div>\n","protected":false},"excerpt":{"rendered":"<p>Kit extensor KVM (HDMI y USB 2.0) hasta 100 metros \/ Resoluci\u00f3n 4K @ 30 Hz \/ Cat 6\/6A\/7 \/ CERO LATENCIA \/ Salida Loop \/ Soporta Switch Gigabit para control KVM m\u00faltiple \/ Soporta hasta 253<\/p>\n","protected":false},"featured_media":107101,"comment_status":"open","ping_status":"closed","template":"","meta":[],"product_brand":[],"product_cat":[2073,2074,2077,2075,2072,2076],"product_tag":[417,2079,2080,2083,507,2081,2078,2082],"class_list":{"0":"post-107102","1":"product","2":"type-product","3":"status-publish","4":"has-post-thumbnail","6":"product_cat-convertidores","7":"product_cat-divisores","8":"product_cat-dvi","9":"product_cat-hdmi","10":"product_cat-kits-extensores","11":"product_cat-vga","12":"product_tag-accesorios-generales","13":"product_tag-convertidores","14":"product_tag-divisores","15":"product_tag-dvi","16":"product_tag-epcom-titanium","17":"product_tag-hdmi","18":"product_tag-kits-extensores","19":"product_tag-vga","21":"first","22":"instock","23":"sale","24":"shipping-taxable","25":"purchasable","26":"product-type-simple"},"_links":{"self":[{"href":"https:\/\/soydeaqui.ddns.net\/pachuca\/index.php\/wp-json\/wp\/v2\/product\/107102","targetHints":{"allow":["GET"]}}],"collection":[{"href":"https:\/\/soydeaqui.ddns.net\/pachuca\/index.php\/wp-json\/wp\/v2\/product"}],"about":[{"href":"https:\/\/soydeaqui.ddns.net\/pachuca\/index.php\/wp-json\/wp\/v2\/types\/product"}],"replies":[{"embeddable":true,"href":"https:\/\/soydeaqui.ddns.net\/pachuca\/index.php\/wp-json\/wp\/v2\/comments?post=107102"}],"wp:featuredmedia":[{"embeddable":true,"href":"https:\/\/soydeaqui.ddns.net\/pachuca\/index.php\/wp-json\/wp\/v2\/media\/107101"}],"wp:attachment":[{"href":"https:\/\/soydeaqui.ddns.net\/pachuca\/index.php\/wp-json\/wp\/v2\/media?parent=107102"}],"wp:term":[{"taxonomy":"product_brand","embeddable":true,"href":"https:\/\/soydeaqui.ddns.net\/pachuca\/index.php\/wp-json\/wp\/v2\/product_brand?post=107102"},{"taxonomy":"product_cat","embeddable":true,"href":"https:\/\/soydeaqui.ddns.net\/pachuca\/index.php\/wp-json\/wp\/v2\/product_cat?post=107102"},{"taxonomy":"product_tag","embeddable":true,"href":"https:\/\/soydeaqui.ddns.net\/pachuca\/index.php\/wp-json\/wp\/v2\/product_tag?post=107102"}],"curies":[{"name":"wp","href":"https:\/\/api.w.org\/{rel}","templated":true}]}}