{"id":107085,"date":"2026-03-20T16:50:16","date_gmt":"2026-03-20T16:50:16","guid":{"rendered":"https:\/\/soydeaqui.ddns.net\/pachuca\/index.php\/producto\/proteccion-activa-domo-ptz-ip-2-megapixel-25x-zoom-200-mts-ir-acusense-evita-falsas-alarmas-ip66-ik10-alerta-audible-y-luz-estroboscopica-autoseguimiento-2-0-hi-poe-darkfighter-2\/"},"modified":"2026-03-20T16:50:17","modified_gmt":"2026-03-20T16:50:17","slug":"proteccion-activa-domo-ptz-ip-2-megapixel-25x-zoom-200-mts-ir-acusense-evita-falsas-alarmas-ip66-ik10-alerta-audible-y-luz-estroboscopica-autoseguimiento-2-0-hi-poe-darkfighter-2","status":"publish","type":"product","link":"https:\/\/soydeaqui.ddns.net\/pachuca\/index.php\/producto\/proteccion-activa-domo-ptz-ip-2-megapixel-25x-zoom-200-mts-ir-acusense-evita-falsas-alarmas-ip66-ik10-alerta-audible-y-luz-estroboscopica-autoseguimiento-2-0-hi-poe-darkfighter-2\/","title":{"rendered":"[ PROTECCI\u00d3N ACTIVA ] Domo PTZ IP 2 Megapixel \/ 25X Zoom \/ 200 mts IR \/ ACUSENSE (Evita Falsas Alarmas) \/ IP66 \/ IK10 \/ Alerta Audible y Luz Estrobosc\u00f3pica \/ Autoseguimiento 2.0 \/ Hi-PoE \/ DARKFIGHTER \/ Rapid Focus \/ MicroSD"},"content":{"rendered":"<div style='width: 100%; max-width: 1200px; margin: 0 auto; font-family: sans-serif; line-height: 1.6; color: inherit; background-color: transparent;'> <!-- Banner inicial --> <\/p>\n<p style='text-align: center; margin: 0; padding: 20px 0;'> <img style='width: 45%; height: auto; border: 1px solid rgba(150&comma;150&comma;150&comma;0.3); border-radius: 8px;' src='https:\/\/ftp3.syscom.mx\/usuarios\/jsosa\/HIKVISION\/imagenes\/logo\/hikvision%20see%20far.png' alt='Logo Hikvision'> <\/p>\n<p> <!-- T\u00edtulo --> <\/p>\n<div style='text-align: center; margin: 30px 0;'>\n<h1 style='font-size: 24px; margin: 0; color: #232a6f; font-family: sans-serif;'>Especif\u00edcaciones<\/h1>\n<\/p><\/div>\n<p> <!-- Secci\u00f3n de caracter\u00edsticas --> <\/p>\n<div style='display: flex; flex-wrap: wrap; gap: 30px; margin-bottom: 30px;'> <!-- Caracter\u00edsticas Principales --> <\/p>\n<div style='flex: 1 1 300px; min-width: 280px;'>\n<div style='border: 1px solid rgba(150&comma; 150&comma; 150&comma; 0.4); border-radius: 8px; overflow: hidden; background-color: rgba(255&comma;255&comma;255&comma;0.05);'>\n<div style='padding: 15px; font-weight: bold; font-size: 16px; background-color: #df001e; color: white;'>Caracter\u00edsticas Principales<\/div>\n<div style='padding: 15px;'>\n<ul style='padding-left: 20px; font-size: 14px; margin: 0; list-style-type: disc;'>\n<li style='margin-bottom: 5px;'>Resoluci\u00f3n m\u00e1xima: 2 Megapixel (1920 x 1080)<\/li>\n<li style='margin-bottom: 5px;'>Iluminaci\u00f3n m\u00ednima: color 0.005 Lux @ (F1.2&comma; AGC ON)<\/li>\n<li style='margin-bottom: 5px;'>D\u00eda \/ Noche Real (filtro ICR)<\/li>\n<li style='margin-bottom: 5px;'>Distancia focal: 4.8 a 120 mm (25X zoom \u00f3ptico \/ 16X zoom digital)<\/li>\n<li style='margin-bottom: 5px;'>Distancia de infrarrojo: 200 mts Smart IR<\/li>\n<li style='margin-bottom: 5px;'>Funciones normales: HLC \/ ROI \/ WDR 120 dB \/ BLC \/ Intrusi\u00f3n de \u00e1rea \/ Cruece de l\u00ednea \/ Defog \/ EIS<\/li>\n<li style='margin-bottom: 5px;'>Compresi\u00f3n: H.265+ \/ H.265 \/ H.264+ \/ H.264<\/li>\n<li style='margin-bottom: 5px;'>Compatible con la plataforma de Hik-Connect <a href='https:\/\/appstore.hikvision.com\/' target='_blank' rel='noopener' style='color: #0d6efd; text-decoration: none;'>https:\/\/appstore.hikvision.com\/<\/a><\/li>\n<li style='margin-bottom: 5px; font-weight: bold;'>Alerta audible (bocina integrada)<\/li>\n<li style='margin-bottom: 5px; font-weight: bold;'>Luz estrobosc\u00f3pica (luz blanca)<\/li>\n<\/ul><\/div>\n<\/p><\/div>\n<\/p><\/div>\n<p> <!-- Caracter\u00edsticas F\u00edsicas y El\u00e9ctricas --> <\/p>\n<div style='flex: 1 1 300px; min-width: 280px;'>\n<div style='border: 1px solid rgba(150&comma; 150&comma; 150&comma; 0.4); border-radius: 8px; overflow: hidden; background-color: rgba(255&comma;255&comma;255&comma;0.05);'>\n<div style='padding: 15px; font-weight: bold; font-size: 16px; background-color: #df001e; color: white;'>Caracter\u00edsticas F\u00edsicas y El\u00e9ctricas<\/div>\n<div style='padding: 15px;'>\n<ul style='padding-left: 20px; font-size: 14px; margin: 0; list-style-type: disc;'>\n<li style='margin-bottom: 5px;'>Alimentaci\u00f3n: 24 VCA \/ Hi-PoE \/ 42 W<\/li>\n<li style='margin-bottom: 5px;'>Temperatura de operaci\u00f3n: -30\u00b0C a 65\u00b0C \/ Humedad al 90% m\u00e1ximo<\/li>\n<li style='margin-bottom: 5px;'>Uso en exterior IP66<\/li>\n<li style='margin-bottom: 5px;'>Antivand\u00e1lico IK10<\/li>\n<li style='margin-bottom: 5px;'>El PTZ incluye brazo de pared <a href='https:\/\/www.syscom.mx\/producto\/DS-1602ZJ-HIKVISION-77700.html' target='_blank' rel='noopener' style='color: #0d6efd; text-decoration: none;'>DS-1602ZJ<\/a><\/li>\n<li style='margin-bottom: 5px;'>Protecci\u00f3n contra sobretensiones y protecci\u00f3n contra voltajes transistorios<\/li>\n<li style='margin-bottom: 5px;'>Dimensiones: 220 x 363.3 mm<\/li>\n<li style='margin-bottom: 5px;'>Peso: 5 Kgs<\/li>\n<li style='margin-bottom: 5px;'>Se recomienda usar el modelo <strong><a href='https:\/\/www.syscom.mx\/producto\/LAS60-57CN-RJ45-HIKVISION-72655.html' target='_blank' rel='noopener' style='color: #0d6efd; text-decoration: none;'>LAS-6057-CNRJ45<\/a><\/strong> en caso de que requieran alimentar el domo por medio de PoE<\/li>\n<li style='margin-bottom: 5px; font-weight: bold;'>No incluye fuente de alimentaci\u00f3n&comma; Se recomienda usar <a href='https:\/\/www.syscom.mx\/products\/229336' target='_blank' rel='noopener' style='color: #0d6efd; text-decoration: none;'>RT2470LS<\/a><\/li>\n<li style='margin-top: 15px;'>Consulte la ficha t\u00e9cnica para validar los accesorios compatibles&comma; de clic <a href='https:\/\/ftp3.syscom.mx\/usuarios\/fcarrillo\/Hikvision\/Specs\/Especificaciones%20Tecnicas%20%20DS-2DE7A225IW-AEBT5_V5.7.1_20220926.pdf' target='_blank' rel='noopener' style='color: #0d6efd; text-decoration: none;'>Aqu\u00ed<\/a><\/li>\n<\/ul><\/div>\n<\/p><\/div>\n<\/p><\/div>\n<\/p><\/div>\n<p> <!-- Secci\u00f3n de interfaces y generales --> <\/p>\n<div style='display: flex; flex-wrap: wrap; gap: 30px; margin-bottom: 30px;'> <!-- Interfaces Entradas y Salidas --> <\/p>\n<div style='flex: 1 1 300px; min-width: 280px;'>\n<div style='border: 1px solid rgba(150&comma; 150&comma; 150&comma; 0.4); border-radius: 8px; overflow: hidden; background-color: rgba(255&comma;255&comma;255&comma;0.05);'>\n<div style='padding: 15px; font-weight: bold; font-size: 16px; background-color: #df001e; color: white;'>Interfaces Entradas y Salidas<\/div>\n<div style='padding: 15px;'>\n<ul style='padding-left: 20px; font-size: 14px; margin: 0; list-style-type: disc;'>\n<li style='margin-bottom: 5px;'>Entradas de alarma: 2<\/li>\n<li style='margin-bottom: 5px;'>Salidas de alarma: 1<\/li>\n<li style='margin-bottom: 5px;'>Entradas de audio: 1<\/li>\n<li style='margin-bottom: 5px;'>Salidas de audio: 1<\/li>\n<li style='margin-bottom: 5px;'>Puerto de red: 1 (10 \/ 100 Mbps \/ Hi-PoE)<\/li>\n<li style='margin-bottom: 5px;'>Almacenamiento micro SD de hasta 256 GB \/ ANR (Automatic Network Recovery)<\/li>\n<li style='margin-bottom: 5px;'>Soporta ONVIF (Profile S&comma; Profile G&comma; Profile T) \/ ISUP<\/li>\n<\/ul><\/div>\n<\/p><\/div>\n<\/p><\/div>\n<p> <!-- Caracter\u00edsticas Generales --> <\/p>\n<div style='flex: 1 1 300px; min-width: 280px;'>\n<div style='border: 1px solid rgba(150&comma; 150&comma; 150&comma; 0.4); border-radius: 8px; overflow: hidden; background-color: rgba(255&comma;255&comma;255&comma;0.05);'>\n<div style='padding: 15px; font-weight: bold; font-size: 16px; background-color: #df001e; color: white;'>Caracter\u00edsticas Generales<\/div>\n<div style='padding: 15px;'>\n<ul style='padding-left: 20px; font-size: 14px; margin: 0; list-style-type: disc;'>\n<li style='margin-bottom: 5px;'>Paneo: 360\u00b0<\/li>\n<li style='margin-bottom: 5px;'>Tildeo: -15\u00b0 a 90\u00ba (auto flip)<\/li>\n<li style='margin-bottom: 5px;'>Preset \/ Patrol \/ Pattern: 300 \/ 8 \/ 4<\/li>\n<li style='margin-bottom: 5px;'>Autoseguimiento 2.0 (ACUSENSE)<\/li>\n<li style='margin-bottom: 5px;'>Funci\u00f3n de PARK ACTION (funci\u00f3n de casa)<\/li>\n<li style='margin-bottom: 5px;'>Soporta tareas calendarizadas<\/li>\n<li style='margin-bottom: 5px;'>Soporta hasta 20 usuarios simult\u00e1neos<\/li>\n<\/ul><\/div>\n<\/p><\/div>\n<\/p><\/div>\n<\/p><\/div>\n<p> <!-- Caracter\u00edsticas destacadas --> <\/p>\n<div style='margin-bottom: 30px;'>\n<div style='border: 1px solid rgba(150&comma; 150&comma; 150&comma; 0.4); border-radius: 8px; overflow: hidden; background-color: rgba(255&comma;255&comma;255&comma;0.05);'>\n<div style='padding: 15px; font-weight: bold; font-size: 16px; background-color: #df001e; color: white;'>Caracter\u00edsticas destacadas<\/div>\n<div style='padding: 15px;'>\n<ul style='padding-left: 20px; font-size: 14px; margin: 0; list-style-type: none;'>\n<li style='margin-bottom: 15px;'>\n<p style='margin: 0 0 8px 0; font-weight: bold; font-size: 15px;'>Tecnolog\u00eda DarkFighter y Bajo Rendimiento de Luz<\/p>\n<ul style='padding-left: 20px; margin: 0; list-style-type: disc;'>\n<li style='margin-bottom: 5px;'>Ofrece una excelente calidad de imagen en condiciones de poca luz&comma; con una iluminaci\u00f3n m\u00ednima de color 0.005 Lux<\/li>\n<\/ul>\n<\/li>\n<li style='margin-bottom: 15px;'>\n<p style='margin: 0 0 8px 0; font-weight: bold; font-size: 15px;'>Acusense con Clasificaci\u00f3n de Objetos mediante Deep Learning<\/p>\n<ul style='padding-left: 20px; margin: 0; list-style-type: disc;'>\n<li style='margin-bottom: 5px;'>Utiliza algoritmos de aprendizaje profundo para clasificar personas y veh\u00edculos&comma; reduciendo falsas alarmas y mejorando la eficacia en la detecci\u00f3n<\/li>\n<\/ul>\n<\/li>\n<\/ul><\/div>\n<\/p><\/div>\n<\/p><\/div>\n<p> <!-- Videos --> <\/p>\n<div style='margin-bottom: 30px;'>\n<div style='display: flex; flex-wrap: wrap; gap: 20px; margin-bottom: 30px;'>\n<div style='flex: 1 1 100%; max-width: 500px;'>\n<div style='position: relative; padding-bottom: 56.25%; height: 0; overflow: hidden; margin-bottom: 10px;'>   <\/div>\n<h3 style='font-size: 18px; text-align: center; margin: 0; font-family: sans-serif;'>AcuSense \u00c1reas Restringidas<\/h3>\n<\/p><\/div>\n<div style='flex: 1 1 100%; max-width: 500px;'>\n<div style='position: relative; padding-bottom: 56.25%; height: 0; overflow: hidden; margin-bottom: 10px;'>   <\/div>\n<h3 style='font-size: 18px; text-align: center; margin: 0; font-family: sans-serif;'>AcuSense Almacenes<\/h3>\n<\/p><\/div>\n<\/p><\/div>\n<div style='display: flex; flex-wrap: wrap; gap: 20px; margin-bottom: 30px;'>\n<div style='flex: 1 1 100%; max-width: 500px;'>\n<div style='position: relative; padding-bottom: 56.25%; height: 0; overflow: hidden; margin-bottom: 10px;'>   <\/div>\n<h4 style='font-size: 16px; text-align: center; margin: 0; font-family: sans-serif;'>Zoom \u00d3ptico<\/h4>\n<\/p><\/div>\n<div style='flex: 1 1 100%; max-width: 500px;'>\n<div style='position: relative; padding-bottom: 56.25%; height: 0; overflow: hidden; margin-bottom: 10px;'>   <\/div>\n<h4 style='font-size: 16px; text-align: center; margin: 0; font-family: sans-serif;'>DARK FIGHTER Evidencia a Color<\/h4>\n<\/p><\/div>\n<div style='flex: 1 1 100%; max-width: 500px;'>\n<div style='position: relative; padding-bottom: 56.25%; height: 0; overflow: hidden; margin-bottom: 10px;'>   <\/div>\n<h4 style='font-size: 16px; text-align: center; margin: 0; font-family: sans-serif;'>Hikvision DARK FIGHTER<\/h4>\n<\/p><\/div>\n<\/p><\/div>\n<div style='display: flex; flex-wrap: wrap; gap: 20px; margin-bottom: 30px;'>\n<div style='flex: 1 1 100%; max-width: 500px;'>\n<div style='position: relative; padding-bottom: 56.25%; height: 0; overflow: hidden; margin-bottom: 10px;'>   <\/div>\n<h4 style='font-size: 16px; text-align: center; margin: 0; font-family: sans-serif;'>Auto Seguimiento de Noche<\/h4>\n<\/p><\/div>\n<div style='flex: 1 1 100%; max-width: 500px;'>\n<div style='position: relative; padding-bottom: 56.25%; height: 0; overflow: hidden; margin-bottom: 10px;'>   <\/div>\n<h4 style='font-size: 16px; text-align: center; margin: 0; font-family: sans-serif;'>DARK FIGHTER 8MP<\/h4>\n<\/p><\/div>\n<div style='flex: 1 1 100%; max-width: 500px;'>\n<div style='position: relative; padding-bottom: 56.25%; height: 0; overflow: hidden; margin-bottom: 10px;'>   <\/div>\n<h4 style='font-size: 16px; text-align: center; margin: 0; font-family: sans-serif;'>DARK FIGHTER 2MP<\/h4>\n<\/p><\/div>\n<\/p><\/div>\n<\/p><\/div>\n<p> <!-- Secci\u00f3n DARKFIGHTER --> <\/p>\n<div style='display: flex; flex-wrap: wrap; gap: 30px; margin-bottom: 30px;'>\n<div style='flex: 1 1 300px; min-width: 280px;'>\n<div style='border: 1px solid rgba(150&comma; 150&comma; 150&comma; 0.4); border-radius: 8px; overflow: hidden; background-color: rgba(255&comma;255&comma;255&comma;0.05);'>\n<div style='padding: 15px; font-weight: bold; font-size: 16px; background-color: #df001e; color: white;'>DARKFIGHTER<\/div>\n<div style='padding: 15px;'>\n<ul style='padding-left: 20px; font-size: 14px; margin: 0; list-style-type: disc;'>\n<li style='margin-bottom: 5px;'>Imagen a color con muy poca iluminaci\u00f3n<\/li>\n<li style='margin-bottom: 5px;'>Con la iluminaci\u00f3n natural o con el poco alumbrado p\u00fablico logra mostrar mayor detalle en la imagen<\/li>\n<\/ul><\/div>\n<\/p><\/div>\n<\/p><\/div>\n<div style='flex: 1 1 300px; min-width: 280px;'> <img style='width: 100%; height: auto; border: 1px solid rgba(150&comma;150&comma;150&comma;0.3); border-radius: 8px;' src='https:\/\/ftp3.syscom.mx\/usuarios\/jsosa\/HIKVISION\/videos\/4%20MP%20DarkFighter%20Performance%20Test.gif' alt='DARKFIGHTER Performance'> <\/div>\n<\/p><\/div>\n<p> <!-- Banner final --> <\/p>\n<div style='margin-bottom: 30px;'> <img style='width: 100%; height: auto; border: 1px solid rgba(150&comma;150&comma;150&comma;0.3); border-radius: 8px;' src='https:\/\/ftp3.syscom.mx\/usuarios\/jsosa\/HIKVISION\/imagenes\/banners\/solution%20complete.png' alt='Soluci\u00f3n completa Hikvision'> <\/div>\n<\/p><\/div>\n","protected":false},"excerpt":{"rendered":"<p>[ PROTECCI\u00d3N ACTIVA ] Domo PTZ IP 2 Megapixel \/ 25X Zoom \/ 200 mts IR \/ ACUSENSE (Evita Falsas Alarmas) \/ IP66 \/ IK10 \/ Alerta Audible y Luz Estrobosc\u00f3pica \/ Autoseguimiento 2.0 \/ Hi-PoE \/ DARKFIGHTER \/ Rapid Focus \/ MicroSD<\/p>\n","protected":false},"featured_media":107084,"comment_status":"open","ping_status":"closed","template":"","meta":[],"product_brand":[],"product_cat":[1224],"product_tag":[122,54,1225],"class_list":{"0":"post-107085","1":"product","2":"type-product","3":"status-publish","4":"has-post-thumbnail","6":"product_cat-ptz","7":"product_tag-camaras-ip-y-nvrs","8":"product_tag-hikvision","9":"product_tag-ptz","11":"first","12":"instock","13":"sale","14":"shipping-taxable","15":"purchasable","16":"product-type-simple"},"_links":{"self":[{"href":"https:\/\/soydeaqui.ddns.net\/pachuca\/index.php\/wp-json\/wp\/v2\/product\/107085","targetHints":{"allow":["GET"]}}],"collection":[{"href":"https:\/\/soydeaqui.ddns.net\/pachuca\/index.php\/wp-json\/wp\/v2\/product"}],"about":[{"href":"https:\/\/soydeaqui.ddns.net\/pachuca\/index.php\/wp-json\/wp\/v2\/types\/product"}],"replies":[{"embeddable":true,"href":"https:\/\/soydeaqui.ddns.net\/pachuca\/index.php\/wp-json\/wp\/v2\/comments?post=107085"}],"wp:featuredmedia":[{"embeddable":true,"href":"https:\/\/soydeaqui.ddns.net\/pachuca\/index.php\/wp-json\/wp\/v2\/media\/107084"}],"wp:attachment":[{"href":"https:\/\/soydeaqui.ddns.net\/pachuca\/index.php\/wp-json\/wp\/v2\/media?parent=107085"}],"wp:term":[{"taxonomy":"product_brand","embeddable":true,"href":"https:\/\/soydeaqui.ddns.net\/pachuca\/index.php\/wp-json\/wp\/v2\/product_brand?post=107085"},{"taxonomy":"product_cat","embeddable":true,"href":"https:\/\/soydeaqui.ddns.net\/pachuca\/index.php\/wp-json\/wp\/v2\/product_cat?post=107085"},{"taxonomy":"product_tag","embeddable":true,"href":"https:\/\/soydeaqui.ddns.net\/pachuca\/index.php\/wp-json\/wp\/v2\/product_tag?post=107085"}],"curies":[{"name":"wp","href":"https:\/\/api.w.org\/{rel}","templated":true}]}}