{"id":107079,"date":"2026-03-20T16:49:55","date_gmt":"2026-03-20T16:49:55","guid":{"rendered":"https:\/\/soydeaqui.ddns.net\/pachuca\/index.php\/producto\/ptz-ip-2-megapixel-acusense-evita-falsas-alarmas-h-265-25x-zoom-dia-noche-icr-real-wdr-120-db-poe-exterior-ip66-ik10-darkfighter-micro-sd\/"},"modified":"2026-03-20T16:50:10","modified_gmt":"2026-03-20T16:50:10","slug":"ptz-ip-2-megapixel-acusense-evita-falsas-alarmas-h-265-25x-zoom-dia-noche-icr-real-wdr-120-db-poe-exterior-ip66-ik10-darkfighter-micro-sd","status":"publish","type":"product","link":"https:\/\/soydeaqui.ddns.net\/pachuca\/index.php\/producto\/ptz-ip-2-megapixel-acusense-evita-falsas-alarmas-h-265-25x-zoom-dia-noche-icr-real-wdr-120-db-poe-exterior-ip66-ik10-darkfighter-micro-sd\/","title":{"rendered":"PTZ IP 2 Megapixel \/ ACUSENSE (Evita Falsas Alarmas) \/ H.265+ \/ 25X Zoom \/ D\u00eda-Noche ICR Real \/ WDR 120 dB \/ PoE+ \/ Exterior IP66 \/ IK10 \/ DARKFIGHTER \/ Micro SD"},"content":{"rendered":"<div style='width: 100%; max-width: 1200px; margin: 0 auto; font-family: sans-serif; line-height: 1.6; color: inherit; background-color: transparent;'> <!-- Banner inicial --> <\/p>\n<p style='text-align: center; margin: 0; padding: 20px 0;'> <span style='display: flex; justify-content: center;'> <img style='width: 45%; height: auto; border: 1px solid rgba(150&comma;150&comma;150&comma;0.3); border-radius: 8px;' src='https:\/\/ftp3.syscom.mx\/usuarios\/jsosa\/HIKVISION\/imagenes\/logo\/hikvision%20see%20far.png' alt='Banner Inicial'> <\/span> <\/p>\n<p> <!-- T\u00edtulo --> <\/p>\n<div style='margin: 40px 0 20px;'>\n<h1 style='text-align: center; font-size: 24px; color: inherit; opacity: 0.8; margin: 0; padding: 0;'> <span style='font-family: sans-serif;'>Especif\u00edcaciones<\/span> <\/h1>\n<\/p><\/div>\n<p> <!-- Secci\u00f3n de caracter\u00edsticas principales y f\u00edsicas --> <\/p>\n<div style='display: flex; flex-wrap: wrap; gap: 30px; margin-bottom: 30px;'> <!-- Caracter\u00edsticas Principales --> <\/p>\n<div style='flex: 1 1 300px; min-width: 280px;'>\n<div style='border: 1px solid rgba(150&comma;150&comma;150&comma;0.4); border-radius: 8px; overflow: hidden; display: flex; flex-direction: column;'>\n<div style='padding: 15px; background: #df001e; border-bottom: 1px solid #a80000; font-weight: bold; font-size: 18px; color: white;'> Caracter\u00edsticas Principales <\/div>\n<div style='padding: 15px; color: inherit;'>\n<ul style='padding-left: 20px; margin: 0; font-size: 14px; list-style-type: disc;'>\n<li style='margin-bottom: 8px;'><strong>Resoluci\u00f3n m\u00e1xima:<\/strong> 2 Megapixel (1920 x 1080)<\/li>\n<li style='margin-bottom: 8px;'><strong>Iluminaci\u00f3n m\u00ednima (color):<\/strong> 0.005 Lux @ (F1.6&comma; AGC ON)<\/li>\n<li style='margin-bottom: 8px;'><strong>Iluminaci\u00f3n m\u00ednima (B\/W):<\/strong> 0.001 Lux @ (F1.6&comma; AGC ON)<\/li>\n<li style='margin-bottom: 8px;'><strong>D\u00eda\/Noche:<\/strong> Real (filtro ICR)<\/li>\n<li style='margin-bottom: 8px;'><strong>Distancia focal:<\/strong> 4.8 a 120 mm (25X zoom \u00f3ptico \/ 16X zoom digital)<\/li>\n<li style='margin-bottom: 8px;'><strong>Distancia de infrarrojo:<\/strong> N\/A<\/li>\n<li style='margin-bottom: 8px;'><strong>Funciones normales:<\/strong> ROI \/ WDR \/ HLC \/ BLC \/ Defog \/ 3D DNR \/ EIS<\/li>\n<li style='margin-bottom: 8px;'><strong>Funciones especiales:<\/strong> Intrusi\u00f3n de \u00e1rea \/ Cruce de l\u00ednea \/ Detecci\u00f3n facial \/ Entrada y Salida de Regi\u00f3n \/ Objeto removido \/ Objeto olvidado<\/li>\n<li style='margin-bottom: 8px;'><strong>Compresi\u00f3n:<\/strong> H.265+ \/ H.265 \/ H.264+ \/ H.264<\/li>\n<\/ul><\/div>\n<\/p><\/div>\n<\/p><\/div>\n<p> <!-- Caracter\u00edsticas F\u00edsicas y El\u00e9ctricas --> <\/p>\n<div style='flex: 1 1 300px; min-width: 280px;'>\n<div style='border: 1px solid rgba(150&comma;150&comma;150&comma;0.4); border-radius: 8px; overflow: hidden; display: flex; flex-direction: column;'>\n<div style='padding: 15px; background: #df001e; border-bottom: 1px solid #a80000; font-weight: bold; font-size: 18px; color: white;'> Caracter\u00edsticas F\u00edsicas y El\u00e9ctricas <\/div>\n<div style='padding: 15px; color: inherit;'>\n<ul style='padding-left: 20px; margin: 0; font-size: 14px; list-style-type: disc;'>\n<li style='margin-bottom: 8px;'><strong>Alimentaci\u00f3n:<\/strong> 24 VCA \/ 20 W \/ PoE+<\/li>\n<li style='margin-bottom: 8px;'><strong>Temperatura de operaci\u00f3n:<\/strong> -30\u00b0C a 65\u00b0C \/ Humedad al 90% m\u00e1ximo<\/li>\n<li style='margin-bottom: 8px;'><strong>Uso:<\/strong> Interior \/ Exterior (IP66)<\/li>\n<li style='margin-bottom: 8px;'><strong>Antivandalismo:<\/strong> IK10<\/li>\n<li style='margin-bottom: 8px;'><strong>Protecci\u00f3n:<\/strong> Contra sobretensiones y voltajes transitorios<\/li>\n<li style='margin-bottom: 8px;'><strong>Dimensiones:<\/strong> 220 x 280 mm<\/li>\n<li style='margin-bottom: 8px;'><strong>Peso:<\/strong> 3 kgs<\/li>\n<li style='margin-bottom: 8px;'><strong>Incluye:<\/strong> Brazo de pared <a href='https:\/\/www.syscom.mx\/producto\/DS-1602ZJ-HIKVISION-77700.html' target='_blank' rel='noopener' style='color: inherit; text-decoration: underline; font-weight: bold;'>DS-1602ZJ<\/a><\/li>\n<li style='margin-bottom: 8px;'><strong>No incluye:<\/strong> Fuente de alimentaci\u00f3n. Recomendada: <a href='https:\/\/www.syscom.mx\/producto\/LAS30-57CN-RJ45-HIKVISION-86045.html' target='_blank' rel='noopener' style='color: inherit; text-decoration: underline; font-weight: bold;'>LAS30-57CN-RJ45<\/a><\/li>\n<li style='margin-top: 15px;'> <strong>Accesorios compatibles:<\/strong> <a href='https:\/\/ftp3.syscom.mx\/usuarios\/emendoza\/elesbanmch\/HIKVISON\/SPECS\/Especificaciones%20tecnicas%20DS-2DE5225W-AET5.pdf?_gl=1*5gagws*_gcl_au*OTM0ODI3OTk3LjE3NTEzODI3ODc.' target='_blank' rel='noopener' style='color: inherit; text-decoration: underline; font-weight: bold;'>Consultar ficha t\u00e9cnica<\/a> <\/li>\n<\/ul><\/div>\n<\/p><\/div>\n<\/p><\/div>\n<\/p><\/div>\n<p> <!-- Secci\u00f3n de interfaces y caracter\u00edsticas generales --> <\/p>\n<div style='display: flex; flex-wrap: wrap; gap: 30px; margin-bottom: 30px;'> <!-- Interfaces Entradas y Salidas --> <\/p>\n<div style='flex: 1 1 300px; min-width: 280px;'>\n<div style='border: 1px solid rgba(150&comma;150&comma;150&comma;0.4); border-radius: 8px; overflow: hidden; display: flex; flex-direction: column;'>\n<div style='padding: 15px; background: #df001e; border-bottom: 1px solid #a80000; font-weight: bold; font-size: 18px; color: white;'> Interfaces Entradas y Salidas <\/div>\n<div style='padding: 15px; color: inherit;'>\n<ul style='padding-left: 20px; margin: 0; font-size: 14px; list-style-type: disc;'>\n<li style='margin-bottom: 8px;'><strong>Entradas de alarma:<\/strong> 2<\/li>\n<li style='margin-bottom: 8px;'><strong>Salidas de alarma:<\/strong> 1<\/li>\n<li style='margin-bottom: 8px;'><strong>Entradas de audio:<\/strong> 1<\/li>\n<li style='margin-bottom: 8px;'><strong>Salidas de audio:<\/strong> 1<\/li>\n<li style='margin-bottom: 8px;'><strong>Puerto de red:<\/strong> 1 (10\/100 Mbps) \/ PoE+ (802.3 at)<\/li>\n<li style='margin-bottom: 8px;'><strong>Almacenamiento:<\/strong> micro SD hasta 256 GB \/ ANR<\/li>\n<li style='margin-bottom: 8px;'><strong>Compatibilidad:<\/strong> ONVIF (Profile S&comma; G&comma; T) \/ ISAPI \/ SDK<\/li>\n<\/ul><\/div>\n<\/p><\/div>\n<\/p><\/div>\n<p> <!-- Caracter\u00edsticas Generales --> <\/p>\n<div style='flex: 1 1 300px; min-width: 280px;'>\n<div style='border: 1px solid rgba(150&comma;150&comma;150&comma;0.4); border-radius: 8px; overflow: hidden; display: flex; flex-direction: column;'>\n<div style='padding: 15px; background: #df001e; border-bottom: 1px solid #a80000; font-weight: bold; font-size: 18px; color: white;'> Caracter\u00edsticas Generales <\/div>\n<div style='padding: 15px; color: inherit;'>\n<ul style='padding-left: 20px; margin: 0; font-size: 14px; list-style-type: disc;'>\n<li style='margin-bottom: 8px;'><strong>Pan:<\/strong> 360\u00b0<\/li>\n<li style='margin-bottom: 8px;'><strong>Tilt:<\/strong> -5\u00b0 a 90\u00b0<\/li>\n<li style='margin-bottom: 8px;'><strong>Preset \/ Patrol \/ Pattern:<\/strong> 300 \/ 8 \/ 4<\/li>\n<li style='margin-bottom: 8px;'><strong>Tareas calendarizadas<\/strong><\/li>\n<li style='margin-bottom: 8px;'><strong>Main Stream:<\/strong> 30fps (1920 \u00d7 1080&comma; 1280 \u00d7 960&comma; 1280 \u00d7 720)<\/li>\n<li style='margin-bottom: 8px;'><strong>Sub Stream:<\/strong> 30fps (704 \u00d7 480&comma; 640 \u00d7 480&comma; 352 \u00d7 240)<\/li>\n<li style='margin-bottom: 8px;'><strong>Tercer Stream:<\/strong> 30fps (1920 \u00d7 1080&comma; 1280 \u00d7 960&comma; 1280 \u00d7 720&comma; 704 \u00d7 480&comma; 640 \u00d7 480&comma; 352 \u00d7 240)<\/li>\n<li style='margin-bottom: 8px;'><strong>Usuarios simult\u00e1neos:<\/strong> Hasta 20<\/li>\n<\/ul><\/div>\n<\/p><\/div>\n<\/p><\/div>\n<\/p><\/div>\n<p> <!-- Caracter\u00edsticas destacadas --> <\/p>\n<div style='margin-bottom: 30px;'>\n<div style='border: 1px solid rgba(150&comma;150&comma;150&comma;0.4); border-radius: 8px; overflow: hidden;'>\n<div style='padding: 15px; background: #df001e; border-bottom: 1px solid #a80000; font-weight: bold; font-size: 18px; color: white;'> Caracter\u00edsticas destacadas <\/div>\n<div style='padding: 15px; color: inherit;'>\n<p style='margin-top: 0;'> <strong>ACUSENSE<\/strong> evita falsas alarmas al distinguir entre movimiento real y elementos como ramas de \u00e1rboles&comma; cortinas&comma; lluvia&comma; etc. <\/p>\n<p style='margin-bottom: 0;'> Con <strong>ACUSENSE<\/strong> la detecci\u00f3n es efectiva&comma; activ\u00e1ndose solo ante cuerpos humanos o veh\u00edculos&comma; reduciendo significativamente las falsas alarmas. <\/p>\n<\/p><\/div>\n<\/p><\/div>\n<\/p><\/div>\n<p> <!-- Imagen final --> <\/p>\n<div style='margin: 40px 0;'> <img style='width: 100%; height: auto; border: 1px solid rgba(150&comma;150&comma;150&comma;0.3); border-radius: 8px;' src='https:\/\/ftp3.syscom.mx\/usuarios\/jsosa\/HIKVISION\/imagenes\/banners\/solution%20complete.png' alt='Banner Final'> <\/div>\n<\/p><\/div>\n","protected":false},"excerpt":{"rendered":"<p>PTZ IP 2 Megapixel \/ ACUSENSE (Evita Falsas Alarmas) \/ H.265+ \/ 25X Zoom \/ D\u00eda-Noche ICR Real \/ WDR 120 dB \/ PoE+ \/ Exterior IP66 \/ IK10 \/ DARKFIGHTER \/ Micro SD<\/p>\n","protected":false},"featured_media":107078,"comment_status":"open","ping_status":"closed","template":"","meta":[],"product_brand":[],"product_cat":[1224],"product_tag":[122,54,1225],"class_list":{"0":"post-107079","1":"product","2":"type-product","3":"status-publish","4":"has-post-thumbnail","6":"product_cat-ptz","7":"product_tag-camaras-ip-y-nvrs","8":"product_tag-hikvision","9":"product_tag-ptz","11":"first","12":"instock","13":"sale","14":"shipping-taxable","15":"purchasable","16":"product-type-simple"},"_links":{"self":[{"href":"https:\/\/soydeaqui.ddns.net\/pachuca\/index.php\/wp-json\/wp\/v2\/product\/107079","targetHints":{"allow":["GET"]}}],"collection":[{"href":"https:\/\/soydeaqui.ddns.net\/pachuca\/index.php\/wp-json\/wp\/v2\/product"}],"about":[{"href":"https:\/\/soydeaqui.ddns.net\/pachuca\/index.php\/wp-json\/wp\/v2\/types\/product"}],"replies":[{"embeddable":true,"href":"https:\/\/soydeaqui.ddns.net\/pachuca\/index.php\/wp-json\/wp\/v2\/comments?post=107079"}],"wp:featuredmedia":[{"embeddable":true,"href":"https:\/\/soydeaqui.ddns.net\/pachuca\/index.php\/wp-json\/wp\/v2\/media\/107078"}],"wp:attachment":[{"href":"https:\/\/soydeaqui.ddns.net\/pachuca\/index.php\/wp-json\/wp\/v2\/media?parent=107079"}],"wp:term":[{"taxonomy":"product_brand","embeddable":true,"href":"https:\/\/soydeaqui.ddns.net\/pachuca\/index.php\/wp-json\/wp\/v2\/product_brand?post=107079"},{"taxonomy":"product_cat","embeddable":true,"href":"https:\/\/soydeaqui.ddns.net\/pachuca\/index.php\/wp-json\/wp\/v2\/product_cat?post=107079"},{"taxonomy":"product_tag","embeddable":true,"href":"https:\/\/soydeaqui.ddns.net\/pachuca\/index.php\/wp-json\/wp\/v2\/product_tag?post=107079"}],"curies":[{"name":"wp","href":"https:\/\/api.w.org\/{rel}","templated":true}]}}