{"id":107077,"date":"2026-03-20T16:49:50","date_gmt":"2026-03-20T16:49:50","guid":{"rendered":"https:\/\/soydeaqui.ddns.net\/pachuca\/index.php\/producto\/ptz-ip-4-megapixel-15x-zoom-100-mts-ir-exterior-ip66-darkfighter-acusense-evita-falsas-alarmas-deteccion-facial-wdr-120-db-entrada-y-salida-de-audio-y-alarmas-hlc-eis-poe-mi-2\/"},"modified":"2026-03-20T16:49:52","modified_gmt":"2026-03-20T16:49:52","slug":"ptz-ip-4-megapixel-15x-zoom-100-mts-ir-exterior-ip66-darkfighter-acusense-evita-falsas-alarmas-deteccion-facial-wdr-120-db-entrada-y-salida-de-audio-y-alarmas-hlc-eis-poe-mi-2","status":"publish","type":"product","link":"https:\/\/soydeaqui.ddns.net\/pachuca\/index.php\/producto\/ptz-ip-4-megapixel-15x-zoom-100-mts-ir-exterior-ip66-darkfighter-acusense-evita-falsas-alarmas-deteccion-facial-wdr-120-db-entrada-y-salida-de-audio-y-alarmas-hlc-eis-poe-mi-2\/","title":{"rendered":"PTZ IP 4 Megapixel \/ 15X Zoom \/ 100 mts IR \/ Exterior IP66 \/ DARKFIGHTER \/ ACUSENSE (Evita Falsas Alarmas) \/ Detecci\u00f3n Facial \/ WDR 120 dB \/ Entrada y Salida de Audio y Alarmas \/ HLC \/ EIS \/ PoE+ \/ MicroSD"},"content":{"rendered":"<div style='width: 100%; max-width: 1200px; margin: 0 auto; font-family: sans-serif; line-height: 1.6; color: inherit; background-color: transparent;'> <!-- Banner inicial --> <\/p>\n<p style='text-align: center; margin: 0; padding: 20px 0;'> <span style='display: flex; justify-content: center;'> <img style='width: 45%; height: auto; border: 1px solid rgba(150&comma;150&comma;150&comma;0.3); border-radius: 8px;' src='https:\/\/ftp3.syscom.mx\/usuarios\/jsosa\/HIKVISION\/imagenes\/logo\/hikvision%20see%20far.png' alt='Logo Hikvision'> <\/span> <\/p>\n<p> <!-- T\u00edtulo --> <\/p>\n<div style='width: 100%; text-align: center; margin: 30px 0;'>\n<h1 style='font-size: 28px; color: #232a6f; margin: 0; padding: 0;'> <span style='font-family: verdana&comma; geneva&comma; sans-serif;'>Especif\u00edcaciones<\/span> <\/h1>\n<\/p><\/div>\n<p> <!-- Secci\u00f3n de caracter\u00edsticas principales --> <\/p>\n<div style='display: flex; flex-wrap: wrap; gap: 30px; margin-bottom: 30px;'>\n<div style='flex: 1 1 300px; min-width: 280px;'>\n<div style='border: 1px solid rgba(150&comma; 150&comma; 150&comma; 0.4); border-radius: 8px; overflow: hidden; display: flex; flex-direction: column;'>\n<div style='padding: 15px; background-color: #df001e; border-bottom: 1px solid #a80000; font-weight: bold; font-size: 18px; color: white;'> Caracter\u00edsticas Principales <\/div>\n<div style='padding: 15px; color: inherit;'>\n<ul style='padding-left: 20px; margin: 0; font-size: 14px; list-style-type: disc;'>\n<li style='margin-bottom: 5px;'><span style='font-family: verdana&comma; geneva&comma; sans-serif;'>Resoluci\u00f3n m\u00e1xima: 4 Megapixel (2560 x 1440).<\/span><\/li>\n<li style='margin-bottom: 5px;'><span style='font-family: verdana&comma; geneva&comma; sans-serif;'>Sensor CMOS 1\/2.8\u201d scan progresivo (High performance).<\/span><\/li>\n<li style='margin-bottom: 5px;'><span style='font-family: verdana&comma; geneva&comma; sans-serif;'>Iluminacion m\u00ednima: color 0.005 Lux @ (F1.6&comma; AGC ON).<\/span><\/li>\n<li style='margin-bottom: 5px;'><span style='font-family: verdana&comma; geneva&comma; sans-serif;'>D\u00eda \/ Noche Real (filtro ICR).<\/span><\/li>\n<li style='margin-bottom: 5px;'><span style='font-family: verdana&comma; geneva&comma; sans-serif;'>Distancia focal: 5 a 75 mm (15X zoom \u00f3ptico \/ 16X zoom digital).<\/span><\/li>\n<li style='margin-bottom: 5px;'><span style='font-family: verdana&comma; geneva&comma; sans-serif;'>Distancia de infrarrojo: 100 mts Smart IR.<\/span><\/li>\n<li style='margin-bottom: 5px;'><span style='font-family: verdana&comma; geneva&comma; sans-serif;'>Funciones normales: WDR 120 dB \/ HLC \/ BLC \/ 3D DNR \/ Defog \/ EIS.<\/span><\/li>\n<li style='margin-bottom: 5px;'><span style='font-family: verdana&comma; geneva&comma; sans-serif;'>Funciones avanzadas: Detecci\u00f3n de rostro \/ Detecci\u00f3n de intrusi\u00f3n \/ Cruce de l\u00ednea \/ Entrada y Salida de regi\u00f3n \/ Objeto olvidado \/ Objeto removido.<\/span><\/li>\n<li style='margin-bottom: 5px;'><span style='font-family: verdana&comma; geneva&comma; sans-serif;'>Compatible con la plataforma de Hik-Connect (<a style='text-decoration: none; color: inherit;' href='https:\/\/appstore.hikvision.com\/' target='_blank' rel='noopener'>https:\/\/appstore.hikvision.com\/<\/a>).<\/span><\/li>\n<\/ul><\/div>\n<\/p><\/div>\n<\/p><\/div>\n<p> <!-- Caracter\u00edsticas F\u00edsicas y El\u00e9ctricas --> <\/p>\n<div style='flex: 1 1 300px; min-width: 280px;'>\n<div style='border: 1px solid rgba(150&comma; 150&comma; 150&comma; 0.4); border-radius: 8px; overflow: hidden; display: flex; flex-direction: column;'>\n<div style='padding: 15px; background-color: #df001e; border-bottom: 1px solid #a80000; font-weight: bold; font-size: 18px; color: white;'> Caracter\u00edsticas F\u00edsicas y El\u00e9ctricas <\/div>\n<div style='padding: 15px; color: inherit;'>\n<ul style='padding-left: 20px; margin: 0; font-size: 14px; list-style-type: disc;'>\n<li style='margin-bottom: 5px;'><span style='font-family: verdana&comma; geneva&comma; sans-serif;'>Alimentaci\u00f3n: 12 Vcc \/ <span style='color: #0f1115; font-size: 16px;'>802.3at (PoE+)<\/span> \/ 18 W.<\/span><\/li>\n<li style='margin-bottom: 5px;'><span style='font-family: verdana&comma; geneva&comma; sans-serif;'>Temperatura de operaci\u00f3n: -30\u00b0C a 65\u00b0C \/ Humedad al 90% m\u00e1ximo.<\/span><\/li>\n<li style='margin-bottom: 5px;'><span style='font-family: verdana&comma; geneva&comma; sans-serif;'>Uso en exterior IP66.<\/span><\/li>\n<li style='margin-bottom: 5px;'><span style='font-family: verdana&comma; geneva&comma; sans-serif;'>El PTZ incluye brazo de pared (<a href='https:\/\/www.syscom.mx\/producto\/DS-1618ZJ-HIKVISION-69383.html' target='_blank' rel='noopener'>DS-1618ZJ<\/a>).<\/span><\/li>\n<li style='margin-bottom: 5px;'><span style='font-family: verdana&comma; geneva&comma; sans-serif;'>Proteccion contra sobretensiones y proteccion contra voltajes transistorios.<\/span><\/li>\n<li style='margin-bottom: 5px;'><span style='font-family: verdana&comma; geneva&comma; sans-serif;'>Dimensiones: 164.5 x 290 mm.<\/span><\/li>\n<li style='margin-bottom: 5px;'><span style='font-family: verdana&comma; geneva&comma; sans-serif;'>Peso: 2 Kgs.<\/span><\/li>\n<li style='margin-bottom: 5px;'><span style='font-family: verdana&comma; geneva&comma; sans-serif;'>Se recomienda usar el modelo <a href='https:\/\/www.syscom.mx\/products\/195458' target='_blank' rel='noopener'><strong>TL-POE160S<\/strong><\/a> en caso de que requieran alimentar el domo por medio de PoE.<\/span><\/li>\n<li style='margin-bottom: 5px;'><strong><span style='font-family: verdana&comma; geneva&comma; sans-serif;'>No incluye fuente de alimentaci\u00f3n&comma; Se recomieda usar <\/span><a href='https:\/\/www.syscom.mx\/products\/144801' target='_blank' rel='noopener'><span style='font-family: verdana&comma; geneva&comma; sans-serif;'>P12DC3A<\/span><\/a><\/strong><\/li>\n<li style='margin-bottom: 5px;'><span style='font-family: verdana&comma; geneva&comma; sans-serif;'>Consulte la ficha t\u00e9cnica para validar los accesorios compatibles&comma; de clic <a href='https:\/\/ftp3.syscom.mx\/usuarios\/emendoza\/elesbanmch\/HIKVISON\/SPECS\/Especificaciones%20tecnicas%20DS-2DE4415IW-DET5.pdf' target='_blank' rel='noopener'>Aqui<\/a><\/span><\/li>\n<\/ul><\/div>\n<\/p><\/div>\n<\/p><\/div>\n<\/p><\/div>\n<p> <!-- Secci\u00f3n de Interfaces y Caracter\u00edsticas Generales --> <\/p>\n<div style='display: flex; flex-wrap: wrap; gap: 30px; margin-bottom: 30px;'> <!-- Interfaces Entradas y Salidas --> <\/p>\n<div style='flex: 1 1 300px; min-width: 280px;'>\n<div style='border: 1px solid rgba(150&comma; 150&comma; 150&comma; 0.4); border-radius: 8px; overflow: hidden; display: flex; flex-direction: column;'>\n<div style='padding: 15px; background-color: #df001e; border-bottom: 1px solid #a80000; font-weight: bold; font-size: 18px; color: white;'> Interfaces Entradas y Salidas <\/div>\n<div style='padding: 15px; color: inherit;'>\n<ul style='padding-left: 20px; margin: 0; font-size: 14px; list-style-type: disc;'>\n<li style='margin-bottom: 5px;'><span style='font-family: verdana&comma; geneva&comma; sans-serif;'>Entradas de alarma: 1.<\/span><\/li>\n<li style='margin-bottom: 5px;'><span style='font-family: verdana&comma; geneva&comma; sans-serif;'>Salidas de alarma: 1.<\/span><\/li>\n<li style='margin-bottom: 5px;'><span style='font-family: verdana&comma; geneva&comma; sans-serif;'>Entradas de audio: 1.<\/span><\/li>\n<li style='margin-bottom: 5px;'><span style='font-family: verdana&comma; geneva&comma; sans-serif;'>Salidas de audio: 1.<\/span><\/li>\n<li style='margin-bottom: 5px;'><span style='font-family: verdana&comma; geneva&comma; sans-serif;'>Puerto de red: 1 (10 \/ 100 Mbps \/ PoE 802.3at).<\/span><\/li>\n<li style='margin-bottom: 5px;'><span style='font-family: verdana&comma; geneva&comma; sans-serif;'>Almacenamiento micro SD de hasta 256 GB \/ ANR (Automatic Network Recovery).<\/span><\/li>\n<li style='margin-bottom: 5px;'><span style='font-family: verdana&comma; geneva&comma; sans-serif;'>Soporta ONVIF (Profile S&comma; Profile G&comma; Profile T) \/ ISUP.<\/span><\/li>\n<\/ul><\/div>\n<\/p><\/div>\n<\/p><\/div>\n<p> <!-- Caracter\u00edsticas Generales --> <\/p>\n<div style='flex: 1 1 300px; min-width: 280px;'>\n<div style='border: 1px solid rgba(150&comma; 150&comma; 150&comma; 0.4); border-radius: 8px; overflow: hidden; display: flex; flex-direction: column;'>\n<div style='padding: 15px; background-color: #df001e; border-bottom: 1px solid #a80000; font-weight: bold; font-size: 18px; color: white;'> Caracter\u00edsticas Generales <\/div>\n<div style='padding: 15px; color: inherit;'>\n<ul style='padding-left: 20px; margin: 0; font-size: 14px; list-style-type: disc;'>\n<li style='margin-bottom: 5px;'><span style='font-family: verdana&comma; geneva&comma; sans-serif;'>Paneo: 360\u00b0.<\/span><\/li>\n<li style='margin-bottom: 5px;'><span style='font-family: verdana&comma; geneva&comma; sans-serif;'>Tildeo: -15\u00b0 a 90\u00ba (auto flip).<\/span><\/li>\n<li style='margin-bottom: 5px;'><span style='font-family: verdana&comma; geneva&comma; sans-serif;'>Preset \/ Patrol \/ Pattern: 300 \/ 8 \/ 4.<\/span><\/li>\n<li style='margin-bottom: 5px;'><span style='font-family: verdana&comma; geneva&comma; sans-serif;'>Funci\u00f3n de PARK ACTION (o Acci\u00f3n de Estacionamiento).<\/span><\/li>\n<li style='margin-bottom: 5px;'><span style='font-family: verdana&comma; geneva&comma; sans-serif;'>Soporta tareas calendarizadas.<\/span><\/li>\n<li style='margin-bottom: 5px;'><span style='font-family: verdana&comma; geneva&comma; sans-serif;'>Soporta hasta 20 usuarios simult\u00e1neos.<\/span><\/li>\n<\/ul><\/div>\n<\/p><\/div>\n<\/p><\/div>\n<\/p><\/div>\n<p> <!-- Secci\u00f3n de caracter\u00edsticas destacadas --> <\/p>\n<div style='display: flex; flex-wrap: wrap; gap: 30px; margin-bottom: 30px;'>\n<div style='flex: 1 1 100%; min-width: 280px;'>\n<div style='border: 1px solid rgba(150&comma; 150&comma; 150&comma; 0.4); border-radius: 8px; overflow: hidden; display: flex; flex-direction: column;'>\n<div style='padding: 15px; background-color: #df001e; border-bottom: 1px solid #a80000; font-weight: bold; font-size: 18px; color: white;'> Caracter\u00edsticas Destacadas <\/div>\n<div style='padding: 15px; color: inherit;'>\n<ul style='list-style-type: none; padding-left: 0; margin: 0;'>\n<li style='margin-bottom: 15px;'>\n<p style='color: inherit; font-weight: 600; font-size: 16px; margin: 0 0 5px 0;'> <strong>Tecnolog\u00eda DarkFighter y Bajo Rendimiento de Luz:<\/strong> <\/p>\n<ul style='padding-left: 20px; margin: 0; font-size: 14px; list-style-type: disc;'>\n<li style='margin-bottom: 5px;'><span style='font-family: verdana&comma; geneva&comma; sans-serif;'>Sensibilidad de hasta 0.001 Lux en B\/N y 0.005 Lux en color&comma; con iluminador IR de hasta 100 metros. Ideal para vigilancia nocturna o en condiciones de poca luz.<\/span><\/li>\n<\/ul>\n<\/li>\n<li style='margin-bottom: 15px;'>\n<p style='color: inherit; font-weight: 600; font-size: 16px; margin: 0 0 5px 0;'> <strong>Acusense con Clasificaci\u00f3n de Objetos mediante Deep Learning:<\/strong> <\/p>\n<ul style='padding-left: 20px; margin: 0; font-size: 14px; list-style-type: disc;'>\n<li style='margin-bottom: 5px;'><span style='font-family: verdana&comma; geneva&comma; sans-serif;'>Utiliza algoritmos de aprendizaje profundo para clasificar personas y veh\u00edculos&comma; reduciendo falsas alarmas y mejorando la eficacia en la detecci\u00f3n.<\/span><\/li>\n<\/ul>\n<\/li>\n<li style='margin-bottom: 15px;'>\n<p style='color: inherit; font-weight: 600; font-size: 16px; margin: 0 0 5px 0;'> <strong>Compatibilidad con NVRs:<\/strong> <\/p>\n<ul style='padding-left: 20px; margin: 0; font-size: 14px; list-style-type: disc;'>\n<li style='margin-bottom: 5px;'><span style='font-family: verdana&comma; geneva&comma; sans-serif;'>Se recomienda usar NVR&#8217;s NXI-K&comma; NI-K&comma; NI-I&comma; NI-M&comma; NXI-I&comma; NXI-M.<\/span><\/li>\n<\/ul>\n<\/li>\n<\/ul><\/div>\n<\/p><\/div>\n<\/p><\/div>\n<\/p><\/div>\n<p> <!-- Banner final --> <\/p>\n<div style='width: 100%; margin: 30px 0;'> <img style='width: 100%; height: auto; border: 1px solid rgba(150&comma;150&comma;150&comma;0.3); border-radius: 8px;' src='https:\/\/ftp3.syscom.mx\/usuarios\/jsosa\/HIKVISION\/imagenes\/banners\/solution%20complete.png' alt='Banner Soluci\u00f3n Completa'> <\/div>\n<\/p><\/div>\n","protected":false},"excerpt":{"rendered":"<p>PTZ IP 4 Megapixel \/ 15X Zoom \/ 100 mts IR \/ Exterior IP66 \/ DARKFIGHTER \/ ACUSENSE (Evita Falsas Alarmas) \/ Detecci\u00f3n Facial \/ WDR 120 dB \/ Entrada y Salida de Audio y Alarmas \/ HLC \/ EIS \/ PoE+ \/ MicroSD<\/p>\n","protected":false},"featured_media":107076,"comment_status":"open","ping_status":"closed","template":"","meta":[],"product_brand":[],"product_cat":[1224],"product_tag":[122,54,1225],"class_list":{"0":"post-107077","1":"product","2":"type-product","3":"status-publish","4":"has-post-thumbnail","6":"product_cat-ptz","7":"product_tag-camaras-ip-y-nvrs","8":"product_tag-hikvision","9":"product_tag-ptz","11":"first","12":"outofstock","13":"sale","14":"shipping-taxable","15":"purchasable","16":"product-type-simple"},"_links":{"self":[{"href":"https:\/\/soydeaqui.ddns.net\/pachuca\/index.php\/wp-json\/wp\/v2\/product\/107077","targetHints":{"allow":["GET"]}}],"collection":[{"href":"https:\/\/soydeaqui.ddns.net\/pachuca\/index.php\/wp-json\/wp\/v2\/product"}],"about":[{"href":"https:\/\/soydeaqui.ddns.net\/pachuca\/index.php\/wp-json\/wp\/v2\/types\/product"}],"replies":[{"embeddable":true,"href":"https:\/\/soydeaqui.ddns.net\/pachuca\/index.php\/wp-json\/wp\/v2\/comments?post=107077"}],"wp:featuredmedia":[{"embeddable":true,"href":"https:\/\/soydeaqui.ddns.net\/pachuca\/index.php\/wp-json\/wp\/v2\/media\/107076"}],"wp:attachment":[{"href":"https:\/\/soydeaqui.ddns.net\/pachuca\/index.php\/wp-json\/wp\/v2\/media?parent=107077"}],"wp:term":[{"taxonomy":"product_brand","embeddable":true,"href":"https:\/\/soydeaqui.ddns.net\/pachuca\/index.php\/wp-json\/wp\/v2\/product_brand?post=107077"},{"taxonomy":"product_cat","embeddable":true,"href":"https:\/\/soydeaqui.ddns.net\/pachuca\/index.php\/wp-json\/wp\/v2\/product_cat?post=107077"},{"taxonomy":"product_tag","embeddable":true,"href":"https:\/\/soydeaqui.ddns.net\/pachuca\/index.php\/wp-json\/wp\/v2\/product_tag?post=107077"}],"curies":[{"name":"wp","href":"https:\/\/api.w.org\/{rel}","templated":true}]}}